{"id":31276,"date":"2007-01-01T00:01:45","date_gmt":"2006-12-31T23:01:45","guid":{"rendered":"http:\/\/176.143.180.246\/wordpress\/?page_id=31276"},"modified":"2025-06-14T11:32:35","modified_gmt":"2025-06-14T09:32:35","slug":"films-vus-en-2022","status":"publish","type":"page","link":"https:\/\/joubjoub.ddns.net\/blog\/?page_id=31276","title":{"rendered":"Films vus en 2006"},"content":{"rendered":"<p><center><\/p>\n<table style=\"width: 90%;\">\n<thead>\n<tr style='height: 24px; font-size: 18px;'>\n<th style='text-align:left'>Titre<\/th>\n<th data-align='center'>Date<\/th>\n<th data-align='center'>Note<\/th>\n<th data-align='center'>Commentaires<\/th>\n<\/tr>\n<\/thead>\n<tbody>\n<tr style='height: 24px;'>\n<td style='text-align:left'><a href='http:\/\/joubjoub.ddns.net\/blog\/?p=44914' data-type='post'>2046<\/a><\/td>\n<td data-align='center'>31-d\u00e9cembre-2006<\/td>\n<td data-align='center'>3<\/td>\n<td style='text-align:left'><\/td>\n<\/tr>\n<tr style='height: 24px;'>\n<td style='text-align:left'><a href='http:\/\/joubjoub.ddns.net\/blog\/?p=44902' data-type='post'>36 quai des Orf\u00e8vres<\/a><\/td>\n<td data-align='center'>31-d\u00e9cembre-2006<\/td>\n<td data-align='center'>4<\/td>\n<td style='text-align:left'><\/td>\n<\/tr>\n<tr style='height: 24px;'>\n<td style='text-align:left'><a href='http:\/\/joubjoub.ddns.net\/blog\/?p=44860' data-type='post'>\u00c6on Flux<\/a><\/td>\n<td data-align='center'>31-d\u00e9cembre-2006<\/td>\n<td data-align='center'>3<\/td>\n<td style='text-align:left'><\/td>\n<\/tr>\n<tr style='height: 24px;'>\n<td style='text-align:left'><a href='http:\/\/joubjoub.ddns.net\/blog\/?p=44922' data-type='post'>Amour &#038; amn\u00e9sie<\/a><\/td>\n<td data-align='center'>31-d\u00e9cembre-2006<\/td>\n<td data-align='center'>3<\/td>\n<td style='text-align:left'><\/td>\n<\/tr>\n<tr style='height: 24px;'>\n<td style='text-align:left'><a href='http:\/\/joubjoub.ddns.net\/blog\/?p=44854' data-type='post'>Anacondas\u00a0: \u00c0 la poursuite de l\u2019orchid\u00e9e de sang<\/a><\/td>\n<td data-align='center'>31-d\u00e9cembre-2006<\/td>\n<td data-align='center'>3<\/td>\n<td style='text-align:left'><\/td>\n<\/tr>\n<tr style='height: 24px;'>\n<td style='text-align:left'><a href='http:\/\/joubjoub.ddns.net\/blog\/?p=44906' data-type='post'>Angel-A<\/a><\/td>\n<td data-align='center'>31-d\u00e9cembre-2006<\/td>\n<td data-align='center'>3<\/td>\n<td style='text-align:left'><\/td>\n<\/tr>\n<tr style='height: 24px;'>\n<td style='text-align:left'><a href='http:\/\/joubjoub.ddns.net\/blog\/?p=44858' data-type='post'>Au suivant !<\/a><\/td>\n<td data-align='center'>31-d\u00e9cembre-2006<\/td>\n<td data-align='center'>3<\/td>\n<td style='text-align:left'><\/td>\n<\/tr>\n<tr style='height: 24px;'>\n<td style='text-align:left'><a href='http:\/\/joubjoub.ddns.net\/blog\/?p=44942' data-type='post'>Azumi<\/a><\/td>\n<td data-align='center'>31-d\u00e9cembre-2006<\/td>\n<td data-align='center'>3<\/td>\n<td style='text-align:left'><\/td>\n<\/tr>\n<tr style='height: 24px;'>\n<td style='text-align:left'><a href='http:\/\/joubjoub.ddns.net\/blog\/?p=44844' data-type='post'>Basic Instinct 2<\/a><\/td>\n<td data-align='center'>31-d\u00e9cembre-2006<\/td>\n<td data-align='center'>3<\/td>\n<td style='text-align:left'><\/td>\n<\/tr>\n<tr style='height: 24px;'>\n<td style='text-align:left'><a href='http:\/\/joubjoub.ddns.net\/blog\/?p=44898' data-type='post'>Bienvenue dans la jungle<\/a><\/td>\n<td data-align='center'>31-d\u00e9cembre-2006<\/td>\n<td data-align='center'>3<\/td>\n<td style='text-align:left'><\/td>\n<\/tr>\n<tr style='height: 24px;'>\n<td style='text-align:left'><a href='http:\/\/joubjoub.ddns.net\/blog\/?p=44820' data-type='post'>Born to Fight<\/a><\/td>\n<td data-align='center'>31-d\u00e9cembre-2006<\/td>\n<td data-align='center'>3<\/td>\n<td style='text-align:left'><\/td>\n<\/tr>\n<tr style='height: 24px;'>\n<td style='text-align:left'><a href='http:\/\/joubjoub.ddns.net\/blog\/?p=44876' data-type='post'>Breaking News<\/a><\/td>\n<td data-align='center'>31-d\u00e9cembre-2006<\/td>\n<td data-align='center'>3<\/td>\n<td style='text-align:left'><\/td>\n<\/tr>\n<tr style='height: 24px;'>\n<td style='text-align:left'><a href='http:\/\/joubjoub.ddns.net\/blog\/?p=44940' data-type='post'>Brick<\/a><\/td>\n<td data-align='center'>31-d\u00e9cembre-2006<\/td>\n<td data-align='center'>3<\/td>\n<td style='text-align:left'><\/td>\n<\/tr>\n<tr style='height: 24px;'>\n<td style='text-align:left'><a href='http:\/\/joubjoub.ddns.net\/blog\/?p=44800' data-type='post'>Casino royale<\/a><\/td>\n<td data-align='center'>24-novembre-2006<\/td>\n<td data-align='center'>4<\/td>\n<td style='text-align:left'>Adaptation, Franchise \u00ab\u00a0James Bond\u00a0\u00bb<\/td>\n<\/tr>\n<tr style='height: 24px;'>\n<td style='text-align:left'><a href='http:\/\/joubjoub.ddns.net\/blog\/?p=44784' data-type='post'>Cat\u2019s Eye<\/a><\/td>\n<td data-align='center'>6-juin-2006<\/td>\n<td data-align='center'>3<\/td>\n<td style='text-align:left'><\/td>\n<\/tr>\n<tr style='height: 24px;'>\n<td style='text-align:left'><a href='http:\/\/joubjoub.ddns.net\/blog\/?p=44866' data-type='post'>Cavalcade<\/a><\/td>\n<td data-align='center'>31-d\u00e9cembre-2006<\/td>\n<td data-align='center'>3<\/td>\n<td style='text-align:left'><\/td>\n<\/tr>\n<tr style='height: 24px;'>\n<td style='text-align:left'><a href='http:\/\/joubjoub.ddns.net\/blog\/?p=44812' data-type='post'>Chaos<\/a><\/td>\n<td data-align='center'>31-d\u00e9cembre-2006<\/td>\n<td data-align='center'>3<\/td>\n<td style='text-align:left'><\/td>\n<\/tr>\n<tr style='height: 24px;'>\n<td style='text-align:left'><a href='http:\/\/joubjoub.ddns.net\/blog\/?p=44852' data-type='post'>Coup d\u2019\u00e9clat<\/a><\/td>\n<td data-align='center'>31-d\u00e9cembre-2006<\/td>\n<td data-align='center'>3<\/td>\n<td style='text-align:left'><\/td>\n<\/tr>\n<tr style='height: 24px;'>\n<td style='text-align:left'><a href='http:\/\/joubjoub.ddns.net\/blog\/?p=44884' data-type='post'>Cube Zero<\/a><\/td>\n<td data-align='center'>31-d\u00e9cembre-2006<\/td>\n<td data-align='center'>3<\/td>\n<td style='text-align:left'><\/td>\n<\/tr>\n<tr style='height: 24px;'>\n<td style='text-align:left'><a href='http:\/\/joubjoub.ddns.net\/blog\/?p=44888' data-type='post'>Da Vinci Code<\/a><\/td>\n<td data-align='center'>31-d\u00e9cembre-2006<\/td>\n<td data-align='center'>4<\/td>\n<td style='text-align:left'>Adaptation<\/td>\n<\/tr>\n<tr style='height: 24px;'>\n<td style='text-align:left'><a href='http:\/\/joubjoub.ddns.net\/blog\/?p=44824' data-type='post'>Demain ne meurt jamais<\/a><\/td>\n<td data-align='center'>31-d\u00e9cembre-2006<\/td>\n<td data-align='center'>3<\/td>\n<td style='text-align:left'>Franchise \u00ab\u00a0James Bond\u00a0\u00bb<\/td>\n<\/tr>\n<tr style='height: 24px;'>\n<td style='text-align:left'><a href='http:\/\/joubjoub.ddns.net\/blog\/?p=44896' data-type='post'>Doom<\/a><\/td>\n<td data-align='center'>31-d\u00e9cembre-2006<\/td>\n<td data-align='center'>3<\/td>\n<td style='text-align:left'><\/td>\n<\/tr>\n<tr style='height: 24px;'>\n<td style='text-align:left'><a href='http:\/\/joubjoub.ddns.net\/blog\/?p=44926' data-type='post'>Entre deux rives<\/a><\/td>\n<td data-align='center'>31-d\u00e9cembre-2006<\/td>\n<td data-align='center'>3<\/td>\n<td style='text-align:left'><\/td>\n<\/tr>\n<tr style='height: 24px;'>\n<td style='text-align:left'><a href='http:\/\/joubjoub.ddns.net\/blog\/?p=44838' data-type='post'>Et si c\u2019\u00e9tait vrai\u2026<\/a><\/td>\n<td data-align='center'>31-d\u00e9cembre-2006<\/td>\n<td data-align='center'>3<\/td>\n<td style='text-align:left'>Adaptation<\/td>\n<\/tr>\n<tr style='height: 24px;'>\n<td style='text-align:left'><a href='http:\/\/joubjoub.ddns.net\/blog\/?p=44790' data-type='post'>Fast &#038; Furious : Tokyo drift<\/a><\/td>\n<td data-align='center'>2-octobre-2006<\/td>\n<td data-align='center'>3<\/td>\n<td style='text-align:left'><\/td>\n<\/tr>\n<tr style='height: 24px;'>\n<td style='text-align:left'><a href='http:\/\/joubjoub.ddns.net\/blog\/?p=44850' data-type='post'>Firewall<\/a><\/td>\n<td data-align='center'>31-d\u00e9cembre-2006<\/td>\n<td data-align='center'>3<\/td>\n<td style='text-align:left'><\/td>\n<\/tr>\n<tr style='height: 24px;'>\n<td style='text-align:left'><a href='http:\/\/joubjoub.ddns.net\/blog\/?p=44890' data-type='post'>Flight Plan<\/a><\/td>\n<td data-align='center'>31-d\u00e9cembre-2006<\/td>\n<td data-align='center'>3<\/td>\n<td style='text-align:left'><\/td>\n<\/tr>\n<tr style='height: 24px;'>\n<td style='text-align:left'><a href='http:\/\/joubjoub.ddns.net\/blog\/?p=44816' data-type='post'>GoldenEye<\/a><\/td>\n<td data-align='center'>31-d\u00e9cembre-2006<\/td>\n<td data-align='center'>3<\/td>\n<td style='text-align:left'>Franchise \u00ab\u00a0James Bond\u00a0\u00bb<\/td>\n<\/tr>\n<tr style='height: 24px;'>\n<td style='text-align:left'><a href='http:\/\/joubjoub.ddns.net\/blog\/?p=44900' data-type='post'>Indestructible<\/a><\/td>\n<td data-align='center'>31-d\u00e9cembre-2006<\/td>\n<td data-align='center'>3<\/td>\n<td style='text-align:left'><\/td>\n<\/tr>\n<tr style='height: 24px;'>\n<td style='text-align:left'><a href='http:\/\/joubjoub.ddns.net\/blog\/?p=44880' data-type='post'>L\u2019affaire CIA<\/a><\/td>\n<td data-align='center'>31-d\u00e9cembre-2006<\/td>\n<td data-align='center'>3<\/td>\n<td style='text-align:left'><\/td>\n<\/tr>\n<tr style='height: 24px;'>\n<td style='text-align:left'><a href='http:\/\/joubjoub.ddns.net\/blog\/?p=44828' data-type='post'>L\u2019empire des loups<\/a><\/td>\n<td data-align='center'>31-d\u00e9cembre-2006<\/td>\n<td data-align='center'>3<\/td>\n<td style='text-align:left'>Adaptation<\/td>\n<\/tr>\n<tr style='height: 24px;'>\n<td style='text-align:left'><a href='http:\/\/joubjoub.ddns.net\/blog\/?p=44796' data-type='post'>L\u2019empreinte de la mort<\/a><\/td>\n<td data-align='center'>6-octobre-2006<\/td>\n<td data-align='center'>3<\/td>\n<td style='text-align:left'><\/td>\n<\/tr>\n<tr style='height: 24px;'>\n<td style='text-align:left'><a href='http:\/\/joubjoub.ddns.net\/blog\/?p=44792' data-type='post'>L\u2019honneur du dragon<\/a><\/td>\n<td data-align='center'>3-octobre-2006<\/td>\n<td data-align='center'>3<\/td>\n<td style='text-align:left'><\/td>\n<\/tr>\n<tr style='height: 24px;'>\n<td style='text-align:left'><a href='http:\/\/joubjoub.ddns.net\/blog\/?p=44910' data-type='post'>La fureur de vaincre<\/a><\/td>\n<td data-align='center'>31-d\u00e9cembre-2006<\/td>\n<td data-align='center'>3<\/td>\n<td style='text-align:left'><\/td>\n<\/tr>\n<tr style='height: 24px;'>\n<td style='text-align:left'><a href='http:\/\/joubjoub.ddns.net\/blog\/?p=44836' data-type='post'>La fureur du dragon<\/a><\/td>\n<td data-align='center'>31-d\u00e9cembre-2006<\/td>\n<td data-align='center'>3<\/td>\n<td style='text-align:left'><\/td>\n<\/tr>\n<tr style='height: 24px;'>\n<td style='text-align:left'><a href='http:\/\/joubjoub.ddns.net\/blog\/?p=44938' data-type='post'>Le m\u00e9daillon<\/a><\/td>\n<td data-align='center'>31-d\u00e9cembre-2006<\/td>\n<td data-align='center'>3<\/td>\n<td style='text-align:left'><\/td>\n<\/tr>\n<tr style='height: 24px;'>\n<td style='text-align:left'><a href='http:\/\/joubjoub.ddns.net\/blog\/?p=44834' data-type='post'>Le monde ne suffit pas<\/a><\/td>\n<td data-align='center'>31-d\u00e9cembre-2006<\/td>\n<td data-align='center'>3<\/td>\n<td style='text-align:left'>Franchise \u00ab\u00a0James Bond\u00a0\u00bb<\/td>\n<\/tr>\n<tr style='height: 24px;'>\n<td style='text-align:left'><a href='http:\/\/joubjoub.ddns.net\/blog\/?p=44944' data-type='post'>Le parfum : Histoire d\u2019un meurtrier<\/a><\/td>\n<td data-align='center'>31-d\u00e9cembre-2006<\/td>\n<td data-align='center'>3<\/td>\n<td style='text-align:left'>Adaptation<\/td>\n<\/tr>\n<tr style='height: 24px;'>\n<td style='text-align:left'><a href='http:\/\/joubjoub.ddns.net\/blog\/?p=44874' data-type='post'>Le secret des poignards volants<\/a><\/td>\n<td data-align='center'>31-d\u00e9cembre-2006<\/td>\n<td data-align='center'>3<\/td>\n<td style='text-align:left'><\/td>\n<\/tr>\n<tr style='height: 24px;'>\n<td style='text-align:left'><a href='http:\/\/joubjoub.ddns.net\/blog\/?p=44936' data-type='post'>Le sourire de Mona Lisa<\/a><\/td>\n<td data-align='center'>31-d\u00e9cembre-2006<\/td>\n<td data-align='center'>3<\/td>\n<td style='text-align:left'><\/td>\n<\/tr>\n<tr style='height: 24px;'>\n<td style='text-align:left'><a href='http:\/\/joubjoub.ddns.net\/blog\/?p=44842' data-type='post'>Le transporteur II<\/a><\/td>\n<td data-align='center'>31-d\u00e9cembre-2006<\/td>\n<td data-align='center'>3<\/td>\n<td style='text-align:left'><\/td>\n<\/tr>\n<tr style='height: 24px;'>\n<td style='text-align:left'><a href='http:\/\/joubjoub.ddns.net\/blog\/?p=44928' data-type='post'>Lost in Translation<\/a><\/td>\n<td data-align='center'>31-d\u00e9cembre-2006<\/td>\n<td data-align='center'>\u2764<\/td>\n<td style='text-align:left'><\/td>\n<\/tr>\n<tr style='height: 24px;'>\n<td style='text-align:left'><a href='http:\/\/joubjoub.ddns.net\/blog\/?p=44832' data-type='post'>Ma super ex<\/a><\/td>\n<td data-align='center'>31-d\u00e9cembre-2006<\/td>\n<td data-align='center'>3<\/td>\n<td style='text-align:left'><\/td>\n<\/tr>\n<tr style='height: 24px;'>\n<td style='text-align:left'><a href='http:\/\/joubjoub.ddns.net\/blog\/?p=44934' data-type='post'>Mafia love<\/a><\/td>\n<td data-align='center'>31-d\u00e9cembre-2006<\/td>\n<td data-align='center'>3<\/td>\n<td style='text-align:left'><\/td>\n<\/tr>\n<tr style='height: 24px;'>\n<td style='text-align:left'><a href='http:\/\/joubjoub.ddns.net\/blog\/?p=44864' data-type='post'>Match Point<\/a><\/td>\n<td data-align='center'>31-d\u00e9cembre-2006<\/td>\n<td data-align='center'>3<\/td>\n<td style='text-align:left'><\/td>\n<\/tr>\n<tr style='height: 24px;'>\n<td style='text-align:left'><a href='http:\/\/joubjoub.ddns.net\/blog\/?p=44924' data-type='post'>M\u00e9moires d\u2019une geisha<\/a><\/td>\n<td data-align='center'>31-d\u00e9cembre-2006<\/td>\n<td data-align='center'>3<\/td>\n<td style='text-align:left'>Adaptation<\/td>\n<\/tr>\n<tr style='height: 24px;'>\n<td style='text-align:left'><a href='http:\/\/joubjoub.ddns.net\/blog\/?p=44882' data-type='post'>Memories of Murder<\/a><\/td>\n<td data-align='center'>31-d\u00e9cembre-2006<\/td>\n<td data-align='center'>3<\/td>\n<td style='text-align:left'><\/td>\n<\/tr>\n<tr style='height: 24px;'>\n<td style='text-align:left'><a href='http:\/\/joubjoub.ddns.net\/blog\/?p=44802' data-type='post'>Mercenary<\/a><\/td>\n<td data-align='center'>29-novembre-2006<\/td>\n<td data-align='center'>4<\/td>\n<td style='text-align:left'><\/td>\n<\/tr>\n<tr style='height: 24px;'>\n<td style='text-align:left'><a href='http:\/\/joubjoub.ddns.net\/blog\/?p=44862' data-type='post'>Mission : Impossible<\/a><\/td>\n<td data-align='center'>31-d\u00e9cembre-2006<\/td>\n<td data-align='center'>3<\/td>\n<td style='text-align:left'><\/td>\n<\/tr>\n<tr style='height: 24px;'>\n<td style='text-align:left'><a href='http:\/\/joubjoub.ddns.net\/blog\/?p=44920' data-type='post'>Mission : Impossible 3<\/a><\/td>\n<td data-align='center'>31-d\u00e9cembre-2006<\/td>\n<td data-align='center'>3<\/td>\n<td style='text-align:left'><\/td>\n<\/tr>\n<tr style='height: 24px;'>\n<td style='text-align:left'><a href='http:\/\/joubjoub.ddns.net\/blog\/?p=44806' data-type='post'>Narc<\/a><\/td>\n<td data-align='center'>31-d\u00e9cembre-2006<\/td>\n<td data-align='center'>3<\/td>\n<td style='text-align:left'><\/td>\n<\/tr>\n<tr style='height: 24px;'>\n<td style='text-align:left'><a href='http:\/\/joubjoub.ddns.net\/blog\/?p=44848' data-type='post'>Niki Larson<\/a><\/td>\n<td data-align='center'>31-d\u00e9cembre-2006<\/td>\n<td data-align='center'>3<\/td>\n<td style='text-align:left'><\/td>\n<\/tr>\n<tr style='height: 24px;'>\n<td style='text-align:left'><a href='http:\/\/joubjoub.ddns.net\/blog\/?p=44908' data-type='post'>Nouvelle cuisine<\/a><\/td>\n<td data-align='center'>31-d\u00e9cembre-2006<\/td>\n<td data-align='center'>3<\/td>\n<td style='text-align:left'><\/td>\n<\/tr>\n<tr style='height: 24px;'>\n<td style='text-align:left'><a href='http:\/\/joubjoub.ddns.net\/blog\/?p=44826' data-type='post'>On ne vit que deux fois<\/a><\/td>\n<td data-align='center'>31-d\u00e9cembre-2006<\/td>\n<td data-align='center'>3<\/td>\n<td style='text-align:left'>Adaptation, Franchise \u00ab\u00a0James Bond\u00a0\u00bb<\/td>\n<\/tr>\n<tr style='height: 24px;'>\n<td style='text-align:left'><a href='http:\/\/joubjoub.ddns.net\/blog\/?p=44918' data-type='post'>Permis de tuer<\/a><\/td>\n<td data-align='center'>31-d\u00e9cembre-2006<\/td>\n<td data-align='center'>4<\/td>\n<td style='text-align:left'>Franchise \u00ab\u00a0James Bond\u00a0\u00bb<\/td>\n<\/tr>\n<tr style='height: 24px;'>\n<td style='text-align:left'><a href='http:\/\/joubjoub.ddns.net\/blog\/?p=44904' data-type='post'>Petites confidences (\u00e0 ma psy)<\/a><\/td>\n<td data-align='center'>31-d\u00e9cembre-2006<\/td>\n<td data-align='center'>3<\/td>\n<td style='text-align:left'><\/td>\n<\/tr>\n<tr style='height: 24px;'>\n<td style='text-align:left'><a href='http:\/\/joubjoub.ddns.net\/blog\/?p=44818' data-type='post'>Playboy \u00e0 saisir<\/a><\/td>\n<td data-align='center'>31-d\u00e9cembre-2006<\/td>\n<td data-align='center'>3<\/td>\n<td style='text-align:left'><\/td>\n<\/tr>\n<tr style='height: 24px;'>\n<td style='text-align:left'><a href='http:\/\/joubjoub.ddns.net\/blog\/?p=44878' data-type='post'>Preuve irr\u00e9futable<\/a><\/td>\n<td data-align='center'>31-d\u00e9cembre-2006<\/td>\n<td data-align='center'>3<\/td>\n<td style='text-align:left'><\/td>\n<\/tr>\n<tr style='height: 24px;'>\n<td style='text-align:left'><a href='http:\/\/joubjoub.ddns.net\/blog\/?p=44932' data-type='post'>Profession profiler<\/a><\/td>\n<td data-align='center'>31-d\u00e9cembre-2006<\/td>\n<td data-align='center'>3<\/td>\n<td style='text-align:left'><\/td>\n<\/tr>\n<tr style='height: 24px;'>\n<td style='text-align:left'><a href='http:\/\/joubjoub.ddns.net\/blog\/?p=44894' data-type='post'>Pulse<\/a><\/td>\n<td data-align='center'>31-d\u00e9cembre-2006<\/td>\n<td data-align='center'>3<\/td>\n<td style='text-align:left'><\/td>\n<\/tr>\n<tr style='height: 24px;'>\n<td style='text-align:left'><a href='http:\/\/joubjoub.ddns.net\/blog\/?p=44846' data-type='post'>Red Eye : Sous haute pression<\/a><\/td>\n<td data-align='center'>31-d\u00e9cembre-2006<\/td>\n<td data-align='center'>3<\/td>\n<td style='text-align:left'><\/td>\n<\/tr>\n<tr style='height: 24px;'>\n<td style='text-align:left'><a href='http:\/\/joubjoub.ddns.net\/blog\/?p=44892' data-type='post'>Renaissance<\/a><\/td>\n<td data-align='center'>31-d\u00e9cembre-2006<\/td>\n<td data-align='center'>3<\/td>\n<td style='text-align:left'><\/td>\n<\/tr>\n<tr style='height: 24px;'>\n<td style='text-align:left'><a href='http:\/\/joubjoub.ddns.net\/blog\/?p=44822' data-type='post'>Scary Movie 4<\/a><\/td>\n<td data-align='center'>31-d\u00e9cembre-2006<\/td>\n<td data-align='center'>3<\/td>\n<td style='text-align:left'><\/td>\n<\/tr>\n<tr style='height: 24px;'>\n<td style='text-align:left'><a href='http:\/\/joubjoub.ddns.net\/blog\/?p=44872' data-type='post'>Shangha\u00ef Kid II<\/a><\/td>\n<td data-align='center'>31-d\u00e9cembre-2006<\/td>\n<td data-align='center'>3<\/td>\n<td style='text-align:left'><\/td>\n<\/tr>\n<tr style='height: 24px;'>\n<td style='text-align:left'><a href='http:\/\/joubjoub.ddns.net\/blog\/?p=44916' data-type='post'>Si seulement\u2026<\/a><\/td>\n<td data-align='center'>31-d\u00e9cembre-2006<\/td>\n<td data-align='center'>3<\/td>\n<td style='text-align:left'><\/td>\n<\/tr>\n<tr style='height: 24px;'>\n<td style='text-align:left'><a href='http:\/\/joubjoub.ddns.net\/blog\/?p=44804' data-type='post'>Sin City<\/a><\/td>\n<td data-align='center'>31-d\u00e9cembre-2006<\/td>\n<td data-align='center'>4<\/td>\n<td style='text-align:left'><\/td>\n<\/tr>\n<tr style='height: 24px;'>\n<td style='text-align:left'><a href='http:\/\/joubjoub.ddns.net\/blog\/?p=44798' data-type='post'>Survie : Les naufrag\u00e9s<\/a><\/td>\n<td data-align='center'>11-novembre-2006<\/td>\n<td data-align='center'>3<\/td>\n<td style='text-align:left'><\/td>\n<\/tr>\n<tr style='height: 24px;'>\n<td style='text-align:left'><a href='http:\/\/joubjoub.ddns.net\/blog\/?p=44814' data-type='post'>Terreur sur la ligne<\/a><\/td>\n<td data-align='center'>31-d\u00e9cembre-2006<\/td>\n<td data-align='center'>3<\/td>\n<td style='text-align:left'><\/td>\n<\/tr>\n<tr style='height: 24px;'>\n<td style='text-align:left'><a href='http:\/\/joubjoub.ddns.net\/blog\/?p=44856' data-type='post'>The Detonator<\/a><\/td>\n<td data-align='center'>31-d\u00e9cembre-2006<\/td>\n<td data-align='center'>3<\/td>\n<td style='text-align:left'><\/td>\n<\/tr>\n<tr style='height: 24px;'>\n<td style='text-align:left'><a href='http:\/\/joubjoub.ddns.net\/blog\/?p=44794' data-type='post'>The Hard Corps<\/a><\/td>\n<td data-align='center'>3-octobre-2006<\/td>\n<td data-align='center'>3<\/td>\n<td style='text-align:left'><\/td>\n<\/tr>\n<tr style='height: 24px;'>\n<td style='text-align:left'><a href='http:\/\/joubjoub.ddns.net\/blog\/?p=44786' data-type='post'>The Sentinel<\/a><\/td>\n<td data-align='center'>4-septembre-2006<\/td>\n<td data-align='center'>3<\/td>\n<td style='text-align:left'>Adaptation<\/td>\n<\/tr>\n<tr style='height: 24px;'>\n<td style='text-align:left'><a href='http:\/\/joubjoub.ddns.net\/blog\/?p=44930' data-type='post'>Traque sur Internet 2.0<\/a><\/td>\n<td data-align='center'>31-d\u00e9cembre-2006<\/td>\n<td data-align='center'>3<\/td>\n<td style='text-align:left'><\/td>\n<\/tr>\n<tr style='height: 24px;'>\n<td style='text-align:left'><a href='http:\/\/joubjoub.ddns.net\/blog\/?p=44840' data-type='post'>Trois enterrements<\/a><\/td>\n<td data-align='center'>31-d\u00e9cembre-2006<\/td>\n<td data-align='center'>4<\/td>\n<td style='text-align:left'><\/td>\n<\/tr>\n<tr style='height: 24px;'>\n<td style='text-align:left'><a href='http:\/\/joubjoub.ddns.net\/blog\/?p=44912' data-type='post'>Ultime menace<\/a><\/td>\n<td data-align='center'>31-d\u00e9cembre-2006<\/td>\n<td data-align='center'>3<\/td>\n<td style='text-align:left'><\/td>\n<\/tr>\n<tr style='height: 24px;'>\n<td style='text-align:left'><a href='http:\/\/joubjoub.ddns.net\/blog\/?p=44830' data-type='post'>Ultime vengeance<\/a><\/td>\n<td data-align='center'>31-d\u00e9cembre-2006<\/td>\n<td data-align='center'>3<\/td>\n<td style='text-align:left'><\/td>\n<\/tr>\n<tr style='height: 24px;'>\n<td style='text-align:left'><a href='http:\/\/joubjoub.ddns.net\/blog\/?p=44886' data-type='post'>Ultraviolet<\/a><\/td>\n<td data-align='center'>31-d\u00e9cembre-2006<\/td>\n<td data-align='center'>3<\/td>\n<td style='text-align:left'><\/td>\n<\/tr>\n<tr style='height: 24px;'>\n<td style='text-align:left'><a href='http:\/\/joubjoub.ddns.net\/blog\/?p=44808' data-type='post'>V pour Vendetta<\/a><\/td>\n<td data-align='center'>31-d\u00e9cembre-2006<\/td>\n<td data-align='center'>4<\/td>\n<td style='text-align:left'>Adaptation<\/td>\n<\/tr>\n<tr style='height: 24px;'>\n<td style='text-align:left'><a href='http:\/\/joubjoub.ddns.net\/blog\/?p=44810' data-type='post'>Van Helsing<\/a><\/td>\n<td data-align='center'>31-d\u00e9cembre-2006<\/td>\n<td data-align='center'>3<\/td>\n<td style='text-align:left'><\/td>\n<\/tr>\n<tr style='height: 24px;'>\n<td style='text-align:left'><a href='http:\/\/joubjoub.ddns.net\/blog\/?p=44870' data-type='post'>Vivre et laisser mourir<\/a><\/td>\n<td data-align='center'>31-d\u00e9cembre-2006<\/td>\n<td data-align='center'>3<\/td>\n<td style='text-align:left'>Adaptation, Franchise \u00ab\u00a0James Bond\u00a0\u00bb<\/td>\n<\/tr>\n<tr style='height: 24px;'>\n<td style='text-align:left'><a href='http:\/\/joubjoub.ddns.net\/blog\/?p=44788' data-type='post'>X-Men : L\u2019affrontement final<\/a><\/td>\n<td data-align='center'>2-octobre-2006<\/td>\n<td data-align='center'>3<\/td>\n<td style='text-align:left'><\/td>\n<\/tr>\n<tr style='height: 24px;'>\n<td style='text-align:left'><a href='http:\/\/joubjoub.ddns.net\/blog\/?p=44868' data-type='post'>xXx\u00b2 : The Next Level<\/a><\/td>\n<td data-align='center'>31-d\u00e9cembre-2006<\/td>\n<td data-align='center'>3<\/td>\n<td style='text-align:left'><\/td>\n<\/tr>\n<\/tbody>\n<tfoot>\n<tr style=\"height: 24px;\">\n<td class=\"has-text-align-left\" style=\"height: 24px; font-size: 18px;\" data-align=\"left\"><span class=\"has-inline-color has-vivid-cyan-blue-color\"><strong>TOTAL : 81 films vus en 2006<\/strong><\/span><\/td>\n<td class=\"has-text-align-center\" style=\"height: 24px;\" data-align=\"center\">\u00a0<\/td>\n<td class=\"has-text-align-center\" style=\"height: 24px;\" data-align=\"center\">\u00a0<\/td>\n<td class=\"has-text-align-center\" style=\"height: 24px;\" data-align=\"center\">\u00a0<\/td>\n<\/tr>\n<\/tfoot>\n<\/table>\n<p><\/center><\/p>\n","protected":false},"excerpt":{"rendered":"<p>Titre Date Note Commentaires 2046 31-d\u00e9cembre-2006 3 36 quai des Orf\u00e8vres 31-d\u00e9cembre-2006 4 \u00c6on Flux 31-d\u00e9cembre-2006 3 Amour &#038; amn\u00e9sie 31-d\u00e9cembre-2006 3 Anacondas\u00a0: \u00c0 la poursuite de l\u2019orchid\u00e9e de sang 31-d\u00e9cembre-2006 3 Angel-A 31-d\u00e9cembre-2006 3 Au suivant ! 31-d\u00e9cembre-2006 3 Azumi 31-d\u00e9cembre-2006 3 Basic Instinct 2 31-d\u00e9cembre-2006 3 Bienvenue dans la jungle 31-d\u00e9cembre-2006 3 Born to Fight 31-d\u00e9cembre-2006 3 Breaking&#46;&#46;&#46;<\/p>\n","protected":false},"author":1,"featured_media":0,"parent":0,"menu_order":0,"comment_status":"closed","ping_status":"closed","template":"","meta":{"footnotes":""},"class_list":["post-31276","page","type-page","status-publish","hentry"],"_links":{"self":[{"href":"https:\/\/joubjoub.ddns.net\/blog\/index.php?rest_route=\/wp\/v2\/pages\/31276","targetHints":{"allow":["GET"]}}],"collection":[{"href":"https:\/\/joubjoub.ddns.net\/blog\/index.php?rest_route=\/wp\/v2\/pages"}],"about":[{"href":"https:\/\/joubjoub.ddns.net\/blog\/index.php?rest_route=\/wp\/v2\/types\/page"}],"author":[{"embeddable":true,"href":"https:\/\/joubjoub.ddns.net\/blog\/index.php?rest_route=\/wp\/v2\/users\/1"}],"replies":[{"embeddable":true,"href":"https:\/\/joubjoub.ddns.net\/blog\/index.php?rest_route=%2Fwp%2Fv2%2Fcomments&post=31276"}],"version-history":[{"count":15,"href":"https:\/\/joubjoub.ddns.net\/blog\/index.php?rest_route=\/wp\/v2\/pages\/31276\/revisions"}],"predecessor-version":[{"id":44946,"href":"https:\/\/joubjoub.ddns.net\/blog\/index.php?rest_route=\/wp\/v2\/pages\/31276\/revisions\/44946"}],"wp:attachment":[{"href":"https:\/\/joubjoub.ddns.net\/blog\/index.php?rest_route=%2Fwp%2Fv2%2Fmedia&parent=31276"}],"curies":[{"name":"wp","href":"https:\/\/api.w.org\/{rel}","templated":true}]}}