{"id":44960,"date":"2006-01-01T00:01:10","date_gmt":"2005-12-31T23:01:10","guid":{"rendered":"http:\/\/joubjoub.ddns.net\/blog\/?page_id=44960"},"modified":"2025-06-14T11:24:30","modified_gmt":"2025-06-14T09:24:30","slug":"films-vus-en-2005","status":"publish","type":"page","link":"https:\/\/joubjoub.ddns.net\/blog\/?page_id=44960","title":{"rendered":"Films vus en  2005"},"content":{"rendered":"<p><center><\/p>\n<table style=\"width: 90%;\">\n<thead>\n<tr style='height: 24px; font-size: 18px;'>\n<th style='text-align:left'>Titre<\/th>\n<th data-align='center'>Date<\/th>\n<th data-align='center'>Note<\/th>\n<th data-align='center'>Commentaires<\/th>\n<\/tr>\n<\/thead>\n<tbody>\n<tr style='height: 24px;'>\n<td style='text-align:left'><a href='http:\/\/joubjoub.ddns.net\/blog\/?p=44761' data-type='post'>7 secondes<\/a><\/td>\n<td data-align='center'>20-octobre-2005<\/td>\n<td data-align='center'>3<\/td>\n<td style='text-align:left'><\/td>\n<\/tr>\n<tr style='height: 24px;'>\n<td style='text-align:left'><a href='http:\/\/joubjoub.ddns.net\/blog\/?p=44743' data-type='post'>Ars\u00e8ne Lupin<\/a><\/td>\n<td data-align='center'>14-ao\u00fbt-2005<\/td>\n<td data-align='center'>3<\/td>\n<td style='text-align:left'>Adaptation<\/td>\n<\/tr>\n<tr style='height: 24px;'>\n<td style='text-align:left'><a href='http:\/\/joubjoub.ddns.net\/blog\/?p=44769' data-type='post'>Batman Begins<\/a><\/td>\n<td data-align='center'>22-octobre-2005<\/td>\n<td data-align='center'>4<\/td>\n<td style='text-align:left'><\/td>\n<\/tr>\n<tr style='height: 24px;'>\n<td style='text-align:left'><a href='http:\/\/joubjoub.ddns.net\/blog\/?p=44749' data-type='post'>Black\/White<\/a><\/td>\n<td data-align='center'>21-ao\u00fbt-2005<\/td>\n<td data-align='center'>3<\/td>\n<td style='text-align:left'><\/td>\n<\/tr>\n<tr style='height: 24px;'>\n<td style='text-align:left'><a href='http:\/\/joubjoub.ddns.net\/blog\/?p=44759' data-type='post'>Brice de Nice<\/a><\/td>\n<td data-align='center'>19-octobre-2005<\/td>\n<td data-align='center'>3<\/td>\n<td style='text-align:left'><\/td>\n<\/tr>\n<tr style='height: 24px;'>\n<td style='text-align:left'><a href='http:\/\/joubjoub.ddns.net\/blog\/?p=44781' data-type='post'>Crying Freeman<\/a><\/td>\n<td data-align='center'>21-d\u00e9cembre-2005<\/td>\n<td data-align='center'>\u2764<\/td>\n<td style='text-align:left'>Adaptation<\/td>\n<\/tr>\n<tr style='height: 24px;'>\n<td style='text-align:left'><a href='http:\/\/joubjoub.ddns.net\/blog\/?p=44767' data-type='post'>Equilibrium<\/a><\/td>\n<td data-align='center'>22-octobre-2005<\/td>\n<td data-align='center'>3<\/td>\n<td style='text-align:left'><\/td>\n<\/tr>\n<tr style='height: 24px;'>\n<td style='text-align:left'><a href='http:\/\/joubjoub.ddns.net\/blog\/?p=44763' data-type='post'>Furtif<\/a><\/td>\n<td data-align='center'>21-octobre-2005<\/td>\n<td data-align='center'>3<\/td>\n<td style='text-align:left'><\/td>\n<\/tr>\n<tr style='height: 24px;'>\n<td style='text-align:left'><a href='http:\/\/joubjoub.ddns.net\/blog\/?p=44751' data-type='post'>L\u2019effet papillon<\/a><\/td>\n<td data-align='center'>23-ao\u00fbt-2005<\/td>\n<td data-align='center'>4<\/td>\n<td style='text-align:left'><\/td>\n<\/tr>\n<tr style='height: 24px;'>\n<td style='text-align:left'><a href='http:\/\/joubjoub.ddns.net\/blog\/?p=44777' data-type='post'>La guerre des mondes<\/a><\/td>\n<td data-align='center'>20-novembre-2005<\/td>\n<td data-align='center'>3<\/td>\n<td style='text-align:left'>Adaptation<\/td>\n<\/tr>\n<tr style='height: 24px;'>\n<td style='text-align:left'><a href='http:\/\/joubjoub.ddns.net\/blog\/?p=44771' data-type='post'>La maison de cire<\/a><\/td>\n<td data-align='center'>6-novembre-2005<\/td>\n<td data-align='center'>3<\/td>\n<td style='text-align:left'><\/td>\n<\/tr>\n<tr style='height: 24px;'>\n<td style='text-align:left'><a href='http:\/\/joubjoub.ddns.net\/blog\/?p=44745' data-type='post'>Le plus beau jour de ma vie<\/a><\/td>\n<td data-align='center'>16-ao\u00fbt-2005<\/td>\n<td data-align='center'>3<\/td>\n<td style='text-align:left'><\/td>\n<\/tr>\n<tr style='height: 24px;'>\n<td style='text-align:left'><a href='http:\/\/joubjoub.ddns.net\/blog\/?p=44773' data-type='post'>Les 4 fantastiques<\/a><\/td>\n<td data-align='center'>12-novembre-2005<\/td>\n<td data-align='center'>3<\/td>\n<td style='text-align:left'><\/td>\n<\/tr>\n<tr style='height: 24px;'>\n<td style='text-align:left'><a href='http:\/\/joubjoub.ddns.net\/blog\/?p=44753' data-type='post'>Les s\u0153urs f\u00e2ch\u00e9es<\/a><\/td>\n<td data-align='center'>4-septembre-2005<\/td>\n<td data-align='center'>3<\/td>\n<td style='text-align:left'><\/td>\n<\/tr>\n<tr style='height: 24px;'>\n<td style='text-align:left'><a href='http:\/\/joubjoub.ddns.net\/blog\/?p=44779' data-type='post'>Ma femme est un gangster<\/a><\/td>\n<td data-align='center'>10-d\u00e9cembre-2005<\/td>\n<td data-align='center'>3<\/td>\n<td style='text-align:left'><\/td>\n<\/tr>\n<tr style='height: 24px;'>\n<td style='text-align:left'><a href='http:\/\/joubjoub.ddns.net\/blog\/?p=44775' data-type='post'>Ma sorci\u00e8re bien-aim\u00e9e<\/a><\/td>\n<td data-align='center'>19-novembre-2005<\/td>\n<td data-align='center'>3<\/td>\n<td style='text-align:left'><\/td>\n<\/tr>\n<tr style='height: 24px;'>\n<td style='text-align:left'><a href='http:\/\/joubjoub.ddns.net\/blog\/?p=44757' data-type='post'>Pi\u00e8ge en eaux profondes<\/a><\/td>\n<td data-align='center'>18-octobre-2005<\/td>\n<td data-align='center'>3<\/td>\n<td style='text-align:left'><\/td>\n<\/tr>\n<tr style='height: 24px;'>\n<td style='text-align:left'><a href='http:\/\/joubjoub.ddns.net\/blog\/?p=44747' data-type='post'>Sa m\u00e8re ou moi !<\/a><\/td>\n<td data-align='center'>20-ao\u00fbt-2005<\/td>\n<td data-align='center'>3<\/td>\n<td style='text-align:left'><\/td>\n<\/tr>\n<tr style='height: 24px;'>\n<td style='text-align:left'><a href='http:\/\/joubjoub.ddns.net\/blog\/?p=44755' data-type='post'>Saw<\/a><\/td>\n<td data-align='center'>24-septembre-2005<\/td>\n<td data-align='center'>\u2764<\/td>\n<td style='text-align:left'><\/td>\n<\/tr>\n<tr style='height: 24px;'>\n<td style='text-align:left'><a href='http:\/\/joubjoub.ddns.net\/blog\/?p=44765' data-type='post'>Un aller pour l\u2019enfer<\/a><\/td>\n<td data-align='center'>22-octobre-2005<\/td>\n<td data-align='center'>3<\/td>\n<td style='text-align:left'><\/td>\n<\/tr>\n<\/tbody>\n<tfoot>\n<tr style=\"height: 24px;\">\n<td class=\"has-text-align-left\" style=\"height: 24px; font-size: 18px;\" data-align=\"left\"><span class=\"has-inline-color has-vivid-cyan-blue-color\"><strong>TOTAL : 20 films vus en 2005<\/strong><\/span><\/td>\n<td class=\"has-text-align-center\" style=\"height: 24px;\" data-align=\"center\">\u00a0<\/td>\n<td class=\"has-text-align-center\" style=\"height: 24px;\" data-align=\"center\">\u00a0<\/td>\n<td class=\"has-text-align-center\" style=\"height: 24px;\" data-align=\"center\">\u00a0<\/td>\n<\/tr>\n<\/tfoot>\n<\/table>\n<p><\/center><\/p>\n","protected":false},"excerpt":{"rendered":"<p>Titre Date Note Commentaires 7 secondes 20-octobre-2005 3 Ars\u00e8ne Lupin 14-ao\u00fbt-2005 3 Adaptation Batman Begins 22-octobre-2005 4 Black\/White 21-ao\u00fbt-2005 3 Brice de Nice 19-octobre-2005 3 Crying Freeman 21-d\u00e9cembre-2005 \u2764 Adaptation Equilibrium 22-octobre-2005 3 Furtif 21-octobre-2005 3 L\u2019effet papillon 23-ao\u00fbt-2005 4 La guerre des mondes 20-novembre-2005 3 Adaptation La maison de cire 6-novembre-2005 3 Le plus beau jour de ma vie&#46;&#46;&#46;<\/p>\n","protected":false},"author":1,"featured_media":0,"parent":0,"menu_order":0,"comment_status":"closed","ping_status":"closed","template":"","meta":{"footnotes":""},"class_list":["post-44960","page","type-page","status-publish","hentry"],"_links":{"self":[{"href":"https:\/\/joubjoub.ddns.net\/blog\/index.php?rest_route=\/wp\/v2\/pages\/44960","targetHints":{"allow":["GET"]}}],"collection":[{"href":"https:\/\/joubjoub.ddns.net\/blog\/index.php?rest_route=\/wp\/v2\/pages"}],"about":[{"href":"https:\/\/joubjoub.ddns.net\/blog\/index.php?rest_route=\/wp\/v2\/types\/page"}],"author":[{"embeddable":true,"href":"https:\/\/joubjoub.ddns.net\/blog\/index.php?rest_route=\/wp\/v2\/users\/1"}],"replies":[{"embeddable":true,"href":"https:\/\/joubjoub.ddns.net\/blog\/index.php?rest_route=%2Fwp%2Fv2%2Fcomments&post=44960"}],"version-history":[{"count":7,"href":"https:\/\/joubjoub.ddns.net\/blog\/index.php?rest_route=\/wp\/v2\/pages\/44960\/revisions"}],"predecessor-version":[{"id":45256,"href":"https:\/\/joubjoub.ddns.net\/blog\/index.php?rest_route=\/wp\/v2\/pages\/44960\/revisions\/45256"}],"wp:attachment":[{"href":"https:\/\/joubjoub.ddns.net\/blog\/index.php?rest_route=%2Fwp%2Fv2%2Fmedia&parent=44960"}],"curies":[{"name":"wp","href":"https:\/\/api.w.org\/{rel}","templated":true}]}}