{"id":45219,"date":"2025-06-14T10:41:02","date_gmt":"2025-06-14T08:41:02","guid":{"rendered":"http:\/\/joubjoub.ddns.net\/blog\/?page_id=45219"},"modified":"2025-06-14T11:15:07","modified_gmt":"2025-06-14T09:15:07","slug":"films-vus-en-2007","status":"publish","type":"page","link":"https:\/\/joubjoub.ddns.net\/blog\/?page_id=45219","title":{"rendered":"Films vus en 2007"},"content":{"rendered":"<p><center><\/p>\n<table style=\"width: 90%;\">\n<thead>\n<tr style='height: 24px; font-size: 18px;'>\n<th style='text-align:left'>Titre<\/th>\n<th data-align='center'>Date<\/th>\n<th data-align='center'>Note<\/th>\n<th data-align='center'>Commentaires<\/th>\n<\/tr>\n<\/thead>\n<tbody>\n<tr style='height: 24px;'>\n<td style='text-align:left'><a href='http:\/\/joubjoub.ddns.net\/blog\/?p=45167' data-type='post'>300<\/a><\/td>\n<td data-align='center'>31-d\u00e9cembre-2007<\/td>\n<td data-align='center'>4<\/td>\n<td style='text-align:left'>Adaptation<\/td>\n<\/tr>\n<tr style='height: 24px;'>\n<td style='text-align:left'><a href='http:\/\/joubjoub.ddns.net\/blog\/?p=45081' data-type='post'>\u00c0 la recherche du bonheur<\/a><\/td>\n<td data-align='center'>4-mars-2007<\/td>\n<td data-align='center'>3<\/td>\n<td style='text-align:left'><\/td>\n<\/tr>\n<tr style='height: 24px;'>\n<td style='text-align:left'><a href='http:\/\/joubjoub.ddns.net\/blog\/?p=45083' data-type='post'>American Haunting<\/a><\/td>\n<td data-align='center'>9-mai-2007<\/td>\n<td data-align='center'>3<\/td>\n<td style='text-align:left'><\/td>\n<\/tr>\n<tr style='height: 24px;'>\n<td style='text-align:left'><a href='http:\/\/joubjoub.ddns.net\/blog\/?p=45185' data-type='post'>American Psycho 2<\/a><\/td>\n<td data-align='center'>31-d\u00e9cembre-2007<\/td>\n<td data-align='center'>3<\/td>\n<td style='text-align:left'><\/td>\n<\/tr>\n<tr style='height: 24px;'>\n<td style='text-align:left'><a href='http:\/\/joubjoub.ddns.net\/blog\/?p=45129' data-type='post'>Angel<\/a><\/td>\n<td data-align='center'>16-d\u00e9cembre-2007<\/td>\n<td data-align='center'>3<\/td>\n<td style='text-align:left'>Adaptation<\/td>\n<\/tr>\n<tr style='height: 24px;'>\n<td style='text-align:left'><a href='http:\/\/joubjoub.ddns.net\/blog\/?p=45135' data-type='post'>Anthony Zimmer<\/a><\/td>\n<td data-align='center'>28-d\u00e9cembre-2007<\/td>\n<td data-align='center'>3<\/td>\n<td style='text-align:left'><\/td>\n<\/tr>\n<tr style='height: 24px;'>\n<td style='text-align:left'><a href='http:\/\/joubjoub.ddns.net\/blog\/?p=45091' data-type='post'>Apocalypto<\/a><\/td>\n<td data-align='center'>11-ao\u00fbt-2007<\/td>\n<td data-align='center'>4<\/td>\n<td style='text-align:left'>1001 films<\/td>\n<\/tr>\n<tr style='height: 24px;'>\n<td style='text-align:left'><a href='http:\/\/joubjoub.ddns.net\/blog\/?p=45101' data-type='post'>Appleseed<\/a><\/td>\n<td data-align='center'>11-ao\u00fbt-2007<\/td>\n<td data-align='center'>3<\/td>\n<td style='text-align:left'><\/td>\n<\/tr>\n<tr style='height: 24px;'>\n<td style='text-align:left'><a href='http:\/\/joubjoub.ddns.net\/blog\/?p=45179' data-type='post'>Bandidas<\/a><\/td>\n<td data-align='center'>31-d\u00e9cembre-2007<\/td>\n<td data-align='center'>3<\/td>\n<td style='text-align:left'><\/td>\n<\/tr>\n<tr style='height: 24px;'>\n<td style='text-align:left'><a href='http:\/\/joubjoub.ddns.net\/blog\/?p=45119' data-type='post'>Bons baisers de P\u00e9kin<\/a><\/td>\n<td data-align='center'>31-ao\u00fbt-2007<\/td>\n<td data-align='center'>3<\/td>\n<td style='text-align:left'><\/td>\n<\/tr>\n<tr style='height: 24px;'>\n<td style='text-align:left'><a href='http:\/\/joubjoub.ddns.net\/blog\/?p=45095' data-type='post'>Coast Guards<\/a><\/td>\n<td data-align='center'>11-ao\u00fbt-2007<\/td>\n<td data-align='center'>3<\/td>\n<td style='text-align:left'><\/td>\n<\/tr>\n<tr style='height: 24px;'>\n<td style='text-align:left'><a href='http:\/\/joubjoub.ddns.net\/blog\/?p=45207' data-type='post'>Creep<\/a><\/td>\n<td data-align='center'>31-d\u00e9cembre-2007<\/td>\n<td data-align='center'>3<\/td>\n<td style='text-align:left'><\/td>\n<\/tr>\n<tr style='height: 24px;'>\n<td style='text-align:left'><a href='http:\/\/joubjoub.ddns.net\/blog\/?p=45171' data-type='post'>D\u00e9j\u00e0 vu<\/a><\/td>\n<td data-align='center'>31-d\u00e9cembre-2007<\/td>\n<td data-align='center'>3<\/td>\n<td style='text-align:left'><\/td>\n<\/tr>\n<tr style='height: 24px;'>\n<td style='text-align:left'><a href='http:\/\/joubjoub.ddns.net\/blog\/?p=45131' data-type='post'>D\u00e9rapage<\/a><\/td>\n<td data-align='center'>25-d\u00e9cembre-2007<\/td>\n<td data-align='center'>3<\/td>\n<td style='text-align:left'>Adaptation<\/td>\n<\/tr>\n<tr style='height: 24px;'>\n<td style='text-align:left'><a href='http:\/\/joubjoub.ddns.net\/blog\/?p=45097' data-type='post'>Die Hard 4 : Retour en enfer<\/a><\/td>\n<td data-align='center'>11-ao\u00fbt-2007<\/td>\n<td data-align='center'>3<\/td>\n<td style='text-align:left'><\/td>\n<\/tr>\n<tr style='height: 24px;'>\n<td style='text-align:left'><a href='http:\/\/joubjoub.ddns.net\/blog\/?p=45125' data-type='post'>DOA : Dead or Alive<\/a><\/td>\n<td data-align='center'>10-novembre-2007<\/td>\n<td data-align='center'>3<\/td>\n<td style='text-align:left'><\/td>\n<\/tr>\n<tr style='height: 24px;'>\n<td style='text-align:left'><a href='http:\/\/joubjoub.ddns.net\/blog\/?p=45209' data-type='post'>Elektra<\/a><\/td>\n<td data-align='center'>31-d\u00e9cembre-2007<\/td>\n<td data-align='center'>3<\/td>\n<td style='text-align:left'><\/td>\n<\/tr>\n<tr style='height: 24px;'>\n<td style='text-align:left'><a href='http:\/\/joubjoub.ddns.net\/blog\/?p=45197' data-type='post'>Freddy contre Jason<\/a><\/td>\n<td data-align='center'>31-d\u00e9cembre-2007<\/td>\n<td data-align='center'>3<\/td>\n<td style='text-align:left'><\/td>\n<\/tr>\n<tr style='height: 24px;'>\n<td style='text-align:left'><a href='http:\/\/joubjoub.ddns.net\/blog\/?p=45217' data-type='post'>Goldfinger<\/a><\/td>\n<td data-align='center'>31-d\u00e9cembre-2007<\/td>\n<td data-align='center'>1<\/td>\n<td style='text-align:left'>Adaptation, 1001 films, Franchise \u00ab\u00a0James Bond\u00a0\u00bb<\/td>\n<\/tr>\n<tr style='height: 24px;'>\n<td style='text-align:left'><a href='http:\/\/joubjoub.ddns.net\/blog\/?p=45169' data-type='post'>Hyper Tension<\/a><\/td>\n<td data-align='center'>31-d\u00e9cembre-2007<\/td>\n<td data-align='center'>4<\/td>\n<td style='text-align:left'><\/td>\n<\/tr>\n<tr style='height: 24px;'>\n<td style='text-align:left'><a href='http:\/\/joubjoub.ddns.net\/blog\/?p=45133' data-type='post'>Infernal Affairs<\/a><\/td>\n<td data-align='center'>26-d\u00e9cembre-2007<\/td>\n<td data-align='center'>\u2764<\/td>\n<td style='text-align:left'><\/td>\n<\/tr>\n<tr style='height: 24px;'>\n<td style='text-align:left'><a href='http:\/\/joubjoub.ddns.net\/blog\/?p=45177' data-type='post'>Inside Man : l\u2019homme de l\u2019int\u00e9rieur<\/a><\/td>\n<td data-align='center'>31-d\u00e9cembre-2007<\/td>\n<td data-align='center'>3<\/td>\n<td style='text-align:left'><\/td>\n<\/tr>\n<tr style='height: 24px;'>\n<td style='text-align:left'><a href='http:\/\/joubjoub.ddns.net\/blog\/?p=45113' data-type='post'>James Bond 007 contre Dr. No<\/a><\/td>\n<td data-align='center'>15-ao\u00fbt-2007<\/td>\n<td data-align='center'>\u2764<\/td>\n<td style='text-align:left'>Adaptation, Franchise \u00ab\u00a0James Bond\u00a0\u00bb<\/td>\n<\/tr>\n<tr style='height: 24px;'>\n<td style='text-align:left'><a href='http:\/\/joubjoub.ddns.net\/blog\/?p=45215' data-type='post'>Jusqu\u2019\u00e0 la mort<\/a><\/td>\n<td data-align='center'>31-d\u00e9cembre-2007<\/td>\n<td data-align='center'>3<\/td>\n<td style='text-align:left'><\/td>\n<\/tr>\n<tr style='height: 24px;'>\n<td style='text-align:left'><a href='http:\/\/joubjoub.ddns.net\/blog\/?p=45189' data-type='post'>L\u2019illusionniste<\/a><\/td>\n<td data-align='center'>31-d\u00e9cembre-2007<\/td>\n<td data-align='center'>3<\/td>\n<td style='text-align:left'><\/td>\n<\/tr>\n<tr style='height: 24px;'>\n<td style='text-align:left'><a href='http:\/\/joubjoub.ddns.net\/blog\/?p=45123' data-type='post'>La Cit\u00e9 Interdite<\/a><\/td>\n<td data-align='center'>10-novembre-2007<\/td>\n<td data-align='center'>3<\/td>\n<td style='text-align:left'><\/td>\n<\/tr>\n<tr style='height: 24px;'>\n<td style='text-align:left'><a href='http:\/\/joubjoub.ddns.net\/blog\/?p=45127' data-type='post'>La Faille<\/a><\/td>\n<td data-align='center'>30-novembre-2007<\/td>\n<td data-align='center'>4<\/td>\n<td style='text-align:left'><\/td>\n<\/tr>\n<tr style='height: 24px;'>\n<td style='text-align:left'><a href='http:\/\/joubjoub.ddns.net\/blog\/?p=45211' data-type='post'>La fille coup\u00e9e en deux<\/a><\/td>\n<td data-align='center'>31-d\u00e9cembre-2007<\/td>\n<td data-align='center'>3<\/td>\n<td style='text-align:left'><\/td>\n<\/tr>\n<tr style='height: 24px;'>\n<td style='text-align:left'><a href='http:\/\/joubjoub.ddns.net\/blog\/?p=45191' data-type='post'>La L\u00e9gende du Dragon Rouge<\/a><\/td>\n<td data-align='center'>31-d\u00e9cembre-2007<\/td>\n<td data-align='center'>3<\/td>\n<td style='text-align:left'><\/td>\n<\/tr>\n<tr style='height: 24px;'>\n<td style='text-align:left'><a href='http:\/\/joubjoub.ddns.net\/blog\/?p=45103' data-type='post'>La mort dans la peau<\/a><\/td>\n<td data-align='center'>12-ao\u00fbt-2007<\/td>\n<td data-align='center'>4<\/td>\n<td style='text-align:left'>Adaptation<\/td>\n<\/tr>\n<tr style='height: 24px;'>\n<td style='text-align:left'><a href='http:\/\/joubjoub.ddns.net\/blog\/?p=45199' data-type='post'>Le Dahlia Noir<\/a><\/td>\n<td data-align='center'>31-d\u00e9cembre-2007<\/td>\n<td data-align='center'>3<\/td>\n<td style='text-align:left'>Adaptation<\/td>\n<\/tr>\n<tr style='height: 24px;'>\n<td style='text-align:left'><a href='http:\/\/joubjoub.ddns.net\/blog\/?p=45165' data-type='post'>Le prestige<\/a><\/td>\n<td data-align='center'>31-d\u00e9cembre-2007<\/td>\n<td data-align='center'>\u2764<\/td>\n<td style='text-align:left'>Adaptation, 1001 films<\/td>\n<\/tr>\n<tr style='height: 24px;'>\n<td style='text-align:left'><a href='http:\/\/joubjoub.ddns.net\/blog\/?p=45205' data-type='post'>Le Talisman<\/a><\/td>\n<td data-align='center'>31-d\u00e9cembre-2007<\/td>\n<td data-align='center'>3<\/td>\n<td style='text-align:left'><\/td>\n<\/tr>\n<tr style='height: 24px;'>\n<td style='text-align:left'><a href='http:\/\/joubjoub.ddns.net\/blog\/?p=45087' data-type='post'>Les 4 Fantastiques et le Surfer d\u2019Argent<\/a><\/td>\n<td data-align='center'>27-juillet-2007<\/td>\n<td data-align='center'>3<\/td>\n<td style='text-align:left'><\/td>\n<\/tr>\n<tr style='height: 24px;'>\n<td style='text-align:left'><a href='http:\/\/joubjoub.ddns.net\/blog\/?p=45139' data-type='post'>Les ambitieux<\/a><\/td>\n<td data-align='center'>29-d\u00e9cembre-2007<\/td>\n<td data-align='center'>3<\/td>\n<td style='text-align:left'><\/td>\n<\/tr>\n<tr style='height: 24px;'>\n<td style='text-align:left'><a href='http:\/\/joubjoub.ddns.net\/blog\/?p=45163' data-type='post'>Les Fils de l\u2019homme<\/a><\/td>\n<td data-align='center'>31-d\u00e9cembre-2007<\/td>\n<td data-align='center'>4<\/td>\n<td style='text-align:left'>Adaptation, 1001 films<\/td>\n<\/tr>\n<tr style='height: 24px;'>\n<td style='text-align:left'><a href='http:\/\/joubjoub.ddns.net\/blog\/?p=45121' data-type='post'>Les larmes du soleil<\/a><\/td>\n<td data-align='center'>8-septembre-2007<\/td>\n<td data-align='center'>3<\/td>\n<td style='text-align:left'><\/td>\n<\/tr>\n<tr style='height: 24px;'>\n<td style='text-align:left'><a href='http:\/\/joubjoub.ddns.net\/blog\/?p=45137' data-type='post'>Les T\u00e9moins<\/a><\/td>\n<td data-align='center'>29-d\u00e9cembre-2007<\/td>\n<td data-align='center'>3<\/td>\n<td style='text-align:left'><\/td>\n<\/tr>\n<tr style='height: 24px;'>\n<td style='text-align:left'><a href='http:\/\/joubjoub.ddns.net\/blog\/?p=45115' data-type='post'>Marie-Antoinette<\/a><\/td>\n<td data-align='center'>16-ao\u00fbt-2007<\/td>\n<td data-align='center'>2<\/td>\n<td style='text-align:left'>Adaptation<\/td>\n<\/tr>\n<tr style='height: 24px;'>\n<td style='text-align:left'><a href='http:\/\/joubjoub.ddns.net\/blog\/?p=45193' data-type='post'>Meurs un autre jour<\/a><\/td>\n<td data-align='center'>31-d\u00e9cembre-2007<\/td>\n<td data-align='center'>3<\/td>\n<td style='text-align:left'>Franchise \u00ab\u00a0James Bond\u00a0\u00bb<\/td>\n<\/tr>\n<tr style='height: 24px;'>\n<td style='text-align:left'><a href='http:\/\/joubjoub.ddns.net\/blog\/?p=45093' data-type='post'>Miami Vice : Deux flics \u00e0 Miami<\/a><\/td>\n<td data-align='center'>11-ao\u00fbt-2007<\/td>\n<td data-align='center'>4<\/td>\n<td style='text-align:left'><\/td>\n<\/tr>\n<tr style='height: 24px;'>\n<td style='text-align:left'><a href='http:\/\/joubjoub.ddns.net\/blog\/?p=45141' data-type='post'>Mon petit doigt m\u2019a dit\u2026<\/a><\/td>\n<td data-align='center'>30-d\u00e9cembre-2007<\/td>\n<td data-align='center'>3<\/td>\n<td style='text-align:left'>Adaptation<\/td>\n<\/tr>\n<tr style='height: 24px;'>\n<td style='text-align:left'><a href='http:\/\/joubjoub.ddns.net\/blog\/?p=45155' data-type='post'>Motel<\/a><\/td>\n<td data-align='center'>31-d\u00e9cembre-2007<\/td>\n<td data-align='center'>3<\/td>\n<td style='text-align:left'><\/td>\n<\/tr>\n<tr style='height: 24px;'>\n<td style='text-align:left'><a href='http:\/\/joubjoub.ddns.net\/blog\/?p=45213' data-type='post'>Natural city<\/a><\/td>\n<td data-align='center'>31-d\u00e9cembre-2007<\/td>\n<td data-align='center'>3<\/td>\n<td style='text-align:left'><\/td>\n<\/tr>\n<tr style='height: 24px;'>\n<td style='text-align:left'><a href='http:\/\/joubjoub.ddns.net\/blog\/?p=45085' data-type='post'>Ne le dis \u00e0 personne<\/a><\/td>\n<td data-align='center'>25-juillet-2007<\/td>\n<td data-align='center'>3<\/td>\n<td style='text-align:left'>Adaptation<\/td>\n<\/tr>\n<tr style='height: 24px;'>\n<td style='text-align:left'><a href='http:\/\/joubjoub.ddns.net\/blog\/?p=45111' data-type='post'>Perfect Blue<\/a><\/td>\n<td data-align='center'>12-ao\u00fbt-2007<\/td>\n<td data-align='center'>3<\/td>\n<td style='text-align:left'>Adaptation<\/td>\n<\/tr>\n<tr style='height: 24px;'>\n<td style='text-align:left'><a href='http:\/\/joubjoub.ddns.net\/blog\/?p=45187' data-type='post'>Plan\u00e8te terreur<\/a><\/td>\n<td data-align='center'>31-d\u00e9cembre-2007<\/td>\n<td data-align='center'>4<\/td>\n<td style='text-align:left'><\/td>\n<\/tr>\n<tr style='height: 24px;'>\n<td style='text-align:left'><a href='http:\/\/joubjoub.ddns.net\/blog\/?p=45147' data-type='post'>Pos\u00e9idon<\/a><\/td>\n<td data-align='center'>31-d\u00e9cembre-2007<\/td>\n<td data-align='center'>3<\/td>\n<td style='text-align:left'>Adaptation<\/td>\n<\/tr>\n<tr style='height: 24px;'>\n<td style='text-align:left'><a href='http:\/\/joubjoub.ddns.net\/blog\/?p=45117' data-type='post'>Pr\u00e9monitions (2007)<\/a><\/td>\n<td data-align='center'>30-ao\u00fbt-2007<\/td>\n<td data-align='center'>3<\/td>\n<td style='text-align:left'><\/td>\n<\/tr>\n<tr style='height: 24px;'>\n<td style='text-align:left'><a href='http:\/\/joubjoub.ddns.net\/blog\/?p=45109' data-type='post'>Ratatouille<\/a><\/td>\n<td data-align='center'>12-ao\u00fbt-2007<\/td>\n<td data-align='center'>\u2764<\/td>\n<td style='text-align:left'>Disney<\/td>\n<\/tr>\n<tr style='height: 24px;'>\n<td style='text-align:left'><a href='http:\/\/joubjoub.ddns.net\/blog\/?p=45161' data-type='post'>Rocky Balboa<\/a><\/td>\n<td data-align='center'>31-d\u00e9cembre-2007<\/td>\n<td data-align='center'>4<\/td>\n<td style='text-align:left'><\/td>\n<\/tr>\n<tr style='height: 24px;'>\n<td style='text-align:left'><a href='http:\/\/joubjoub.ddns.net\/blog\/?p=45107' data-type='post'>Saw 2<\/a><\/td>\n<td data-align='center'>12-ao\u00fbt-2007<\/td>\n<td data-align='center'>3<\/td>\n<td style='text-align:left'><\/td>\n<\/tr>\n<tr style='height: 24px;'>\n<td style='text-align:left'><a href='http:\/\/joubjoub.ddns.net\/blog\/?p=45145' data-type='post'>Scoop<\/a><\/td>\n<td data-align='center'>31-d\u00e9cembre-2007<\/td>\n<td data-align='center'>3<\/td>\n<td style='text-align:left'><\/td>\n<\/tr>\n<tr style='height: 24px;'>\n<td style='text-align:left'><a href='http:\/\/joubjoub.ddns.net\/blog\/?p=45089' data-type='post'>Shooter, tireur d\u2019\u00e9lite<\/a><\/td>\n<td data-align='center'>7-ao\u00fbt-2007<\/td>\n<td data-align='center'>3<\/td>\n<td style='text-align:left'>Adaptation<\/td>\n<\/tr>\n<tr style='height: 24px;'>\n<td style='text-align:left'><a href='http:\/\/joubjoub.ddns.net\/blog\/?p=45143' data-type='post'>Silent Hill<\/a><\/td>\n<td data-align='center'>31-d\u00e9cembre-2007<\/td>\n<td data-align='center'>4<\/td>\n<td style='text-align:left'><\/td>\n<\/tr>\n<tr style='height: 24px;'>\n<td style='text-align:left'><a href='http:\/\/joubjoub.ddns.net\/blog\/?p=45175' data-type='post'>Spider-Man 3<\/a><\/td>\n<td data-align='center'>31-d\u00e9cembre-2007<\/td>\n<td data-align='center'>3<\/td>\n<td style='text-align:left'><\/td>\n<\/tr>\n<tr style='height: 24px;'>\n<td style='text-align:left'><a href='http:\/\/joubjoub.ddns.net\/blog\/?p=45181' data-type='post'>Suspect Zero<\/a><\/td>\n<td data-align='center'>31-d\u00e9cembre-2007<\/td>\n<td data-align='center'>3<\/td>\n<td style='text-align:left'><\/td>\n<\/tr>\n<tr style='height: 24px;'>\n<td style='text-align:left'><a href='http:\/\/joubjoub.ddns.net\/blog\/?p=45149' data-type='post'>Taxi 4<\/a><\/td>\n<td data-align='center'>31-d\u00e9cembre-2007<\/td>\n<td data-align='center'>3<\/td>\n<td style='text-align:left'><\/td>\n<\/tr>\n<tr style='height: 24px;'>\n<td style='text-align:left'><a href='http:\/\/joubjoub.ddns.net\/blog\/?p=45105' data-type='post'>The City of Violence<\/a><\/td>\n<td data-align='center'>12-ao\u00fbt-2007<\/td>\n<td data-align='center'>3<\/td>\n<td style='text-align:left'><\/td>\n<\/tr>\n<tr style='height: 24px;'>\n<td style='text-align:left'><a href='http:\/\/joubjoub.ddns.net\/blog\/?p=45151' data-type='post'>The Descent<\/a><\/td>\n<td data-align='center'>31-d\u00e9cembre-2007<\/td>\n<td data-align='center'>\u2764<\/td>\n<td style='text-align:left'><\/td>\n<\/tr>\n<tr style='height: 24px;'>\n<td style='text-align:left'><a href='http:\/\/joubjoub.ddns.net\/blog\/?p=45201' data-type='post'>The Holiday<\/a><\/td>\n<td data-align='center'>31-d\u00e9cembre-2007<\/td>\n<td data-align='center'>3<\/td>\n<td style='text-align:left'><\/td>\n<\/tr>\n<tr style='height: 24px;'>\n<td style='text-align:left'><a href='http:\/\/joubjoub.ddns.net\/blog\/?p=45153' data-type='post'>The Host<\/a><\/td>\n<td data-align='center'>31-d\u00e9cembre-2007<\/td>\n<td data-align='center'>3<\/td>\n<td style='text-align:left'>1001 films<\/td>\n<\/tr>\n<tr style='height: 24px;'>\n<td style='text-align:left'><a href='http:\/\/joubjoub.ddns.net\/blog\/?p=45173' data-type='post'>The Island<\/a><\/td>\n<td data-align='center'>31-d\u00e9cembre-2007<\/td>\n<td data-align='center'>3<\/td>\n<td style='text-align:left'><\/td>\n<\/tr>\n<tr style='height: 24px;'>\n<td style='text-align:left'><a href='http:\/\/joubjoub.ddns.net\/blog\/?p=45183' data-type='post'>The Killer<\/a><\/td>\n<td data-align='center'>31-d\u00e9cembre-2007<\/td>\n<td data-align='center'>4<\/td>\n<td style='text-align:left'>1001 films<\/td>\n<\/tr>\n<tr style='height: 24px;'>\n<td style='text-align:left'><a href='http:\/\/joubjoub.ddns.net\/blog\/?p=45203' data-type='post'>The Point Men<\/a><\/td>\n<td data-align='center'>31-d\u00e9cembre-2007<\/td>\n<td data-align='center'>3<\/td>\n<td style='text-align:left'><\/td>\n<\/tr>\n<tr style='height: 24px;'>\n<td style='text-align:left'><a href='http:\/\/joubjoub.ddns.net\/blog\/?p=45157' data-type='post'>Transformers<\/a><\/td>\n<td data-align='center'>31-d\u00e9cembre-2007<\/td>\n<td data-align='center'>3<\/td>\n<td style='text-align:left'><\/td>\n<\/tr>\n<tr style='height: 24px;'>\n<td style='text-align:left'><a href='http:\/\/joubjoub.ddns.net\/blog\/?p=45195' data-type='post'>Tristan &#038; Yseult<\/a><\/td>\n<td data-align='center'>31-d\u00e9cembre-2007<\/td>\n<td data-align='center'>3<\/td>\n<td style='text-align:left'>Adaptation<\/td>\n<\/tr>\n<tr style='height: 24px;'>\n<td style='text-align:left'><a href='http:\/\/joubjoub.ddns.net\/blog\/?p=45099' data-type='post'>Un seul bras les tua tous<\/a><\/td>\n<td data-align='center'>11-ao\u00fbt-2007<\/td>\n<td data-align='center'>3<\/td>\n<td style='text-align:left'><\/td>\n<\/tr>\n<tr style='height: 24px;'>\n<td style='text-align:left'><a href='http:\/\/joubjoub.ddns.net\/blog\/?p=45159' data-type='post'>Une grande ann\u00e9e<\/a><\/td>\n<td data-align='center'>31-d\u00e9cembre-2007<\/td>\n<td data-align='center'>3<\/td>\n<td style='text-align:left'>Adaptation<\/td>\n<\/tr>\n<\/tbody>\n<tfoot>\n<tr style=\"height: 24px;\">\n<td class=\"has-text-align-left\" style=\"height: 24px; font-size: 18px;\" data-align=\"left\"><span class=\"has-inline-color has-vivid-cyan-blue-color\"><strong>TOTAL : 69 films vus en 2007<\/strong><\/span><\/td>\n<td class=\"has-text-align-center\" style=\"height: 24px;\" data-align=\"center\">\u00a0<\/td>\n<td class=\"has-text-align-center\" style=\"height: 24px;\" data-align=\"center\">\u00a0<\/td>\n<td class=\"has-text-align-center\" style=\"height: 24px;\" data-align=\"center\">\u00a0<\/td>\n<\/tr>\n<\/tfoot>\n<\/table>\n<p><\/center><\/p>\n","protected":false},"excerpt":{"rendered":"<p>Titre Date Note Commentaires 300 31-d\u00e9cembre-2007 4 Adaptation \u00c0 la recherche du bonheur 4-mars-2007 3 American Haunting 9-mai-2007 3 American Psycho 2 31-d\u00e9cembre-2007 3 Angel 16-d\u00e9cembre-2007 3 Adaptation Anthony Zimmer 28-d\u00e9cembre-2007 3 Apocalypto 11-ao\u00fbt-2007 4 1001 films Appleseed 11-ao\u00fbt-2007 3 Bandidas 31-d\u00e9cembre-2007 3 Bons baisers de P\u00e9kin 31-ao\u00fbt-2007 3 Coast Guards 11-ao\u00fbt-2007 3 Creep 31-d\u00e9cembre-2007 3 D\u00e9j\u00e0 vu 31-d\u00e9cembre-2007 3&#46;&#46;&#46;<\/p>\n","protected":false},"author":1,"featured_media":0,"parent":0,"menu_order":0,"comment_status":"closed","ping_status":"closed","template":"","meta":{"footnotes":""},"class_list":["post-45219","page","type-page","status-publish","hentry"],"_links":{"self":[{"href":"https:\/\/joubjoub.ddns.net\/blog\/index.php?rest_route=\/wp\/v2\/pages\/45219","targetHints":{"allow":["GET"]}}],"collection":[{"href":"https:\/\/joubjoub.ddns.net\/blog\/index.php?rest_route=\/wp\/v2\/pages"}],"about":[{"href":"https:\/\/joubjoub.ddns.net\/blog\/index.php?rest_route=\/wp\/v2\/types\/page"}],"author":[{"embeddable":true,"href":"https:\/\/joubjoub.ddns.net\/blog\/index.php?rest_route=\/wp\/v2\/users\/1"}],"replies":[{"embeddable":true,"href":"https:\/\/joubjoub.ddns.net\/blog\/index.php?rest_route=%2Fwp%2Fv2%2Fcomments&post=45219"}],"version-history":[{"count":9,"href":"https:\/\/joubjoub.ddns.net\/blog\/index.php?rest_route=\/wp\/v2\/pages\/45219\/revisions"}],"predecessor-version":[{"id":45248,"href":"https:\/\/joubjoub.ddns.net\/blog\/index.php?rest_route=\/wp\/v2\/pages\/45219\/revisions\/45248"}],"wp:attachment":[{"href":"https:\/\/joubjoub.ddns.net\/blog\/index.php?rest_route=%2Fwp%2Fv2%2Fmedia&parent=45219"}],"curies":[{"name":"wp","href":"https:\/\/api.w.org\/{rel}","templated":true}]}}