{"id":45251,"date":"2025-06-14T11:17:49","date_gmt":"2025-06-14T09:17:49","guid":{"rendered":"http:\/\/joubjoub.ddns.net\/blog\/?page_id=45251"},"modified":"2025-06-14T11:18:02","modified_gmt":"2025-06-14T09:18:02","slug":"mes-films-coups-de-coeur","status":"publish","type":"page","link":"https:\/\/joubjoub.ddns.net\/blog\/?page_id=45251","title":{"rendered":"Mes films \u2764"},"content":{"rendered":"\n<!-- begin list -->\n<div id=\"mcTagMap\" class=\" toggleNo  no\">\n<div class=\"holdinner\">\n\n<div class='holdleft' style=\"width: 340px;\">\n\n\n<div class=\"tagindex\">\n<h4 id=\"mctm1-A\">A<\/h4>\n<ul class=\"links\">\n<li><a title=\"Alien\u00a0: Covenant\" href=\"https:\/\/joubjoub.ddns.net\/blog\/?p=47169\">Alien\u00a0: Covenant <\/a><\/li>\n<\/ul>\n<\/div>\n\n\n<div class=\"tagindex\">\n<h4 id=\"mctm1-B\">B<\/h4>\n<ul class=\"links\">\n<li><a title=\"Barbaque\" href=\"https:\/\/joubjoub.ddns.net\/blog\/?p=47800\">Barbaque <\/a><\/li>\n<li><a title=\"Birdy\" href=\"https:\/\/joubjoub.ddns.net\/blog\/?p=47215\">Birdy <\/a><\/li>\n<li><a title=\"Black Swan\" href=\"https:\/\/joubjoub.ddns.net\/blog\/?p=46209\">Black Swan <\/a><\/li>\n<li><a title=\"Blade Runner 2049\" href=\"https:\/\/joubjoub.ddns.net\/blog\/?p=47225\">Blade Runner 2049 <\/a><\/li>\n<\/ul>\n<\/div>\n\n\n<div class=\"tagindex\">\n<h4 id=\"mctm1-C\">C<\/h4>\n<ul class=\"links\">\n<li><a title=\"Casablanca\" href=\"https:\/\/joubjoub.ddns.net\/blog\/?p=47656\">Casablanca <\/a><\/li>\n<li><a title=\"Christine\" href=\"https:\/\/joubjoub.ddns.net\/blog\/?p=47977\">Christine <\/a><\/li>\n<li><a title=\"Collision\" href=\"https:\/\/joubjoub.ddns.net\/blog\/?p=45861\">Collision <\/a><\/li>\n<li><a title=\"Contagion\" href=\"https:\/\/joubjoub.ddns.net\/blog\/?p=46299\">Contagion <\/a><\/li>\n<li><a title=\"Crying Freeman\" href=\"https:\/\/joubjoub.ddns.net\/blog\/?p=44781\">Crying Freeman <\/a><\/li>\n<\/ul>\n<\/div>\n\n\n<div class=\"tagindex\">\n<h4 id=\"mctm1-D\">D<\/h4>\n<ul class=\"links\">\n<li><a title=\"Deadpool & Wolverine\" href=\"https:\/\/joubjoub.ddns.net\/blog\/?p=48045\">Deadpool & Wolverine <\/a><\/li>\n<li><a title=\"Dernier train pour Busan\" href=\"https:\/\/joubjoub.ddns.net\/blog\/?p=47039\">Dernier train pour Busan <\/a><\/li>\n<li><a title=\"De rouille et d\u2019os\" href=\"https:\/\/joubjoub.ddns.net\/blog\/?p=46432\">De rouille et d\u2019os <\/a><\/li>\n<li><a title=\"Drive\" href=\"https:\/\/joubjoub.ddns.net\/blog\/?p=46301\">Drive <\/a><\/li>\n<li><a title=\"Dune (1984)\" href=\"https:\/\/joubjoub.ddns.net\/blog\/?p=47762\">Dune (1984) <\/a><\/li>\n<li><a title=\"Dune (2021)\" href=\"https:\/\/joubjoub.ddns.net\/blog\/?p=47664\">Dune (2021) <\/a><\/li>\n<\/ul>\n<\/div>\n\n\n<div class=\"tagindex\">\n<h4 id=\"mctm1-E\">E<\/h4>\n<ul class=\"links\">\n<li><a title=\"Edge of Tomorrow\" href=\"https:\/\/joubjoub.ddns.net\/blog\/?p=46709\">Edge of Tomorrow <\/a><\/li>\n<\/ul>\n<\/div>\n\n\n<div class=\"tagindex\">\n<h4 id=\"mctm1-F\">F<\/h4>\n<ul class=\"links\">\n<li><a title=\"Forrest Gump\" href=\"https:\/\/joubjoub.ddns.net\/blog\/?p=47628\">Forrest Gump <\/a><\/li>\n<\/ul>\n<\/div>\n\n\n<div class=\"tagindex\">\n<h4 id=\"mctm1-G\">G<\/h4>\n<ul class=\"links\">\n<li><a title=\"Gran Torino\" href=\"https:\/\/joubjoub.ddns.net\/blog\/?p=45745\">Gran Torino <\/a><\/li>\n<\/ul>\n<\/div>\n\n\n<div class=\"tagindex\">\n<h4 id=\"mctm1-I\">I<\/h4>\n<ul class=\"links\">\n<li><a title=\"Inception\" href=\"https:\/\/joubjoub.ddns.net\/blog\/?p=46092\">Inception <\/a><\/li>\n<li><a title=\"Infernal Affairs\" href=\"https:\/\/joubjoub.ddns.net\/blog\/?p=45133\">Infernal Affairs <\/a><\/li>\n<li><a title=\"Interstellar\" href=\"https:\/\/joubjoub.ddns.net\/blog\/?p=46769\">Interstellar <\/a><\/li>\n<\/ul>\n<\/div>\n\n\n<div class=\"tagindex\">\n<h4 id=\"mctm1-J\">J<\/h4>\n<ul class=\"links\">\n<li><a title=\"James Bond 007 contre Dr. No\" href=\"https:\/\/joubjoub.ddns.net\/blog\/?p=45113\">James Bond 007 contre Dr. No <\/a><\/li>\n<li><a title=\"Jeu dangereux\" href=\"https:\/\/joubjoub.ddns.net\/blog\/?p=47646\">Jeu dangereux <\/a><\/li>\n<li><a title=\"Joker\" href=\"https:\/\/joubjoub.ddns.net\/blog\/?p=47438\">Joker <\/a><\/li>\n<\/ul>\n<\/div>\n\n\n<div class=\"tagindex\">\n<h4 id=\"mctm1-L\">L<\/h4>\n<ul class=\"links\">\n<li><a title=\"La cabane dans les bois\" href=\"https:\/\/joubjoub.ddns.net\/blog\/?p=46540\">La cabane dans les bois <\/a><\/li>\n<li><a title=\"La M\u00f4me\" href=\"https:\/\/joubjoub.ddns.net\/blog\/?p=46514\">La M\u00f4me <\/a><\/li>\n<li><a title=\"La Passion du Christ\" href=\"https:\/\/joubjoub.ddns.net\/blog\/?p=46959\">La Passion du Christ <\/a><\/li>\n<li><a title=\"L\u2019arnaque\" href=\"https:\/\/joubjoub.ddns.net\/blog\/?p=45934\">L\u2019arnaque <\/a><\/li>\n<li><a title=\"La vie des autres\" href=\"https:\/\/joubjoub.ddns.net\/blog\/?p=46621\">La vie des autres <\/a><\/li>\n<li><a title=\"Le cinqui\u00e8me \u00e9l\u00e9ment\" href=\"https:\/\/joubjoub.ddns.net\/blog\/?p=46677\">Le cinqui\u00e8me \u00e9l\u00e9ment <\/a><\/li>\n<li><a title=\"Le dernier roi d\u2019\u00c9cosse\" href=\"https:\/\/joubjoub.ddns.net\/blog\/?p=45418\">Le dernier roi d\u2019\u00c9cosse <\/a><\/li>\n<li><a title=\"Le discours d\u2019un roi\" href=\"https:\/\/joubjoub.ddns.net\/blog\/?p=46311\">Le discours d\u2019un roi <\/a><\/li>\n<li><a title=\"Le fils de Saul\" href=\"https:\/\/joubjoub.ddns.net\/blog\/?p=47165\">Le fils de Saul <\/a><\/li>\n<li><a title=\"Le Havre\" href=\"https:\/\/joubjoub.ddns.net\/blog\/?p=46402\">Le Havre <\/a><\/li>\n<li><a title=\"Le jeu\" href=\"https:\/\/joubjoub.ddns.net\/blog\/?p=47548\">Le jeu <\/a><\/li>\n<li><a title=\"Le labyrinthe de Pan\" href=\"https:\/\/joubjoub.ddns.net\/blog\/?p=46167\">Le labyrinthe de Pan <\/a><\/li>\n<li><a title=\"Le m\u00e9pris\" href=\"https:\/\/joubjoub.ddns.net\/blog\/?p=48047\">Le m\u00e9pris <\/a><\/li>\n<li><a title=\"Le pianiste\" href=\"https:\/\/joubjoub.ddns.net\/blog\/?p=46993\">Le pianiste <\/a><\/li>\n<li><a title=\"Le prestige\" href=\"https:\/\/joubjoub.ddns.net\/blog\/?p=45165\">Le prestige <\/a><\/li>\n<li><a title=\"Les Diaboliques\" href=\"https:\/\/joubjoub.ddns.net\/blog\/?p=46072\">Les Diaboliques <\/a><\/li>\n<li><a title=\"Les figures de l\u2019ombre\" href=\"https:\/\/joubjoub.ddns.net\/blog\/?p=47570\">Les figures de l\u2019ombre <\/a><\/li>\n<li><a title=\"Les Mis\u00e9rables\" href=\"https:\/\/joubjoub.ddns.net\/blog\/?p=46741\">Les Mis\u00e9rables <\/a><\/li>\n<li><a title=\"Les Neuf Reines\" href=\"https:\/\/joubjoub.ddns.net\/blog\/?p=47720\">Les Neuf Reines <\/a><\/li>\n<li><a title=\"Les sentiers de la gloire\" href=\"https:\/\/joubjoub.ddns.net\/blog\/?p=47167\">Les sentiers de la gloire <\/a><\/li>\n<li><a title=\"Le tombeau des lucioles\" href=\"https:\/\/joubjoub.ddns.net\/blog\/?p=47153\">Le tombeau des lucioles <\/a><\/li>\n<li><a title=\"L\u2019homme qui r\u00e9tr\u00e9cit\" href=\"https:\/\/joubjoub.ddns.net\/blog\/?p=46544\">L\u2019homme qui r\u00e9tr\u00e9cit <\/a><\/li>\n<li><a title=\"Little Miss Sunshine\" href=\"https:\/\/joubjoub.ddns.net\/blog\/?p=46191\">Little Miss Sunshine <\/a><\/li>\n<li><a title=\"L\u2019odyss\u00e9e de Pi\" href=\"https:\/\/joubjoub.ddns.net\/blog\/?p=46641\">L\u2019odyss\u00e9e de Pi <\/a><\/li>\n<li><a title=\"Lost in Translation\" href=\"https:\/\/joubjoub.ddns.net\/blog\/?p=44928\">Lost in Translation <\/a><\/li>\n<li><a title=\"Lucy\" href=\"https:\/\/joubjoub.ddns.net\/blog\/?p=46729\">Lucy <\/a><\/li>\n<\/ul>\n<\/div>\n\n\n<div class=\"tagindex\">\n<h4 id=\"mctm1-M\">M<\/h4>\n<ul class=\"links\">\n<li><a title=\"Mourir peut attendre\" href=\"https:\/\/joubjoub.ddns.net\/blog\/?p=47678\">Mourir peut attendre <\/a><\/li>\n<li><a title=\"Mulan\" href=\"https:\/\/joubjoub.ddns.net\/blog\/?p=47560\">Mulan <\/a><\/li>\n<\/ul>\n<\/div>\n\n\n<div class=\"tagindex\">\n<h4 id=\"mctm1-N\">N<\/h4>\n<ul class=\"links\">\n<li><a title=\"Night Call\" href=\"https:\/\/joubjoub.ddns.net\/blog\/?p=46723\">Night Call <\/a><\/li>\n<li><a title=\"Nocturnal Animals\" href=\"https:\/\/joubjoub.ddns.net\/blog\/?p=47053\">Nocturnal Animals <\/a><\/li>\n<li><a title=\"Nostalgie de la lumi\u00e8re\" href=\"https:\/\/joubjoub.ddns.net\/blog\/?p=46755\">Nostalgie de la lumi\u00e8re <\/a><\/li>\n<\/ul>\n<\/div>\n\n\n<div class=\"tagindex\">\n<h4 id=\"mctm1-O\">O<\/h4>\n<ul class=\"links\">\n<li><a title=\"Old Boy\" href=\"https:\/\/joubjoub.ddns.net\/blog\/?p=45791\">Old Boy <\/a><\/li>\n<\/ul>\n<\/div>\n\n<\/div>\n<div class='holdleft noMargin' style=\"width: 340px;\">\n\n\n<div class=\"tagindex\">\n<h4 id=\"mctm1-P\">P<\/h4>\n<ul class=\"links\">\n<li><a title=\"Plan\u00e8te animale\" href=\"https:\/\/joubjoub.ddns.net\/blog\/?p=48121\">Plan\u00e8te animale <\/a><\/li>\n<li><a title=\"Platoon\" href=\"https:\/\/joubjoub.ddns.net\/blog\/?p=46955\">Platoon <\/a><\/li>\n<\/ul>\n<\/div>\n\n\n<div class=\"tagindex\">\n<h4 id=\"mctm1-R\">R<\/h4>\n<ul class=\"links\">\n<li><a title=\"Ratatouille\" href=\"https:\/\/joubjoub.ddns.net\/blog\/?p=45109\">Ratatouille <\/a><\/li>\n<\/ul>\n<\/div>\n\n\n<div class=\"tagindex\">\n<h4 id=\"mctm1-S\">S<\/h4>\n<ul class=\"links\">\n<li><a title=\"Saw\" href=\"https:\/\/joubjoub.ddns.net\/blog\/?p=44755\">Saw <\/a><\/li>\n<li><a title=\"Shutter Island\" href=\"https:\/\/joubjoub.ddns.net\/blog\/?p=46020\">Shutter Island <\/a><\/li>\n<li><a title=\"Silence\" href=\"https:\/\/joubjoub.ddns.net\/blog\/?p=47089\">Silence <\/a><\/li>\n<\/ul>\n<\/div>\n\n\n<div class=\"tagindex\">\n<h4 id=\"mctm1-T\">T<\/h4>\n<ul class=\"links\">\n<li><a title=\"Taxi\" href=\"https:\/\/joubjoub.ddns.net\/blog\/?p=48061\">Taxi <\/a><\/li>\n<li><a title=\"Taxi Driver\" href=\"https:\/\/joubjoub.ddns.net\/blog\/?p=46038\">Taxi Driver <\/a><\/li>\n<li><a title=\"The Artist\" href=\"https:\/\/joubjoub.ddns.net\/blog\/?p=46434\">The Artist <\/a><\/li>\n<li><a title=\"The Descent\" href=\"https:\/\/joubjoub.ddns.net\/blog\/?p=45151\">The Descent <\/a><\/li>\n<li><a title=\"The Father\" href=\"https:\/\/joubjoub.ddns.net\/blog\/?p=47698\">The Father <\/a><\/li>\n<li><a title=\"The Jane Doe Identity\" href=\"https:\/\/joubjoub.ddns.net\/blog\/?p=47592\">The Jane Doe Identity <\/a><\/li>\n<li><a title=\"The Pool\" href=\"https:\/\/joubjoub.ddns.net\/blog\/?p=47590\">The Pool <\/a><\/li>\n<li><a title=\"The Tree of Life : L\u2019arbre de vie\" href=\"https:\/\/joubjoub.ddns.net\/blog\/?p=46506\">The Tree of Life : L\u2019arbre de vie <\/a><\/li>\n<li><a title=\"Tir\u00e9 \u00e0 part\" href=\"https:\/\/joubjoub.ddns.net\/blog\/?p=48081\">Tir\u00e9 \u00e0 part <\/a><\/li>\n<li><a title=\"Tu ne tueras point\" href=\"https:\/\/joubjoub.ddns.net\/blog\/?p=47093\">Tu ne tueras point <\/a><\/li>\n<\/ul>\n<\/div>\n\n\n<div class=\"tagindex\">\n<h4 id=\"mctm1-U\">U<\/h4>\n<ul class=\"links\">\n<li><a title=\"Une merveilleuse histoire du temps\" href=\"https:\/\/joubjoub.ddns.net\/blog\/?p=46965\">Une merveilleuse histoire du temps <\/a><\/li>\n<li><a title=\"Un jour sans fin\" href=\"https:\/\/joubjoub.ddns.net\/blog\/?p=47231\">Un jour sans fin <\/a><\/li>\n<\/ul>\n<\/div>\n\n\n<div class=\"tagindex\">\n<h4 id=\"mctm1-V\">V<\/h4>\n<ul class=\"links\">\n<li><a title=\"Val\u00e9rian et la cit\u00e9 des mille plan\u00e8tes\" href=\"https:\/\/joubjoub.ddns.net\/blog\/?p=47193\">Val\u00e9rian et la cit\u00e9 des mille plan\u00e8tes <\/a><\/li>\n<li><a title=\"Va, vis et deviens\" href=\"https:\/\/joubjoub.ddns.net\/blog\/?p=46287\">Va, vis et deviens <\/a><\/li>\n<li><a title=\"Vice-versa\" href=\"https:\/\/joubjoub.ddns.net\/blog\/?p=46799\">Vice-versa <\/a><\/li>\n<li><a title=\"Virtual Revolution\" href=\"https:\/\/joubjoub.ddns.net\/blog\/?p=47395\">Virtual Revolution <\/a><\/li>\n<\/ul>\n<\/div>\n\n\n<div class=\"tagindex\">\n<h4 id=\"mctm1-W\">W<\/h4>\n<ul class=\"links\">\n<li><a title=\"WALL\u00b7E\" href=\"https:\/\/joubjoub.ddns.net\/blog\/?p=46389\">WALL\u00b7E <\/a><\/li>\n<li><a title=\"Whiplash\" href=\"https:\/\/joubjoub.ddns.net\/blog\/?p=46851\">Whiplash <\/a><\/li>\n<\/ul>\n<\/div>\n\n\n<div class=\"tagindex\">\n<h4 id=\"mctm1-Z\">Z<\/h4>\n<ul class=\"links\">\n<li><a title=\"Zombeavers\" href=\"https:\/\/joubjoub.ddns.net\/blog\/?p=47752\">Zombeavers <\/a><\/li>\n<\/ul>\n<\/div>\n\n\n<div class=\"tagindex\">\n<h4 id=\"mctm1-[\">[<\/h4>\n<ul class=\"links\">\n<li><a title=\"[2] Home\" href=\"https:\/\/joubjoub.ddns.net\/blog\/?p=47015\">[2] Home <\/a><\/li>\n<li><a title=\"[2] Le cinqui\u00e8me \u00e9l\u00e9ment\" href=\"https:\/\/joubjoub.ddns.net\/blog\/?p=47903\">[2] Le cinqui\u00e8me \u00e9l\u00e9ment <\/a><\/li>\n<li><a title=\"[2] Le prestige\" href=\"https:\/\/joubjoub.ddns.net\/blog\/?p=47554\">[2] Le prestige <\/a><\/li>\n<li><a title=\"[2] Un jour sans fin\" href=\"https:\/\/joubjoub.ddns.net\/blog\/?p=47766\">[2] Un jour sans fin <\/a><\/li>\n<\/ul>\n<\/div>\n\n\n<div class=\"tagindex\">\n<h4 id=\"mctm1-\u00c0\">\u00c0<\/h4>\n<ul class=\"links\">\n<li><a title=\"\u00c0 l\u2019aveugle\" href=\"https:\/\/joubjoub.ddns.net\/blog\/?p=46385\">\u00c0 l\u2019aveugle <\/a><\/li>\n<\/ul>\n<\/div>\n\n\n<div class=\"tagindex\">\n<h4 id=\"mctm1-1\">1<\/h4>\n<ul class=\"links\">\n<li><a title=\"12 hommes en col\u00e8re\" href=\"https:\/\/joubjoub.ddns.net\/blog\/?p=47349\">12 hommes en col\u00e8re <\/a><\/li>\n<\/ul>\n<\/div>\n\n\n<div class=\"tagindex\">\n<h4 id=\"mctm1-3\">3<\/h4>\n<ul class=\"links\">\n<li><a title=\"38 t\u00e9moins\" href=\"https:\/\/joubjoub.ddns.net\/blog\/?p=46367\">38 t\u00e9moins <\/a><\/li>\n<\/ul>\n<\/div>\n\n\n<div class=\"tagindex\">\n<h4 id=\"mctm1-4\">4<\/h4>\n<ul class=\"links\">\n<li><a title=\"47 Ronin\" href=\"https:\/\/joubjoub.ddns.net\/blog\/?p=46645\">47 Ronin <\/a><\/li>\n<\/ul>\n<\/div>\n\n<\/div>\n<\/div> <!-- end hold inner -->\n<div style='clear: both;'><\/div>\n<\/div><!-- end list -->\n","protected":false},"excerpt":{"rendered":"","protected":false},"author":1,"featured_media":0,"parent":0,"menu_order":0,"comment_status":"closed","ping_status":"closed","template":"","meta":{"footnotes":""},"class_list":["post-45251","page","type-page","status-publish","hentry"],"_links":{"self":[{"href":"https:\/\/joubjoub.ddns.net\/blog\/index.php?rest_route=\/wp\/v2\/pages\/45251","targetHints":{"allow":["GET"]}}],"collection":[{"href":"https:\/\/joubjoub.ddns.net\/blog\/index.php?rest_route=\/wp\/v2\/pages"}],"about":[{"href":"https:\/\/joubjoub.ddns.net\/blog\/index.php?rest_route=\/wp\/v2\/types\/page"}],"author":[{"embeddable":true,"href":"https:\/\/joubjoub.ddns.net\/blog\/index.php?rest_route=\/wp\/v2\/users\/1"}],"replies":[{"embeddable":true,"href":"https:\/\/joubjoub.ddns.net\/blog\/index.php?rest_route=%2Fwp%2Fv2%2Fcomments&post=45251"}],"version-history":[{"count":2,"href":"https:\/\/joubjoub.ddns.net\/blog\/index.php?rest_route=\/wp\/v2\/pages\/45251\/revisions"}],"predecessor-version":[{"id":45253,"href":"https:\/\/joubjoub.ddns.net\/blog\/index.php?rest_route=\/wp\/v2\/pages\/45251\/revisions\/45253"}],"wp:attachment":[{"href":"https:\/\/joubjoub.ddns.net\/blog\/index.php?rest_route=%2Fwp%2Fv2%2Fmedia&parent=45251"}],"curies":[{"name":"wp","href":"https:\/\/api.w.org\/{rel}","templated":true}]}}