{"id":45395,"date":"2025-06-14T13:42:40","date_gmt":"2025-06-14T11:42:40","guid":{"rendered":"http:\/\/joubjoub.ddns.net\/blog\/?page_id=45395"},"modified":"2025-06-14T13:44:02","modified_gmt":"2025-06-14T11:44:02","slug":"livres-lus-en-2007","status":"publish","type":"page","link":"https:\/\/joubjoub.ddns.net\/blog\/?page_id=45395","title":{"rendered":"Livres lus en 2007"},"content":{"rendered":"<p><center><\/p>\n<table style=\"width: 90%;\">\n<thead>\n<tr style='height: 24px; font-size: 18px;'>\n<th style='text-align:left'>Titre<\/th>\n<th style='text-align:left'>Auteur<\/th>\n<th data-align='center'>Date<\/th>\n<th data-align='center'>Note<\/th>\n<th data-align='center'> <\/th>\n<\/tr>\n<\/thead>\n<tbody>\n<tr style='height: 24px;'>\n<td style='text-align:left'><a href='https:\/\/joubjoub.ddns.net\/blog\/?p=45344' data-type='post'>Ars\u00e8ne Lupin, gentleman cambrioleur<\/a><\/td>\n<td style='text-align:left'>LEBLANC Maurice<\/td>\n<td data-align='center'>3-ao\u00fbt-2007<\/td>\n<td data-align='center'>\u00a04<\/td>\n<td data-align='center'><\/td>\n<\/tr>\n<tr style='height: 24px;'>\n<td style='text-align:left'><a href='https:\/\/joubjoub.ddns.net\/blog\/?p=45290' data-type='post'>Au bonheur des ogres<\/a><\/td>\n<td style='text-align:left'>PENNAC Daniel<\/td>\n<td data-align='center'>15-mars-2007<\/td>\n<td data-align='center'>\u00a03,5<\/td>\n<td data-align='center'><\/td>\n<\/tr>\n<tr style='height: 24px;'>\n<td style='text-align:left'><a href='https:\/\/joubjoub.ddns.net\/blog\/?p=45330' data-type='post'>Avril bris\u00e9<\/a><\/td>\n<td style='text-align:left'>KADAR\u00c9 Isma\u00efl<\/td>\n<td data-align='center'>4-juillet-2007<\/td>\n<td data-align='center'>\u00a04<\/td>\n<td data-align='center'><\/td>\n<\/tr>\n<tr style='height: 24px;'>\n<td style='text-align:left'><a href='https:\/\/joubjoub.ddns.net\/blog\/?p=45268' data-type='post'>Bille en t\u00eate<\/a><\/td>\n<td style='text-align:left'>JARDIN Alexandre<\/td>\n<td data-align='center'>22-janvier-2007<\/td>\n<td data-align='center'>\u00a04<\/td>\n<td data-align='center'><\/td>\n<\/tr>\n<tr style='height: 24px;'>\n<td style='text-align:left'><a href='https:\/\/joubjoub.ddns.net\/blog\/?p=45382' data-type='post'>Carbone modifi\u00e9<\/a><\/td>\n<td style='text-align:left'>MORGAN Richard<\/td>\n<td data-align='center'>8-novembre-2007<\/td>\n<td data-align='center'>\u00a05<\/td>\n<td data-align='center'><\/td>\n<\/tr>\n<tr style='height: 24px;'>\n<td style='text-align:left'><a href='https:\/\/joubjoub.ddns.net\/blog\/?p=45392' data-type='post'>Cent ans de solitude<\/a><\/td>\n<td style='text-align:left'>GARC\u00cdA M\u00c1RQUEZ Gabriel<\/td>\n<td data-align='center'>30-d\u00e9cembre-2007<\/td>\n<td data-align='center'>\u00a04<\/td>\n<td data-align='center'><\/td>\n<\/tr>\n<tr style='height: 24px;'>\n<td style='text-align:left'><a href='https:\/\/joubjoub.ddns.net\/blog\/?p=45328' data-type='post'>Cinq amoureuses<\/a><\/td>\n<td style='text-align:left'>IHARA Saikaku<\/td>\n<td data-align='center'>2-juillet-2007<\/td>\n<td data-align='center'>\u00a04<\/td>\n<td data-align='center'><\/td>\n<\/tr>\n<tr style='height: 24px;'>\n<td style='text-align:left'><a href='https:\/\/joubjoub.ddns.net\/blog\/?p=45364' data-type='post'>Contes<\/a><\/td>\n<td style='text-align:left'>PERRAULT Charles<\/td>\n<td data-align='center'>10-septembre-2007<\/td>\n<td data-align='center'>\u00a04<\/td>\n<td data-align='center'><\/td>\n<\/tr>\n<tr style='height: 24px;'>\n<td style='text-align:left'><a href='https:\/\/joubjoub.ddns.net\/blog\/?p=45300' data-type='post'>Contes d\u2019amour de folie et de mort<\/a><\/td>\n<td style='text-align:left'>QUIROGA Horacio<\/td>\n<td data-align='center'>18-avril-2007<\/td>\n<td data-align='center'>\u00a03<\/td>\n<td data-align='center'><\/td>\n<\/tr>\n<tr style='height: 24px;'>\n<td style='text-align:left'><a href='https:\/\/joubjoub.ddns.net\/blog\/?p=45282' data-type='post'>Cours, ma jolie<\/a><\/td>\n<td style='text-align:left'>UNGER Lisa<\/td>\n<td data-align='center'>24-f\u00e9vrier-2007<\/td>\n<td data-align='center'>\u00a04<\/td>\n<td data-align='center'><\/td>\n<\/tr>\n<tr style='height: 24px;'>\n<td style='text-align:left'><a href='https:\/\/joubjoub.ddns.net\/blog\/?p=45372' data-type='post'>De la part de la princesse morte<\/a><\/td>\n<td style='text-align:left'>MOURAD Keniz\u00e9<\/td>\n<td data-align='center'>4-octobre-2007<\/td>\n<td data-align='center'>\u00a04<\/td>\n<td data-align='center'><\/td>\n<\/tr>\n<tr style='height: 24px;'>\n<td style='text-align:left'><a href='https:\/\/joubjoub.ddns.net\/blog\/?p=45362' data-type='post'>Double assassinat dans la rue Morgue (suivi de Le myst\u00e8re de Marie Roget)<\/a><\/td>\n<td style='text-align:left'>POE Edgar Allan<\/td>\n<td data-align='center'>6-septembre-2007<\/td>\n<td data-align='center'>\u00a04<\/td>\n<td data-align='center'><\/td>\n<\/tr>\n<tr style='height: 24px;'>\n<td style='text-align:left'><a href='https:\/\/joubjoub.ddns.net\/blog\/?p=45278' data-type='post'>Emma<\/a><\/td>\n<td style='text-align:left'>AUSTEN Jane<\/td>\n<td data-align='center'>15-f\u00e9vrier-2007<\/td>\n<td data-align='center'>\u00a03<\/td>\n<td data-align='center'><\/td>\n<\/tr>\n<tr style='height: 24px;'>\n<td style='text-align:left'><a href='https:\/\/joubjoub.ddns.net\/blog\/?p=45262' data-type='post'>Fanfan<\/a><\/td>\n<td style='text-align:left'>JARDIN Alexandre<\/td>\n<td data-align='center'>7-janvier-2007<\/td>\n<td data-align='center'>\u00a04<\/td>\n<td data-align='center'><\/td>\n<\/tr>\n<tr style='height: 24px;'>\n<td style='text-align:left'><a href='https:\/\/joubjoub.ddns.net\/blog\/?p=45304' data-type='post'>Histoire d\u2019une Mouette et du Chat qui lui apprit \u00e0 voler<\/a><\/td>\n<td style='text-align:left'>SEP\u00daLVEDA Luis<\/td>\n<td data-align='center'>27-avril-2007<\/td>\n<td data-align='center'>\u00a03,5<\/td>\n<td data-align='center'><\/td>\n<\/tr>\n<tr style='height: 24px;'>\n<td style='text-align:left'><a href='https:\/\/joubjoub.ddns.net\/blog\/?p=45276' data-type='post'>Histoire du Juif errant<\/a><\/td>\n<td style='text-align:left'>ORMESSON Jean d\u2019<\/td>\n<td data-align='center'>7-f\u00e9vrier-2007<\/td>\n<td data-align='center'>\u00a05<\/td>\n<td data-align='center'><\/td>\n<\/tr>\n<tr style='height: 24px;'>\n<td style='text-align:left'><a href='https:\/\/joubjoub.ddns.net\/blog\/?p=45324' data-type='post'>Journal d\u2019un lecteur<\/a><\/td>\n<td style='text-align:left'>MANGUEL Alberto<\/td>\n<td data-align='center'>20-juin-2007<\/td>\n<td data-align='center'>\u00a02.5<\/td>\n<td data-align='center'><\/td>\n<\/tr>\n<tr style='height: 24px;'>\n<td style='text-align:left'><a href='https:\/\/joubjoub.ddns.net\/blog\/?p=45352' data-type='post'>L\u2019Abonn\u00e9 de la ligne U<\/a><\/td>\n<td style='text-align:left'>AVELINE Claude<\/td>\n<td data-align='center'>23-ao\u00fbt-2007<\/td>\n<td data-align='center'>\u00a04<\/td>\n<td data-align='center'><\/td>\n<\/tr>\n<tr style='height: 24px;'>\n<td style='text-align:left'><a href='https:\/\/joubjoub.ddns.net\/blog\/?p=45260' data-type='post'>L\u2019ali\u00e9niste<\/a><\/td>\n<td style='text-align:left'>CARR Caleb<\/td>\n<td data-align='center'>4-janvier-2007<\/td>\n<td data-align='center'>\u00a04<\/td>\n<td data-align='center'><\/td>\n<\/tr>\n<tr style='height: 24px;'>\n<td style='text-align:left'><a href='https:\/\/joubjoub.ddns.net\/blog\/?p=45374' data-type='post'>L\u2019enfant et la rivi\u00e8re<\/a><\/td>\n<td style='text-align:left'>BOSCO Henri<\/td>\n<td data-align='center'>10-octobre-2007<\/td>\n<td data-align='center'>\u00a03,5<\/td>\n<td data-align='center'><\/td>\n<\/tr>\n<tr style='height: 24px;'>\n<td style='text-align:left'><a href='https:\/\/joubjoub.ddns.net\/blog\/?p=45314' data-type='post'>L\u2019ignorance<\/a><\/td>\n<td style='text-align:left'>KUNDERA Milan<\/td>\n<td data-align='center'>1-juin-2007<\/td>\n<td data-align='center'>\u00a04<\/td>\n<td data-align='center'><\/td>\n<\/tr>\n<tr style='height: 24px;'>\n<td style='text-align:left'><a href='https:\/\/joubjoub.ddns.net\/blog\/?p=45354' data-type='post'>L\u2019\u00eele aux femmes<\/a><\/td>\n<td style='text-align:left'>HO Anh Thai<\/td>\n<td data-align='center'>27-ao\u00fbt-2007<\/td>\n<td data-align='center'>\u00a03<\/td>\n<td data-align='center'><\/td>\n<\/tr>\n<tr style='height: 24px;'>\n<td style='text-align:left'><a href='https:\/\/joubjoub.ddns.net\/blog\/?p=45280' data-type='post'>L\u2019\u00eele des morts<\/a><\/td>\n<td style='text-align:left'>ZELAZNY Roger<\/td>\n<td data-align='center'>22-f\u00e9vrier-2007<\/td>\n<td data-align='center'>\u00a04<\/td>\n<td data-align='center'><\/td>\n<\/tr>\n<tr style='height: 24px;'>\n<td style='text-align:left'><a href='https:\/\/joubjoub.ddns.net\/blog\/?p=45292' data-type='post'>L\u2019inconnu du Nord-Express<\/a><\/td>\n<td style='text-align:left'>HIGHSMITH Patricia<\/td>\n<td data-align='center'>25-mars-2007<\/td>\n<td data-align='center'>\u00a03,5<\/td>\n<td data-align='center'><\/td>\n<\/tr>\n<tr style='height: 24px;'>\n<td style='text-align:left'><a href='https:\/\/joubjoub.ddns.net\/blog\/?p=45378' data-type='post'>La bataille de Waterloo<\/a><\/td>\n<td style='text-align:left'>DAMAMME Jean-Claude<\/td>\n<td data-align='center'>17-octobre-2007<\/td>\n<td data-align='center'>\u00a04<\/td>\n<td data-align='center'><\/td>\n<\/tr>\n<tr style='height: 24px;'>\n<td style='text-align:left'><a href='https:\/\/joubjoub.ddns.net\/blog\/?p=45302' data-type='post'>La maison et le monde<\/a><\/td>\n<td style='text-align:left'>TAGORE Rabindranath<\/td>\n<td data-align='center'>26-avril-2007<\/td>\n<td data-align='center'>\u00a03<\/td>\n<td data-align='center'><\/td>\n<\/tr>\n<tr style='height: 24px;'>\n<td style='text-align:left'><a href='https:\/\/joubjoub.ddns.net\/blog\/?p=45360' data-type='post'>La Petite aux tournesols<\/a><\/td>\n<td style='text-align:left'>CH\u00c2TELET No\u00eblle<\/td>\n<td data-align='center'>4-septembre-2007<\/td>\n<td data-align='center'>\u00a04<\/td>\n<td data-align='center'><\/td>\n<\/tr>\n<tr style='height: 24px;'>\n<td style='text-align:left'><a href='https:\/\/joubjoub.ddns.net\/blog\/?p=45356' data-type='post'>La petite marchande de vermicelles<\/a><\/td>\n<td style='text-align:left'>NGUY\u00caN Quang Thi\u00eau<\/td>\n<td data-align='center'>28-ao\u00fbt-2007<\/td>\n<td data-align='center'>\u00a05<\/td>\n<td data-align='center'><\/td>\n<\/tr>\n<tr style='height: 24px;'>\n<td style='text-align:left'><a href='https:\/\/joubjoub.ddns.net\/blog\/?p=45310' data-type='post'>La Princesse de Cl\u00e8ves<\/a><\/td>\n<td style='text-align:left'>LAFAYETTE Madame de<\/td>\n<td data-align='center'>14-mai-2007<\/td>\n<td data-align='center'>\u00a03<\/td>\n<td data-align='center'><\/td>\n<\/tr>\n<tr style='height: 24px;'>\n<td style='text-align:left'><a href='https:\/\/joubjoub.ddns.net\/blog\/?p=45340' data-type='post'>La Steppe<\/a><\/td>\n<td style='text-align:left'>TCHEKHOV Anton<\/td>\n<td data-align='center'>18-juillet-2007<\/td>\n<td data-align='center'>\u00a03<\/td>\n<td data-align='center'><\/td>\n<\/tr>\n<tr style='height: 24px;'>\n<td style='text-align:left'><a href='https:\/\/joubjoub.ddns.net\/blog\/?p=45358' data-type='post'>La tour sombre<\/a><\/td>\n<td style='text-align:left'>KING Stephen<\/td>\n<td data-align='center'>3-septembre-2007<\/td>\n<td data-align='center'>\u00a05<\/td>\n<td data-align='center'><\/td>\n<\/tr>\n<tr style='height: 24px;'>\n<td style='text-align:left'><a href='https:\/\/joubjoub.ddns.net\/blog\/?p=45390' data-type='post'>La v\u00e9ritable histoire de Ah Q<\/a><\/td>\n<td style='text-align:left'>LU Xun<\/td>\n<td data-align='center'>16-d\u00e9cembre-2007<\/td>\n<td data-align='center'>\u00a04<\/td>\n<td data-align='center'><\/td>\n<\/tr>\n<tr style='height: 24px;'>\n<td style='text-align:left'><a href='https:\/\/joubjoub.ddns.net\/blog\/?p=45334' data-type='post'>Le Barbier de S\u00e9ville<\/a><\/td>\n<td style='text-align:left'>BEAUMARCHAIS Pierre-Augustin<\/td>\n<td data-align='center'>8-juillet-2007<\/td>\n<td data-align='center'>\u00a04<\/td>\n<td data-align='center'><\/td>\n<\/tr>\n<tr style='height: 24px;'>\n<td style='text-align:left'><a href='https:\/\/joubjoub.ddns.net\/blog\/?p=45386' data-type='post'>Le bruit et la fureur<\/a><\/td>\n<td style='text-align:left'>FAULKNER William<\/td>\n<td data-align='center'>23-novembre-2007<\/td>\n<td data-align='center'>\u00a03<\/td>\n<td data-align='center'><\/td>\n<\/tr>\n<tr style='height: 24px;'>\n<td style='text-align:left'><a href='https:\/\/joubjoub.ddns.net\/blog\/?p=45320' data-type='post'>Le chant de Susannah<\/a><\/td>\n<td style='text-align:left'>KING Stephen<\/td>\n<td data-align='center'>13-juin-2007<\/td>\n<td data-align='center'>\u00a04<\/td>\n<td data-align='center'><\/td>\n<\/tr>\n<tr style='height: 24px;'>\n<td style='text-align:left'><a href='https:\/\/joubjoub.ddns.net\/blog\/?p=45270' data-type='post'>Le dahlia noir<\/a><\/td>\n<td style='text-align:left'>ELLROY James<\/td>\n<td data-align='center'>25-janvier-2007<\/td>\n<td data-align='center'>\u00a03,5<\/td>\n<td data-align='center'><\/td>\n<\/tr>\n<tr style='height: 24px;'>\n<td style='text-align:left'><a href='https:\/\/joubjoub.ddns.net\/blog\/?p=45332' data-type='post'>Le jeu de l\u2019amour et du hasard<\/a><\/td>\n<td style='text-align:left'>MARIVAUX<\/td>\n<td data-align='center'>6-juillet-2007<\/td>\n<td data-align='center'>\u00a04<\/td>\n<td data-align='center'><\/td>\n<\/tr>\n<tr style='height: 24px;'>\n<td style='text-align:left'><a href='https:\/\/joubjoub.ddns.net\/blog\/?p=45316' data-type='post'>Le L\u00e9zard noir<\/a><\/td>\n<td style='text-align:left'>EDOGAWA Ranpo<\/td>\n<td data-align='center'>5-juin-2007<\/td>\n<td data-align='center'>\u00a03,5<\/td>\n<td data-align='center'><\/td>\n<\/tr>\n<tr style='height: 24px;'>\n<td style='text-align:left'><a href='https:\/\/joubjoub.ddns.net\/blog\/?p=45368' data-type='post'>Le mariage de Figaro<\/a><\/td>\n<td style='text-align:left'>BEAUMARCHAIS Pierre-Augustin<\/td>\n<td data-align='center'>18-septembre-2007<\/td>\n<td data-align='center'>\u00a05<\/td>\n<td data-align='center'><\/td>\n<\/tr>\n<tr style='height: 24px;'>\n<td style='text-align:left'><a href='https:\/\/joubjoub.ddns.net\/blog\/?p=45326' data-type='post'>Le monde inverti<\/a><\/td>\n<td style='text-align:left'>PRIEST Christopher<\/td>\n<td data-align='center'>26-juin-2007<\/td>\n<td data-align='center'>\u00a04<\/td>\n<td data-align='center'><\/td>\n<\/tr>\n<tr style='height: 24px;'>\n<td style='text-align:left'><a href='https:\/\/joubjoub.ddns.net\/blog\/?p=45286' data-type='post'>Le Parfum<\/a><\/td>\n<td style='text-align:left'>S\u00dcSKIND Patrick<\/td>\n<td data-align='center'>7-mars-2007<\/td>\n<td data-align='center'>\u00a05<\/td>\n<td data-align='center'><\/td>\n<\/tr>\n<tr style='height: 24px;'>\n<td style='text-align:left'><a href='https:\/\/joubjoub.ddns.net\/blog\/?p=45272' data-type='post'>Le Proph\u00e8te<\/a><\/td>\n<td style='text-align:left'>GIBRAN Khalil<\/td>\n<td data-align='center'>26-janvier-2007<\/td>\n<td data-align='center'>\u00a04<\/td>\n<td data-align='center'><\/td>\n<\/tr>\n<tr style='height: 24px;'>\n<td style='text-align:left'><a href='https:\/\/joubjoub.ddns.net\/blog\/?p=45312' data-type='post'>Le rivage oubli\u00e9<\/a><\/td>\n<td style='text-align:left'>ROBINSON Kim Stanley<\/td>\n<td data-align='center'>29-mai-2007<\/td>\n<td data-align='center'>\u00a02<\/td>\n<td data-align='center'><\/td>\n<\/tr>\n<tr style='height: 24px;'>\n<td style='text-align:left'><a href='https:\/\/joubjoub.ddns.net\/blog\/?p=45266' data-type='post'>Le Roi vert<\/a><\/td>\n<td style='text-align:left'>SULITZER Paul-Loup<\/td>\n<td data-align='center'>18-janvier-2007<\/td>\n<td data-align='center'>\u00a03,5<\/td>\n<td data-align='center'><\/td>\n<\/tr>\n<tr style='height: 24px;'>\n<td style='text-align:left'><a href='https:\/\/joubjoub.ddns.net\/blog\/?p=45338' data-type='post'>Le Silence de la mer<\/a><\/td>\n<td style='text-align:left'>VERCORS<\/td>\n<td data-align='center'>17-juillet-2007<\/td>\n<td data-align='center'>\u00a04<\/td>\n<td data-align='center'><\/td>\n<\/tr>\n<tr style='height: 24px;'>\n<td style='text-align:left'><a href='https:\/\/joubjoub.ddns.net\/blog\/?p=45376' data-type='post'>Le vieil homme et la mer<\/a><\/td>\n<td style='text-align:left'>HEMINGWAY Ernest<\/td>\n<td data-align='center'>17-octobre-2007<\/td>\n<td data-align='center'>\u00a05<\/td>\n<td data-align='center'><\/td>\n<\/tr>\n<tr style='height: 24px;'>\n<td style='text-align:left'><a href='https:\/\/joubjoub.ddns.net\/blog\/?p=45306' data-type='post'>Le vieux qui lisait des romans d\u2019amour<\/a><\/td>\n<td style='text-align:left'>SEP\u00daLVEDA Luis<\/td>\n<td data-align='center'>30-avril-2007<\/td>\n<td data-align='center'>\u00a04<\/td>\n<td data-align='center'><\/td>\n<\/tr>\n<tr style='height: 24px;'>\n<td style='text-align:left'><a href='https:\/\/joubjoub.ddns.net\/blog\/?p=45296' data-type='post'>Le Voyage d\u2019Anna Blume<\/a><\/td>\n<td style='text-align:left'>AUSTER Paul<\/td>\n<td data-align='center'>4-avril-2007<\/td>\n<td data-align='center'>\u00a04<\/td>\n<td data-align='center'><\/td>\n<\/tr>\n<tr style='height: 24px;'>\n<td style='text-align:left'><a href='https:\/\/joubjoub.ddns.net\/blog\/?p=45288' data-type='post'>Les amants \u00e9trangers<\/a><\/td>\n<td style='text-align:left'>FARMER Philip Jos\u00e9<\/td>\n<td data-align='center'>10-mars-2007<\/td>\n<td data-align='center'>\u00a05<\/td>\n<td data-align='center'><\/td>\n<\/tr>\n<tr style='height: 24px;'>\n<td style='text-align:left'><a href='https:\/\/joubjoub.ddns.net\/blog\/?p=45284' data-type='post'>Les Belles Endormies<\/a><\/td>\n<td style='text-align:left'>KAWABATA Yasunari<\/td>\n<td data-align='center'>28-f\u00e9vrier-2007<\/td>\n<td data-align='center'>\u00a04<\/td>\n<td data-align='center'><\/td>\n<\/tr>\n<tr style='height: 24px;'>\n<td style='text-align:left'><a href='https:\/\/joubjoub.ddns.net\/blog\/?p=45274' data-type='post'>Les belles images<\/a><\/td>\n<td style='text-align:left'>BEAUVOIR Simone de<\/td>\n<td data-align='center'>30-janvier-2007<\/td>\n<td data-align='center'>\u00a04<\/td>\n<td data-align='center'><\/td>\n<\/tr>\n<tr style='height: 24px;'>\n<td style='text-align:left'><a href='https:\/\/joubjoub.ddns.net\/blog\/?p=45318' data-type='post'>Les Cent-Jours ou l\u2019esprit de sacrifice<\/a><\/td>\n<td style='text-align:left'>VILLEPIN Dominique de<\/td>\n<td data-align='center'>12-juin-2007<\/td>\n<td data-align='center'>\u00a04<\/td>\n<td data-align='center'><\/td>\n<\/tr>\n<tr style='height: 24px;'>\n<td style='text-align:left'><a href='https:\/\/joubjoub.ddns.net\/blog\/?p=45264' data-type='post'>Les Chevaliers du subjonctif<\/a><\/td>\n<td style='text-align:left'>ORSENNA Erik<\/td>\n<td data-align='center'>9-janvier-2007<\/td>\n<td data-align='center'>\u00a03,5<\/td>\n<td data-align='center'><\/td>\n<\/tr>\n<tr style='height: 24px;'>\n<td style='text-align:left'><a href='https:\/\/joubjoub.ddns.net\/blog\/?p=45384' data-type='post'>Les diablogues et autres inventions \u00e0 deux voix<\/a><\/td>\n<td style='text-align:left'>DUBILLARD Roland<\/td>\n<td data-align='center'>16-novembre-2007<\/td>\n<td data-align='center'>\u00a03<\/td>\n<td data-align='center'><\/td>\n<\/tr>\n<tr style='height: 24px;'>\n<td style='text-align:left'><a href='https:\/\/joubjoub.ddns.net\/blog\/?p=45380' data-type='post'>Les raisins de la col\u00e8re<\/a><\/td>\n<td style='text-align:left'>STEINBECK John<\/td>\n<td data-align='center'>31-octobre-2007<\/td>\n<td data-align='center'>\u00a04<\/td>\n<td data-align='center'><\/td>\n<\/tr>\n<tr style='height: 24px;'>\n<td style='text-align:left'><a href='https:\/\/joubjoub.ddns.net\/blog\/?p=45342' data-type='post'>Lolita<\/a><\/td>\n<td style='text-align:left'>NABOKOV Vladimir<\/td>\n<td data-align='center'>1-ao\u00fbt-2007<\/td>\n<td data-align='center'>\u00a03,5<\/td>\n<td data-align='center'><\/td>\n<\/tr>\n<tr style='height: 24px;'>\n<td style='text-align:left'><a href='https:\/\/joubjoub.ddns.net\/blog\/?p=45298' data-type='post'>Luz ou le temps sauvage<\/a><\/td>\n<td style='text-align:left'>OSORIO Elsa<\/td>\n<td data-align='center'>12-avril-2007<\/td>\n<td data-align='center'>\u00a04<\/td>\n<td data-align='center'><\/td>\n<\/tr>\n<tr style='height: 24px;'>\n<td style='text-align:left'><a href='https:\/\/joubjoub.ddns.net\/blog\/?p=45308' data-type='post'>Manon Lescaut<\/a><\/td>\n<td style='text-align:left'>PR\u00c9VOST Abb\u00e9<\/td>\n<td data-align='center'>8-mai-2007<\/td>\n<td data-align='center'>\u00a03,5<\/td>\n<td data-align='center'><\/td>\n<\/tr>\n<tr style='height: 24px;'>\n<td style='text-align:left'><a href='https:\/\/joubjoub.ddns.net\/blog\/?p=45388' data-type='post'>Nedjma<\/a><\/td>\n<td style='text-align:left'>KATEB Yacine<\/td>\n<td data-align='center'>15-d\u00e9cembre-2007<\/td>\n<td data-align='center'>\u00a03<\/td>\n<td data-align='center'><\/td>\n<\/tr>\n<tr style='height: 24px;'>\n<td style='text-align:left'><a href='https:\/\/joubjoub.ddns.net\/blog\/?p=45322' data-type='post'>New York br\u00fble-t-il ?<\/a><\/td>\n<td style='text-align:left'>Auteurs : LAPIERRE Dominique, COLLINS Larry<\/td>\n<td data-align='center'>19-juin-2007<\/td>\n<td data-align='center'>\u00a04<\/td>\n<td data-align='center'><\/td>\n<\/tr>\n<tr style='height: 24px;'>\n<td style='text-align:left'><a href='https:\/\/joubjoub.ddns.net\/blog\/?p=45348' data-type='post'>On ne badine pas avec l\u2019amour<\/a><\/td>\n<td style='text-align:left'>MUSSET Alfred de<\/td>\n<td data-align='center'>9-ao\u00fbt-2007<\/td>\n<td data-align='center'>\u00a03,5<\/td>\n<td data-align='center'><\/td>\n<\/tr>\n<tr style='height: 24px;'>\n<td style='text-align:left'><a href='https:\/\/joubjoub.ddns.net\/blog\/?p=45294' data-type='post'>Quand la ville dort<\/a><\/td>\n<td style='text-align:left'>BURNETT William Riley<\/td>\n<td data-align='center'>29-mars-2007<\/td>\n<td data-align='center'>\u00a05<\/td>\n<td data-align='center'><\/td>\n<\/tr>\n<tr style='height: 24px;'>\n<td style='text-align:left'><a href='https:\/\/joubjoub.ddns.net\/blog\/?p=45336' data-type='post'>Ravage<\/a><\/td>\n<td style='text-align:left'>BARJAVEL Ren\u00e9<\/td>\n<td data-align='center'>14-juillet-2007<\/td>\n<td data-align='center'>\u00a04<\/td>\n<td data-align='center'><\/td>\n<\/tr>\n<tr style='height: 24px;'>\n<td style='text-align:left'><a href='https:\/\/joubjoub.ddns.net\/blog\/?p=45346' data-type='post'>Riz noir<\/a><\/td>\n<td style='text-align:left'>MO\u00cf Anna<\/td>\n<td data-align='center'>8-ao\u00fbt-2007<\/td>\n<td data-align='center'>\u00a03,5<\/td>\n<td data-align='center'><\/td>\n<\/tr>\n<tr style='height: 24px;'>\n<td style='text-align:left'><a href='https:\/\/joubjoub.ddns.net\/blog\/?p=45350' data-type='post'>Rue des soldats<\/a><\/td>\n<td style='text-align:left'>CHU Lai<\/td>\n<td data-align='center'>15-ao\u00fbt-2007<\/td>\n<td data-align='center'>\u00a04<\/td>\n<td data-align='center'><\/td>\n<\/tr>\n<tr style='height: 24px;'>\n<td style='text-align:left'><a href='https:\/\/joubjoub.ddns.net\/blog\/?p=45366' data-type='post'>Sous haute surveillance<\/a><\/td>\n<td style='text-align:left'>LITTLE Bentley<\/td>\n<td data-align='center'>13-septembre-2007<\/td>\n<td data-align='center'>\u00a04<\/td>\n<td data-align='center'><\/td>\n<\/tr>\n<tr style='height: 24px;'>\n<td style='text-align:left'><a href='https:\/\/joubjoub.ddns.net\/blog\/?p=45370' data-type='post'>Un cri d\u2019amour au centre du monde<\/a><\/td>\n<td style='text-align:left'>KATAYAMA Kyoichi<\/td>\n<td data-align='center'>20-septembre-2007<\/td>\n<td data-align='center'>\u00a05<\/td>\n<td data-align='center'><\/td>\n<\/tr>\n<\/tbody>\n<tfoot>\n<tr style=\"height: 24px;\">\n<td class=\"has-text-align-left\" style=\"height: 24px; font-size: 18px;\" data-align=\"left\"><span class=\"has-inline-color has-vivid-cyan-blue-color\"><strong>TOTAL : 67 livres lus en 2007<\/strong><\/span><\/td>\n<td class=\"has-text-align-center\" style=\"height: 24px;\" data-align=\"center\">\u00a0<\/td>\n<td class=\"has-text-align-center\" style=\"height: 24px;\" data-align=\"center\">\u00a0<\/td>\n<td class=\"has-text-align-center\" style=\"height: 24px;\" data-align=\"center\">\u00a0<\/td>\n<td class=\"has-text-align-center\" style=\"height: 24px;\" data-align=\"center\">\u00a0<\/td>\n<\/tr>\n<\/tfoot>\n<\/table>\n<p><\/center><\/p>\n","protected":false},"excerpt":{"rendered":"<p>Titre Auteur Date Note Ars\u00e8ne Lupin, gentleman cambrioleur LEBLANC Maurice 3-ao\u00fbt-2007 \u00a04 Au bonheur des ogres PENNAC Daniel 15-mars-2007 \u00a03,5 Avril bris\u00e9 KADAR\u00c9 Isma\u00efl 4-juillet-2007 \u00a04 Bille en t\u00eate JARDIN Alexandre 22-janvier-2007 \u00a04 Carbone modifi\u00e9 MORGAN Richard 8-novembre-2007 \u00a05 Cent ans de solitude GARC\u00cdA M\u00c1RQUEZ Gabriel 30-d\u00e9cembre-2007 \u00a04 Cinq amoureuses IHARA Saikaku 2-juillet-2007 \u00a04 Contes PERRAULT Charles 10-septembre-2007 \u00a04 Contes&#46;&#46;&#46;<\/p>\n","protected":false},"author":1,"featured_media":0,"parent":0,"menu_order":0,"comment_status":"closed","ping_status":"closed","template":"","meta":{"footnotes":""},"class_list":["post-45395","page","type-page","status-publish","hentry"],"_links":{"self":[{"href":"https:\/\/joubjoub.ddns.net\/blog\/index.php?rest_route=\/wp\/v2\/pages\/45395","targetHints":{"allow":["GET"]}}],"collection":[{"href":"https:\/\/joubjoub.ddns.net\/blog\/index.php?rest_route=\/wp\/v2\/pages"}],"about":[{"href":"https:\/\/joubjoub.ddns.net\/blog\/index.php?rest_route=\/wp\/v2\/types\/page"}],"author":[{"embeddable":true,"href":"https:\/\/joubjoub.ddns.net\/blog\/index.php?rest_route=\/wp\/v2\/users\/1"}],"replies":[{"embeddable":true,"href":"https:\/\/joubjoub.ddns.net\/blog\/index.php?rest_route=%2Fwp%2Fv2%2Fcomments&post=45395"}],"version-history":[{"count":2,"href":"https:\/\/joubjoub.ddns.net\/blog\/index.php?rest_route=\/wp\/v2\/pages\/45395\/revisions"}],"predecessor-version":[{"id":45397,"href":"https:\/\/joubjoub.ddns.net\/blog\/index.php?rest_route=\/wp\/v2\/pages\/45395\/revisions\/45397"}],"wp:attachment":[{"href":"https:\/\/joubjoub.ddns.net\/blog\/index.php?rest_route=%2Fwp%2Fv2%2Fmedia&parent=45395"}],"curies":[{"name":"wp","href":"https:\/\/api.w.org\/{rel}","templated":true}]}}