{"id":46114,"date":"2025-06-16T09:37:38","date_gmt":"2025-06-16T07:37:38","guid":{"rendered":"http:\/\/joubjoub.ddns.net\/blog\/?page_id=46114"},"modified":"2025-06-25T15:45:57","modified_gmt":"2025-06-25T13:45:57","slug":"films-vus-en-2010","status":"publish","type":"page","link":"https:\/\/joubjoub.ddns.net\/blog\/?page_id=46114","title":{"rendered":"Films vus en 2010"},"content":{"rendered":"<p><center><\/p>\n<table style=\"width: 90%;\">\n<thead>\n<tr style='height: 24px; font-size: 18px;'>\n<th style='text-align:left'>Titre<\/th>\n<th data-align='center'>Date<\/th>\n<th data-align='center'>Note<\/th>\n<th data-align='center'>Commentaires<\/th>\n<\/tr>\n<\/thead>\n<tbody>\n<tr style='height: 24px;'>\n<td style='text-align:left'><a href='.\/?p=46064' data-type='post'>[REC]<\/a><\/td>\n<td data-align='center'>14-ao\u00fbt-2010<\/td>\n<td data-align='center'>3<\/td>\n<td style='text-align:left'><\/td>\n<\/tr>\n<tr style='height: 24px;'>\n<td style='text-align:left'><a href='.\/?p=45994' data-type='post'>666, La Mal\u00e9diction<\/a><\/td>\n<td data-align='center'>10-avril-2010<\/td>\n<td data-align='center'>3<\/td>\n<td style='text-align:left'><\/td>\n<\/tr>\n<tr style='height: 24px;'>\n<td style='text-align:left'><a href='.\/?p=46030' data-type='post'>A Dangerous Man<\/a><\/td>\n<td data-align='center'>4-juin-2010<\/td>\n<td data-align='center'>2<\/td>\n<td style='text-align:left'><\/td>\n<\/tr>\n<tr style='height: 24px;'>\n<td style='text-align:left'><a href='.\/?p=46098' data-type='post'>Agent sp\u00e9cial<\/a><\/td>\n<td data-align='center'>16-novembre-2010<\/td>\n<td data-align='center'>3<\/td>\n<td style='text-align:left'><\/td>\n<\/tr>\n<tr style='height: 24px;'>\n<td style='text-align:left'><a href='.\/?p=45998' data-type='post'>Alexandre<\/a><\/td>\n<td data-align='center'>12-avril-2010<\/td>\n<td data-align='center'>3<\/td>\n<td style='text-align:left'><\/td>\n<\/tr>\n<tr style='height: 24px;'>\n<td style='text-align:left'><a href='.\/?p=45940' data-type='post'>Anges et D\u00e9mons<\/a><\/td>\n<td data-align='center'>19-janvier-2010<\/td>\n<td data-align='center'>3<\/td>\n<td style='text-align:left'>Adaptation, <\/td>\n<\/tr>\n<tr style='height: 24px;'>\n<td style='text-align:left'><a href='.\/?p=46010' data-type='post'>Avatar<\/a><\/td>\n<td data-align='center'>18-avril-2010<\/td>\n<td data-align='center'>4<\/td>\n<td style='text-align:left'>1001 films,<\/td>\n<\/tr>\n<tr style='height: 24px;'>\n<td style='text-align:left'><a href='.\/?p=53916' data-type='post'>Battlestar Galactica : The Plan<\/a><\/td>\n<td data-align='center'>5-mars-2010<\/td>\n<td data-align='center'>3<\/td>\n<td style='text-align:left'><\/td>\n<\/tr>\n<tr style='height: 24px;'>\n<td style='text-align:left'><a href='.\/?p=45958' data-type='post'>Blood : The Last Vampire<\/a><\/td>\n<td data-align='center'>1-f\u00e9vrier-2010<\/td>\n<td data-align='center'>3<\/td>\n<td style='text-align:left'><\/td>\n<\/tr>\n<tr style='height: 24px;'>\n<td style='text-align:left'><a href='.\/?p=46008' data-type='post'>Braquage \u00e0 l\u2019anglaise<\/a><\/td>\n<td data-align='center'>16-avril-2010<\/td>\n<td data-align='center'>3<\/td>\n<td style='text-align:left'><\/td>\n<\/tr>\n<tr style='height: 24px;'>\n<td style='text-align:left'><a href='.\/?p=46014' data-type='post'>Brazil<\/a><\/td>\n<td data-align='center'>14-mai-2010<\/td>\n<td data-align='center'>3<\/td>\n<td style='text-align:left'>1001 films,<\/td>\n<\/tr>\n<tr style='height: 24px;'>\n<td style='text-align:left'><a href='.\/?p=45928' data-type='post'>Clones<\/a><\/td>\n<td data-align='center'>4-janvier-2010<\/td>\n<td data-align='center'>3<\/td>\n<td style='text-align:left'><\/td>\n<\/tr>\n<tr style='height: 24px;'>\n<td style='text-align:left'><a href='.\/?p=46018' data-type='post'>Daybreakers<\/a><\/td>\n<td data-align='center'>25-mai-2010<\/td>\n<td data-align='center'>3<\/td>\n<td style='text-align:left'><\/td>\n<\/tr>\n<tr style='height: 24px;'>\n<td style='text-align:left'><a href='.\/?p=46016' data-type='post'>D\u00e9mineurs<\/a><\/td>\n<td data-align='center'>17-mai-2010<\/td>\n<td data-align='center'>4<\/td>\n<td style='text-align:left'>1001 films,<\/td>\n<\/tr>\n<tr style='height: 24px;'>\n<td style='text-align:left'><a href='.\/?p=45926' data-type='post'>Diamants sur canap\u00e9<\/a><\/td>\n<td data-align='center'>3-janvier-2010<\/td>\n<td data-align='center'>3<\/td>\n<td style='text-align:left'>Adaptation, 1001 films,<\/td>\n<\/tr>\n<tr style='height: 24px;'>\n<td style='text-align:left'><a href='.\/?p=46000' data-type='post'>Dragon rouge<\/a><\/td>\n<td data-align='center'>12-avril-2010<\/td>\n<td data-align='center'>3<\/td>\n<td style='text-align:left'>Adaptation, <\/td>\n<\/tr>\n<tr style='height: 24px;'>\n<td style='text-align:left'><a href='.\/?p=46080' data-type='post'>Expendables\u00a0: Unit\u00e9 sp\u00e9ciale<\/a><\/td>\n<td data-align='center'>26-septembre-2010<\/td>\n<td data-align='center'>3<\/td>\n<td style='text-align:left'><\/td>\n<\/tr>\n<tr style='height: 24px;'>\n<td style='text-align:left'><a href='.\/?p=45964' data-type='post'>Flandres<\/a><\/td>\n<td data-align='center'>17-f\u00e9vrier-2010<\/td>\n<td data-align='center'>1<\/td>\n<td style='text-align:left'><\/td>\n<\/tr>\n<tr style='height: 24px;'>\n<td style='text-align:left'><a href='.\/?p=46034' data-type='post'>Hors de contr\u00f4le<\/a><\/td>\n<td data-align='center'>7-juin-2010<\/td>\n<td data-align='center'>3<\/td>\n<td style='text-align:left'><\/td>\n<\/tr>\n<tr style='height: 24px;'>\n<td style='text-align:left'><a href='.\/?p=46092' data-type='post'>Inception<\/a><\/td>\n<td data-align='center'>4-novembre-2010<\/td>\n<td data-align='center'>\u2764<\/td>\n<td style='text-align:left'>1001 films,<\/td>\n<\/tr>\n<tr style='height: 24px;'>\n<td style='text-align:left'><a href='.\/?p=46082' data-type='post'>Infect\u00e9s<\/a><\/td>\n<td data-align='center'>1-octobre-2010<\/td>\n<td data-align='center'>3<\/td>\n<td style='text-align:left'><\/td>\n<\/tr>\n<tr style='height: 24px;'>\n<td style='text-align:left'><a href='.\/?p=45950' data-type='post'>Inglourious Basterds<\/a><\/td>\n<td data-align='center'>22-janvier-2010<\/td>\n<td data-align='center'>3<\/td>\n<td style='text-align:left'>1001 films,<\/td>\n<\/tr>\n<tr style='height: 24px;'>\n<td style='text-align:left'><a href='.\/?p=46040' data-type='post'>Invictus<\/a><\/td>\n<td data-align='center'>16-juin-2010<\/td>\n<td data-align='center'>4<\/td>\n<td style='text-align:left'><\/td>\n<\/tr>\n<tr style='height: 24px;'>\n<td style='text-align:left'><a href='.\/?p=46062' data-type='post'>Kick-Ass<\/a><\/td>\n<td data-align='center'>5-ao\u00fbt-2010<\/td>\n<td data-align='center'>4<\/td>\n<td style='text-align:left'>Adaptation, <\/td>\n<\/tr>\n<tr style='height: 24px;'>\n<td style='text-align:left'><a href='.\/?p=46090' data-type='post'>L\u2019agence tous risques<\/a><\/td>\n<td data-align='center'>3-novembre-2010<\/td>\n<td data-align='center'>3<\/td>\n<td style='text-align:left'><\/td>\n<\/tr>\n<tr style='height: 24px;'>\n<td style='text-align:left'><a href='.\/?p=45934' data-type='post'>L\u2019arnaque<\/a><\/td>\n<td data-align='center'>9-janvier-2010<\/td>\n<td data-align='center'>\u2764<\/td>\n<td style='text-align:left'>1001 films,<\/td>\n<\/tr>\n<tr style='height: 24px;'>\n<td style='text-align:left'><a href='.\/?p=46044' data-type='post'>L\u2019attaque du m\u00e9tro 123<\/a><\/td>\n<td data-align='center'>1-juillet-2010<\/td>\n<td data-align='center'>3<\/td>\n<td style='text-align:left'>Adaptation, <\/td>\n<\/tr>\n<tr style='height: 24px;'>\n<td style='text-align:left'><a href='.\/?p=46100' data-type='post'>L\u2019\u00e9change<\/a><\/td>\n<td data-align='center'>5-d\u00e9cembre-2010<\/td>\n<td data-align='center'>3<\/td>\n<td style='text-align:left'><\/td>\n<\/tr>\n<tr style='height: 24px;'>\n<td style='text-align:left'><a href='.\/?p=46068' data-type='post'>L\u2019effet papillon 2<\/a><\/td>\n<td data-align='center'>31-ao\u00fbt-2010<\/td>\n<td data-align='center'>3<\/td>\n<td style='text-align:left'><\/td>\n<\/tr>\n<tr style='height: 24px;'>\n<td style='text-align:left'><a href='.\/?p=46058' data-type='post'>L\u2019homme qui venait d\u2019ailleurs<\/a><\/td>\n<td data-align='center'>30-juillet-2010<\/td>\n<td data-align='center'>3<\/td>\n<td style='text-align:left'>Adaptation, 1001 films,<\/td>\n<\/tr>\n<tr style='height: 24px;'>\n<td style='text-align:left'><a href='.\/?p=45984' data-type='post'>La f\u00e9line<\/a><\/td>\n<td data-align='center'>7-avril-2010<\/td>\n<td data-align='center'>3<\/td>\n<td style='text-align:left'><\/td>\n<\/tr>\n<tr style='height: 24px;'>\n<td style='text-align:left'><a href='.\/?p=45970' data-type='post'>La jet\u00e9e<\/a><\/td>\n<td data-align='center'>3-mars-2010<\/td>\n<td data-align='center'>4<\/td>\n<td style='text-align:left'>1001 films,<\/td>\n<\/tr>\n<tr style='height: 24px;'>\n<td style='text-align:left'><a href='.\/?p=45976' data-type='post'>La prisonni\u00e8re du d\u00e9sert<\/a><\/td>\n<td data-align='center'>11-mars-2010<\/td>\n<td data-align='center'>2<\/td>\n<td style='text-align:left'>Adaptation, 1001 films,<\/td>\n<\/tr>\n<tr style='height: 24px;'>\n<td style='text-align:left'><a href='.\/?p=46042' data-type='post'>La route<\/a><\/td>\n<td data-align='center'>28-juin-2010<\/td>\n<td data-align='center'>4<\/td>\n<td style='text-align:left'>Adaptation, <\/td>\n<\/tr>\n<tr style='height: 24px;'>\n<td style='text-align:left'><a href='.\/?p=45980' data-type='post'>Lady Chatterley<\/a><\/td>\n<td data-align='center'>19-mars-2010<\/td>\n<td data-align='center'>3<\/td>\n<td style='text-align:left'>Adaptation, <\/td>\n<\/tr>\n<tr style='height: 24px;'>\n<td style='text-align:left'><a href='.\/?p=45992' data-type='post'>Le cabinet du docteur Caligari<\/a><\/td>\n<td data-align='center'>9-avril-2010<\/td>\n<td data-align='center'>3<\/td>\n<td style='text-align:left'>1001 films,<\/td>\n<\/tr>\n<tr style='height: 24px;'>\n<td style='text-align:left'><a href='.\/?p=46050' data-type='post'>Le choc des Titans<\/a><\/td>\n<td data-align='center'>15-juillet-2010<\/td>\n<td data-align='center'>3<\/td>\n<td style='text-align:left'><\/td>\n<\/tr>\n<tr style='height: 24px;'>\n<td style='text-align:left'><a href='.\/?p=45996' data-type='post'>Le come back<\/a><\/td>\n<td data-align='center'>12-avril-2010<\/td>\n<td data-align='center'>3<\/td>\n<td style='text-align:left'><\/td>\n<\/tr>\n<tr style='height: 24px;'>\n<td style='text-align:left'><a href='.\/?p=45974' data-type='post'>Le dernier combat<\/a><\/td>\n<td data-align='center'>4-mars-2010<\/td>\n<td data-align='center'>3<\/td>\n<td style='text-align:left'>1001 films,<\/td>\n<\/tr>\n<tr style='height: 24px;'>\n<td style='text-align:left'><a href='.\/?p=46012' data-type='post'>Le dernier pour la route<\/a><\/td>\n<td data-align='center'>12-mai-2010<\/td>\n<td data-align='center'>3<\/td>\n<td style='text-align:left'>Adaptation, <\/td>\n<\/tr>\n<tr style='height: 24px;'>\n<td style='text-align:left'><a href='.\/?p=45954' data-type='post'>Le dernier trappeur<\/a><\/td>\n<td data-align='center'>28-janvier-2010<\/td>\n<td data-align='center'>3<\/td>\n<td style='text-align:left'><\/td>\n<\/tr>\n<tr style='height: 24px;'>\n<td style='text-align:left'><a href='.\/?p=45960' data-type='post'>Le grand Meaulnes<\/a><\/td>\n<td data-align='center'>2-f\u00e9vrier-2010<\/td>\n<td data-align='center'>4<\/td>\n<td style='text-align:left'>Adaptation, <\/td>\n<\/tr>\n<tr style='height: 24px;'>\n<td style='text-align:left'><a href='.\/?p=46032' data-type='post'>Le livre d\u2019\u00c9li<\/a><\/td>\n<td data-align='center'>7-juin-2010<\/td>\n<td data-align='center'>3<\/td>\n<td style='text-align:left'><\/td>\n<\/tr>\n<tr style='height: 24px;'>\n<td style='text-align:left'><a href='.\/?p=46054' data-type='post'>Le magicien d\u2019Oz<\/a><\/td>\n<td data-align='center'>22-juillet-2010<\/td>\n<td data-align='center'>2<\/td>\n<td style='text-align:left'>Adaptation, 1001 films,<\/td>\n<\/tr>\n<tr style='height: 24px;'>\n<td style='text-align:left'><a href='.\/?p=45946' data-type='post'>Le monde du silence<\/a><\/td>\n<td data-align='center'>21-janvier-2010<\/td>\n<td data-align='center'>4<\/td>\n<td style='text-align:left'><\/td>\n<\/tr>\n<tr style='height: 24px;'>\n<td style='text-align:left'><a href='.\/?p=45982' data-type='post'>Le veilleur de nuit<\/a><\/td>\n<td data-align='center'>4-avril-2010<\/td>\n<td data-align='center'>3<\/td>\n<td style='text-align:left'><\/td>\n<\/tr>\n<tr style='height: 24px;'>\n<td style='text-align:left'><a href='.\/?p=45956' data-type='post'>Le vol du grand rapide<\/a><\/td>\n<td data-align='center'>28-janvier-2010<\/td>\n<td data-align='center'>3<\/td>\n<td style='text-align:left'>1001 films,<\/td>\n<\/tr>\n<tr style='height: 24px;'>\n<td style='text-align:left'><a href='.\/?p=45952' data-type='post'>Le voyage dans la Lune<\/a><\/td>\n<td data-align='center'>28-janvier-2010<\/td>\n<td data-align='center'>3<\/td>\n<td style='text-align:left'>Adaptation, 1001 films,<\/td>\n<\/tr>\n<tr style='height: 24px;'>\n<td style='text-align:left'><a href='.\/?p=46028' data-type='post'>L\u00e9gion : L\u2019arm\u00e9e des anges<\/a><\/td>\n<td data-align='center'>3-juin-2010<\/td>\n<td data-align='center'>3<\/td>\n<td style='text-align:left'><\/td>\n<\/tr>\n<tr style='height: 24px;'>\n<td style='text-align:left'><a href='.\/?p=45962' data-type='post'>Les 3 Royaumes<\/a><\/td>\n<td data-align='center'>5-f\u00e9vrier-2010<\/td>\n<td data-align='center'>3<\/td>\n<td style='text-align:left'>Adaptation, <\/td>\n<\/tr>\n<tr style='height: 24px;'>\n<td style='text-align:left'><a href='.\/?p=46072' data-type='post'>Les Diaboliques<\/a><\/td>\n<td data-align='center'>4-septembre-2010<\/td>\n<td data-align='center'>\u2764<\/td>\n<td style='text-align:left'>Adaptation, 1001 films,<\/td>\n<\/tr>\n<tr style='height: 24px;'>\n<td style='text-align:left'><a href='.\/?p=46036' data-type='post'>Les noces rebelles<\/a><\/td>\n<td data-align='center'>11-juin-2010<\/td>\n<td data-align='center'>4<\/td>\n<td style='text-align:left'>Adaptation, <\/td>\n<\/tr>\n<tr style='height: 24px;'>\n<td style='text-align:left'><a href='.\/?p=45966' data-type='post'>Les temps modernes<\/a><\/td>\n<td data-align='center'>19-f\u00e9vrier-2010<\/td>\n<td data-align='center'>3<\/td>\n<td style='text-align:left'>1001 films,<\/td>\n<\/tr>\n<tr style='height: 24px;'>\n<td style='text-align:left'><a href='.\/?p=46026' data-type='post'>Lettres d\u2019Iwo Jima<\/a><\/td>\n<td data-align='center'>3-juin-2010<\/td>\n<td data-align='center'>4<\/td>\n<td style='text-align:left'>Adaptation, <\/td>\n<\/tr>\n<tr style='height: 24px;'>\n<td style='text-align:left'><a href='.\/?p=46108' data-type='post'>Machete<\/a><\/td>\n<td data-align='center'>22-d\u00e9cembre-2010<\/td>\n<td data-align='center'>4<\/td>\n<td style='text-align:left'><\/td>\n<\/tr>\n<tr style='height: 24px;'>\n<td style='text-align:left'><a href='.\/?p=46004' data-type='post'>Mill\u00e9nium 2 : La fille qui r\u00eavait d\u2019un bidon d\u2019essence et d\u2019une allumette<\/a><\/td>\n<td data-align='center'>15-avril-2010<\/td>\n<td data-align='center'>3<\/td>\n<td style='text-align:left'>Adaptation, <\/td>\n<\/tr>\n<tr style='height: 24px;'>\n<td style='text-align:left'><a href='.\/?p=46070' data-type='post'>Mill\u00e9nium 3 : La Reine dans le palais des courants d\u2019air<\/a><\/td>\n<td data-align='center'>3-septembre-2010<\/td>\n<td data-align='center'>3<\/td>\n<td style='text-align:left'>Adaptation, <\/td>\n<\/tr>\n<tr style='height: 24px;'>\n<td style='text-align:left'><a href='.\/?p=46056' data-type='post'>Mongol<\/a><\/td>\n<td data-align='center'>30-juillet-2010<\/td>\n<td data-align='center'>3<\/td>\n<td style='text-align:left'><\/td>\n<\/tr>\n<tr style='height: 24px;'>\n<td style='text-align:left'><a href='.\/?p=46006' data-type='post'>Naissance d\u2019une nation<\/a><\/td>\n<td data-align='center'>15-avril-2010<\/td>\n<td data-align='center'>3<\/td>\n<td style='text-align:left'>Adaptation, 1001 films,<\/td>\n<\/tr>\n<tr style='height: 24px;'>\n<td style='text-align:left'><a href='.\/?p=46096' data-type='post'>Night and Day<\/a><\/td>\n<td data-align='center'>15-novembre-2010<\/td>\n<td data-align='center'>3<\/td>\n<td style='text-align:left'><\/td>\n<\/tr>\n<tr style='height: 24px;'>\n<td style='text-align:left'><a href='.\/?p=45986' data-type='post'>Ninja<\/a><\/td>\n<td data-align='center'>8-avril-2010<\/td>\n<td data-align='center'>3<\/td>\n<td style='text-align:left'><\/td>\n<\/tr>\n<tr style='height: 24px;'>\n<td style='text-align:left'><a href='.\/?p=45972' data-type='post'>Ninja Assassin<\/a><\/td>\n<td data-align='center'>3-mars-2010<\/td>\n<td data-align='center'>3<\/td>\n<td style='text-align:left'><\/td>\n<\/tr>\n<tr style='height: 24px;'>\n<td style='text-align:left'><a href='.\/?p=46112' data-type='post'>Ong-Bak 3 : L\u2019ultime combat<\/a><\/td>\n<td data-align='center'>23-d\u00e9cembre-2010<\/td>\n<td data-align='center'>3<\/td>\n<td style='text-align:left'><\/td>\n<\/tr>\n<tr style='height: 24px;'>\n<td style='text-align:left'><a href='.\/?p=45990' data-type='post'>Paranormal Activity<\/a><\/td>\n<td data-align='center'>8-avril-2010<\/td>\n<td data-align='center'>2<\/td>\n<td style='text-align:left'>1001 films,<\/td>\n<\/tr>\n<tr style='height: 24px;'>\n<td style='text-align:left'><a href='.\/?p=46022' data-type='post'>Pirates des Cara\u00efbes\u00a0: La Mal\u00e9diction du Black Pearl<\/a><\/td>\n<td data-align='center'>28-mai-2010<\/td>\n<td data-align='center'>4<\/td>\n<td style='text-align:left'>Disney,<\/td>\n<\/tr>\n<tr style='height: 24px;'>\n<td style='text-align:left'><a href='.\/?p=45942' data-type='post'>PlayTime<\/a><\/td>\n<td data-align='center'>20-janvier-2010<\/td>\n<td data-align='center'>3<\/td>\n<td style='text-align:left'>1001 films,<\/td>\n<\/tr>\n<tr style='height: 24px;'>\n<td style='text-align:left'><a href='.\/?p=46086' data-type='post'>Predators<\/a><\/td>\n<td data-align='center'>7-octobre-2010<\/td>\n<td data-align='center'>3<\/td>\n<td style='text-align:left'><\/td>\n<\/tr>\n<tr style='height: 24px;'>\n<td style='text-align:left'><a href='.\/?p=46024' data-type='post'>Pr\u00e9dictions<\/a><\/td>\n<td data-align='center'>1-juin-2010<\/td>\n<td data-align='center'>3<\/td>\n<td style='text-align:left'><\/td>\n<\/tr>\n<tr style='height: 24px;'>\n<td style='text-align:left'><a href='.\/?p=46074' data-type='post'>Prince of Persia : Les Sables du temps<\/a><\/td>\n<td data-align='center'>16-septembre-2010<\/td>\n<td data-align='center'>2<\/td>\n<td style='text-align:left'><\/td>\n<\/tr>\n<tr style='height: 24px;'>\n<td style='text-align:left'><a href='.\/?p=45944' data-type='post'>Qui a tu\u00e9 Bambi ?<\/a><\/td>\n<td data-align='center'>20-janvier-2010<\/td>\n<td data-align='center'>3<\/td>\n<td style='text-align:left'><\/td>\n<\/tr>\n<tr style='height: 24px;'>\n<td style='text-align:left'><a href='.\/?p=46046' data-type='post'>Repo men<\/a><\/td>\n<td data-align='center'>15-juillet-2010<\/td>\n<td data-align='center'>3<\/td>\n<td style='text-align:left'>Adaptation, <\/td>\n<\/tr>\n<tr style='height: 24px;'>\n<td style='text-align:left'><a href='.\/?p=45930' data-type='post'>Reservoir Dogs<\/a><\/td>\n<td data-align='center'>5-janvier-2010<\/td>\n<td data-align='center'>4<\/td>\n<td style='text-align:left'>1001 films,<\/td>\n<\/tr>\n<tr style='height: 24px;'>\n<td style='text-align:left'><a href='.\/?p=46110' data-type='post'>Resident Evil\u00a0: Afterlife<\/a><\/td>\n<td data-align='center'>22-d\u00e9cembre-2010<\/td>\n<td data-align='center'>3<\/td>\n<td style='text-align:left'><\/td>\n<\/tr>\n<tr style='height: 24px;'>\n<td style='text-align:left'><a href='.\/?p=46084' data-type='post'>Seven Swords<\/a><\/td>\n<td data-align='center'>4-octobre-2010<\/td>\n<td data-align='center'>3<\/td>\n<td style='text-align:left'>Adaptation, <\/td>\n<\/tr>\n<tr style='height: 24px;'>\n<td style='text-align:left'><a href='.\/?p=46094' data-type='post'>Sherlock Holmes<\/a><\/td>\n<td data-align='center'>6-novembre-2010<\/td>\n<td data-align='center'>4<\/td>\n<td style='text-align:left'><\/td>\n<\/tr>\n<tr style='height: 24px;'>\n<td style='text-align:left'><a href='.\/?p=46020' data-type='post'>Shutter Island<\/a><\/td>\n<td data-align='center'>26-mai-2010<\/td>\n<td data-align='center'>\u2764<\/td>\n<td style='text-align:left'>Adaptation, <\/td>\n<\/tr>\n<tr style='height: 24px;'>\n<td style='text-align:left'><a href='.\/?p=45948' data-type='post'>Slumdog Millionaire<\/a><\/td>\n<td data-align='center'>21-janvier-2010<\/td>\n<td data-align='center'>4<\/td>\n<td style='text-align:left'>Adaptation, 1001 films,<\/td>\n<\/tr>\n<tr style='height: 24px;'>\n<td style='text-align:left'><a href='.\/?p=46048' data-type='post'>Solomon Kane<\/a><\/td>\n<td data-align='center'>15-juillet-2010<\/td>\n<td data-align='center'>3<\/td>\n<td style='text-align:left'><\/td>\n<\/tr>\n<tr style='height: 24px;'>\n<td style='text-align:left'><a href='.\/?p=45936' data-type='post'>Sous haute protection<\/a><\/td>\n<td data-align='center'>14-janvier-2010<\/td>\n<td data-align='center'>2<\/td>\n<td style='text-align:left'><\/td>\n<\/tr>\n<tr style='height: 24px;'>\n<td style='text-align:left'><a href='.\/?p=46088' data-type='post'>Star Trek<\/a><\/td>\n<td data-align='center'>14-octobre-2010<\/td>\n<td data-align='center'>3<\/td>\n<td style='text-align:left'><\/td>\n<\/tr>\n<tr style='height: 24px;'>\n<td style='text-align:left'><a href='.\/?p=45988' data-type='post'>Star Trek : Nemesis<\/a><\/td>\n<td data-align='center'>8-avril-2010<\/td>\n<td data-align='center'>3<\/td>\n<td style='text-align:left'><\/td>\n<\/tr>\n<tr style='height: 24px;'>\n<td style='text-align:left'><a href='.\/?p=46066' data-type='post'>Swimming Pool<\/a><\/td>\n<td data-align='center'>18-ao\u00fbt-2010<\/td>\n<td data-align='center'>3<\/td>\n<td style='text-align:left'><\/td>\n<\/tr>\n<tr style='height: 24px;'>\n<td style='text-align:left'><a href='.\/?p=46038' data-type='post'>Taxi Driver<\/a><\/td>\n<td data-align='center'>11-juin-2010<\/td>\n<td data-align='center'>\u2764<\/td>\n<td style='text-align:left'>1001 films,<\/td>\n<\/tr>\n<tr style='height: 24px;'>\n<td style='text-align:left'><a href='.\/?p=45938' data-type='post'>Terminator Renaissance<\/a><\/td>\n<td data-align='center'>19-janvier-2010<\/td>\n<td data-align='center'>3<\/td>\n<td style='text-align:left'><\/td>\n<\/tr>\n<tr style='height: 24px;'>\n<td style='text-align:left'><a href='.\/?p=46076' data-type='post'>The Ghost Writer<\/a><\/td>\n<td data-align='center'>17-septembre-2010<\/td>\n<td data-align='center'>3<\/td>\n<td style='text-align:left'>Adaptation, <\/td>\n<\/tr>\n<tr style='height: 24px;'>\n<td style='text-align:left'><a href='.\/?p=46052' data-type='post'>The Last Day<\/a><\/td>\n<td data-align='center'>19-juillet-2010<\/td>\n<td data-align='center'>3<\/td>\n<td style='text-align:left'><\/td>\n<\/tr>\n<tr style='height: 24px;'>\n<td style='text-align:left'><a href='.\/?p=46060' data-type='post'>Tous les gar\u00e7ons aiment Mandy Lane<\/a><\/td>\n<td data-align='center'>3-ao\u00fbt-2010<\/td>\n<td data-align='center'>3<\/td>\n<td style='text-align:left'><\/td>\n<\/tr>\n<tr style='height: 24px;'>\n<td style='text-align:left'><a href='.\/?p=46002' data-type='post'>Troie<\/a><\/td>\n<td data-align='center'>13-avril-2010<\/td>\n<td data-align='center'>3<\/td>\n<td style='text-align:left'><\/td>\n<\/tr>\n<tr style='height: 24px;'>\n<td style='text-align:left'><a href='.\/?p=46078' data-type='post'>Twilight, chapitre 1 : Fascination<\/a><\/td>\n<td data-align='center'>24-septembre-2010<\/td>\n<td data-align='center'>3<\/td>\n<td style='text-align:left'>Adaptation, <\/td>\n<\/tr>\n<tr style='height: 24px;'>\n<td style='text-align:left'><a href='.\/?p=46102' data-type='post'>Twilight, chapitre 2 : Tentation<\/a><\/td>\n<td data-align='center'>5-d\u00e9cembre-2010<\/td>\n<td data-align='center'>3<\/td>\n<td style='text-align:left'>Adaptation, <\/td>\n<\/tr>\n<tr style='height: 24px;'>\n<td style='text-align:left'><a href='.\/?p=46106' data-type='post'>Twilight, chapitre 3 : H\u00e9sitation<\/a><\/td>\n<td data-align='center'>21-d\u00e9cembre-2010<\/td>\n<td data-align='center'>3<\/td>\n<td style='text-align:left'>Adaptation, <\/td>\n<\/tr>\n<tr style='height: 24px;'>\n<td style='text-align:left'><a href='.\/?p=45968' data-type='post'>Un chien andalou<\/a><\/td>\n<td data-align='center'>2-mars-2010<\/td>\n<td data-align='center'>1<\/td>\n<td style='text-align:left'>1001 films,<\/td>\n<\/tr>\n<tr style='height: 24px;'>\n<td style='text-align:left'><a href='.\/?p=45978' data-type='post'>Universal Soldier : R\u00e9g\u00e9n\u00e9ration<\/a><\/td>\n<td data-align='center'>17-mars-2010<\/td>\n<td data-align='center'>3<\/td>\n<td style='text-align:left'><\/td>\n<\/tr>\n<tr style='height: 24px;'>\n<td style='text-align:left'><a href='.\/?p=45932' data-type='post'>Vengeance<\/a><\/td>\n<td data-align='center'>7-janvier-2010<\/td>\n<td data-align='center'>3<\/td>\n<td style='text-align:left'><\/td>\n<\/tr>\n<tr style='height: 24px;'>\n<td style='text-align:left'><a href='.\/?p=46104' data-type='post'>Wall Street : L\u2019argent ne dort jamais<\/a><\/td>\n<td data-align='center'>11-d\u00e9cembre-2010<\/td>\n<td data-align='center'>3<\/td>\n<td style='text-align:left'><\/td>\n<\/tr>\n<\/tbody>\n<tfoot>\n<tr style=\"height: 24px;\">\n<td class=\"has-text-align-left\" style=\"height: 24px; font-size: 18px;\" data-align=\"left\"><span class=\"has-inline-color has-vivid-cyan-blue-color\"><strong>TOTAL : 95 films vus en 2010<\/strong><\/span><\/td>\n<td class=\"has-text-align-center\" style=\"height: 24px;\" data-align=\"center\">\u00a0<\/td>\n<td class=\"has-text-align-center\" style=\"height: 24px;\" data-align=\"center\">\u00a0<\/td>\n<td class=\"has-text-align-center\" style=\"height: 24px;\" data-align=\"center\">\u00a0<\/td>\n<\/tr>\n<\/tfoot>\n<\/table>\n<p><\/center><\/p>\n","protected":false},"excerpt":{"rendered":"<p>Titre Date Note Commentaires [REC] 14-ao\u00fbt-2010 3 666, La Mal\u00e9diction 10-avril-2010 3 A Dangerous Man 4-juin-2010 2 Agent sp\u00e9cial 16-novembre-2010 3 Alexandre 12-avril-2010 3 Anges et D\u00e9mons 19-janvier-2010 3 Adaptation, Avatar 18-avril-2010 4 1001 films, Battlestar Galactica : The Plan 5-mars-2010 3 Blood : The Last Vampire 1-f\u00e9vrier-2010 3 Braquage \u00e0 l\u2019anglaise 16-avril-2010 3 Brazil 14-mai-2010 3 1001 films, Clones&#46;&#46;&#46;<\/p>\n","protected":false},"author":1,"featured_media":0,"parent":0,"menu_order":0,"comment_status":"closed","ping_status":"closed","template":"","meta":{"footnotes":""},"class_list":["post-46114","page","type-page","status-publish","hentry"],"_links":{"self":[{"href":"https:\/\/joubjoub.ddns.net\/blog\/index.php?rest_route=\/wp\/v2\/pages\/46114","targetHints":{"allow":["GET"]}}],"collection":[{"href":"https:\/\/joubjoub.ddns.net\/blog\/index.php?rest_route=\/wp\/v2\/pages"}],"about":[{"href":"https:\/\/joubjoub.ddns.net\/blog\/index.php?rest_route=\/wp\/v2\/types\/page"}],"author":[{"embeddable":true,"href":"https:\/\/joubjoub.ddns.net\/blog\/index.php?rest_route=\/wp\/v2\/users\/1"}],"replies":[{"embeddable":true,"href":"https:\/\/joubjoub.ddns.net\/blog\/index.php?rest_route=%2Fwp%2Fv2%2Fcomments&post=46114"}],"version-history":[{"count":3,"href":"https:\/\/joubjoub.ddns.net\/blog\/index.php?rest_route=\/wp\/v2\/pages\/46114\/revisions"}],"predecessor-version":[{"id":53919,"href":"https:\/\/joubjoub.ddns.net\/blog\/index.php?rest_route=\/wp\/v2\/pages\/46114\/revisions\/53919"}],"wp:attachment":[{"href":"https:\/\/joubjoub.ddns.net\/blog\/index.php?rest_route=%2Fwp%2Fv2%2Fmedia&parent=46114"}],"curies":[{"name":"wp","href":"https:\/\/api.w.org\/{rel}","templated":true}]}}