{"id":46391,"date":"2025-06-16T10:50:58","date_gmt":"2025-06-16T08:50:58","guid":{"rendered":"http:\/\/joubjoub.ddns.net\/blog\/?page_id=46391"},"modified":"2025-06-16T10:50:58","modified_gmt":"2025-06-16T08:50:58","slug":"films-vus-en-2011","status":"publish","type":"page","link":"https:\/\/joubjoub.ddns.net\/blog\/?page_id=46391","title":{"rendered":"Films vus en 2011"},"content":{"rendered":"<p><center><\/p>\n<table style=\"width: 90%;\">\n<thead>\n<tr style='height: 24px; font-size: 18px;'>\n<th style='text-align:left'>Titre<\/th>\n<th data-align='center'>Date<\/th>\n<th data-align='center'>Note<\/th>\n<th data-align='center'>Commentaires<\/th>\n<\/tr>\n<\/thead>\n<tbody>\n<tr style='height: 24px;'>\n<td style='text-align:left'><a href='http:\/\/joubjoub.ddns.net\/blog\/?p=46221' data-type='post'>Association de malfaiteurs<\/a><\/td>\n<td data-align='center'>2-juin-2011<\/td>\n<td data-align='center'>1<\/td>\n<td style='text-align:left'><\/td>\n<\/tr>\n<tr style='height: 24px;'>\n<td style='text-align:left'><a href='http:\/\/joubjoub.ddns.net\/blog\/?p=46205' data-type='post'>Au-del\u00e0<\/a><\/td>\n<td data-align='center'>11-mars-2011<\/td>\n<td data-align='center'>3<\/td>\n<td style='text-align:left'><\/td>\n<\/tr>\n<tr style='height: 24px;'>\n<td style='text-align:left'><a href='http:\/\/joubjoub.ddns.net\/blog\/?p=46145' data-type='post'>B\u00e9b\u00e9s<\/a><\/td>\n<td data-align='center'>23-janvier-2011<\/td>\n<td data-align='center'>3<\/td>\n<td style='text-align:left'><\/td>\n<\/tr>\n<tr style='height: 24px;'>\n<td style='text-align:left'><a href='http:\/\/joubjoub.ddns.net\/blog\/?p=46227' data-type='post'>Black Dawn \u2013 Dernier recours<\/a><\/td>\n<td data-align='center'>19-juillet-2011<\/td>\n<td data-align='center'>3<\/td>\n<td style='text-align:left'><\/td>\n<\/tr>\n<tr style='height: 24px;'>\n<td style='text-align:left'><a href='http:\/\/joubjoub.ddns.net\/blog\/?p=46209' data-type='post'>Black Swan<\/a><\/td>\n<td data-align='center'>14-mars-2011<\/td>\n<td data-align='center'>\u2764<\/td>\n<td style='text-align:left'>1001 films,<\/td>\n<\/tr>\n<tr style='height: 24px;'>\n<td style='text-align:left'><a href='http:\/\/joubjoub.ddns.net\/blog\/?p=46237' data-type='post'>Blood Island<\/a><\/td>\n<td data-align='center'>20-ao\u00fbt-2011<\/td>\n<td data-align='center'>3<\/td>\n<td style='text-align:left'><\/td>\n<\/tr>\n<tr style='height: 24px;'>\n<td style='text-align:left'><a href='http:\/\/joubjoub.ddns.net\/blog\/?p=46241' data-type='post'>Blue Valentine<\/a><\/td>\n<td data-align='center'>29-ao\u00fbt-2011<\/td>\n<td data-align='center'>4<\/td>\n<td style='text-align:left'><\/td>\n<\/tr>\n<tr style='height: 24px;'>\n<td style='text-align:left'><a href='http:\/\/joubjoub.ddns.net\/blog\/?p=46149' data-type='post'>Buried<\/a><\/td>\n<td data-align='center'>25-janvier-2011<\/td>\n<td data-align='center'>4<\/td>\n<td style='text-align:left'><\/td>\n<\/tr>\n<tr style='height: 24px;'>\n<td style='text-align:left'><a href='http:\/\/joubjoub.ddns.net\/blog\/?p=46177' data-type='post'>Captifs<\/a><\/td>\n<td data-align='center'>14-f\u00e9vrier-2011<\/td>\n<td data-align='center'>3<\/td>\n<td style='text-align:left'><\/td>\n<\/tr>\n<tr style='height: 24px;'>\n<td style='text-align:left'><a href='http:\/\/joubjoub.ddns.net\/blog\/?p=46251' data-type='post'>Colombiana<\/a><\/td>\n<td data-align='center'>6-d\u00e9cembre-2011<\/td>\n<td data-align='center'>3<\/td>\n<td style='text-align:left'><\/td>\n<\/tr>\n<tr style='height: 24px;'>\n<td style='text-align:left'><a href='http:\/\/joubjoub.ddns.net\/blog\/?p=46125' data-type='post'>Commando de l\u2019ombre<\/a><\/td>\n<td data-align='center'>10-janvier-2011<\/td>\n<td data-align='center'>3<\/td>\n<td style='text-align:left'><\/td>\n<\/tr>\n<tr style='height: 24px;'>\n<td style='text-align:left'><a href='http:\/\/joubjoub.ddns.net\/blog\/?p=46161' data-type='post'>Crime d\u2019amour<\/a><\/td>\n<td data-align='center'>1-f\u00e9vrier-2011<\/td>\n<td data-align='center'>3<\/td>\n<td style='text-align:left'><\/td>\n<\/tr>\n<tr style='height: 24px;'>\n<td style='text-align:left'><a href='http:\/\/joubjoub.ddns.net\/blog\/?p=46189' data-type='post'>Des hommes et des dieux<\/a><\/td>\n<td data-align='center'>24-f\u00e9vrier-2011<\/td>\n<td data-align='center'>4<\/td>\n<td style='text-align:left'>1001 films,<\/td>\n<\/tr>\n<tr style='height: 24px;'>\n<td style='text-align:left'><a href='http:\/\/joubjoub.ddns.net\/blog\/?p=46163' data-type='post'>Deux s\u0153urs pour un roi<\/a><\/td>\n<td data-align='center'>3-f\u00e9vrier-2011<\/td>\n<td data-align='center'>3<\/td>\n<td style='text-align:left'>Adaptation, <\/td>\n<\/tr>\n<tr style='height: 24px;'>\n<td style='text-align:left'><a href='http:\/\/joubjoub.ddns.net\/blog\/?p=46123' data-type='post'>Devil<\/a><\/td>\n<td data-align='center'>10-janvier-2011<\/td>\n<td data-align='center'>3<\/td>\n<td style='text-align:left'><\/td>\n<\/tr>\n<tr style='height: 24px;'>\n<td style='text-align:left'><a href='http:\/\/joubjoub.ddns.net\/blog\/?p=46181' data-type='post'>Do the Right Thing<\/a><\/td>\n<td data-align='center'>17-f\u00e9vrier-2011<\/td>\n<td data-align='center'>3<\/td>\n<td style='text-align:left'>1001 films,<\/td>\n<\/tr>\n<tr style='height: 24px;'>\n<td style='text-align:left'><a href='http:\/\/joubjoub.ddns.net\/blog\/?p=46195' data-type='post'>Elle s\u2019appelait Sarah<\/a><\/td>\n<td data-align='center'>1-mars-2011<\/td>\n<td data-align='center'>3<\/td>\n<td style='text-align:left'>Adaptation, <\/td>\n<\/tr>\n<tr style='height: 24px;'>\n<td style='text-align:left'><a href='http:\/\/joubjoub.ddns.net\/blog\/?p=46169' data-type='post'>Enter the Void<\/a><\/td>\n<td data-align='center'>7-f\u00e9vrier-2011<\/td>\n<td data-align='center'>2<\/td>\n<td style='text-align:left'><\/td>\n<\/tr>\n<tr style='height: 24px;'>\n<td style='text-align:left'><a href='http:\/\/joubjoub.ddns.net\/blog\/?p=46245' data-type='post'>Fast &#038; Furious 5<\/a><\/td>\n<td data-align='center'>6-septembre-2011<\/td>\n<td data-align='center'>3<\/td>\n<td style='text-align:left'><\/td>\n<\/tr>\n<tr style='height: 24px;'>\n<td style='text-align:left'><a href='http:\/\/joubjoub.ddns.net\/blog\/?p=46199' data-type='post'>Faster<\/a><\/td>\n<td data-align='center'>3-mars-2011<\/td>\n<td data-align='center'>3<\/td>\n<td style='text-align:left'><\/td>\n<\/tr>\n<tr style='height: 24px;'>\n<td style='text-align:left'><a href='http:\/\/joubjoub.ddns.net\/blog\/?p=46141' data-type='post'>Game of death<\/a><\/td>\n<td data-align='center'>20-janvier-2011<\/td>\n<td data-align='center'>3<\/td>\n<td style='text-align:left'><\/td>\n<\/tr>\n<tr style='height: 24px;'>\n<td style='text-align:left'><a href='http:\/\/joubjoub.ddns.net\/blog\/?p=46223' data-type='post'>Hannibal<\/a><\/td>\n<td data-align='center'>10-juillet-2011<\/td>\n<td data-align='center'>3<\/td>\n<td style='text-align:left'>Adaptation, <\/td>\n<\/tr>\n<tr style='height: 24px;'>\n<td style='text-align:left'><a href='http:\/\/joubjoub.ddns.net\/blog\/?p=46135' data-type='post'>Harry Brown<\/a><\/td>\n<td data-align='center'>17-janvier-2011<\/td>\n<td data-align='center'>2<\/td>\n<td style='text-align:left'><\/td>\n<\/tr>\n<tr style='height: 24px;'>\n<td style='text-align:left'><a href='http:\/\/joubjoub.ddns.net\/blog\/?p=46247' data-type='post'>Hell Driver<\/a><\/td>\n<td data-align='center'>8-septembre-2011<\/td>\n<td data-align='center'>3<\/td>\n<td style='text-align:left'><\/td>\n<\/tr>\n<tr style='height: 24px;'>\n<td style='text-align:left'><a href='http:\/\/joubjoub.ddns.net\/blog\/?p=46197' data-type='post'>Hitman<\/a><\/td>\n<td data-align='center'>3-mars-2011<\/td>\n<td data-align='center'>3<\/td>\n<td style='text-align:left'><\/td>\n<\/tr>\n<tr style='height: 24px;'>\n<td style='text-align:left'><a href='http:\/\/joubjoub.ddns.net\/blog\/?p=46147' data-type='post'>Iron Man 2<\/a><\/td>\n<td data-align='center'>24-janvier-2011<\/td>\n<td data-align='center'>3<\/td>\n<td style='text-align:left'>Franchise \u00ab\u00a0M.C.U.\u00a0\u00bb,<\/td>\n<\/tr>\n<tr style='height: 24px;'>\n<td style='text-align:left'><a href='http:\/\/joubjoub.ddns.net\/blog\/?p=46187' data-type='post'>Karat\u00e9 Kid (2010)<\/a><\/td>\n<td data-align='center'>21-f\u00e9vrier-2011<\/td>\n<td data-align='center'>3<\/td>\n<td style='text-align:left'><\/td>\n<\/tr>\n<tr style='height: 24px;'>\n<td style='text-align:left'><a href='http:\/\/joubjoub.ddns.net\/blog\/?p=46129' data-type='post'>L\u2019\u00e2ge de raison<\/a><\/td>\n<td data-align='center'>13-janvier-2011<\/td>\n<td data-align='center'>3<\/td>\n<td style='text-align:left'><\/td>\n<\/tr>\n<tr style='height: 24px;'>\n<td style='text-align:left'><a href='http:\/\/joubjoub.ddns.net\/blog\/?p=46155' data-type='post'>L\u2019exp\u00e9rience (2010)<\/a><\/td>\n<td data-align='center'>31-janvier-2011<\/td>\n<td data-align='center'>3<\/td>\n<td style='text-align:left'><\/td>\n<\/tr>\n<tr style='height: 24px;'>\n<td style='text-align:left'><a href='http:\/\/joubjoub.ddns.net\/blog\/?p=46157' data-type='post'>L\u2019Incroyable Destin de Harold Crick<\/a><\/td>\n<td data-align='center'>31-janvier-2011<\/td>\n<td data-align='center'>3<\/td>\n<td style='text-align:left'><\/td>\n<\/tr>\n<tr style='height: 24px;'>\n<td style='text-align:left'><a href='http:\/\/joubjoub.ddns.net\/blog\/?p=46165' data-type='post'>L\u2019odyss\u00e9e de l\u2019African Queen<\/a><\/td>\n<td data-align='center'>4-f\u00e9vrier-2011<\/td>\n<td data-align='center'>3<\/td>\n<td style='text-align:left'>Adaptation, 1001 films,<\/td>\n<\/tr>\n<tr style='height: 24px;'>\n<td style='text-align:left'><a href='http:\/\/joubjoub.ddns.net\/blog\/?p=46225' data-type='post'>L\u2019ombre blanche<\/a><\/td>\n<td data-align='center'>10-juillet-2011<\/td>\n<td data-align='center'>3<\/td>\n<td style='text-align:left'><\/td>\n<\/tr>\n<tr style='height: 24px;'>\n<td style='text-align:left'><a href='http:\/\/joubjoub.ddns.net\/blog\/?p=46239' data-type='post'>La proie<\/a><\/td>\n<td data-align='center'>22-ao\u00fbt-2011<\/td>\n<td data-align='center'>3<\/td>\n<td style='text-align:left'><\/td>\n<\/tr>\n<tr style='height: 24px;'>\n<td style='text-align:left'><a href='http:\/\/joubjoub.ddns.net\/blog\/?p=46215' data-type='post'>Lady Vengeance<\/a><\/td>\n<td data-align='center'>1-mai-2011<\/td>\n<td data-align='center'>3<\/td>\n<td style='text-align:left'><\/td>\n<\/tr>\n<tr style='height: 24px;'>\n<td style='text-align:left'><a href='http:\/\/joubjoub.ddns.net\/blog\/?p=46193' data-type='post'>Laisse-moi entrer<\/a><\/td>\n<td data-align='center'>28-f\u00e9vrier-2011<\/td>\n<td data-align='center'>3<\/td>\n<td style='text-align:left'>Adaptation, <\/td>\n<\/tr>\n<tr style='height: 24px;'>\n<td style='text-align:left'><a href='http:\/\/joubjoub.ddns.net\/blog\/?p=46229' data-type='post'>Largo Winch II<\/a><\/td>\n<td data-align='center'>20-juillet-2011<\/td>\n<td data-align='center'>3<\/td>\n<td style='text-align:left'><\/td>\n<\/tr>\n<tr style='height: 24px;'>\n<td style='text-align:left'><a href='http:\/\/joubjoub.ddns.net\/blog\/?p=46249' data-type='post'>Le complexe du castor<\/a><\/td>\n<td data-align='center'>27-septembre-2011<\/td>\n<td data-align='center'>3<\/td>\n<td style='text-align:left'><\/td>\n<\/tr>\n<tr style='height: 24px;'>\n<td style='text-align:left'><a href='http:\/\/joubjoub.ddns.net\/blog\/?p=46231' data-type='post'>Le dernier des templiers<\/a><\/td>\n<td data-align='center'>20-juillet-2011<\/td>\n<td data-align='center'>3<\/td>\n<td style='text-align:left'><\/td>\n<\/tr>\n<tr style='height: 24px;'>\n<td style='text-align:left'><a href='http:\/\/joubjoub.ddns.net\/blog\/?p=46219' data-type='post'>Le Flingueur<\/a><\/td>\n<td data-align='center'>17-mai-2011<\/td>\n<td data-align='center'>3<\/td>\n<td style='text-align:left'><\/td>\n<\/tr>\n<tr style='height: 24px;'>\n<td style='text-align:left'><a href='http:\/\/joubjoub.ddns.net\/blog\/?p=46167' data-type='post'>Le labyrinthe de Pan<\/a><\/td>\n<td data-align='center'>4-f\u00e9vrier-2011<\/td>\n<td data-align='center'>\u2764<\/td>\n<td style='text-align:left'>1001 films,<\/td>\n<\/tr>\n<tr style='height: 24px;'>\n<td style='text-align:left'><a href='http:\/\/joubjoub.ddns.net\/blog\/?p=46173' data-type='post'>Le Scaphandre et le Papillon<\/a><\/td>\n<td data-align='center'>9-f\u00e9vrier-2011<\/td>\n<td data-align='center'>4<\/td>\n<td style='text-align:left'>Adaptation, 1001 films,<\/td>\n<\/tr>\n<tr style='height: 24px;'>\n<td style='text-align:left'><a href='http:\/\/joubjoub.ddns.net\/blog\/?p=46153' data-type='post'>Les Oiseaux<\/a><\/td>\n<td data-align='center'>29-janvier-2011<\/td>\n<td data-align='center'>3<\/td>\n<td style='text-align:left'>1001 films,<\/td>\n<\/tr>\n<tr style='height: 24px;'>\n<td style='text-align:left'><a href='http:\/\/joubjoub.ddns.net\/blog\/?p=46191' data-type='post'>Little Miss Sunshine<\/a><\/td>\n<td data-align='center'>24-f\u00e9vrier-2011<\/td>\n<td data-align='center'>\u2764<\/td>\n<td style='text-align:left'>1001 films,<\/td>\n<\/tr>\n<tr style='height: 24px;'>\n<td style='text-align:left'><a href='http:\/\/joubjoub.ddns.net\/blog\/?p=46171' data-type='post'>Munich<\/a><\/td>\n<td data-align='center'>8-f\u00e9vrier-2011<\/td>\n<td data-align='center'>3<\/td>\n<td style='text-align:left'><\/td>\n<\/tr>\n<tr style='height: 24px;'>\n<td style='text-align:left'><a href='http:\/\/joubjoub.ddns.net\/blog\/?p=46217' data-type='post'>Num\u00e9ro quatre<\/a><\/td>\n<td data-align='center'>13-mai-2011<\/td>\n<td data-align='center'>3<\/td>\n<td style='text-align:left'>Adaptation, <\/td>\n<\/tr>\n<tr style='height: 24px;'>\n<td style='text-align:left'><a href='http:\/\/joubjoub.ddns.net\/blog\/?p=46143' data-type='post'>Oc\u00e9ans<\/a><\/td>\n<td data-align='center'>21-janvier-2011<\/td>\n<td data-align='center'>3<\/td>\n<td style='text-align:left'><\/td>\n<\/tr>\n<tr style='height: 24px;'>\n<td style='text-align:left'><a href='http:\/\/joubjoub.ddns.net\/blog\/?p=46131' data-type='post'>Piranha 3D<\/a><\/td>\n<td data-align='center'>14-janvier-2011<\/td>\n<td data-align='center'>3<\/td>\n<td style='text-align:left'><\/td>\n<\/tr>\n<tr style='height: 24px;'>\n<td style='text-align:left'><a href='http:\/\/joubjoub.ddns.net\/blog\/?p=46213' data-type='post'>Rampage : Sniper en libert\u00e9<\/a><\/td>\n<td data-align='center'>21-mars-2011<\/td>\n<td data-align='center'>3<\/td>\n<td style='text-align:left'><\/td>\n<\/tr>\n<tr style='height: 24px;'>\n<td style='text-align:left'><a href='http:\/\/joubjoub.ddns.net\/blog\/?p=46175' data-type='post'>Rendez-vous en enfer<\/a><\/td>\n<td data-align='center'>14-f\u00e9vrier-2011<\/td>\n<td data-align='center'>3<\/td>\n<td style='text-align:left'><\/td>\n<\/tr>\n<tr style='height: 24px;'>\n<td style='text-align:left'><a href='http:\/\/joubjoub.ddns.net\/blog\/?p=46151' data-type='post'>Rendez-vous l\u2019\u00e9t\u00e9 prochain<\/a><\/td>\n<td data-align='center'>26-janvier-2011<\/td>\n<td data-align='center'>3<\/td>\n<td style='text-align:left'><\/td>\n<\/tr>\n<tr style='height: 24px;'>\n<td style='text-align:left'><a href='http:\/\/joubjoub.ddns.net\/blog\/?p=46159' data-type='post'>Reviens-moi<\/a><\/td>\n<td data-align='center'>1-f\u00e9vrier-2011<\/td>\n<td data-align='center'>3<\/td>\n<td style='text-align:left'>Adaptation, 1001 films,<\/td>\n<\/tr>\n<tr style='height: 24px;'>\n<td style='text-align:left'><a href='http:\/\/joubjoub.ddns.net\/blog\/?p=46139' data-type='post'>Salt<\/a><\/td>\n<td data-align='center'>20-janvier-2011<\/td>\n<td data-align='center'>3<\/td>\n<td style='text-align:left'><\/td>\n<\/tr>\n<tr style='height: 24px;'>\n<td style='text-align:left'><a href='http:\/\/joubjoub.ddns.net\/blog\/?p=46235' data-type='post'>Sans identit\u00e9<\/a><\/td>\n<td data-align='center'>20-ao\u00fbt-2011<\/td>\n<td data-align='center'>4<\/td>\n<td style='text-align:left'>Adaptation, <\/td>\n<\/tr>\n<tr style='height: 24px;'>\n<td style='text-align:left'><a href='http:\/\/joubjoub.ddns.net\/blog\/?p=46121' data-type='post'>Saw 3D : Chapitre final<\/a><\/td>\n<td data-align='center'>10-janvier-2011<\/td>\n<td data-align='center'>3<\/td>\n<td style='text-align:left'><\/td>\n<\/tr>\n<tr style='height: 24px;'>\n<td style='text-align:left'><a href='http:\/\/joubjoub.ddns.net\/blog\/?p=46211' data-type='post'>Skyline<\/a><\/td>\n<td data-align='center'>19-mars-2011<\/td>\n<td data-align='center'>3<\/td>\n<td style='text-align:left'><\/td>\n<\/tr>\n<tr style='height: 24px;'>\n<td style='text-align:left'><a href='http:\/\/joubjoub.ddns.net\/blog\/?p=46179' data-type='post'>Slice<\/a><\/td>\n<td data-align='center'>15-f\u00e9vrier-2011<\/td>\n<td data-align='center'>3<\/td>\n<td style='text-align:left'><\/td>\n<\/tr>\n<tr style='height: 24px;'>\n<td style='text-align:left'><a href='http:\/\/joubjoub.ddns.net\/blog\/?p=46253' data-type='post'>Source Code<\/a><\/td>\n<td data-align='center'>7-d\u00e9cembre-2011<\/td>\n<td data-align='center'>3<\/td>\n<td style='text-align:left'><\/td>\n<\/tr>\n<tr style='height: 24px;'>\n<td style='text-align:left'><a href='http:\/\/joubjoub.ddns.net\/blog\/?p=46133' data-type='post'>Takers<\/a><\/td>\n<td data-align='center'>17-janvier-2011<\/td>\n<td data-align='center'>3<\/td>\n<td style='text-align:left'><\/td>\n<\/tr>\n<tr style='height: 24px;'>\n<td style='text-align:left'><a href='http:\/\/joubjoub.ddns.net\/blog\/?p=46117' data-type='post'>The American<\/a><\/td>\n<td data-align='center'>3-janvier-2011<\/td>\n<td data-align='center'>4<\/td>\n<td style='text-align:left'>Adaptation, <\/td>\n<\/tr>\n<tr style='height: 24px;'>\n<td style='text-align:left'><a href='http:\/\/joubjoub.ddns.net\/blog\/?p=46183' data-type='post'>The Dead Outside<\/a><\/td>\n<td data-align='center'>17-f\u00e9vrier-2011<\/td>\n<td data-align='center'>3<\/td>\n<td style='text-align:left'><\/td>\n<\/tr>\n<tr style='height: 24px;'>\n<td style='text-align:left'><a href='http:\/\/joubjoub.ddns.net\/blog\/?p=46207' data-type='post'>The Interceptor<\/a><\/td>\n<td data-align='center'>11-mars-2011<\/td>\n<td data-align='center'>3<\/td>\n<td style='text-align:left'>Adaptation, <\/td>\n<\/tr>\n<tr style='height: 24px;'>\n<td style='text-align:left'><a href='http:\/\/joubjoub.ddns.net\/blog\/?p=46119' data-type='post'>The Social Network<\/a><\/td>\n<td data-align='center'>4-janvier-2011<\/td>\n<td data-align='center'>3<\/td>\n<td style='text-align:left'>Adaptation, 1001 films,<\/td>\n<\/tr>\n<tr style='height: 24px;'>\n<td style='text-align:left'><a href='http:\/\/joubjoub.ddns.net\/blog\/?p=46137' data-type='post'>The Town<\/a><\/td>\n<td data-align='center'>20-janvier-2011<\/td>\n<td data-align='center'>3<\/td>\n<td style='text-align:left'>Adaptation, <\/td>\n<\/tr>\n<tr style='height: 24px;'>\n<td style='text-align:left'><a href='http:\/\/joubjoub.ddns.net\/blog\/?p=46233' data-type='post'>The Traveler \u2013 Le justicier des t\u00e9n\u00e8bres<\/a><\/td>\n<td data-align='center'>22-juillet-2011<\/td>\n<td data-align='center'>3<\/td>\n<td style='text-align:left'><\/td>\n<\/tr>\n<tr style='height: 24px;'>\n<td style='text-align:left'><a href='http:\/\/joubjoub.ddns.net\/blog\/?p=46255' data-type='post'>Thor<\/a><\/td>\n<td data-align='center'>19-d\u00e9cembre-2011<\/td>\n<td data-align='center'>3<\/td>\n<td style='text-align:left'>Franchise \u00ab\u00a0M.C.U.\u00a0\u00bb,<\/td>\n<\/tr>\n<tr style='height: 24px;'>\n<td style='text-align:left'><a href='http:\/\/joubjoub.ddns.net\/blog\/?p=46185' data-type='post'>Tokyo Gore Police<\/a><\/td>\n<td data-align='center'>21-f\u00e9vrier-2011<\/td>\n<td data-align='center'>3<\/td>\n<td style='text-align:left'><\/td>\n<\/tr>\n<tr style='height: 24px;'>\n<td style='text-align:left'><a href='http:\/\/joubjoub.ddns.net\/blog\/?p=46201' data-type='post'>TRON : L\u2019h\u00e9ritage<\/a><\/td>\n<td data-align='center'>4-mars-2011<\/td>\n<td data-align='center'>3<\/td>\n<td style='text-align:left'>Disney,<\/td>\n<\/tr>\n<tr style='height: 24px;'>\n<td style='text-align:left'><a href='http:\/\/joubjoub.ddns.net\/blog\/?p=46243' data-type='post'>True Grit<\/a><\/td>\n<td data-align='center'>29-ao\u00fbt-2011<\/td>\n<td data-align='center'>4<\/td>\n<td style='text-align:left'>Adaptation, 1001 films,<\/td>\n<\/tr>\n<tr style='height: 24px;'>\n<td style='text-align:left'><a href='http:\/\/joubjoub.ddns.net\/blog\/?p=46127' data-type='post'>Twelve<\/a><\/td>\n<td data-align='center'>11-janvier-2011<\/td>\n<td data-align='center'>3<\/td>\n<td style='text-align:left'>Adaptation, <\/td>\n<\/tr>\n<tr style='height: 24px;'>\n<td style='text-align:left'><a href='http:\/\/joubjoub.ddns.net\/blog\/?p=46203' data-type='post'>Ultimate Patrol<\/a><\/td>\n<td data-align='center'>7-mars-2011<\/td>\n<td data-align='center'>3<\/td>\n<td style='text-align:left'><\/td>\n<\/tr>\n<\/tbody>\n<tfoot>\n<tr style=\"height: 24px;\">\n<td class=\"has-text-align-left\" style=\"height: 24px; font-size: 18px;\" data-align=\"left\"><span class=\"has-inline-color has-vivid-cyan-blue-color\"><strong>TOTAL : 70 films vus en 2011<\/strong><\/span><\/td>\n<td class=\"has-text-align-center\" style=\"height: 24px;\" data-align=\"center\">\u00a0<\/td>\n<td class=\"has-text-align-center\" style=\"height: 24px;\" data-align=\"center\">\u00a0<\/td>\n<td class=\"has-text-align-center\" style=\"height: 24px;\" data-align=\"center\">\u00a0<\/td>\n<\/tr>\n<\/tfoot>\n<\/table>\n<p><\/center><\/p>\n","protected":false},"excerpt":{"rendered":"<p>Titre Date Note Commentaires Association de malfaiteurs 2-juin-2011 1 Au-del\u00e0 11-mars-2011 3 B\u00e9b\u00e9s 23-janvier-2011 3 Black Dawn \u2013 Dernier recours 19-juillet-2011 3 Black Swan 14-mars-2011 \u2764 1001 films, Blood Island 20-ao\u00fbt-2011 3 Blue Valentine 29-ao\u00fbt-2011 4 Buried 25-janvier-2011 4 Captifs 14-f\u00e9vrier-2011 3 Colombiana 6-d\u00e9cembre-2011 3 Commando de l\u2019ombre 10-janvier-2011 3 Crime d\u2019amour 1-f\u00e9vrier-2011 3 Des hommes et des dieux 24-f\u00e9vrier-2011&#46;&#46;&#46;<\/p>\n","protected":false},"author":1,"featured_media":0,"parent":0,"menu_order":0,"comment_status":"closed","ping_status":"closed","template":"","meta":{"footnotes":""},"class_list":["post-46391","page","type-page","status-publish","hentry"],"_links":{"self":[{"href":"https:\/\/joubjoub.ddns.net\/blog\/index.php?rest_route=\/wp\/v2\/pages\/46391","targetHints":{"allow":["GET"]}}],"collection":[{"href":"https:\/\/joubjoub.ddns.net\/blog\/index.php?rest_route=\/wp\/v2\/pages"}],"about":[{"href":"https:\/\/joubjoub.ddns.net\/blog\/index.php?rest_route=\/wp\/v2\/types\/page"}],"author":[{"embeddable":true,"href":"https:\/\/joubjoub.ddns.net\/blog\/index.php?rest_route=\/wp\/v2\/users\/1"}],"replies":[{"embeddable":true,"href":"https:\/\/joubjoub.ddns.net\/blog\/index.php?rest_route=%2Fwp%2Fv2%2Fcomments&post=46391"}],"version-history":[{"count":1,"href":"https:\/\/joubjoub.ddns.net\/blog\/index.php?rest_route=\/wp\/v2\/pages\/46391\/revisions"}],"predecessor-version":[{"id":46392,"href":"https:\/\/joubjoub.ddns.net\/blog\/index.php?rest_route=\/wp\/v2\/pages\/46391\/revisions\/46392"}],"wp:attachment":[{"href":"https:\/\/joubjoub.ddns.net\/blog\/index.php?rest_route=%2Fwp%2Fv2%2Fmedia&parent=46391"}],"curies":[{"name":"wp","href":"https:\/\/api.w.org\/{rel}","templated":true}]}}