{"id":46557,"date":"2025-06-16T12:32:53","date_gmt":"2025-06-16T10:32:53","guid":{"rendered":"http:\/\/joubjoub.ddns.net\/blog\/?page_id=46557"},"modified":"2025-06-16T12:32:53","modified_gmt":"2025-06-16T10:32:53","slug":"films-vus-en-2013","status":"publish","type":"page","link":"https:\/\/joubjoub.ddns.net\/blog\/?page_id=46557","title":{"rendered":"Films vus en 2013"},"content":{"rendered":"<p><center><\/p>\n<table style=\"width: 90%;\">\n<thead>\n<tr style='height: 24px; font-size: 18px;'>\n<th style='text-align:left'>Titre<\/th>\n<th data-align='center'>Date<\/th>\n<th data-align='center'>Note<\/th>\n<th data-align='center'>Commentaires<\/th>\n<\/tr>\n<\/thead>\n<tbody>\n<tr style='height: 24px;'>\n<td style='text-align:left'><a href='http:\/\/joubjoub.ddns.net\/blog\/?p=46444' data-type='post'>20 ans d\u2019\u00e9cart<\/a><\/td>\n<td data-align='center'>7-mars-2013<\/td>\n<td data-align='center'>4<\/td>\n<td style='text-align:left'><\/td>\n<\/tr>\n<tr style='height: 24px;'>\n<td style='text-align:left'><a href='http:\/\/joubjoub.ddns.net\/blog\/?p=46448' data-type='post'>7 psychopathes<\/a><\/td>\n<td data-align='center'>18-mars-2013<\/td>\n<td data-align='center'>3<\/td>\n<td style='text-align:left'><\/td>\n<\/tr>\n<tr style='height: 24px;'>\n<td style='text-align:left'><a href='http:\/\/joubjoub.ddns.net\/blog\/?p=46512' data-type='post'>Antiviral<\/a><\/td>\n<td data-align='center'>18-juin-2013<\/td>\n<td data-align='center'>4<\/td>\n<td style='text-align:left'><\/td>\n<\/tr>\n<tr style='height: 24px;'>\n<td style='text-align:left'><a href='http:\/\/joubjoub.ddns.net\/blog\/?p=46430' data-type='post'>Anvil!<\/a><\/td>\n<td data-align='center'>13-f\u00e9vrier-2013<\/td>\n<td data-align='center'>4<\/td>\n<td style='text-align:left'>1001 films,<\/td>\n<\/tr>\n<tr style='height: 24px;'>\n<td style='text-align:left'><a href='http:\/\/joubjoub.ddns.net\/blog\/?p=46488' data-type='post'>Argo<\/a><\/td>\n<td data-align='center'>30-mai-2013<\/td>\n<td data-align='center'>4<\/td>\n<td style='text-align:left'>1001 films,<\/td>\n<\/tr>\n<tr style='height: 24px;'>\n<td style='text-align:left'><a href='http:\/\/joubjoub.ddns.net\/blog\/?p=46422' data-type='post'>Borat : Le\u00e7ons culturelles sur l\u2019Am\u00e9rique pour profit glorieuse nation Kazakhstan<\/a><\/td>\n<td data-align='center'>3-f\u00e9vrier-2013<\/td>\n<td data-align='center'>1<\/td>\n<td style='text-align:left'>1001 films,<\/td>\n<\/tr>\n<tr style='height: 24px;'>\n<td style='text-align:left'><a href='http:\/\/joubjoub.ddns.net\/blog\/?p=46550' data-type='post'>Bring Me the Head of the Machine Gun Woman<\/a><\/td>\n<td data-align='center'>14-d\u00e9cembre-2013<\/td>\n<td data-align='center'>3<\/td>\n<td style='text-align:left'><\/td>\n<\/tr>\n<tr style='height: 24px;'>\n<td style='text-align:left'><a href='http:\/\/joubjoub.ddns.net\/blog\/?p=46474' data-type='post'>Cheval de guerre<\/a><\/td>\n<td data-align='center'>8-mai-2013<\/td>\n<td data-align='center'>3<\/td>\n<td style='text-align:left'>Adaptation, 1001 films,<\/td>\n<\/tr>\n<tr style='height: 24px;'>\n<td style='text-align:left'><a href='http:\/\/joubjoub.ddns.net\/blog\/?p=46480' data-type='post'>Cloud Atlas<\/a><\/td>\n<td data-align='center'>26-mai-2013<\/td>\n<td data-align='center'>4<\/td>\n<td style='text-align:left'>Adaptation, <\/td>\n<\/tr>\n<tr style='height: 24px;'>\n<td style='text-align:left'><a href='http:\/\/joubjoub.ddns.net\/blog\/?p=46484' data-type='post'>Cogan : Killing Them Softly<\/a><\/td>\n<td data-align='center'>28-mai-2013<\/td>\n<td data-align='center'>2<\/td>\n<td style='text-align:left'>Adaptation, <\/td>\n<\/tr>\n<tr style='height: 24px;'>\n<td style='text-align:left'><a href='http:\/\/joubjoub.ddns.net\/blog\/?p=46420' data-type='post'>Cosmopolis<\/a><\/td>\n<td data-align='center'>1-f\u00e9vrier-2013<\/td>\n<td data-align='center'>4<\/td>\n<td style='text-align:left'>Adaptation, <\/td>\n<\/tr>\n<tr style='height: 24px;'>\n<td style='text-align:left'><a href='http:\/\/joubjoub.ddns.net\/blog\/?p=46504' data-type='post'>Cr\u00e9ation<\/a><\/td>\n<td data-align='center'>13-juin-2013<\/td>\n<td data-align='center'>4<\/td>\n<td style='text-align:left'>Adaptation, <\/td>\n<\/tr>\n<tr style='height: 24px;'>\n<td style='text-align:left'><a href='http:\/\/joubjoub.ddns.net\/blog\/?p=46432' data-type='post'>De rouille et d\u2019os<\/a><\/td>\n<td data-align='center'>13-f\u00e9vrier-2013<\/td>\n<td data-align='center'>\u2764<\/td>\n<td style='text-align:left'>Adaptation, <\/td>\n<\/tr>\n<tr style='height: 24px;'>\n<td style='text-align:left'><a href='http:\/\/joubjoub.ddns.net\/blog\/?p=46478' data-type='post'>Die Hard : Belle journ\u00e9e pour mourir<\/a><\/td>\n<td data-align='center'>25-mai-2013<\/td>\n<td data-align='center'>3<\/td>\n<td style='text-align:left'><\/td>\n<\/tr>\n<tr style='height: 24px;'>\n<td style='text-align:left'><a href='http:\/\/joubjoub.ddns.net\/blog\/?p=46466' data-type='post'>Django Unchained<\/a><\/td>\n<td data-align='center'>30-avril-2013<\/td>\n<td data-align='center'>3<\/td>\n<td style='text-align:left'>1001 films,<\/td>\n<\/tr>\n<tr style='height: 24px;'>\n<td style='text-align:left'><a href='http:\/\/joubjoub.ddns.net\/blog\/?p=46518' data-type='post'>Du plomb dans la t\u00eate<\/a><\/td>\n<td data-align='center'>4-ao\u00fbt-2013<\/td>\n<td data-align='center'>3<\/td>\n<td style='text-align:left'>Adaptation, <\/td>\n<\/tr>\n<tr style='height: 24px;'>\n<td style='text-align:left'><a href='http:\/\/joubjoub.ddns.net\/blog\/?p=46494' data-type='post'>Effets Secondaires<\/a><\/td>\n<td data-align='center'>2-juin-2013<\/td>\n<td data-align='center'>4<\/td>\n<td style='text-align:left'><\/td>\n<\/tr>\n<tr style='height: 24px;'>\n<td style='text-align:left'><a href='http:\/\/joubjoub.ddns.net\/blog\/?p=46548' data-type='post'>Elysium<\/a><\/td>\n<td data-align='center'>14-d\u00e9cembre-2013<\/td>\n<td data-align='center'>4<\/td>\n<td style='text-align:left'><\/td>\n<\/tr>\n<tr style='height: 24px;'>\n<td style='text-align:left'><a href='http:\/\/joubjoub.ddns.net\/blog\/?p=46438' data-type='post'>Entre les murs<\/a><\/td>\n<td data-align='center'>19-f\u00e9vrier-2013<\/td>\n<td data-align='center'>4<\/td>\n<td style='text-align:left'>Adaptation, 1001 films,<\/td>\n<\/tr>\n<tr style='height: 24px;'>\n<td style='text-align:left'><a href='http:\/\/joubjoub.ddns.net\/blog\/?p=46524' data-type='post'>Evil Dead<\/a><\/td>\n<td data-align='center'>21-ao\u00fbt-2013<\/td>\n<td data-align='center'>4<\/td>\n<td style='text-align:left'><\/td>\n<\/tr>\n<tr style='height: 24px;'>\n<td style='text-align:left'><a href='http:\/\/joubjoub.ddns.net\/blog\/?p=46446' data-type='post'>Exam<\/a><\/td>\n<td data-align='center'>11-mars-2013<\/td>\n<td data-align='center'>4<\/td>\n<td style='text-align:left'><\/td>\n<\/tr>\n<tr style='height: 24px;'>\n<td style='text-align:left'><a href='http:\/\/joubjoub.ddns.net\/blog\/?p=46542' data-type='post'>Fast &#038; Furious 6<\/a><\/td>\n<td data-align='center'>9-d\u00e9cembre-2013<\/td>\n<td data-align='center'>3<\/td>\n<td style='text-align:left'><\/td>\n<\/tr>\n<tr style='height: 24px;'>\n<td style='text-align:left'><a href='http:\/\/joubjoub.ddns.net\/blog\/?p=46520' data-type='post'>G.I. Joe : Conspiration<\/a><\/td>\n<td data-align='center'>7-ao\u00fbt-2013<\/td>\n<td data-align='center'>3<\/td>\n<td style='text-align:left'><\/td>\n<\/tr>\n<tr style='height: 24px;'>\n<td style='text-align:left'><a href='http:\/\/joubjoub.ddns.net\/blog\/?p=46426' data-type='post'>Gomorra<\/a><\/td>\n<td data-align='center'>11-f\u00e9vrier-2013<\/td>\n<td data-align='center'>4<\/td>\n<td style='text-align:left'>Adaptation, 1001 films,<\/td>\n<\/tr>\n<tr style='height: 24px;'>\n<td style='text-align:left'><a href='http:\/\/joubjoub.ddns.net\/blog\/?p=46492' data-type='post'>Hansel &#038; Gretel : Witch Hunters<\/a><\/td>\n<td data-align='center'>31-mai-2013<\/td>\n<td data-align='center'>3<\/td>\n<td style='text-align:left'><\/td>\n<\/tr>\n<tr style='height: 24px;'>\n<td style='text-align:left'><a href='http:\/\/joubjoub.ddns.net\/blog\/?p=46486' data-type='post'>Hugo Cabret<\/a><\/td>\n<td data-align='center'>29-mai-2013<\/td>\n<td data-align='center'>4<\/td>\n<td style='text-align:left'>Adaptation, 1001 films,<\/td>\n<\/tr>\n<tr style='height: 24px;'>\n<td style='text-align:left'><a href='http:\/\/joubjoub.ddns.net\/blog\/?p=46416' data-type='post'>In the loop<\/a><\/td>\n<td data-align='center'>31-janvier-2013<\/td>\n<td data-align='center'>4<\/td>\n<td style='text-align:left'>1001 films,<\/td>\n<\/tr>\n<tr style='height: 24px;'>\n<td style='text-align:left'><a href='http:\/\/joubjoub.ddns.net\/blog\/?p=46530' data-type='post'>Insaisissables<\/a><\/td>\n<td data-align='center'>3-septembre-2013<\/td>\n<td data-align='center'>4<\/td>\n<td style='text-align:left'><\/td>\n<\/tr>\n<tr style='height: 24px;'>\n<td style='text-align:left'><a href='http:\/\/joubjoub.ddns.net\/blog\/?p=46510' data-type='post'>Intouchables<\/a><\/td>\n<td data-align='center'>18-juin-2013<\/td>\n<td data-align='center'>4<\/td>\n<td style='text-align:left'>Adaptation, <\/td>\n<\/tr>\n<tr style='height: 24px;'>\n<td style='text-align:left'><a href='http:\/\/joubjoub.ddns.net\/blog\/?p=46536' data-type='post'>Iron Man 3<\/a><\/td>\n<td data-align='center'>8-septembre-2013<\/td>\n<td data-align='center'>3<\/td>\n<td style='text-align:left'>Franchise \u00ab\u00a0M.C.U.\u00a0\u00bb,<\/td>\n<\/tr>\n<tr style='height: 24px;'>\n<td style='text-align:left'><a href='http:\/\/joubjoub.ddns.net\/blog\/?p=46470' data-type='post'>J. Edgar<\/a><\/td>\n<td data-align='center'>3-mai-2013<\/td>\n<td data-align='center'>3<\/td>\n<td style='text-align:left'><\/td>\n<\/tr>\n<tr style='height: 24px;'>\n<td style='text-align:left'><a href='http:\/\/joubjoub.ddns.net\/blog\/?p=46460' data-type='post'>Jack Reacher<\/a><\/td>\n<td data-align='center'>25-avril-2013<\/td>\n<td data-align='center'>4<\/td>\n<td style='text-align:left'>Adaptation, <\/td>\n<\/tr>\n<tr style='height: 24px;'>\n<td style='text-align:left'><a href='http:\/\/joubjoub.ddns.net\/blog\/?p=46452' data-type='post'>Jason Bourne : l\u2019h\u00e9ritage<\/a><\/td>\n<td data-align='center'>21-mars-2013<\/td>\n<td data-align='center'>3<\/td>\n<td style='text-align:left'><\/td>\n<\/tr>\n<tr style='height: 24px;'>\n<td style='text-align:left'><a href='http:\/\/joubjoub.ddns.net\/blog\/?p=46544' data-type='post'>L\u2019homme qui r\u00e9tr\u00e9cit<\/a><\/td>\n<td data-align='center'>10-d\u00e9cembre-2013<\/td>\n<td data-align='center'>\u2764<\/td>\n<td style='text-align:left'>Adaptation, 1001 films,<\/td>\n<\/tr>\n<tr style='height: 24px;'>\n<td style='text-align:left'><a href='http:\/\/joubjoub.ddns.net\/blog\/?p=46538' data-type='post'>La bombe<\/a><\/td>\n<td data-align='center'>11-septembre-2013<\/td>\n<td data-align='center'>4<\/td>\n<td style='text-align:left'>1001 films,<\/td>\n<\/tr>\n<tr style='height: 24px;'>\n<td style='text-align:left'><a href='http:\/\/joubjoub.ddns.net\/blog\/?p=46540' data-type='post'>La cabane dans les bois<\/a><\/td>\n<td data-align='center'>9-d\u00e9cembre-2013<\/td>\n<td data-align='center'>\u2764<\/td>\n<td style='text-align:left'>1001 films,<\/td>\n<\/tr>\n<tr style='height: 24px;'>\n<td style='text-align:left'><a href='http:\/\/joubjoub.ddns.net\/blog\/?p=46442' data-type='post'>La d\u00e9licatesse<\/a><\/td>\n<td data-align='center'>2-mars-2013<\/td>\n<td data-align='center'>3<\/td>\n<td style='text-align:left'>Adaptation, <\/td>\n<\/tr>\n<tr style='height: 24px;'>\n<td style='text-align:left'><a href='http:\/\/joubjoub.ddns.net\/blog\/?p=46514' data-type='post'>La M\u00f4me<\/a><\/td>\n<td data-align='center'>20-juin-2013<\/td>\n<td data-align='center'>\u2764<\/td>\n<td style='text-align:left'>1001 films,<\/td>\n<\/tr>\n<tr style='height: 24px;'>\n<td style='text-align:left'><a href='http:\/\/joubjoub.ddns.net\/blog\/?p=46464' data-type='post'>La taupe<\/a><\/td>\n<td data-align='center'>29-avril-2013<\/td>\n<td data-align='center'>4<\/td>\n<td style='text-align:left'>Adaptation, 1001 films,<\/td>\n<\/tr>\n<tr style='height: 24px;'>\n<td style='text-align:left'><a href='http:\/\/joubjoub.ddns.net\/blog\/?p=46476' data-type='post'>Le dernier rempart<\/a><\/td>\n<td data-align='center'>23-mai-2013<\/td>\n<td data-align='center'>3<\/td>\n<td style='text-align:left'><\/td>\n<\/tr>\n<tr style='height: 24px;'>\n<td style='text-align:left'><a href='http:\/\/joubjoub.ddns.net\/blog\/?p=46490' data-type='post'>Le gamin au v\u00e9lo<\/a><\/td>\n<td data-align='center'>31-mai-2013<\/td>\n<td data-align='center'>4<\/td>\n<td style='text-align:left'>1001 films,<\/td>\n<\/tr>\n<tr style='height: 24px;'>\n<td style='text-align:left'><a href='http:\/\/joubjoub.ddns.net\/blog\/?p=46402' data-type='post'>Le Havre<\/a><\/td>\n<td data-align='center'>10-janvier-2013<\/td>\n<td data-align='center'>\u2764<\/td>\n<td style='text-align:left'>1001 films,<\/td>\n<\/tr>\n<tr style='height: 24px;'>\n<td style='text-align:left'><a href='http:\/\/joubjoub.ddns.net\/blog\/?p=46554' data-type='post'>Le Retour du Jedi<\/a><\/td>\n<td data-align='center'>28-d\u00e9cembre-2013<\/td>\n<td data-align='center'>4<\/td>\n<td style='text-align:left'>1001 films,<\/td>\n<\/tr>\n<tr style='height: 24px;'>\n<td style='text-align:left'><a href='http:\/\/joubjoub.ddns.net\/blog\/?p=46424' data-type='post'>Le ruban blanc<\/a><\/td>\n<td data-align='center'>7-f\u00e9vrier-2013<\/td>\n<td data-align='center'>3<\/td>\n<td style='text-align:left'>1001 films,<\/td>\n<\/tr>\n<tr style='height: 24px;'>\n<td style='text-align:left'><a href='http:\/\/joubjoub.ddns.net\/blog\/?p=46418' data-type='post'>Les saveurs du Palais<\/a><\/td>\n<td data-align='center'>1-f\u00e9vrier-2013<\/td>\n<td data-align='center'>4<\/td>\n<td style='text-align:left'><\/td>\n<\/tr>\n<tr style='height: 24px;'>\n<td style='text-align:left'><a href='http:\/\/joubjoub.ddns.net\/blog\/?p=46502' data-type='post'>Les trois prochains jours<\/a><\/td>\n<td data-align='center'>12-juin-2013<\/td>\n<td data-align='center'>4<\/td>\n<td style='text-align:left'><\/td>\n<\/tr>\n<tr style='height: 24px;'>\n<td style='text-align:left'><a href='http:\/\/joubjoub.ddns.net\/blog\/?p=46498' data-type='post'>Lincoln<\/a><\/td>\n<td data-align='center'>5-juin-2013<\/td>\n<td data-align='center'>4<\/td>\n<td style='text-align:left'>Adaptation, 1001 films,<\/td>\n<\/tr>\n<tr style='height: 24px;'>\n<td style='text-align:left'><a href='http:\/\/joubjoub.ddns.net\/blog\/?p=46400' data-type='post'>Looper<\/a><\/td>\n<td data-align='center'>9-janvier-2013<\/td>\n<td data-align='center'>4<\/td>\n<td style='text-align:left'><\/td>\n<\/tr>\n<tr style='height: 24px;'>\n<td style='text-align:left'><a href='http:\/\/joubjoub.ddns.net\/blog\/?p=46462' data-type='post'>Maximum Conviction<\/a><\/td>\n<td data-align='center'>29-avril-2013<\/td>\n<td data-align='center'>3<\/td>\n<td style='text-align:left'><\/td>\n<\/tr>\n<tr style='height: 24px;'>\n<td style='text-align:left'><a href='http:\/\/joubjoub.ddns.net\/blog\/?p=46456' data-type='post'>Mes meilleures amies<\/a><\/td>\n<td data-align='center'>23-mars-2013<\/td>\n<td data-align='center'>1<\/td>\n<td style='text-align:left'>1001 films,<\/td>\n<\/tr>\n<tr style='height: 24px;'>\n<td style='text-align:left'><a href='http:\/\/joubjoub.ddns.net\/blog\/?p=46458' data-type='post'>Mill\u00e9nium : les hommes qui n\u2019aimaient pas les femmes<\/a><\/td>\n<td data-align='center'>28-mars-2013<\/td>\n<td data-align='center'>4<\/td>\n<td style='text-align:left'>Adaptation, 1001 films,<\/td>\n<\/tr>\n<tr style='height: 24px;'>\n<td style='text-align:left'><a href='http:\/\/joubjoub.ddns.net\/blog\/?p=46410' data-type='post'>Morse<\/a><\/td>\n<td data-align='center'>29-janvier-2013<\/td>\n<td data-align='center'>4<\/td>\n<td style='text-align:left'>Adaptation, 1001 films,<\/td>\n<\/tr>\n<tr style='height: 24px;'>\n<td style='text-align:left'><a href='http:\/\/joubjoub.ddns.net\/blog\/?p=46516' data-type='post'>No Country for Old Men<\/a><\/td>\n<td data-align='center'>21-juin-2013<\/td>\n<td data-align='center'>3<\/td>\n<td style='text-align:left'>Adaptation, 1001 films,<\/td>\n<\/tr>\n<tr style='height: 24px;'>\n<td style='text-align:left'><a href='http:\/\/joubjoub.ddns.net\/blog\/?p=46522' data-type='post'>Oblivion<\/a><\/td>\n<td data-align='center'>19-ao\u00fbt-2013<\/td>\n<td data-align='center'>4<\/td>\n<td style='text-align:left'><\/td>\n<\/tr>\n<tr style='height: 24px;'>\n<td style='text-align:left'><a href='http:\/\/joubjoub.ddns.net\/blog\/?p=46528' data-type='post'>Only God Forgives<\/a><\/td>\n<td data-align='center'>1-septembre-2013<\/td>\n<td data-align='center'>4<\/td>\n<td style='text-align:left'><\/td>\n<\/tr>\n<tr style='height: 24px;'>\n<td style='text-align:left'><a href='http:\/\/joubjoub.ddns.net\/blog\/?p=46482' data-type='post'>Parker<\/a><\/td>\n<td data-align='center'>28-mai-2013<\/td>\n<td data-align='center'>3<\/td>\n<td style='text-align:left'>Adaptation, <\/td>\n<\/tr>\n<tr style='height: 24px;'>\n<td style='text-align:left'><a href='http:\/\/joubjoub.ddns.net\/blog\/?p=46472' data-type='post'>Quartier lointain<\/a><\/td>\n<td data-align='center'>6-mai-2013<\/td>\n<td data-align='center'>3<\/td>\n<td style='text-align:left'>Adaptation, <\/td>\n<\/tr>\n<tr style='height: 24px;'>\n<td style='text-align:left'><a href='http:\/\/joubjoub.ddns.net\/blog\/?p=46428' data-type='post'>Resident Evil\u00a0: Retribution<\/a><\/td>\n<td data-align='center'>12-f\u00e9vrier-2013<\/td>\n<td data-align='center'>2<\/td>\n<td style='text-align:left'><\/td>\n<\/tr>\n<tr style='height: 24px;'>\n<td style='text-align:left'><a href='http:\/\/joubjoub.ddns.net\/blog\/?p=46500' data-type='post'>Rhum Express<\/a><\/td>\n<td data-align='center'>10-juin-2013<\/td>\n<td data-align='center'>3<\/td>\n<td style='text-align:left'>Adaptation, <\/td>\n<\/tr>\n<tr style='height: 24px;'>\n<td style='text-align:left'><a href='http:\/\/joubjoub.ddns.net\/blog\/?p=46440' data-type='post'>Savages<\/a><\/td>\n<td data-align='center'>25-f\u00e9vrier-2013<\/td>\n<td data-align='center'>4<\/td>\n<td style='text-align:left'>Adaptation, <\/td>\n<\/tr>\n<tr style='height: 24px;'>\n<td style='text-align:left'><a href='http:\/\/joubjoub.ddns.net\/blog\/?p=46408' data-type='post'>Senna<\/a><\/td>\n<td data-align='center'>27-janvier-2013<\/td>\n<td data-align='center'>4<\/td>\n<td style='text-align:left'>1001 films,<\/td>\n<\/tr>\n<tr style='height: 24px;'>\n<td style='text-align:left'><a href='http:\/\/joubjoub.ddns.net\/blog\/?p=46412' data-type='post'>Shame<\/a><\/td>\n<td data-align='center'>30-janvier-2013<\/td>\n<td data-align='center'>1<\/td>\n<td style='text-align:left'>1001 films,<\/td>\n<\/tr>\n<tr style='height: 24px;'>\n<td style='text-align:left'><a href='http:\/\/joubjoub.ddns.net\/blog\/?p=46508' data-type='post'>Sherlock Holmes\u00a0: Jeu d\u2019ombres<\/a><\/td>\n<td data-align='center'>16-juin-2013<\/td>\n<td data-align='center'>3<\/td>\n<td style='text-align:left'><\/td>\n<\/tr>\n<tr style='height: 24px;'>\n<td style='text-align:left'><a href='http:\/\/joubjoub.ddns.net\/blog\/?p=46496' data-type='post'>Skyfall<\/a><\/td>\n<td data-align='center'>4-juin-2013<\/td>\n<td data-align='center'>4<\/td>\n<td style='text-align:left'>1001 films,<\/td>\n<\/tr>\n<tr style='height: 24px;'>\n<td style='text-align:left'><a href='http:\/\/joubjoub.ddns.net\/blog\/?p=46468' data-type='post'>Somewhere<\/a><\/td>\n<td data-align='center'>2-mai-2013<\/td>\n<td data-align='center'>1<\/td>\n<td style='text-align:left'><\/td>\n<\/tr>\n<tr style='height: 24px;'>\n<td style='text-align:left'><a href='http:\/\/joubjoub.ddns.net\/blog\/?p=46534' data-type='post'>Star Trek Into Darkness<\/a><\/td>\n<td data-align='center'>4-septembre-2013<\/td>\n<td data-align='center'>3<\/td>\n<td style='text-align:left'><\/td>\n<\/tr>\n<tr style='height: 24px;'>\n<td style='text-align:left'><a href='http:\/\/joubjoub.ddns.net\/blog\/?p=46398' data-type='post'>Taken 2<\/a><\/td>\n<td data-align='center'>8-janvier-2013<\/td>\n<td data-align='center'>3<\/td>\n<td style='text-align:left'><\/td>\n<\/tr>\n<tr style='height: 24px;'>\n<td style='text-align:left'><a href='http:\/\/joubjoub.ddns.net\/blog\/?p=46454' data-type='post'>The Amazing Spider-Man<\/a><\/td>\n<td data-align='center'>21-mars-2013<\/td>\n<td data-align='center'>3<\/td>\n<td style='text-align:left'><\/td>\n<\/tr>\n<tr style='height: 24px;'>\n<td style='text-align:left'><a href='http:\/\/joubjoub.ddns.net\/blog\/?p=46434' data-type='post'>The Artist<\/a><\/td>\n<td data-align='center'>14-f\u00e9vrier-2013<\/td>\n<td data-align='center'>\u2764<\/td>\n<td style='text-align:left'>1001 films,<\/td>\n<\/tr>\n<tr style='height: 24px;'>\n<td style='text-align:left'><a href='http:\/\/joubjoub.ddns.net\/blog\/?p=46436' data-type='post'>The Descendants<\/a><\/td>\n<td data-align='center'>19-f\u00e9vrier-2013<\/td>\n<td data-align='center'>4<\/td>\n<td style='text-align:left'>Adaptation, 1001 films,<\/td>\n<\/tr>\n<tr style='height: 24px;'>\n<td style='text-align:left'><a href='http:\/\/joubjoub.ddns.net\/blog\/?p=46546' data-type='post'>The Grandmaster<\/a><\/td>\n<td data-align='center'>13-d\u00e9cembre-2013<\/td>\n<td data-align='center'>4<\/td>\n<td style='text-align:left'><\/td>\n<\/tr>\n<tr style='height: 24px;'>\n<td style='text-align:left'><a href='http:\/\/joubjoub.ddns.net\/blog\/?p=46532' data-type='post'>The Place Beyond the Pines<\/a><\/td>\n<td data-align='center'>4-septembre-2013<\/td>\n<td data-align='center'>2<\/td>\n<td style='text-align:left'><\/td>\n<\/tr>\n<tr style='height: 24px;'>\n<td style='text-align:left'><a href='http:\/\/joubjoub.ddns.net\/blog\/?p=46406' data-type='post'>The Secret<\/a><\/td>\n<td data-align='center'>17-janvier-2013<\/td>\n<td data-align='center'>4<\/td>\n<td style='text-align:left'><\/td>\n<\/tr>\n<tr style='height: 24px;'>\n<td style='text-align:left'><a href='http:\/\/joubjoub.ddns.net\/blog\/?p=46506' data-type='post'>The Tree of Life : L\u2019arbre de vie<\/a><\/td>\n<td data-align='center'>15-juin-2013<\/td>\n<td data-align='center'>\u2764<\/td>\n<td style='text-align:left'>1001 films,<\/td>\n<\/tr>\n<tr style='height: 24px;'>\n<td style='text-align:left'><a href='http:\/\/joubjoub.ddns.net\/blog\/?p=46526' data-type='post'>There Will Be Blood<\/a><\/td>\n<td data-align='center'>29-ao\u00fbt-2013<\/td>\n<td data-align='center'>4<\/td>\n<td style='text-align:left'>Adaptation, 1001 films,<\/td>\n<\/tr>\n<tr style='height: 24px;'>\n<td style='text-align:left'><a href='http:\/\/joubjoub.ddns.net\/blog\/?p=46552' data-type='post'>Toy Story<\/a><\/td>\n<td data-align='center'>16-d\u00e9cembre-2013<\/td>\n<td data-align='center'>4<\/td>\n<td style='text-align:left'>1001 films,<\/td>\n<\/tr>\n<tr style='height: 24px;'>\n<td style='text-align:left'><a href='http:\/\/joubjoub.ddns.net\/blog\/?p=46404' data-type='post'>Twixt<\/a><\/td>\n<td data-align='center'>11-janvier-2013<\/td>\n<td data-align='center'>3<\/td>\n<td style='text-align:left'><\/td>\n<\/tr>\n<tr style='height: 24px;'>\n<td style='text-align:left'><a href='http:\/\/joubjoub.ddns.net\/blog\/?p=46414' data-type='post'>Une \u00e9ducation<\/a><\/td>\n<td data-align='center'>30-janvier-2013<\/td>\n<td data-align='center'>3<\/td>\n<td style='text-align:left'>1001 films,<\/td>\n<\/tr>\n<tr style='height: 24px;'>\n<td style='text-align:left'><a href='http:\/\/joubjoub.ddns.net\/blog\/?p=46450' data-type='post'>Une s\u00e9paration<\/a><\/td>\n<td data-align='center'>19-mars-2013<\/td>\n<td data-align='center'>3<\/td>\n<td style='text-align:left'>1001 films,<\/td>\n<\/tr>\n<\/tbody>\n<tfoot>\n<tr style=\"height: 24px;\">\n<td class=\"has-text-align-left\" style=\"height: 24px; font-size: 18px;\" data-align=\"left\"><span class=\"has-inline-color has-vivid-cyan-blue-color\"><strong>TOTAL : 79 films vus en 2013<\/strong><\/span><\/td>\n<td class=\"has-text-align-center\" style=\"height: 24px;\" data-align=\"center\">\u00a0<\/td>\n<td class=\"has-text-align-center\" style=\"height: 24px;\" data-align=\"center\">\u00a0<\/td>\n<td class=\"has-text-align-center\" style=\"height: 24px;\" data-align=\"center\">\u00a0<\/td>\n<\/tr>\n<\/tfoot>\n<\/table>\n<p><\/center><\/p>\n","protected":false},"excerpt":{"rendered":"<p>Titre Date Note Commentaires 20 ans d\u2019\u00e9cart 7-mars-2013 4 7 psychopathes 18-mars-2013 3 Antiviral 18-juin-2013 4 Anvil! 13-f\u00e9vrier-2013 4 1001 films, Argo 30-mai-2013 4 1001 films, Borat : Le\u00e7ons culturelles sur l\u2019Am\u00e9rique pour profit glorieuse nation Kazakhstan 3-f\u00e9vrier-2013 1 1001 films, Bring Me the Head of the Machine Gun Woman 14-d\u00e9cembre-2013 3 Cheval de guerre 8-mai-2013 3 Adaptation, 1001 films,&#46;&#46;&#46;<\/p>\n","protected":false},"author":1,"featured_media":0,"parent":0,"menu_order":0,"comment_status":"closed","ping_status":"closed","template":"","meta":{"footnotes":""},"class_list":["post-46557","page","type-page","status-publish","hentry"],"_links":{"self":[{"href":"https:\/\/joubjoub.ddns.net\/blog\/index.php?rest_route=\/wp\/v2\/pages\/46557","targetHints":{"allow":["GET"]}}],"collection":[{"href":"https:\/\/joubjoub.ddns.net\/blog\/index.php?rest_route=\/wp\/v2\/pages"}],"about":[{"href":"https:\/\/joubjoub.ddns.net\/blog\/index.php?rest_route=\/wp\/v2\/types\/page"}],"author":[{"embeddable":true,"href":"https:\/\/joubjoub.ddns.net\/blog\/index.php?rest_route=\/wp\/v2\/users\/1"}],"replies":[{"embeddable":true,"href":"https:\/\/joubjoub.ddns.net\/blog\/index.php?rest_route=%2Fwp%2Fv2%2Fcomments&post=46557"}],"version-history":[{"count":1,"href":"https:\/\/joubjoub.ddns.net\/blog\/index.php?rest_route=\/wp\/v2\/pages\/46557\/revisions"}],"predecessor-version":[{"id":46558,"href":"https:\/\/joubjoub.ddns.net\/blog\/index.php?rest_route=\/wp\/v2\/pages\/46557\/revisions\/46558"}],"wp:attachment":[{"href":"https:\/\/joubjoub.ddns.net\/blog\/index.php?rest_route=%2Fwp%2Fv2%2Fmedia&parent=46557"}],"curies":[{"name":"wp","href":"https:\/\/api.w.org\/{rel}","templated":true}]}}