{"id":47418,"date":"2025-06-16T15:20:54","date_gmt":"2025-06-16T13:20:54","guid":{"rendered":"http:\/\/joubjoub.ddns.net\/blog\/?page_id=47418"},"modified":"2025-06-16T15:20:54","modified_gmt":"2025-06-16T13:20:54","slug":"films-vus-en-2018","status":"publish","type":"page","link":"https:\/\/joubjoub.ddns.net\/blog\/?page_id=47418","title":{"rendered":"Films vus en 2018"},"content":{"rendered":"<p><center><\/p>\n<table style=\"width: 90%;\">\n<thead>\n<tr style='height: 24px; font-size: 18px;'>\n<th style='text-align:left'>Titre<\/th>\n<th data-align='center'>Date<\/th>\n<th data-align='center'>Note<\/th>\n<th data-align='center'>Commentaires<\/th>\n<\/tr>\n<\/thead>\n<tbody>\n<tr style='height: 24px;'>\n<td style='text-align:left'><a href='http:\/\/joubjoub.ddns.net\/blog\/?p=47229' data-type='post'>[2] Star Wars\u00a0: Les derniers Jedi<\/a><\/td>\n<td data-align='center'>9-janvier-2018<\/td>\n<td data-align='center'>3<\/td>\n<td style='text-align:left'><\/td>\n<\/tr>\n<tr style='height: 24px;'>\n<td style='text-align:left'><a href='http:\/\/joubjoub.ddns.net\/blog\/?p=47249' data-type='post'>24H Limit<\/a><\/td>\n<td data-align='center'>13-juillet-2018<\/td>\n<td data-align='center'>3<\/td>\n<td style='text-align:left'><\/td>\n<\/tr>\n<tr style='height: 24px;'>\n<td style='text-align:left'><a href='http:\/\/joubjoub.ddns.net\/blog\/?p=47293' data-type='post'>American Nightmare 4\u00a0: Les origines<\/a><\/td>\n<td data-align='center'>9-novembre-2018<\/td>\n<td data-align='center'>3<\/td>\n<td style='text-align:left'><\/td>\n<\/tr>\n<tr style='height: 24px;'>\n<td style='text-align:left'><a href='http:\/\/joubjoub.ddns.net\/blog\/?p=47253' data-type='post'>Annihilation<\/a><\/td>\n<td data-align='center'>23-juillet-2018<\/td>\n<td data-align='center'>3<\/td>\n<td style='text-align:left'>Adaptation, <\/td>\n<\/tr>\n<tr style='height: 24px;'>\n<td style='text-align:left'><a href='http:\/\/joubjoub.ddns.net\/blog\/?p=47303' data-type='post'>Ant-Man et la Gu\u00eape<\/a><\/td>\n<td data-align='center'>7-d\u00e9cembre-2018<\/td>\n<td data-align='center'>4<\/td>\n<td style='text-align:left'>Franchise \u00ab\u00a0M.C.U.\u00a0\u00bb,<\/td>\n<\/tr>\n<tr style='height: 24px;'>\n<td style='text-align:left'><a href='http:\/\/joubjoub.ddns.net\/blog\/?p=47311' data-type='post'>Ast\u00e9rix\u00a0: Le domaine des dieux<\/a><\/td>\n<td data-align='center'>25-d\u00e9cembre-2018<\/td>\n<td data-align='center'>3<\/td>\n<td style='text-align:left'>Adaptation, En famille,<\/td>\n<\/tr>\n<tr style='height: 24px;'>\n<td style='text-align:left'><a href='http:\/\/joubjoub.ddns.net\/blog\/?p=47277' data-type='post'>Attack the Gas Station!<\/a><\/td>\n<td data-align='center'>29-ao\u00fbt-2018<\/td>\n<td data-align='center'>3<\/td>\n<td style='text-align:left'>1001 films,<\/td>\n<\/tr>\n<tr style='height: 24px;'>\n<td style='text-align:left'><a href='http:\/\/joubjoub.ddns.net\/blog\/?p=47263' data-type='post'>Avengers : Infinity War<\/a><\/td>\n<td data-align='center'>10-ao\u00fbt-2018<\/td>\n<td data-align='center'>3<\/td>\n<td style='text-align:left'>1001 films,Franchise \u00ab\u00a0M.C.U.\u00a0\u00bb,<\/td>\n<\/tr>\n<tr style='height: 24px;'>\n<td style='text-align:left'><a href='http:\/\/joubjoub.ddns.net\/blog\/?p=47259' data-type='post'>Black Panther<\/a><\/td>\n<td data-align='center'>8-ao\u00fbt-2018<\/td>\n<td data-align='center'>3<\/td>\n<td style='text-align:left'>Franchise \u00ab\u00a0M.C.U.\u00a0\u00bb,<\/td>\n<\/tr>\n<tr style='height: 24px;'>\n<td style='text-align:left'><a href='http:\/\/joubjoub.ddns.net\/blog\/?p=47225' data-type='post'>Blade Runner 2049<\/a><\/td>\n<td data-align='center'>3-janvier-2018<\/td>\n<td data-align='center'>\u2764<\/td>\n<td style='text-align:left'>1001 films,<\/td>\n<\/tr>\n<tr style='height: 24px;'>\n<td style='text-align:left'><a href='http:\/\/joubjoub.ddns.net\/blog\/?p=47245' data-type='post'>Bloodfight<\/a><\/td>\n<td data-align='center'>12-juillet-2018<\/td>\n<td data-align='center'>3<\/td>\n<td style='text-align:left'><\/td>\n<\/tr>\n<tr style='height: 24px;'>\n<td style='text-align:left'><a href='http:\/\/joubjoub.ddns.net\/blog\/?p=47237' data-type='post'>Cars 3<\/a><\/td>\n<td data-align='center'>11-mars-2018<\/td>\n<td data-align='center'>4<\/td>\n<td style='text-align:left'>En famille,<\/td>\n<\/tr>\n<tr style='height: 24px;'>\n<td style='text-align:left'><a href='http:\/\/joubjoub.ddns.net\/blog\/?p=47287' data-type='post'>Death Wish<\/a><\/td>\n<td data-align='center'>26-septembre-2018<\/td>\n<td data-align='center'>3<\/td>\n<td style='text-align:left'>Adaptation, <\/td>\n<\/tr>\n<tr style='height: 24px;'>\n<td style='text-align:left'><a href='http:\/\/joubjoub.ddns.net\/blog\/?p=47299' data-type='post'>En eaux troubles<\/a><\/td>\n<td data-align='center'>29-novembre-2018<\/td>\n<td data-align='center'>3<\/td>\n<td style='text-align:left'>Adaptation, <\/td>\n<\/tr>\n<tr style='height: 24px;'>\n<td style='text-align:left'><a href='http:\/\/joubjoub.ddns.net\/blog\/?p=47291' data-type='post'>Equalizer 2<\/a><\/td>\n<td data-align='center'>2-novembre-2018<\/td>\n<td data-align='center'>3<\/td>\n<td style='text-align:left'><\/td>\n<\/tr>\n<tr style='height: 24px;'>\n<td style='text-align:left'><a href='http:\/\/joubjoub.ddns.net\/blog\/?p=47289' data-type='post'>\u00c9vasion 2 : Le labyrinthe d\u2019Had\u00e8s<\/a><\/td>\n<td data-align='center'>11-octobre-2018<\/td>\n<td data-align='center'>3<\/td>\n<td style='text-align:left'><\/td>\n<\/tr>\n<tr style='height: 24px;'>\n<td style='text-align:left'><a href='http:\/\/joubjoub.ddns.net\/blog\/?p=47309' data-type='post'>Ghost in the Shell : The New Movie<\/a><\/td>\n<td data-align='center'>17-d\u00e9cembre-2018<\/td>\n<td data-align='center'>3<\/td>\n<td style='text-align:left'><\/td>\n<\/tr>\n<tr style='height: 24px;'>\n<td style='text-align:left'><a href='http:\/\/joubjoub.ddns.net\/blog\/?p=47281' data-type='post'>Ghostland<\/a><\/td>\n<td data-align='center'>3-septembre-2018<\/td>\n<td data-align='center'>3<\/td>\n<td style='text-align:left'><\/td>\n<\/tr>\n<tr style='height: 24px;'>\n<td style='text-align:left'><a href='http:\/\/joubjoub.ddns.net\/blog\/?p=47227' data-type='post'>Happy Birthdead<\/a><\/td>\n<td data-align='center'>8-janvier-2018<\/td>\n<td data-align='center'>4<\/td>\n<td style='text-align:left'><\/td>\n<\/tr>\n<tr style='height: 24px;'>\n<td style='text-align:left'><a href='http:\/\/joubjoub.ddns.net\/blog\/?p=47279' data-type='post'>Irr\u00e9versible<\/a><\/td>\n<td data-align='center'>29-ao\u00fbt-2018<\/td>\n<td data-align='center'>2<\/td>\n<td style='text-align:left'>1001 films,<\/td>\n<\/tr>\n<tr style='height: 24px;'>\n<td style='text-align:left'><a href='http:\/\/joubjoub.ddns.net\/blog\/?p=47271' data-type='post'>Jackie<\/a><\/td>\n<td data-align='center'>21-ao\u00fbt-2018<\/td>\n<td data-align='center'>3<\/td>\n<td style='text-align:left'>1001 films,<\/td>\n<\/tr>\n<tr style='height: 24px;'>\n<td style='text-align:left'><a href='http:\/\/joubjoub.ddns.net\/blog\/?p=47283' data-type='post'>Jigsaw<\/a><\/td>\n<td data-align='center'>11-septembre-2018<\/td>\n<td data-align='center'>4<\/td>\n<td style='text-align:left'><\/td>\n<\/tr>\n<tr style='height: 24px;'>\n<td style='text-align:left'><a href='http:\/\/joubjoub.ddns.net\/blog\/?p=47285' data-type='post'>Jurassic World : Fallen Kingdom<\/a><\/td>\n<td data-align='center'>12-septembre-2018<\/td>\n<td data-align='center'>3<\/td>\n<td style='text-align:left'><\/td>\n<\/tr>\n<tr style='height: 24px;'>\n<td style='text-align:left'><a href='http:\/\/joubjoub.ddns.net\/blog\/?p=47255' data-type='post'>Justice League<\/a><\/td>\n<td data-align='center'>26-juillet-2018<\/td>\n<td data-align='center'>3<\/td>\n<td style='text-align:left'><\/td>\n<\/tr>\n<tr style='height: 24px;'>\n<td style='text-align:left'><a href='http:\/\/joubjoub.ddns.net\/blog\/?p=47235' data-type='post'>Kung-Fu Yoga<\/a><\/td>\n<td data-align='center'>3-mars-2018<\/td>\n<td data-align='center'>3<\/td>\n<td style='text-align:left'>En famille,<\/td>\n<\/tr>\n<tr style='height: 24px;'>\n<td style='text-align:left'><a href='http:\/\/joubjoub.ddns.net\/blog\/?p=47275' data-type='post'>L\u2019homme qui tua Liberty Valance<\/a><\/td>\n<td data-align='center'>28-ao\u00fbt-2018<\/td>\n<td data-align='center'>4<\/td>\n<td style='text-align:left'>Adaptation, 1001 films,<\/td>\n<\/tr>\n<tr style='height: 24px;'>\n<td style='text-align:left'><a href='http:\/\/joubjoub.ddns.net\/blog\/?p=47307' data-type='post'>La Nonne<\/a><\/td>\n<td data-align='center'>13-d\u00e9cembre-2018<\/td>\n<td data-align='center'>3<\/td>\n<td style='text-align:left'><\/td>\n<\/tr>\n<tr style='height: 24px;'>\n<td style='text-align:left'><a href='http:\/\/joubjoub.ddns.net\/blog\/?p=47267' data-type='post'>Lady Bird<\/a><\/td>\n<td data-align='center'>20-ao\u00fbt-2018<\/td>\n<td data-align='center'>3<\/td>\n<td style='text-align:left'>1001 films,<\/td>\n<\/tr>\n<tr style='height: 24px;'>\n<td style='text-align:left'><a href='http:\/\/joubjoub.ddns.net\/blog\/?p=47305' data-type='post'>Lukas<\/a><\/td>\n<td data-align='center'>10-d\u00e9cembre-2018<\/td>\n<td data-align='center'>3<\/td>\n<td style='text-align:left'><\/td>\n<\/tr>\n<tr style='height: 24px;'>\n<td style='text-align:left'><a href='http:\/\/joubjoub.ddns.net\/blog\/?p=47269' data-type='post'>Moi, Daniel Blake<\/a><\/td>\n<td data-align='center'>21-ao\u00fbt-2018<\/td>\n<td data-align='center'>4<\/td>\n<td style='text-align:left'>1001 films,<\/td>\n<\/tr>\n<tr style='height: 24px;'>\n<td style='text-align:left'><a href='http:\/\/joubjoub.ddns.net\/blog\/?p=47265' data-type='post'>Ozzy, la Grande \u00c9vasion<\/a><\/td>\n<td data-align='center'>14-ao\u00fbt-2018<\/td>\n<td data-align='center'>3<\/td>\n<td style='text-align:left'>En famille,<\/td>\n<\/tr>\n<tr style='height: 24px;'>\n<td style='text-align:left'><a href='http:\/\/joubjoub.ddns.net\/blog\/?p=47297' data-type='post'>Peppermint<\/a><\/td>\n<td data-align='center'>29-novembre-2018<\/td>\n<td data-align='center'>3<\/td>\n<td style='text-align:left'><\/td>\n<\/tr>\n<tr style='height: 24px;'>\n<td style='text-align:left'><a href='http:\/\/joubjoub.ddns.net\/blog\/?p=47241' data-type='post'>Rampage : Hors de contr\u00f4le<\/a><\/td>\n<td data-align='center'>29-juin-2018<\/td>\n<td data-align='center'>3<\/td>\n<td style='text-align:left'><\/td>\n<\/tr>\n<tr style='height: 24px;'>\n<td style='text-align:left'><a href='http:\/\/joubjoub.ddns.net\/blog\/?p=47243' data-type='post'>Ready Player One<\/a><\/td>\n<td data-align='center'>11-juillet-2018<\/td>\n<td data-align='center'>3<\/td>\n<td style='text-align:left'>Adaptation, <\/td>\n<\/tr>\n<tr style='height: 24px;'>\n<td style='text-align:left'><a href='http:\/\/joubjoub.ddns.net\/blog\/?p=47257' data-type='post'>Sans un bruit<\/a><\/td>\n<td data-align='center'>27-juillet-2018<\/td>\n<td data-align='center'>3<\/td>\n<td style='text-align:left'><\/td>\n<\/tr>\n<tr style='height: 24px;'>\n<td style='text-align:left'><a href='http:\/\/joubjoub.ddns.net\/blog\/?p=47273' data-type='post'>Taxi 5<\/a><\/td>\n<td data-align='center'>27-ao\u00fbt-2018<\/td>\n<td data-align='center'>3<\/td>\n<td style='text-align:left'><\/td>\n<\/tr>\n<tr style='height: 24px;'>\n<td style='text-align:left'><a href='http:\/\/joubjoub.ddns.net\/blog\/?p=47233' data-type='post'>The Cloverfield Paradox<\/a><\/td>\n<td data-align='center'>28-f\u00e9vrier-2018<\/td>\n<td data-align='center'>3<\/td>\n<td style='text-align:left'><\/td>\n<\/tr>\n<tr style='height: 24px;'>\n<td style='text-align:left'><a href='http:\/\/joubjoub.ddns.net\/blog\/?p=47251' data-type='post'>The Foreigner<\/a><\/td>\n<td data-align='center'>23-juillet-2018<\/td>\n<td data-align='center'>3<\/td>\n<td style='text-align:left'>Adaptation, <\/td>\n<\/tr>\n<tr style='height: 24px;'>\n<td style='text-align:left'><a href='http:\/\/joubjoub.ddns.net\/blog\/?p=47239' data-type='post'>The Passenger<\/a><\/td>\n<td data-align='center'>27-juin-2018<\/td>\n<td data-align='center'>3<\/td>\n<td style='text-align:left'><\/td>\n<\/tr>\n<tr style='height: 24px;'>\n<td style='text-align:left'><a href='http:\/\/joubjoub.ddns.net\/blog\/?p=47261' data-type='post'>Thor : Ragnarok<\/a><\/td>\n<td data-align='center'>9-ao\u00fbt-2018<\/td>\n<td data-align='center'>3<\/td>\n<td style='text-align:left'>Franchise \u00ab\u00a0M.C.U.\u00a0\u00bb,<\/td>\n<\/tr>\n<tr style='height: 24px;'>\n<td style='text-align:left'><a href='http:\/\/joubjoub.ddns.net\/blog\/?p=47247' data-type='post'>Tomb Raider (2018)<\/a><\/td>\n<td data-align='center'>13-juillet-2018<\/td>\n<td data-align='center'>3<\/td>\n<td style='text-align:left'><\/td>\n<\/tr>\n<tr style='height: 24px;'>\n<td style='text-align:left'><a href='http:\/\/joubjoub.ddns.net\/blog\/?p=47295' data-type='post'>Tous en sc\u00e8ne<\/a><\/td>\n<td data-align='center'>23-novembre-2018<\/td>\n<td data-align='center'>4<\/td>\n<td style='text-align:left'>En famille,<\/td>\n<\/tr>\n<tr style='height: 24px;'>\n<td style='text-align:left'><a href='http:\/\/joubjoub.ddns.net\/blog\/?p=47231' data-type='post'>Un jour sans fin<\/a><\/td>\n<td data-align='center'>22-janvier-2018<\/td>\n<td data-align='center'>\u2764<\/td>\n<td style='text-align:left'><\/td>\n<\/tr>\n<tr style='height: 24px;'>\n<td style='text-align:left'><a href='http:\/\/joubjoub.ddns.net\/blog\/?p=47301' data-type='post'>Venom<\/a><\/td>\n<td data-align='center'>5-d\u00e9cembre-2018<\/td>\n<td data-align='center'>3<\/td>\n<td style='text-align:left'><\/td>\n<\/tr>\n<\/tbody>\n<tfoot>\n<tr style=\"height: 24px;\">\n<td class=\"has-text-align-left\" style=\"height: 24px; font-size: 18px;\" data-align=\"left\"><span class=\"has-inline-color has-vivid-cyan-blue-color\"><strong>TOTAL : 44 films vus en 2018<\/strong><\/span><\/td>\n<td class=\"has-text-align-center\" style=\"height: 24px;\" data-align=\"center\">\u00a0<\/td>\n<td class=\"has-text-align-center\" style=\"height: 24px;\" data-align=\"center\">\u00a0<\/td>\n<td class=\"has-text-align-center\" style=\"height: 24px;\" data-align=\"center\">\u00a0<\/td>\n<\/tr>\n<\/tfoot>\n<\/table>\n<p><\/center><\/p>\n","protected":false},"excerpt":{"rendered":"<p>Titre Date Note Commentaires [2] Star Wars\u00a0: Les derniers Jedi 9-janvier-2018 3 24H Limit 13-juillet-2018 3 American Nightmare 4\u00a0: Les origines 9-novembre-2018 3 Annihilation 23-juillet-2018 3 Adaptation, Ant-Man et la Gu\u00eape 7-d\u00e9cembre-2018 4 Franchise \u00ab\u00a0M.C.U.\u00a0\u00bb, Ast\u00e9rix\u00a0: Le domaine des dieux 25-d\u00e9cembre-2018 3 Adaptation, En famille, Attack the Gas Station! 29-ao\u00fbt-2018 3 1001 films, Avengers : Infinity War 10-ao\u00fbt-2018 3 1001&#46;&#46;&#46;<\/p>\n","protected":false},"author":1,"featured_media":0,"parent":0,"menu_order":0,"comment_status":"closed","ping_status":"closed","template":"","meta":{"footnotes":""},"class_list":["post-47418","page","type-page","status-publish","hentry"],"_links":{"self":[{"href":"https:\/\/joubjoub.ddns.net\/blog\/index.php?rest_route=\/wp\/v2\/pages\/47418","targetHints":{"allow":["GET"]}}],"collection":[{"href":"https:\/\/joubjoub.ddns.net\/blog\/index.php?rest_route=\/wp\/v2\/pages"}],"about":[{"href":"https:\/\/joubjoub.ddns.net\/blog\/index.php?rest_route=\/wp\/v2\/types\/page"}],"author":[{"embeddable":true,"href":"https:\/\/joubjoub.ddns.net\/blog\/index.php?rest_route=\/wp\/v2\/users\/1"}],"replies":[{"embeddable":true,"href":"https:\/\/joubjoub.ddns.net\/blog\/index.php?rest_route=%2Fwp%2Fv2%2Fcomments&post=47418"}],"version-history":[{"count":1,"href":"https:\/\/joubjoub.ddns.net\/blog\/index.php?rest_route=\/wp\/v2\/pages\/47418\/revisions"}],"predecessor-version":[{"id":47419,"href":"https:\/\/joubjoub.ddns.net\/blog\/index.php?rest_route=\/wp\/v2\/pages\/47418\/revisions\/47419"}],"wp:attachment":[{"href":"https:\/\/joubjoub.ddns.net\/blog\/index.php?rest_route=%2Fwp%2Fv2%2Fmedia&parent=47418"}],"curies":[{"name":"wp","href":"https:\/\/api.w.org\/{rel}","templated":true}]}}