{"id":47421,"date":"2025-06-16T15:22:35","date_gmt":"2025-06-16T13:22:35","guid":{"rendered":"http:\/\/joubjoub.ddns.net\/blog\/?page_id=47421"},"modified":"2025-06-16T15:25:28","modified_gmt":"2025-06-16T13:25:28","slug":"films-vus-en-2019","status":"publish","type":"page","link":"https:\/\/joubjoub.ddns.net\/blog\/?page_id=47421","title":{"rendered":"Films vus en 2019"},"content":{"rendered":"<p><center><\/p>\n<table style=\"width: 90%;\">\n<thead>\n<tr style='height: 24px; font-size: 18px;'>\n<th style='text-align:left'>Titre<\/th>\n<th data-align='center'>Date<\/th>\n<th data-align='center'>Note<\/th>\n<th data-align='center'>Commentaires<\/th>\n<\/tr>\n<\/thead>\n<tbody>\n<tr style='height: 24px;'>\n<td style='text-align:left'><a href='http:\/\/joubjoub.ddns.net\/blog\/?p=47355' data-type='post'>[2] Tous en sc\u00e8ne<\/a><\/td>\n<td data-align='center'>6-juillet-2019<\/td>\n<td data-align='center'>4<\/td>\n<td style='text-align:left'>En famille,<\/td>\n<\/tr>\n<tr style='height: 24px;'>\n<td style='text-align:left'><a href='http:\/\/joubjoub.ddns.net\/blog\/?p=47349' data-type='post'>12 hommes en col\u00e8re<\/a><\/td>\n<td data-align='center'>28-juin-2019<\/td>\n<td data-align='center'>\u2764<\/td>\n<td style='text-align:left'>Adaptation, 1001 films,<\/td>\n<\/tr>\n<tr style='height: 24px;'>\n<td style='text-align:left'><a href='http:\/\/joubjoub.ddns.net\/blog\/?p=47323' data-type='post'>22 Miles<\/a><\/td>\n<td data-align='center'>22-f\u00e9vrier-2019<\/td>\n<td data-align='center'>3<\/td>\n<td style='text-align:left'><\/td>\n<\/tr>\n<tr style='height: 24px;'>\n<td style='text-align:left'><a href='http:\/\/joubjoub.ddns.net\/blog\/?p=47369' data-type='post'>A Star Is Born (2018)<\/a><\/td>\n<td data-align='center'>2-ao\u00fbt-2019<\/td>\n<td data-align='center'>2<\/td>\n<td style='text-align:left'>1001 films,<\/td>\n<\/tr>\n<tr style='height: 24px;'>\n<td style='text-align:left'><a href='http:\/\/joubjoub.ddns.net\/blog\/?p=47363' data-type='post'>Alita : Battle Angel<\/a><\/td>\n<td data-align='center'>1-ao\u00fbt-2019<\/td>\n<td data-align='center'>3<\/td>\n<td style='text-align:left'>Adaptation, <\/td>\n<\/tr>\n<tr style='height: 24px;'>\n<td style='text-align:left'><a href='http:\/\/joubjoub.ddns.net\/blog\/?p=47365' data-type='post'>Annabelle 2 : La cr\u00e9ation du mal<\/a><\/td>\n<td data-align='center'>2-ao\u00fbt-2019<\/td>\n<td data-align='center'>3<\/td>\n<td style='text-align:left'><\/td>\n<\/tr>\n<tr style='height: 24px;'>\n<td style='text-align:left'><a href='http:\/\/joubjoub.ddns.net\/blog\/?p=47367' data-type='post'>Aquaman<\/a><\/td>\n<td data-align='center'>2-ao\u00fbt-2019<\/td>\n<td data-align='center'>3<\/td>\n<td style='text-align:left'><\/td>\n<\/tr>\n<tr style='height: 24px;'>\n<td style='text-align:left'><a href='http:\/\/joubjoub.ddns.net\/blog\/?p=47371' data-type='post'>Avengers : Endgame<\/a><\/td>\n<td data-align='center'>3-ao\u00fbt-2019<\/td>\n<td data-align='center'>3<\/td>\n<td style='text-align:left'>1001 films, En famille, Franchise \u00ab\u00a0M.C.U.\u00a0\u00bb<\/td>\n<\/tr>\n<tr style='height: 24px;'>\n<td style='text-align:left'><a href='http:\/\/joubjoub.ddns.net\/blog\/?p=47343' data-type='post'>Captain Marvel<\/a><\/td>\n<td data-align='center'>30-mai-2019<\/td>\n<td data-align='center'>3<\/td>\n<td style='text-align:left'>Franchise \u00ab\u00a0M.C.U.\u00a0\u00bb,<\/td>\n<\/tr>\n<tr style='height: 24px;'>\n<td style='text-align:left'><a href='http:\/\/joubjoub.ddns.net\/blog\/?p=47399' data-type='post'>Crawl<\/a><\/td>\n<td data-align='center'>20-d\u00e9cembre-2019<\/td>\n<td data-align='center'>3<\/td>\n<td style='text-align:left'><\/td>\n<\/tr>\n<tr style='height: 24px;'>\n<td style='text-align:left'><a href='http:\/\/joubjoub.ddns.net\/blog\/?p=47353' data-type='post'>\u00c9vasion 3 : The Extractors<\/a><\/td>\n<td data-align='center'>5-juillet-2019<\/td>\n<td data-align='center'>3<\/td>\n<td style='text-align:left'><\/td>\n<\/tr>\n<tr style='height: 24px;'>\n<td style='text-align:left'><a href='http:\/\/joubjoub.ddns.net\/blog\/?p=47385' data-type='post'>General Commander<\/a><\/td>\n<td data-align='center'>22-ao\u00fbt-2019<\/td>\n<td data-align='center'>3<\/td>\n<td style='text-align:left'><\/td>\n<\/tr>\n<tr style='height: 24px;'>\n<td style='text-align:left'><a href='http:\/\/joubjoub.ddns.net\/blog\/?p=47375' data-type='post'>Glass<\/a><\/td>\n<td data-align='center'>3-ao\u00fbt-2019<\/td>\n<td data-align='center'>3<\/td>\n<td style='text-align:left'><\/td>\n<\/tr>\n<tr style='height: 24px;'>\n<td style='text-align:left'><a href='http:\/\/joubjoub.ddns.net\/blog\/?p=47313' data-type='post'>Halloween<\/a><\/td>\n<td data-align='center'>7-janvier-2019<\/td>\n<td data-align='center'>3<\/td>\n<td style='text-align:left'><\/td>\n<\/tr>\n<tr style='height: 24px;'>\n<td style='text-align:left'><a href='http:\/\/joubjoub.ddns.net\/blog\/?p=47345' data-type='post'>Happy Birthdead 2 You<\/a><\/td>\n<td data-align='center'>10-juin-2019<\/td>\n<td data-align='center'>3<\/td>\n<td style='text-align:left'><\/td>\n<\/tr>\n<tr style='height: 24px;'>\n<td style='text-align:left'><a href='http:\/\/joubjoub.ddns.net\/blog\/?p=47327' data-type='post'>H\u00e9r\u00e9dit\u00e9<\/a><\/td>\n<td data-align='center'>23-f\u00e9vrier-2019<\/td>\n<td data-align='center'>3<\/td>\n<td style='text-align:left'><\/td>\n<\/tr>\n<tr style='height: 24px;'>\n<td style='text-align:left'><a href='http:\/\/joubjoub.ddns.net\/blog\/?p=47387' data-type='post'>H\u00f4tel Transylvanie<\/a><\/td>\n<td data-align='center'>13-septembre-2019<\/td>\n<td data-align='center'>3<\/td>\n<td style='text-align:left'>En famille,<\/td>\n<\/tr>\n<tr style='height: 24px;'>\n<td style='text-align:left'><a href='http:\/\/joubjoub.ddns.net\/blog\/?p=47379' data-type='post'>Imitation Game<\/a><\/td>\n<td data-align='center'>5-ao\u00fbt-2019<\/td>\n<td data-align='center'>4<\/td>\n<td style='text-align:left'>Adaptation, <\/td>\n<\/tr>\n<tr style='height: 24px;'>\n<td style='text-align:left'><a href='http:\/\/joubjoub.ddns.net\/blog\/?p=47329' data-type='post'>It Comes at Night<\/a><\/td>\n<td data-align='center'>23-f\u00e9vrier-2019<\/td>\n<td data-align='center'>3<\/td>\n<td style='text-align:left'><\/td>\n<\/tr>\n<tr style='height: 24px;'>\n<td style='text-align:left'><a href='http:\/\/joubjoub.ddns.net\/blog\/?p=47397' data-type='post'>John Wick : Parabellum<\/a><\/td>\n<td data-align='center'>18-d\u00e9cembre-2019<\/td>\n<td data-align='center'>3<\/td>\n<td style='text-align:left'><\/td>\n<\/tr>\n<tr style='height: 24px;'>\n<td style='text-align:left'><a href='http:\/\/joubjoub.ddns.net\/blog\/?p=47405' data-type='post'>Jumanji<\/a><\/td>\n<td data-align='center'>29-d\u00e9cembre-2019<\/td>\n<td data-align='center'>3<\/td>\n<td style='text-align:left'>Adaptation, En famille,<\/td>\n<\/tr>\n<tr style='height: 24px;'>\n<td style='text-align:left'><a href='http:\/\/joubjoub.ddns.net\/blog\/?p=47383' data-type='post'>La Mule<\/a><\/td>\n<td data-align='center'>8-ao\u00fbt-2019<\/td>\n<td data-align='center'>3<\/td>\n<td style='text-align:left'><\/td>\n<\/tr>\n<tr style='height: 24px;'>\n<td style='text-align:left'><a href='http:\/\/joubjoub.ddns.net\/blog\/?p=47401' data-type='post'>La reine des neiges<\/a><\/td>\n<td data-align='center'>23-d\u00e9cembre-2019<\/td>\n<td data-align='center'>3<\/td>\n<td style='text-align:left'>Disney,En famille,<\/td>\n<\/tr>\n<tr style='height: 24px;'>\n<td style='text-align:left'><a href='http:\/\/joubjoub.ddns.net\/blog\/?p=47403' data-type='post'>La reine des neiges II<\/a><\/td>\n<td data-align='center'>28-d\u00e9cembre-2019<\/td>\n<td data-align='center'>3<\/td>\n<td style='text-align:left'>Disney,En famille,<\/td>\n<\/tr>\n<tr style='height: 24px;'>\n<td style='text-align:left'><a href='http:\/\/joubjoub.ddns.net\/blog\/?p=47315' data-type='post'>Le conte de la princesse Kaguya<\/a><\/td>\n<td data-align='center'>13-janvier-2019<\/td>\n<td data-align='center'>3<\/td>\n<td style='text-align:left'><\/td>\n<\/tr>\n<tr style='height: 24px;'>\n<td style='text-align:left'><a href='http:\/\/joubjoub.ddns.net\/blog\/?p=47361' data-type='post'>Le myst\u00e8re Henri Pick<\/a><\/td>\n<td data-align='center'>25-juillet-2019<\/td>\n<td data-align='center'>3<\/td>\n<td style='text-align:left'>Adaptation, <\/td>\n<\/tr>\n<tr style='height: 24px;'>\n<td style='text-align:left'><a href='http:\/\/joubjoub.ddns.net\/blog\/?p=47357' data-type='post'>Le retour de Mary Poppins<\/a><\/td>\n<td data-align='center'>13-juillet-2019<\/td>\n<td data-align='center'>3<\/td>\n<td style='text-align:left'>Adaptation, Disney,En famille,<\/td>\n<\/tr>\n<tr style='height: 24px;'>\n<td style='text-align:left'><a href='http:\/\/joubjoub.ddns.net\/blog\/?p=47373' data-type='post'>Les Gardiens de la Galaxie Vol. 2<\/a><\/td>\n<td data-align='center'>3-ao\u00fbt-2019<\/td>\n<td data-align='center'>3<\/td>\n<td style='text-align:left'>Franchise \u00ab\u00a0M.C.U.\u00a0\u00bb<\/td>\n<\/tr>\n<tr style='height: 24px;'>\n<td style='text-align:left'><a href='http:\/\/joubjoub.ddns.net\/blog\/?p=47337' data-type='post'>Les Sept Mercenaires (1960)<\/a><\/td>\n<td data-align='center'>28-avril-2019<\/td>\n<td data-align='center'>3<\/td>\n<td style='text-align:left'><\/td>\n<\/tr>\n<tr style='height: 24px;'>\n<td style='text-align:left'><a href='http:\/\/joubjoub.ddns.net\/blog\/?p=47325' data-type='post'>Logan Lucky<\/a><\/td>\n<td data-align='center'>22-f\u00e9vrier-2019<\/td>\n<td data-align='center'>3<\/td>\n<td style='text-align:left'><\/td>\n<\/tr>\n<tr style='height: 24px;'>\n<td style='text-align:left'><a href='http:\/\/joubjoub.ddns.net\/blog\/?p=47335' data-type='post'>Mamma Mia!<\/a><\/td>\n<td data-align='center'>2-mars-2019<\/td>\n<td data-align='center'>3<\/td>\n<td style='text-align:left'><\/td>\n<\/tr>\n<tr style='height: 24px;'>\n<td style='text-align:left'><a href='http:\/\/joubjoub.ddns.net\/blog\/?p=47351' data-type='post'>Mary Poppins<\/a><\/td>\n<td data-align='center'>30-juin-2019<\/td>\n<td data-align='center'>4<\/td>\n<td style='text-align:left'>Adaptation, 1001 films,Disney,En famille,<\/td>\n<\/tr>\n<tr style='height: 24px;'>\n<td style='text-align:left'><a href='http:\/\/joubjoub.ddns.net\/blog\/?p=47409' data-type='post'>Merlin l\u2019enchanteur<\/a><\/td>\n<td data-align='center'>31-d\u00e9cembre-2019<\/td>\n<td data-align='center'>3<\/td>\n<td style='text-align:left'>Adaptation, Disney,En famille,<\/td>\n<\/tr>\n<tr style='height: 24px;'>\n<td style='text-align:left'><a href='http:\/\/joubjoub.ddns.net\/blog\/?p=47333' data-type='post'>Mission : Impossible \u2013 Fallout<\/a><\/td>\n<td data-align='center'>1-mars-2019<\/td>\n<td data-align='center'>3<\/td>\n<td style='text-align:left'><\/td>\n<\/tr>\n<tr style='height: 24px;'>\n<td style='text-align:left'><a href='http:\/\/joubjoub.ddns.net\/blog\/?p=47359' data-type='post'>Nicky Larson et le parfum de Cupidon<\/a><\/td>\n<td data-align='center'>24-juillet-2019<\/td>\n<td data-align='center'>4<\/td>\n<td style='text-align:left'>Adaptation, <\/td>\n<\/tr>\n<tr style='height: 24px;'>\n<td style='text-align:left'><a href='http:\/\/joubjoub.ddns.net\/blog\/?p=47321' data-type='post'>Ocean\u2019s 8<\/a><\/td>\n<td data-align='center'>21-f\u00e9vrier-2019<\/td>\n<td data-align='center'>3<\/td>\n<td style='text-align:left'><\/td>\n<\/tr>\n<tr style='height: 24px;'>\n<td style='text-align:left'><a href='http:\/\/joubjoub.ddns.net\/blog\/?p=47393' data-type='post'>Rambo : Last Blood<\/a><\/td>\n<td data-align='center'>9-d\u00e9cembre-2019<\/td>\n<td data-align='center'>3<\/td>\n<td style='text-align:left'><\/td>\n<\/tr>\n<tr style='height: 24px;'>\n<td style='text-align:left'><a href='http:\/\/joubjoub.ddns.net\/blog\/?p=47339' data-type='post'>Sang Froid<\/a><\/td>\n<td data-align='center'>13-mai-2019<\/td>\n<td data-align='center'>3<\/td>\n<td style='text-align:left'><\/td>\n<\/tr>\n<tr style='height: 24px;'>\n<td style='text-align:left'><a href='http:\/\/joubjoub.ddns.net\/blog\/?p=47389' data-type='post'>Shaun le mouton, le film\u00a0: La ferme contre-attaque<\/a><\/td>\n<td data-align='center'>20-octobre-2019<\/td>\n<td data-align='center'>3<\/td>\n<td style='text-align:left'>En famille,<\/td>\n<\/tr>\n<tr style='height: 24px;'>\n<td style='text-align:left'><a href='http:\/\/joubjoub.ddns.net\/blog\/?p=47381' data-type='post'>Simetierre<\/a><\/td>\n<td data-align='center'>7-ao\u00fbt-2019<\/td>\n<td data-align='center'>3<\/td>\n<td style='text-align:left'>Adaptation, <\/td>\n<\/tr>\n<tr style='height: 24px;'>\n<td style='text-align:left'><a href='http:\/\/joubjoub.ddns.net\/blog\/?p=47341' data-type='post'>Sleepless<\/a><\/td>\n<td data-align='center'>14-mai-2019<\/td>\n<td data-align='center'>3<\/td>\n<td style='text-align:left'><\/td>\n<\/tr>\n<tr style='height: 24px;'>\n<td style='text-align:left'><a href='http:\/\/joubjoub.ddns.net\/blog\/?p=47331' data-type='post'>Solo: A Star Wars Story<\/a><\/td>\n<td data-align='center'>24-f\u00e9vrier-2019<\/td>\n<td data-align='center'>4<\/td>\n<td style='text-align:left'><\/td>\n<\/tr>\n<tr style='height: 24px;'>\n<td style='text-align:left'><a href='http:\/\/joubjoub.ddns.net\/blog\/?p=47407' data-type='post'>Stubby<\/a><\/td>\n<td data-align='center'>30-d\u00e9cembre-2019<\/td>\n<td data-align='center'>3<\/td>\n<td style='text-align:left'>En famille,<\/td>\n<\/tr>\n<tr style='height: 24px;'>\n<td style='text-align:left'><a href='http:\/\/joubjoub.ddns.net\/blog\/?p=47377' data-type='post'>Suspiria<\/a><\/td>\n<td data-align='center'>5-ao\u00fbt-2019<\/td>\n<td data-align='center'>2<\/td>\n<td style='text-align:left'><\/td>\n<\/tr>\n<tr style='height: 24px;'>\n<td style='text-align:left'><a href='http:\/\/joubjoub.ddns.net\/blog\/?p=47317' data-type='post'>The Predator<\/a><\/td>\n<td data-align='center'>28-janvier-2019<\/td>\n<td data-align='center'>3<\/td>\n<td style='text-align:left'><\/td>\n<\/tr>\n<tr style='height: 24px;'>\n<td style='text-align:left'><a href='http:\/\/joubjoub.ddns.net\/blog\/?p=47319' data-type='post'>The Villainess<\/a><\/td>\n<td data-align='center'>1-f\u00e9vrier-2019<\/td>\n<td data-align='center'>3<\/td>\n<td style='text-align:left'><\/td>\n<\/tr>\n<tr style='height: 24px;'>\n<td style='text-align:left'><a href='http:\/\/joubjoub.ddns.net\/blog\/?p=47391' data-type='post'>Toy Story 4<\/a><\/td>\n<td data-align='center'>7-d\u00e9cembre-2019<\/td>\n<td data-align='center'>4<\/td>\n<td style='text-align:left'>1001 films,Disney,En famille,<\/td>\n<\/tr>\n<tr style='height: 24px;'>\n<td style='text-align:left'><a href='http:\/\/joubjoub.ddns.net\/blog\/?p=47347' data-type='post'>Us<\/a><\/td>\n<td data-align='center'>13-juin-2019<\/td>\n<td data-align='center'>3<\/td>\n<td style='text-align:left'><\/td>\n<\/tr>\n<tr style='height: 24px;'>\n<td style='text-align:left'><a href='http:\/\/joubjoub.ddns.net\/blog\/?p=47395' data-type='post'>Virtual Revolution<\/a><\/td>\n<td data-align='center'>16-d\u00e9cembre-2019<\/td>\n<td data-align='center'>\u2764<\/td>\n<td style='text-align:left'><\/td>\n<\/tr>\n<\/tbody>\n<tfoot>\n<tr style=\"height: 24px;\">\n<td class=\"has-text-align-left\" style=\"height: 24px; font-size: 18px;\" data-align=\"left\"><span class=\"has-inline-color has-vivid-cyan-blue-color\"><strong>TOTAL : 49 films vus en 2019<\/strong><\/span><\/td>\n<td class=\"has-text-align-center\" style=\"height: 24px;\" data-align=\"center\">\u00a0<\/td>\n<td class=\"has-text-align-center\" style=\"height: 24px;\" data-align=\"center\">\u00a0<\/td>\n<td class=\"has-text-align-center\" style=\"height: 24px;\" data-align=\"center\">\u00a0<\/td>\n<\/tr>\n<\/tfoot>\n<\/table>\n<p><\/center><\/p>\n","protected":false},"excerpt":{"rendered":"<p>Titre Date Note Commentaires [2] Tous en sc\u00e8ne 6-juillet-2019 4 En famille, 12 hommes en col\u00e8re 28-juin-2019 \u2764 Adaptation, 1001 films, 22 Miles 22-f\u00e9vrier-2019 3 A Star Is Born (2018) 2-ao\u00fbt-2019 2 1001 films, Alita : Battle Angel 1-ao\u00fbt-2019 3 Adaptation, Annabelle 2 : La cr\u00e9ation du mal 2-ao\u00fbt-2019 3 Aquaman 2-ao\u00fbt-2019 3 Avengers : Endgame 3-ao\u00fbt-2019 3 1001 films,&#46;&#46;&#46;<\/p>\n","protected":false},"author":1,"featured_media":0,"parent":0,"menu_order":0,"comment_status":"closed","ping_status":"closed","template":"","meta":{"footnotes":""},"class_list":["post-47421","page","type-page","status-publish","hentry"],"_links":{"self":[{"href":"https:\/\/joubjoub.ddns.net\/blog\/index.php?rest_route=\/wp\/v2\/pages\/47421","targetHints":{"allow":["GET"]}}],"collection":[{"href":"https:\/\/joubjoub.ddns.net\/blog\/index.php?rest_route=\/wp\/v2\/pages"}],"about":[{"href":"https:\/\/joubjoub.ddns.net\/blog\/index.php?rest_route=\/wp\/v2\/types\/page"}],"author":[{"embeddable":true,"href":"https:\/\/joubjoub.ddns.net\/blog\/index.php?rest_route=\/wp\/v2\/users\/1"}],"replies":[{"embeddable":true,"href":"https:\/\/joubjoub.ddns.net\/blog\/index.php?rest_route=%2Fwp%2Fv2%2Fcomments&post=47421"}],"version-history":[{"count":4,"href":"https:\/\/joubjoub.ddns.net\/blog\/index.php?rest_route=\/wp\/v2\/pages\/47421\/revisions"}],"predecessor-version":[{"id":47820,"href":"https:\/\/joubjoub.ddns.net\/blog\/index.php?rest_route=\/wp\/v2\/pages\/47421\/revisions\/47820"}],"wp:attachment":[{"href":"https:\/\/joubjoub.ddns.net\/blog\/index.php?rest_route=%2Fwp%2Fv2%2Fmedia&parent=47421"}],"curies":[{"name":"wp","href":"https:\/\/api.w.org\/{rel}","templated":true}]}}