{"id":47818,"date":"2025-06-16T16:44:40","date_gmt":"2025-06-16T14:44:40","guid":{"rendered":"http:\/\/joubjoub.ddns.net\/blog\/?page_id=47818"},"modified":"2025-06-16T16:44:40","modified_gmt":"2025-06-16T14:44:40","slug":"films-vus-en-2020","status":"publish","type":"page","link":"https:\/\/joubjoub.ddns.net\/blog\/?page_id=47818","title":{"rendered":"Films vus en 2020"},"content":{"rendered":"<p><center><\/p>\n<table style=\"width: 90%;\">\n<thead>\n<tr style='height: 24px; font-size: 18px;'>\n<th style='text-align:left'>Titre<\/th>\n<th data-align='center'>Date<\/th>\n<th data-align='center'>Note<\/th>\n<th data-align='center'>Commentaires<\/th>\n<\/tr>\n<\/thead>\n<tbody>\n<tr style='height: 24px;'>\n<td style='text-align:left'><a href='http:\/\/joubjoub.ddns.net\/blog\/?p=47470' data-type='post'>[2] Le voyage dans la Lune<\/a><\/td>\n<td data-align='center'>23-mai-2020<\/td>\n<td data-align='center'>4<\/td>\n<td style='text-align:left'>Adaptation, 1001 films,En famille,<\/td>\n<\/tr>\n<tr style='height: 24px;'>\n<td style='text-align:left'><a href='http:\/\/joubjoub.ddns.net\/blog\/?p=47458' data-type='post'>47 Meters Down : Uncaged<\/a><\/td>\n<td data-align='center'>28-avril-2020<\/td>\n<td data-align='center'>3<\/td>\n<td style='text-align:left'><\/td>\n<\/tr>\n<tr style='height: 24px;'>\n<td style='text-align:left'><a href='http:\/\/joubjoub.ddns.net\/blog\/?p=47444' data-type='post'>6 Underground<\/a><\/td>\n<td data-align='center'>11-f\u00e9vrier-2020<\/td>\n<td data-align='center'>4<\/td>\n<td style='text-align:left'><\/td>\n<\/tr>\n<tr style='height: 24px;'>\n<td style='text-align:left'><a href='http:\/\/joubjoub.ddns.net\/blog\/?p=47484' data-type='post'>Altered Carbon : Resleeved<\/a><\/td>\n<td data-align='center'>26-juin-2020<\/td>\n<td data-align='center'>3<\/td>\n<td style='text-align:left'><\/td>\n<\/tr>\n<tr style='height: 24px;'>\n<td style='text-align:left'><a href='http:\/\/joubjoub.ddns.net\/blog\/?p=47448' data-type='post'>Anna<\/a><\/td>\n<td data-align='center'>12-f\u00e9vrier-2020<\/td>\n<td data-align='center'>4<\/td>\n<td style='text-align:left'><\/td>\n<\/tr>\n<tr style='height: 24px;'>\n<td style='text-align:left'><a href='http:\/\/joubjoub.ddns.net\/blog\/?p=47492' data-type='post'>Ava<\/a><\/td>\n<td data-align='center'>27-ao\u00fbt-2020<\/td>\n<td data-align='center'>3<\/td>\n<td style='text-align:left'><\/td>\n<\/tr>\n<tr style='height: 24px;'>\n<td style='text-align:left'><a href='http:\/\/joubjoub.ddns.net\/blog\/?p=47456' data-type='post'>Bad Boys for Life<\/a><\/td>\n<td data-align='center'>21-avril-2020<\/td>\n<td data-align='center'>3<\/td>\n<td style='text-align:left'><\/td>\n<\/tr>\n<tr style='height: 24px;'>\n<td style='text-align:left'><a href='http:\/\/joubjoub.ddns.net\/blog\/?p=47482' data-type='post'>Balle perdue<\/a><\/td>\n<td data-align='center'>26-juin-2020<\/td>\n<td data-align='center'>4<\/td>\n<td style='text-align:left'><\/td>\n<\/tr>\n<tr style='height: 24px;'>\n<td style='text-align:left'><a href='http:\/\/joubjoub.ddns.net\/blog\/?p=47432' data-type='post'>Ballerina<\/a><\/td>\n<td data-align='center'>3-janvier-2020<\/td>\n<td data-align='center'>3<\/td>\n<td style='text-align:left'>En famille,<\/td>\n<\/tr>\n<tr style='height: 24px;'>\n<td style='text-align:left'><a href='http:\/\/joubjoub.ddns.net\/blog\/?p=47478' data-type='post'>Bloodshot<\/a><\/td>\n<td data-align='center'>25-juin-2020<\/td>\n<td data-align='center'>3<\/td>\n<td style='text-align:left'><\/td>\n<\/tr>\n<tr style='height: 24px;'>\n<td style='text-align:left'><a href='http:\/\/joubjoub.ddns.net\/blog\/?p=47512' data-type='post'>Bluebird<\/a><\/td>\n<td data-align='center'>15-d\u00e9cembre-2020<\/td>\n<td data-align='center'>3<\/td>\n<td style='text-align:left'>Adaptation, <\/td>\n<\/tr>\n<tr style='height: 24px;'>\n<td style='text-align:left'><a href='http:\/\/joubjoub.ddns.net\/blog\/?p=47468' data-type='post'>En avant<\/a><\/td>\n<td data-align='center'>23-mai-2020<\/td>\n<td data-align='center'>3<\/td>\n<td style='text-align:left'>Disney,En famille,<\/td>\n<\/tr>\n<tr style='height: 24px;'>\n<td style='text-align:left'><a href='http:\/\/joubjoub.ddns.net\/blog\/?p=47502' data-type='post'>Escape Game<\/a><\/td>\n<td data-align='center'>1-d\u00e9cembre-2020<\/td>\n<td data-align='center'>3<\/td>\n<td style='text-align:left'><\/td>\n<\/tr>\n<tr style='height: 24px;'>\n<td style='text-align:left'><a href='http:\/\/joubjoub.ddns.net\/blog\/?p=47442' data-type='post'>Harry Potter \u00e0 l\u2019\u00e9cole des sorciers<\/a><\/td>\n<td data-align='center'>9-f\u00e9vrier-2020<\/td>\n<td data-align='center'>3<\/td>\n<td style='text-align:left'>Adaptation, En famille,<\/td>\n<\/tr>\n<tr style='height: 24px;'>\n<td style='text-align:left'><a href='http:\/\/joubjoub.ddns.net\/blog\/?p=47446' data-type='post'>Harry Potter et la chambre des secrets<\/a><\/td>\n<td data-align='center'>12-f\u00e9vrier-2020<\/td>\n<td data-align='center'>3<\/td>\n<td style='text-align:left'>Adaptation, En famille,<\/td>\n<\/tr>\n<tr style='height: 24px;'>\n<td style='text-align:left'><a href='http:\/\/joubjoub.ddns.net\/blog\/?p=47494' data-type='post'>Harry Potter et la coupe de feu<\/a><\/td>\n<td data-align='center'>9-septembre-2020<\/td>\n<td data-align='center'>3<\/td>\n<td style='text-align:left'>Adaptation, En famille,<\/td>\n<\/tr>\n<tr style='height: 24px;'>\n<td style='text-align:left'><a href='http:\/\/joubjoub.ddns.net\/blog\/?p=47450' data-type='post'>Harry Potter et le prisonnier d\u2019Azkaban<\/a><\/td>\n<td data-align='center'>16-f\u00e9vrier-2020<\/td>\n<td data-align='center'>3<\/td>\n<td style='text-align:left'>Adaptation, En famille,<\/td>\n<\/tr>\n<tr style='height: 24px;'>\n<td style='text-align:left'><a href='http:\/\/joubjoub.ddns.net\/blog\/?p=47500' data-type='post'>Intrigo : mort d\u2019un auteur<\/a><\/td>\n<td data-align='center'>30-novembre-2020<\/td>\n<td data-align='center'>4<\/td>\n<td style='text-align:left'>Adaptation, <\/td>\n<\/tr>\n<tr style='height: 24px;'>\n<td style='text-align:left'><a href='http:\/\/joubjoub.ddns.net\/blog\/?p=47518' data-type='post'>Jeux interdits<\/a><\/td>\n<td data-align='center'>21-d\u00e9cembre-2020<\/td>\n<td data-align='center'>4<\/td>\n<td style='text-align:left'>Adaptation, 1001 films,<\/td>\n<\/tr>\n<tr style='height: 24px;'>\n<td style='text-align:left'><a href='http:\/\/joubjoub.ddns.net\/blog\/?p=47438' data-type='post'>Joker<\/a><\/td>\n<td data-align='center'>7-janvier-2020<\/td>\n<td data-align='center'>\u2764<\/td>\n<td style='text-align:left'>1001 films,<\/td>\n<\/tr>\n<tr style='height: 24px;'>\n<td style='text-align:left'><a href='http:\/\/joubjoub.ddns.net\/blog\/?p=47476' data-type='post'>L\u2019\u00e2ge de glace<\/a><\/td>\n<td data-align='center'>6-juin-2020<\/td>\n<td data-align='center'>3<\/td>\n<td style='text-align:left'>En famille,<\/td>\n<\/tr>\n<tr style='height: 24px;'>\n<td style='text-align:left'><a href='http:\/\/joubjoub.ddns.net\/blog\/?p=47436' data-type='post'>La chute du Pr\u00e9sident<\/a><\/td>\n<td data-align='center'>5-janvier-2020<\/td>\n<td data-align='center'>3<\/td>\n<td style='text-align:left'><\/td>\n<\/tr>\n<tr style='height: 24px;'>\n<td style='text-align:left'><a href='http:\/\/joubjoub.ddns.net\/blog\/?p=47428' data-type='post'>La famille Addams (2019)<\/a><\/td>\n<td data-align='center'>1-janvier-2020<\/td>\n<td data-align='center'>3<\/td>\n<td style='text-align:left'>En famille,<\/td>\n<\/tr>\n<tr style='height: 24px;'>\n<td style='text-align:left'><a href='http:\/\/joubjoub.ddns.net\/blog\/?p=47516' data-type='post'>La fianc\u00e9e de Frankenstein<\/a><\/td>\n<td data-align='center'>21-d\u00e9cembre-2020<\/td>\n<td data-align='center'>3<\/td>\n<td style='text-align:left'>1001 films,<\/td>\n<\/tr>\n<tr style='height: 24px;'>\n<td style='text-align:left'><a href='http:\/\/joubjoub.ddns.net\/blog\/?p=47506' data-type='post'>La nuit du chasseur<\/a><\/td>\n<td data-align='center'>3-d\u00e9cembre-2020<\/td>\n<td data-align='center'>2<\/td>\n<td style='text-align:left'>Adaptation, 1001 films,<\/td>\n<\/tr>\n<tr style='height: 24px;'>\n<td style='text-align:left'><a href='http:\/\/joubjoub.ddns.net\/blog\/?p=47490' data-type='post'>Le chevalier des ombres : entre Yin et Yang<\/a><\/td>\n<td data-align='center'>14-ao\u00fbt-2020<\/td>\n<td data-align='center'>3<\/td>\n<td style='text-align:left'>Adaptation, En famille,<\/td>\n<\/tr>\n<tr style='height: 24px;'>\n<td style='text-align:left'><a href='http:\/\/joubjoub.ddns.net\/blog\/?p=47474' data-type='post'>Le jardin secret<\/a><\/td>\n<td data-align='center'>30-mai-2020<\/td>\n<td data-align='center'>3<\/td>\n<td style='text-align:left'>Adaptation, En famille,<\/td>\n<\/tr>\n<tr style='height: 24px;'>\n<td style='text-align:left'><a href='http:\/\/joubjoub.ddns.net\/blog\/?p=47464' data-type='post'>Le Kid<\/a><\/td>\n<td data-align='center'>16-mai-2020<\/td>\n<td data-align='center'>3<\/td>\n<td style='text-align:left'>En famille,<\/td>\n<\/tr>\n<tr style='height: 24px;'>\n<td style='text-align:left'><a href='http:\/\/joubjoub.ddns.net\/blog\/?p=47514' data-type='post'>Le Sixi\u00e8me Sens<\/a><\/td>\n<td data-align='center'>19-d\u00e9cembre-2020<\/td>\n<td data-align='center'>4<\/td>\n<td style='text-align:left'>Adaptation, 1001 films,<\/td>\n<\/tr>\n<tr style='height: 24px;'>\n<td style='text-align:left'><a href='http:\/\/joubjoub.ddns.net\/blog\/?p=47488' data-type='post'>Les hirondelles de Kaboul<\/a><\/td>\n<td data-align='center'>29-juin-2020<\/td>\n<td data-align='center'>4<\/td>\n<td style='text-align:left'>Adaptation, <\/td>\n<\/tr>\n<tr style='height: 24px;'>\n<td style='text-align:left'><a href='http:\/\/joubjoub.ddns.net\/blog\/?p=47452' data-type='post'>Les Indestructibles 2<\/a><\/td>\n<td data-align='center'>20-mars-2020<\/td>\n<td data-align='center'>3<\/td>\n<td style='text-align:left'>Disney,En famille,<\/td>\n<\/tr>\n<tr style='height: 24px;'>\n<td style='text-align:left'><a href='http:\/\/joubjoub.ddns.net\/blog\/?p=47462' data-type='post'>Les traducteurs<\/a><\/td>\n<td data-align='center'>5-mai-2020<\/td>\n<td data-align='center'>4<\/td>\n<td style='text-align:left'><\/td>\n<\/tr>\n<tr style='height: 24px;'>\n<td style='text-align:left'><a href='http:\/\/joubjoub.ddns.net\/blog\/?p=47440' data-type='post'>Manhattan Lockdown<\/a><\/td>\n<td data-align='center'>7-f\u00e9vrier-2020<\/td>\n<td data-align='center'>3<\/td>\n<td style='text-align:left'><\/td>\n<\/tr>\n<tr style='height: 24px;'>\n<td style='text-align:left'><a href='http:\/\/joubjoub.ddns.net\/blog\/?p=47460' data-type='post'>Nightmare Island<\/a><\/td>\n<td data-align='center'>29-avril-2020<\/td>\n<td data-align='center'>3<\/td>\n<td style='text-align:left'><\/td>\n<\/tr>\n<tr style='height: 24px;'>\n<td style='text-align:left'><a href='http:\/\/joubjoub.ddns.net\/blog\/?p=47430' data-type='post'>Overdrive<\/a><\/td>\n<td data-align='center'>3-janvier-2020<\/td>\n<td data-align='center'>3<\/td>\n<td style='text-align:left'><\/td>\n<\/tr>\n<tr style='height: 24px;'>\n<td style='text-align:left'><a href='http:\/\/joubjoub.ddns.net\/blog\/?p=47434' data-type='post'>Peur bleue<\/a><\/td>\n<td data-align='center'>5-janvier-2020<\/td>\n<td data-align='center'>3<\/td>\n<td style='text-align:left'><\/td>\n<\/tr>\n<tr style='height: 24px;'>\n<td style='text-align:left'><a href='http:\/\/joubjoub.ddns.net\/blog\/?p=47466' data-type='post'>Princess Bride<\/a><\/td>\n<td data-align='center'>16-mai-2020<\/td>\n<td data-align='center'>4<\/td>\n<td style='text-align:left'>Adaptation, 1001 films,En famille,<\/td>\n<\/tr>\n<tr style='height: 24px;'>\n<td style='text-align:left'><a href='http:\/\/joubjoub.ddns.net\/blog\/?p=47504' data-type='post'>Singularity<\/a><\/td>\n<td data-align='center'>2-d\u00e9cembre-2020<\/td>\n<td data-align='center'>3<\/td>\n<td style='text-align:left'><\/td>\n<\/tr>\n<tr style='height: 24px;'>\n<td style='text-align:left'><a href='http:\/\/joubjoub.ddns.net\/blog\/?p=47496' data-type='post'>Star Wars : L\u2019ascension de Skywalker<\/a><\/td>\n<td data-align='center'>21-septembre-2020<\/td>\n<td data-align='center'>3<\/td>\n<td style='text-align:left'><\/td>\n<\/tr>\n<tr style='height: 24px;'>\n<td style='text-align:left'><a href='http:\/\/joubjoub.ddns.net\/blog\/?p=47510' data-type='post'>Tenet<\/a><\/td>\n<td data-align='center'>11-d\u00e9cembre-2020<\/td>\n<td data-align='center'>4<\/td>\n<td style='text-align:left'>1001 films,<\/td>\n<\/tr>\n<tr style='height: 24px;'>\n<td style='text-align:left'><a href='http:\/\/joubjoub.ddns.net\/blog\/?p=47480' data-type='post'>The Boy : La mal\u00e9diction de Brahms<\/a><\/td>\n<td data-align='center'>25-juin-2020<\/td>\n<td data-align='center'>3<\/td>\n<td style='text-align:left'><\/td>\n<\/tr>\n<tr style='height: 24px;'>\n<td style='text-align:left'><a href='http:\/\/joubjoub.ddns.net\/blog\/?p=47472' data-type='post'>The Head Hunter<\/a><\/td>\n<td data-align='center'>28-mai-2020<\/td>\n<td data-align='center'>3<\/td>\n<td style='text-align:left'>En famille,<\/td>\n<\/tr>\n<tr style='height: 24px;'>\n<td style='text-align:left'><a href='http:\/\/joubjoub.ddns.net\/blog\/?p=47486' data-type='post'>The Hunt<\/a><\/td>\n<td data-align='center'>26-juin-2020<\/td>\n<td data-align='center'>3<\/td>\n<td style='text-align:left'><\/td>\n<\/tr>\n<tr style='height: 24px;'>\n<td style='text-align:left'><a href='http:\/\/joubjoub.ddns.net\/blog\/?p=47508' data-type='post'>The Old Guard<\/a><\/td>\n<td data-align='center'>7-d\u00e9cembre-2020<\/td>\n<td data-align='center'>3<\/td>\n<td style='text-align:left'><\/td>\n<\/tr>\n<tr style='height: 24px;'>\n<td style='text-align:left'><a href='http:\/\/joubjoub.ddns.net\/blog\/?p=47454' data-type='post'>Underwater<\/a><\/td>\n<td data-align='center'>7-avril-2020<\/td>\n<td data-align='center'>3<\/td>\n<td style='text-align:left'><\/td>\n<\/tr>\n<tr style='height: 24px;'>\n<td style='text-align:left'><a href='http:\/\/joubjoub.ddns.net\/blog\/?p=47498' data-type='post'>Wind River<\/a><\/td>\n<td data-align='center'>23-septembre-2020<\/td>\n<td data-align='center'>3<\/td>\n<td style='text-align:left'><\/td>\n<\/tr>\n<\/tbody>\n<tfoot>\n<tr style=\"height: 24px;\">\n<td class=\"has-text-align-left\" style=\"height: 24px; font-size: 18px;\" data-align=\"left\"><span class=\"has-inline-color has-vivid-cyan-blue-color\"><strong>TOTAL : 46 films vus en 2020<\/strong><\/span><\/td>\n<td class=\"has-text-align-center\" style=\"height: 24px;\" data-align=\"center\">\u00a0<\/td>\n<td class=\"has-text-align-center\" style=\"height: 24px;\" data-align=\"center\">\u00a0<\/td>\n<td class=\"has-text-align-center\" style=\"height: 24px;\" data-align=\"center\">\u00a0<\/td>\n<\/tr>\n<\/tfoot>\n<\/table>\n<p><\/center><\/p>\n","protected":false},"excerpt":{"rendered":"<p>Titre Date Note Commentaires [2] Le voyage dans la Lune 23-mai-2020 4 Adaptation, 1001 films,En famille, 47 Meters Down : Uncaged 28-avril-2020 3 6 Underground 11-f\u00e9vrier-2020 4 Altered Carbon : Resleeved 26-juin-2020 3 Anna 12-f\u00e9vrier-2020 4 Ava 27-ao\u00fbt-2020 3 Bad Boys for Life 21-avril-2020 3 Balle perdue 26-juin-2020 4 Ballerina 3-janvier-2020 3 En famille, Bloodshot 25-juin-2020 3 Bluebird 15-d\u00e9cembre-2020 3&#46;&#46;&#46;<\/p>\n","protected":false},"author":1,"featured_media":0,"parent":0,"menu_order":0,"comment_status":"closed","ping_status":"closed","template":"","meta":{"footnotes":""},"class_list":["post-47818","page","type-page","status-publish","hentry"],"_links":{"self":[{"href":"https:\/\/joubjoub.ddns.net\/blog\/index.php?rest_route=\/wp\/v2\/pages\/47818","targetHints":{"allow":["GET"]}}],"collection":[{"href":"https:\/\/joubjoub.ddns.net\/blog\/index.php?rest_route=\/wp\/v2\/pages"}],"about":[{"href":"https:\/\/joubjoub.ddns.net\/blog\/index.php?rest_route=\/wp\/v2\/types\/page"}],"author":[{"embeddable":true,"href":"https:\/\/joubjoub.ddns.net\/blog\/index.php?rest_route=\/wp\/v2\/users\/1"}],"replies":[{"embeddable":true,"href":"https:\/\/joubjoub.ddns.net\/blog\/index.php?rest_route=%2Fwp%2Fv2%2Fcomments&post=47818"}],"version-history":[{"count":2,"href":"https:\/\/joubjoub.ddns.net\/blog\/index.php?rest_route=\/wp\/v2\/pages\/47818\/revisions"}],"predecessor-version":[{"id":47825,"href":"https:\/\/joubjoub.ddns.net\/blog\/index.php?rest_route=\/wp\/v2\/pages\/47818\/revisions\/47825"}],"wp:attachment":[{"href":"https:\/\/joubjoub.ddns.net\/blog\/index.php?rest_route=%2Fwp%2Fv2%2Fmedia&parent=47818"}],"curies":[{"name":"wp","href":"https:\/\/api.w.org\/{rel}","templated":true}]}}