{"id":47835,"date":"2025-06-16T17:09:14","date_gmt":"2025-06-16T15:09:14","guid":{"rendered":"http:\/\/joubjoub.ddns.net\/blog\/?page_id=47835"},"modified":"2025-06-16T17:09:14","modified_gmt":"2025-06-16T15:09:14","slug":"films-vus-en-2022-2","status":"publish","type":"page","link":"https:\/\/joubjoub.ddns.net\/blog\/?page_id=47835","title":{"rendered":"Films vus en 2022"},"content":{"rendered":"<p><center><\/p>\n<table style=\"width: 90%;\">\n<thead>\n<tr style='height: 24px; font-size: 18px;'>\n<th style='text-align:left'>Titre<\/th>\n<th data-align='center'>Date<\/th>\n<th data-align='center'>Note<\/th>\n<th data-align='center'>Commentaires<\/th>\n<\/tr>\n<\/thead>\n<tbody>\n<tr style='height: 24px;'>\n<td style='text-align:left'><a href='http:\/\/joubjoub.ddns.net\/blog\/?p=47768' data-type='post'>[2] Dirty Dancing<\/a><\/td>\n<td data-align='center'>31-octobre-2022<\/td>\n<td data-align='center'>4<\/td>\n<td style='text-align:left'>En famille,<\/td>\n<\/tr>\n<tr style='height: 24px;'>\n<td style='text-align:left'><a href='http:\/\/joubjoub.ddns.net\/blog\/?p=47766' data-type='post'>[2] Un jour sans fin<\/a><\/td>\n<td data-align='center'>26-octobre-2022<\/td>\n<td data-align='center'>\u2764<\/td>\n<td style='text-align:left'>En famille,<\/td>\n<\/tr>\n<tr style='height: 24px;'>\n<td style='text-align:left'><a href='http:\/\/joubjoub.ddns.net\/blog\/?p=47734' data-type='post'>3 Billboards : Les Panneaux de la vengeance<\/a><\/td>\n<td data-align='center'>7-mai-2022<\/td>\n<td data-align='center'>4<\/td>\n<td style='text-align:left'>1001 films,En famille,<\/td>\n<\/tr>\n<tr style='height: 24px;'>\n<td style='text-align:left'><a href='http:\/\/joubjoub.ddns.net\/blog\/?p=47740' data-type='post'>A Perfect Enemy<\/a><\/td>\n<td data-align='center'>13-juin-2022<\/td>\n<td data-align='center'>4<\/td>\n<td style='text-align:left'>Adaptation, <\/td>\n<\/tr>\n<tr style='height: 24px;'>\n<td style='text-align:left'><a href='http:\/\/joubjoub.ddns.net\/blog\/?p=47800' data-type='post'>Barbaque<\/a><\/td>\n<td data-align='center'>15-d\u00e9cembre-2022<\/td>\n<td data-align='center'>\u2764<\/td>\n<td style='text-align:left'><\/td>\n<\/tr>\n<tr style='height: 24px;'>\n<td style='text-align:left'><a href='http:\/\/joubjoub.ddns.net\/blog\/?p=47732' data-type='post'>Black Widow<\/a><\/td>\n<td data-align='center'>17-avril-2022<\/td>\n<td data-align='center'>3<\/td>\n<td style='text-align:left'>En famille,Franchise \u00ab\u00a0M.C.U.\u00a0\u00bb,<\/td>\n<\/tr>\n<tr style='height: 24px;'>\n<td style='text-align:left'><a href='http:\/\/joubjoub.ddns.net\/blog\/?p=47726' data-type='post'>Bo\u00eete noire<\/a><\/td>\n<td data-align='center'>27-mars-2022<\/td>\n<td data-align='center'>4<\/td>\n<td style='text-align:left'>En famille,<\/td>\n<\/tr>\n<tr style='height: 24px;'>\n<td style='text-align:left'><a href='http:\/\/joubjoub.ddns.net\/blog\/?p=47790' data-type='post'>Bullet Train<\/a><\/td>\n<td data-align='center'>5-d\u00e9cembre-2022<\/td>\n<td data-align='center'>4<\/td>\n<td style='text-align:left'><\/td>\n<\/tr>\n<tr style='height: 24px;'>\n<td style='text-align:left'><a href='http:\/\/joubjoub.ddns.net\/blog\/?p=47736' data-type='post'>Capharna\u00fcm<\/a><\/td>\n<td data-align='center'>14-mai-2022<\/td>\n<td data-align='center'>4<\/td>\n<td style='text-align:left'>1001 films,En famille,<\/td>\n<\/tr>\n<tr style='height: 24px;'>\n<td style='text-align:left'><a href='http:\/\/joubjoub.ddns.net\/blog\/?p=47754' data-type='post'>Choose or Die<\/a><\/td>\n<td data-align='center'>6-ao\u00fbt-2022<\/td>\n<td data-align='center'>3<\/td>\n<td style='text-align:left'><\/td>\n<\/tr>\n<tr style='height: 24px;'>\n<td style='text-align:left'><a href='http:\/\/joubjoub.ddns.net\/blog\/?p=47814' data-type='post'>Coraline<\/a><\/td>\n<td data-align='center'>26-d\u00e9cembre-2022<\/td>\n<td data-align='center'>3<\/td>\n<td style='text-align:left'>Adaptation, En famille,<\/td>\n<\/tr>\n<tr style='height: 24px;'>\n<td style='text-align:left'><a href='http:\/\/joubjoub.ddns.net\/blog\/?p=47708' data-type='post'>D\u00e9licieux<\/a><\/td>\n<td data-align='center'>5-f\u00e9vrier-2022<\/td>\n<td data-align='center'>3<\/td>\n<td style='text-align:left'>En famille,<\/td>\n<\/tr>\n<tr style='height: 24px;'>\n<td style='text-align:left'><a href='http:\/\/joubjoub.ddns.net\/blog\/?p=47738' data-type='post'>D\u00e9tective Conan \u2013 The Scarlet Bullet<\/a><\/td>\n<td data-align='center'>28-mai-2022<\/td>\n<td data-align='center'>4<\/td>\n<td style='text-align:left'>En famille,<\/td>\n<\/tr>\n<tr style='height: 24px;'>\n<td style='text-align:left'><a href='http:\/\/joubjoub.ddns.net\/blog\/?p=47788' data-type='post'>Drunk<\/a><\/td>\n<td data-align='center'>2-d\u00e9cembre-2022<\/td>\n<td data-align='center'>4<\/td>\n<td style='text-align:left'><\/td>\n<\/tr>\n<tr style='height: 24px;'>\n<td style='text-align:left'><a href='http:\/\/joubjoub.ddns.net\/blog\/?p=47762' data-type='post'>Dune (1984)<\/a><\/td>\n<td data-align='center'>18-ao\u00fbt-2022<\/td>\n<td data-align='center'>\u2764<\/td>\n<td style='text-align:left'>Adaptation, <\/td>\n<\/tr>\n<tr style='height: 24px;'>\n<td style='text-align:left'><a href='http:\/\/joubjoub.ddns.net\/blog\/?p=47748' data-type='post'>E.T. l\u2019extra-terrestre<\/a><\/td>\n<td data-align='center'>5-ao\u00fbt-2022<\/td>\n<td data-align='center'>4<\/td>\n<td style='text-align:left'>1001 films,En famille,<\/td>\n<\/tr>\n<tr style='height: 24px;'>\n<td style='text-align:left'><a href='http:\/\/joubjoub.ddns.net\/blog\/?p=47792' data-type='post'>Eg\u014d<\/a><\/td>\n<td data-align='center'>8-d\u00e9cembre-2022<\/td>\n<td data-align='center'>4<\/td>\n<td style='text-align:left'><\/td>\n<\/tr>\n<tr style='height: 24px;'>\n<td style='text-align:left'><a href='http:\/\/joubjoub.ddns.net\/blog\/?p=47702' data-type='post'>Encanto, la fantastique famille Madrigal<\/a><\/td>\n<td data-align='center'>22-janvier-2022<\/td>\n<td data-align='center'>2<\/td>\n<td style='text-align:left'>Disney,En famille,<\/td>\n<\/tr>\n<tr style='height: 24px;'>\n<td style='text-align:left'><a href='http:\/\/joubjoub.ddns.net\/blog\/?p=47816' data-type='post'>Glass Onion : Une histoire \u00e0 couteaux tir\u00e9s<\/a><\/td>\n<td data-align='center'>31-d\u00e9cembre-2022<\/td>\n<td data-align='center'>4<\/td>\n<td style='text-align:left'>En famille,<\/td>\n<\/tr>\n<tr style='height: 24px;'>\n<td style='text-align:left'><a href='http:\/\/joubjoub.ddns.net\/blog\/?p=47730' data-type='post'>Harry Potter et l\u2019Ordre du Ph\u00e9nix<\/a><\/td>\n<td data-align='center'>9-avril-2022<\/td>\n<td data-align='center'>2<\/td>\n<td style='text-align:left'>Adaptation, En famille,<\/td>\n<\/tr>\n<tr style='height: 24px;'>\n<td style='text-align:left'><a href='http:\/\/joubjoub.ddns.net\/blog\/?p=47742' data-type='post'>Harry Potter et le Prince de sang-m\u00eal\u00e9<\/a><\/td>\n<td data-align='center'>17-juillet-2022<\/td>\n<td data-align='center'>2<\/td>\n<td style='text-align:left'>Adaptation, En famille,<\/td>\n<\/tr>\n<tr style='height: 24px;'>\n<td style='text-align:left'><a href='http:\/\/joubjoub.ddns.net\/blog\/?p=47722' data-type='post'>Harry Potter et les Reliques de la mort\u00a0: 1\u00e8re partie<\/a><\/td>\n<td data-align='center'>13-mars-2022<\/td>\n<td data-align='center'>3<\/td>\n<td style='text-align:left'>Adaptation, En famille,<\/td>\n<\/tr>\n<tr style='height: 24px;'>\n<td style='text-align:left'><a href='http:\/\/joubjoub.ddns.net\/blog\/?p=47758' data-type='post'>High School Musical : Premiers pas sur sc\u00e8ne<\/a><\/td>\n<td data-align='center'>15-ao\u00fbt-2022<\/td>\n<td data-align='center'>4<\/td>\n<td style='text-align:left'>Disney,En famille,<\/td>\n<\/tr>\n<tr style='height: 24px;'>\n<td style='text-align:left'><a href='http:\/\/joubjoub.ddns.net\/blog\/?p=47710' data-type='post'>Hiroshima mon amour<\/a><\/td>\n<td data-align='center'>12-f\u00e9vrier-2022<\/td>\n<td data-align='center'>3<\/td>\n<td style='text-align:left'>1001 films,En famille,<\/td>\n<\/tr>\n<tr style='height: 24px;'>\n<td style='text-align:left'><a href='http:\/\/joubjoub.ddns.net\/blog\/?p=47778' data-type='post'>Hypnose<\/a><\/td>\n<td data-align='center'>19-novembre-2022<\/td>\n<td data-align='center'>3<\/td>\n<td style='text-align:left'>Adaptation, <\/td>\n<\/tr>\n<tr style='height: 24px;'>\n<td style='text-align:left'><a href='http:\/\/joubjoub.ddns.net\/blog\/?p=47728' data-type='post'>La forme de l\u2019eau<\/a><\/td>\n<td data-align='center'>2-avril-2022<\/td>\n<td data-align='center'>3<\/td>\n<td style='text-align:left'>1001 films,En famille,<\/td>\n<\/tr>\n<tr style='height: 24px;'>\n<td style='text-align:left'><a href='http:\/\/joubjoub.ddns.net\/blog\/?p=47810' data-type='post'>La Nu\u00e9e<\/a><\/td>\n<td data-align='center'>20-d\u00e9cembre-2022<\/td>\n<td data-align='center'>2<\/td>\n<td style='text-align:left'><\/td>\n<\/tr>\n<tr style='height: 24px;'>\n<td style='text-align:left'><a href='http:\/\/joubjoub.ddns.net\/blog\/?p=47704' data-type='post'>La souriante Madame Beudet<\/a><\/td>\n<td data-align='center'>24-janvier-2022<\/td>\n<td data-align='center'>3<\/td>\n<td style='text-align:left'>1001 films,<\/td>\n<\/tr>\n<tr style='height: 24px;'>\n<td style='text-align:left'><a href='http:\/\/joubjoub.ddns.net\/blog\/?p=47798' data-type='post'>Le Calendrier<\/a><\/td>\n<td data-align='center'>12-d\u00e9cembre-2022<\/td>\n<td data-align='center'>3<\/td>\n<td style='text-align:left'><\/td>\n<\/tr>\n<tr style='height: 24px;'>\n<td style='text-align:left'><a href='http:\/\/joubjoub.ddns.net\/blog\/?p=47706' data-type='post'>Le crime de l\u2019Orient-Express<\/a><\/td>\n<td data-align='center'>29-janvier-2022<\/td>\n<td data-align='center'>2<\/td>\n<td style='text-align:left'>Adaptation, En famille,<\/td>\n<\/tr>\n<tr style='height: 24px;'>\n<td style='text-align:left'><a href='http:\/\/joubjoub.ddns.net\/blog\/?p=47770' data-type='post'>Le Cygne et la Princesse<\/a><\/td>\n<td data-align='center'>3-novembre-2022<\/td>\n<td data-align='center'>3<\/td>\n<td style='text-align:left'>Disney,En famille,<\/td>\n<\/tr>\n<tr style='height: 24px;'>\n<td style='text-align:left'><a href='http:\/\/joubjoub.ddns.net\/blog\/?p=47780' data-type='post'>Le Dernier Voyage<\/a><\/td>\n<td data-align='center'>19-novembre-2022<\/td>\n<td data-align='center'>3<\/td>\n<td style='text-align:left'><\/td>\n<\/tr>\n<tr style='height: 24px;'>\n<td style='text-align:left'><a href='http:\/\/joubjoub.ddns.net\/blog\/?p=47712' data-type='post'>Le Parrain<\/a><\/td>\n<td data-align='center'>19-f\u00e9vrier-2022<\/td>\n<td data-align='center'>4<\/td>\n<td style='text-align:left'>Adaptation, 1001 films,En famille,<\/td>\n<\/tr>\n<tr style='height: 24px;'>\n<td style='text-align:left'><a href='http:\/\/joubjoub.ddns.net\/blog\/?p=47756' data-type='post'>Le secret de la cit\u00e9 perdue<\/a><\/td>\n<td data-align='center'>7-ao\u00fbt-2022<\/td>\n<td data-align='center'>4<\/td>\n<td style='text-align:left'>En famille,<\/td>\n<\/tr>\n<tr style='height: 24px;'>\n<td style='text-align:left'><a href='http:\/\/joubjoub.ddns.net\/blog\/?p=47806' data-type='post'>Les Gardiens de la Galaxie : Joyeuses F\u00eates<\/a><\/td>\n<td data-align='center'>19-d\u00e9cembre-2022<\/td>\n<td data-align='center'>3<\/td>\n<td style='text-align:left'>En famille,<\/td>\n<\/tr>\n<tr style='height: 24px;'>\n<td style='text-align:left'><a href='http:\/\/joubjoub.ddns.net\/blog\/?p=47720' data-type='post'>Les Neuf Reines<\/a><\/td>\n<td data-align='center'>5-mars-2022<\/td>\n<td data-align='center'>\u2764<\/td>\n<td style='text-align:left'>1001 films,En famille,<\/td>\n<\/tr>\n<tr style='height: 24px;'>\n<td style='text-align:left'><a href='http:\/\/joubjoub.ddns.net\/blog\/?p=47804' data-type='post'>Maman, j\u2019ai rat\u00e9 l\u2019avion !<\/a><\/td>\n<td data-align='center'>18-d\u00e9cembre-2022<\/td>\n<td data-align='center'>3<\/td>\n<td style='text-align:left'>En famille,<\/td>\n<\/tr>\n<tr style='height: 24px;'>\n<td style='text-align:left'><a href='http:\/\/joubjoub.ddns.net\/blog\/?p=47784' data-type='post'>Margaux (2022)<\/a><\/td>\n<td data-align='center'>1-d\u00e9cembre-2022<\/td>\n<td data-align='center'>3<\/td>\n<td style='text-align:left'><\/td>\n<\/tr>\n<tr style='height: 24px;'>\n<td style='text-align:left'><a href='http:\/\/joubjoub.ddns.net\/blog\/?p=47714' data-type='post'>Marry Me<\/a><\/td>\n<td data-align='center'>26-f\u00e9vrier-2022<\/td>\n<td data-align='center'>3<\/td>\n<td style='text-align:left'>En famille,<\/td>\n<\/tr>\n<tr style='height: 24px;'>\n<td style='text-align:left'><a href='http:\/\/joubjoub.ddns.net\/blog\/?p=47786' data-type='post'>Massacre \u00e0 la tron\u00e7onneuse (2022)<\/a><\/td>\n<td data-align='center'>1-d\u00e9cembre-2022<\/td>\n<td data-align='center'>3<\/td>\n<td style='text-align:left'><\/td>\n<\/tr>\n<tr style='height: 24px;'>\n<td style='text-align:left'><a href='http:\/\/joubjoub.ddns.net\/blog\/?p=47782' data-type='post'>Matrix Resurrections<\/a><\/td>\n<td data-align='center'>19-novembre-2022<\/td>\n<td data-align='center'>3<\/td>\n<td style='text-align:left'><\/td>\n<\/tr>\n<tr style='height: 24px;'>\n<td style='text-align:left'><a href='http:\/\/joubjoub.ddns.net\/blog\/?p=47764' data-type='post'>Men in Black: International<\/a><\/td>\n<td data-align='center'>19-ao\u00fbt-2022<\/td>\n<td data-align='center'>3<\/td>\n<td style='text-align:left'>En famille,<\/td>\n<\/tr>\n<tr style='height: 24px;'>\n<td style='text-align:left'><a href='http:\/\/joubjoub.ddns.net\/blog\/?p=47718' data-type='post'>Once Upon a Time\u2026 in Hollywood<\/a><\/td>\n<td data-align='center'>2-mars-2022<\/td>\n<td data-align='center'>3<\/td>\n<td style='text-align:left'>1001 films,<\/td>\n<\/tr>\n<tr style='height: 24px;'>\n<td style='text-align:left'><a href='http:\/\/joubjoub.ddns.net\/blog\/?p=47760' data-type='post'>Paddington<\/a><\/td>\n<td data-align='center'>15-ao\u00fbt-2022<\/td>\n<td data-align='center'>3<\/td>\n<td style='text-align:left'>En famille,<\/td>\n<\/tr>\n<tr style='height: 24px;'>\n<td style='text-align:left'><a href='http:\/\/joubjoub.ddns.net\/blog\/?p=47802' data-type='post'>Petite fleur<\/a><\/td>\n<td data-align='center'>15-d\u00e9cembre-2022<\/td>\n<td data-align='center'>3<\/td>\n<td style='text-align:left'>Adaptation, <\/td>\n<\/tr>\n<tr style='height: 24px;'>\n<td style='text-align:left'><a href='http:\/\/joubjoub.ddns.net\/blog\/?p=47808' data-type='post'>Prey<\/a><\/td>\n<td data-align='center'>19-d\u00e9cembre-2022<\/td>\n<td data-align='center'>3<\/td>\n<td style='text-align:left'><\/td>\n<\/tr>\n<tr style='height: 24px;'>\n<td style='text-align:left'><a href='http:\/\/joubjoub.ddns.net\/blog\/?p=47744' data-type='post'>Raiponce<\/a><\/td>\n<td data-align='center'>23-juillet-2022<\/td>\n<td data-align='center'>4<\/td>\n<td style='text-align:left'>Adaptation, Disney,En famille,<\/td>\n<\/tr>\n<tr style='height: 24px;'>\n<td style='text-align:left'><a href='http:\/\/joubjoub.ddns.net\/blog\/?p=47724' data-type='post'>Ralph 2.0<\/a><\/td>\n<td data-align='center'>20-mars-2022<\/td>\n<td data-align='center'>3<\/td>\n<td style='text-align:left'>Disney,En famille,<\/td>\n<\/tr>\n<tr style='height: 24px;'>\n<td style='text-align:left'><a href='http:\/\/joubjoub.ddns.net\/blog\/?p=47812' data-type='post'>Red Notice<\/a><\/td>\n<td data-align='center'>21-d\u00e9cembre-2022<\/td>\n<td data-align='center'>3<\/td>\n<td style='text-align:left'>En famille,<\/td>\n<\/tr>\n<tr style='height: 24px;'>\n<td style='text-align:left'><a href='http:\/\/joubjoub.ddns.net\/blog\/?p=47750' data-type='post'>Seized<\/a><\/td>\n<td data-align='center'>6-ao\u00fbt-2022<\/td>\n<td data-align='center'>3<\/td>\n<td style='text-align:left'><\/td>\n<\/tr>\n<tr style='height: 24px;'>\n<td style='text-align:left'><a href='http:\/\/joubjoub.ddns.net\/blog\/?p=47716' data-type='post'>Sexe, Mensonges et Vid\u00e9o<\/a><\/td>\n<td data-align='center'>1-mars-2022<\/td>\n<td data-align='center'>3<\/td>\n<td style='text-align:left'>1001 films,<\/td>\n<\/tr>\n<tr style='height: 24px;'>\n<td style='text-align:left'><a href='http:\/\/joubjoub.ddns.net\/blog\/?p=47774' data-type='post'>Smile (2022)<\/a><\/td>\n<td data-align='center'>18-novembre-2022<\/td>\n<td data-align='center'>3<\/td>\n<td style='text-align:left'><\/td>\n<\/tr>\n<tr style='height: 24px;'>\n<td style='text-align:left'><a href='http:\/\/joubjoub.ddns.net\/blog\/?p=47794' data-type='post'>Super No\u00ebl<\/a><\/td>\n<td data-align='center'>10-d\u00e9cembre-2022<\/td>\n<td data-align='center'>3<\/td>\n<td style='text-align:left'>En famille,<\/td>\n<\/tr>\n<tr style='height: 24px;'>\n<td style='text-align:left'><a href='http:\/\/joubjoub.ddns.net\/blog\/?p=47776' data-type='post'>T\u00e9nor<\/a><\/td>\n<td data-align='center'>18-novembre-2022<\/td>\n<td data-align='center'>3<\/td>\n<td style='text-align:left'><\/td>\n<\/tr>\n<tr style='height: 24px;'>\n<td style='text-align:left'><a href='http:\/\/joubjoub.ddns.net\/blog\/?p=47698' data-type='post'>The Father<\/a><\/td>\n<td data-align='center'>8-janvier-2022<\/td>\n<td data-align='center'>\u2764<\/td>\n<td style='text-align:left'>Adaptation, En famille,<\/td>\n<\/tr>\n<tr style='height: 24px;'>\n<td style='text-align:left'><a href='http:\/\/joubjoub.ddns.net\/blog\/?p=47746' data-type='post'>The Innocents<\/a><\/td>\n<td data-align='center'>2-ao\u00fbt-2022<\/td>\n<td data-align='center'>3<\/td>\n<td style='text-align:left'><\/td>\n<\/tr>\n<tr style='height: 24px;'>\n<td style='text-align:left'><a href='http:\/\/joubjoub.ddns.net\/blog\/?p=47700' data-type='post'>Tous en sc\u00e8ne 2<\/a><\/td>\n<td data-align='center'>15-janvier-2022<\/td>\n<td data-align='center'>4<\/td>\n<td style='text-align:left'>En famille,<\/td>\n<\/tr>\n<tr style='height: 24px;'>\n<td style='text-align:left'><a href='http:\/\/joubjoub.ddns.net\/blog\/?p=47796' data-type='post'>Un autre monde<\/a><\/td>\n<td data-align='center'>12-d\u00e9cembre-2022<\/td>\n<td data-align='center'>3<\/td>\n<td style='text-align:left'><\/td>\n<\/tr>\n<tr style='height: 24px;'>\n<td style='text-align:left'><a href='http:\/\/joubjoub.ddns.net\/blog\/?p=47772' data-type='post'>X (2022)<\/a><\/td>\n<td data-align='center'>13-novembre-2022<\/td>\n<td data-align='center'>3<\/td>\n<td style='text-align:left'><\/td>\n<\/tr>\n<tr style='height: 24px;'>\n<td style='text-align:left'><a href='http:\/\/joubjoub.ddns.net\/blog\/?p=47752' data-type='post'>Zombeavers<\/a><\/td>\n<td data-align='center'>6-ao\u00fbt-2022<\/td>\n<td data-align='center'>\u2764<\/td>\n<td style='text-align:left'><\/td>\n<\/tr>\n<\/tbody>\n<tfoot>\n<tr style=\"height: 24px;\">\n<td class=\"has-text-align-left\" style=\"height: 24px; font-size: 18px;\" data-align=\"left\"><span class=\"has-inline-color has-vivid-cyan-blue-color\"><strong>TOTAL : 60 films vus en 2022<\/strong><\/span><\/td>\n<td class=\"has-text-align-center\" style=\"height: 24px;\" data-align=\"center\">\u00a0<\/td>\n<td class=\"has-text-align-center\" style=\"height: 24px;\" data-align=\"center\">\u00a0<\/td>\n<td class=\"has-text-align-center\" style=\"height: 24px;\" data-align=\"center\">\u00a0<\/td>\n<\/tr>\n<\/tfoot>\n<\/table>\n<p><\/center><\/p>\n","protected":false},"excerpt":{"rendered":"<p>Titre Date Note Commentaires [2] Dirty Dancing 31-octobre-2022 4 En famille, [2] Un jour sans fin 26-octobre-2022 \u2764 En famille, 3 Billboards : Les Panneaux de la vengeance 7-mai-2022 4 1001 films,En famille, A Perfect Enemy 13-juin-2022 4 Adaptation, Barbaque 15-d\u00e9cembre-2022 \u2764 Black Widow 17-avril-2022 3 En famille,Franchise \u00ab\u00a0M.C.U.\u00a0\u00bb, Bo\u00eete noire 27-mars-2022 4 En famille, Bullet Train 5-d\u00e9cembre-2022 4 Capharna\u00fcm&#46;&#46;&#46;<\/p>\n","protected":false},"author":1,"featured_media":0,"parent":0,"menu_order":0,"comment_status":"closed","ping_status":"closed","template":"","meta":{"footnotes":""},"class_list":["post-47835","page","type-page","status-publish","hentry"],"_links":{"self":[{"href":"https:\/\/joubjoub.ddns.net\/blog\/index.php?rest_route=\/wp\/v2\/pages\/47835","targetHints":{"allow":["GET"]}}],"collection":[{"href":"https:\/\/joubjoub.ddns.net\/blog\/index.php?rest_route=\/wp\/v2\/pages"}],"about":[{"href":"https:\/\/joubjoub.ddns.net\/blog\/index.php?rest_route=\/wp\/v2\/types\/page"}],"author":[{"embeddable":true,"href":"https:\/\/joubjoub.ddns.net\/blog\/index.php?rest_route=\/wp\/v2\/users\/1"}],"replies":[{"embeddable":true,"href":"https:\/\/joubjoub.ddns.net\/blog\/index.php?rest_route=%2Fwp%2Fv2%2Fcomments&post=47835"}],"version-history":[{"count":1,"href":"https:\/\/joubjoub.ddns.net\/blog\/index.php?rest_route=\/wp\/v2\/pages\/47835\/revisions"}],"predecessor-version":[{"id":47836,"href":"https:\/\/joubjoub.ddns.net\/blog\/index.php?rest_route=\/wp\/v2\/pages\/47835\/revisions\/47836"}],"wp:attachment":[{"href":"https:\/\/joubjoub.ddns.net\/blog\/index.php?rest_route=%2Fwp%2Fv2%2Fmedia&parent=47835"}],"curies":[{"name":"wp","href":"https:\/\/api.w.org\/{rel}","templated":true}]}}