{"id":48221,"date":"2025-06-17T17:01:40","date_gmt":"2025-06-17T15:01:40","guid":{"rendered":"https:\/\/joubjoub.ddns.net\/blog\/?page_id=48221"},"modified":"2025-06-17T17:01:40","modified_gmt":"2025-06-17T15:01:40","slug":"films-vus-en-2025-en-cours","status":"publish","type":"page","link":"https:\/\/joubjoub.ddns.net\/blog\/?page_id=48221","title":{"rendered":"Films vus en 2025 (en cours&#8230;)"},"content":{"rendered":"<p><center><\/p>\n<table style=\"width: 90%;\">\n<thead>\n<tr style='height: 24px; font-size: 18px;'>\n<th style='text-align:left'>Titre<\/th>\n<th data-align='center'>Date<\/th>\n<th data-align='center'>Note<\/th>\n<th data-align='center'>Commentaires<\/th>\n<\/tr>\n<\/thead>\n<tbody>\n<tr style='height: 24px;'>\n<td style='text-align:left'><a href='http:\/\/joubjoub.ddns.net\/blog\/?p=48137' data-type='post'>355<\/a><\/td>\n<td data-align='center'>6-avril-2025<\/td>\n<td data-align='center'>3<\/td>\n<td style='text-align:left'><\/td>\n<\/tr>\n<tr style='height: 24px;'>\n<td style='text-align:left'><a href='http:\/\/joubjoub.ddns.net\/blog\/?p=48199' data-type='post'>A Working Man<\/a><\/td>\n<td data-align='center'>16-mai-2025<\/td>\n<td data-align='center'>3<\/td>\n<td style='text-align:left'>Adaptation, <\/td>\n<\/tr>\n<tr style='height: 24px;'>\n<td style='text-align:left'><a href='http:\/\/joubjoub.ddns.net\/blog\/?p=48163' data-type='post'>Ad Vitam<\/a><\/td>\n<td data-align='center'>11-avril-2025<\/td>\n<td data-align='center'>3<\/td>\n<td style='text-align:left'><\/td>\n<\/tr>\n<tr style='height: 24px;'>\n<td style='text-align:left'><a href='http:\/\/joubjoub.ddns.net\/blog\/?p=48105' data-type='post'>All Hallows&rsquo; Eve &#8211; A Terrifier Story<\/a><\/td>\n<td data-align='center'>28-f\u00e9vrier-2025<\/td>\n<td data-align='center'>3<\/td>\n<td style='text-align:left'>Vu avec Margaux et Ch\u00e9rie o\u00ef<\/td>\n<\/tr>\n<tr style='height: 24px;'>\n<td style='text-align:left'><a href='http:\/\/joubjoub.ddns.net\/blog\/?p=48211' data-type='post'>Babylon<\/a><\/td>\n<td data-align='center'>28-mai-2025<\/td>\n<td data-align='center'>3<\/td>\n<td style='text-align:left'><\/td>\n<\/tr>\n<tr style='height: 24px;'>\n<td style='text-align:left'><a href='http:\/\/joubjoub.ddns.net\/blog\/?p=48195' data-type='post'>Balle perdue 3<\/a><\/td>\n<td data-align='center'>8-mai-2025<\/td>\n<td data-align='center'>3<\/td>\n<td style='text-align:left'><\/td>\n<\/tr>\n<tr style='height: 24px;'>\n<td style='text-align:left'><a href='http:\/\/joubjoub.ddns.net\/blog\/?p=48193' data-type='post'>Barbie<\/a><\/td>\n<td data-align='center'>4-mai-2025<\/td>\n<td data-align='center'>3<\/td>\n<td style='text-align:left'><\/td>\n<\/tr>\n<tr style='height: 24px;'>\n<td style='text-align:left'><a href='http:\/\/joubjoub.ddns.net\/blog\/?p=48189' data-type='post'>Benedetta<\/a><\/td>\n<td data-align='center'>21-avril-2025<\/td>\n<td data-align='center'>3<\/td>\n<td style='text-align:left'>Adaptation, <\/td>\n<\/tr>\n<tr style='height: 24px;'>\n<td style='text-align:left'><a href='http:\/\/joubjoub.ddns.net\/blog\/?p=48175' data-type='post'>Bigbug<\/a><\/td>\n<td data-align='center'>13-avril-2025<\/td>\n<td data-align='center'>3<\/td>\n<td style='text-align:left'><\/td>\n<\/tr>\n<tr style='height: 24px;'>\n<td style='text-align:left'><a href='http:\/\/joubjoub.ddns.net\/blog\/?p=48173' data-type='post'>Birds of Prey et la fantabuleuse histoire de Harley Quinn<\/a><\/td>\n<td data-align='center'>13-avril-2025<\/td>\n<td data-align='center'>3<\/td>\n<td style='text-align:left'><\/td>\n<\/tr>\n<tr style='height: 24px;'>\n<td style='text-align:left'><a href='http:\/\/joubjoub.ddns.net\/blog\/?p=48129' data-type='post'>Bunker Palace H\u00f4tel<\/a><\/td>\n<td data-align='center'>4-avril-2025<\/td>\n<td data-align='center'>3<\/td>\n<td style='text-align:left'><\/td>\n<\/tr>\n<tr style='height: 24px;'>\n<td style='text-align:left'><a href='http:\/\/joubjoub.ddns.net\/blog\/?p=48177' data-type='post'>Captain America : Brave New World<\/a><\/td>\n<td data-align='center'>16-avril-2025<\/td>\n<td data-align='center'>3<\/td>\n<td style='text-align:left'><\/td>\n<\/tr>\n<tr style='height: 24px;'>\n<td style='text-align:left'><a href='http:\/\/joubjoub.ddns.net\/blog\/?p=48167' data-type='post'>Comment je suis devenu super-h\u00e9ros<\/a><\/td>\n<td data-align='center'>12-avril-2025<\/td>\n<td data-align='center'>4<\/td>\n<td style='text-align:left'>Adaptation, <\/td>\n<\/tr>\n<tr style='height: 24px;'>\n<td style='text-align:left'><a href='http:\/\/joubjoub.ddns.net\/blog\/?p=48179' data-type='post'>Conclave<\/a><\/td>\n<td data-align='center'>19-avril-2025<\/td>\n<td data-align='center'>3<\/td>\n<td style='text-align:left'>Adaptation, <\/td>\n<\/tr>\n<tr style='height: 24px;'>\n<td style='text-align:left'><a href='http:\/\/joubjoub.ddns.net\/blog\/?p=48217' data-type='post'>Drop Game<\/a><\/td>\n<td data-align='center'>8-juin-2025<\/td>\n<td data-align='center'>3<\/td>\n<td style='text-align:left'><\/td>\n<\/tr>\n<tr style='height: 24px;'>\n<td style='text-align:left'><a href='http:\/\/joubjoub.ddns.net\/blog\/?p=48155' data-type='post'>En eaux tr\u00e8s troubles<\/a><\/td>\n<td data-align='center'>8-avril-2025<\/td>\n<td data-align='center'>3<\/td>\n<td style='text-align:left'>Adaptation, <\/td>\n<\/tr>\n<tr style='height: 24px;'>\n<td style='text-align:left'><a href='http:\/\/joubjoub.ddns.net\/blog\/?p=48147' data-type='post'>En plein vol<\/a><\/td>\n<td data-align='center'>7-avril-2025<\/td>\n<td data-align='center'>3<\/td>\n<td style='text-align:left'><\/td>\n<\/tr>\n<tr style='height: 24px;'>\n<td style='text-align:left'><a href='http:\/\/joubjoub.ddns.net\/blog\/?p=48151' data-type='post'>Face \u00e0 ma mort<\/a><\/td>\n<td data-align='center'>8-avril-2025<\/td>\n<td data-align='center'>3<\/td>\n<td style='text-align:left'><\/td>\n<\/tr>\n<tr style='height: 24px;'>\n<td style='text-align:left'><a href='http:\/\/joubjoub.ddns.net\/blog\/?p=48181' data-type='post'>Gladiator II<\/a><\/td>\n<td data-align='center'>19-avril-2025<\/td>\n<td data-align='center'>3<\/td>\n<td style='text-align:left'><\/td>\n<\/tr>\n<tr style='height: 24px;'>\n<td style='text-align:left'><a href='http:\/\/joubjoub.ddns.net\/blog\/?p=48159' data-type='post'>Hitman &#038; Bodyguard 2<\/a><\/td>\n<td data-align='center'>10-avril-2025<\/td>\n<td data-align='center'>3<\/td>\n<td style='text-align:left'><\/td>\n<\/tr>\n<tr style='height: 24px;'>\n<td style='text-align:left'><a href='http:\/\/joubjoub.ddns.net\/blog\/?p=48197' data-type='post'>Hors de port\u00e9e<\/a><\/td>\n<td data-align='center'>11-mai-2025<\/td>\n<td data-align='center'>3<\/td>\n<td style='text-align:left'><\/td>\n<\/tr>\n<tr style='height: 24px;'>\n<td style='text-align:left'><a href='http:\/\/joubjoub.ddns.net\/blog\/?p=48145' data-type='post'>Infinite<\/a><\/td>\n<td data-align='center'>7-avril-2025<\/td>\n<td data-align='center'>3<\/td>\n<td style='text-align:left'>Adaptation, <\/td>\n<\/tr>\n<tr style='height: 24px;'>\n<td style='text-align:left'><a href='http:\/\/joubjoub.ddns.net\/blog\/?p=48133' data-type='post'>Joker : Folie \u00e0 deux<\/a><\/td>\n<td data-align='center'>5-avril-2025<\/td>\n<td data-align='center'>2<\/td>\n<td style='text-align:left'><\/td>\n<\/tr>\n<tr style='height: 24px;'>\n<td style='text-align:left'><a href='http:\/\/joubjoub.ddns.net\/blog\/?p=48157' data-type='post'>Jurassic World : Le monde d\u2019apr\u00e8s<\/a><\/td>\n<td data-align='center'>9-avril-2025<\/td>\n<td data-align='center'>3<\/td>\n<td style='text-align:left'><\/td>\n<\/tr>\n<tr style='height: 24px;'>\n<td style='text-align:left'><a href='http:\/\/joubjoub.ddns.net\/blog\/?p=48183' data-type='post'>Jur\u00e9 n\u00b02<\/a><\/td>\n<td data-align='center'>20-avril-2025<\/td>\n<td data-align='center'>4<\/td>\n<td style='text-align:left'><\/td>\n<\/tr>\n<tr style='height: 24px;'>\n<td style='text-align:left'><a href='http:\/\/joubjoub.ddns.net\/blog\/?p=48213' data-type='post'>Killers of the Flower Moon<\/a><\/td>\n<td data-align='center'>29-mai-2025<\/td>\n<td data-align='center'>3<\/td>\n<td style='text-align:left'>Adaptation, <\/td>\n<\/tr>\n<tr style='height: 24px;'>\n<td style='text-align:left'><a href='http:\/\/joubjoub.ddns.net\/blog\/?p=48153' data-type='post'>Kung Fu Nanny<\/a><\/td>\n<td data-align='center'>8-avril-2025<\/td>\n<td data-align='center'>3<\/td>\n<td style='text-align:left'><\/td>\n<\/tr>\n<tr style='height: 24px;'>\n<td style='text-align:left'><a href='http:\/\/joubjoub.ddns.net\/blog\/?p=48123' data-type='post'>La chambre des oubli\u00e9s<\/a><\/td>\n<td data-align='center'>3-avril-2025<\/td>\n<td data-align='center'>3<\/td>\n<td style='text-align:left'><\/td>\n<\/tr>\n<tr style='height: 24px;'>\n<td style='text-align:left'><a href='http:\/\/joubjoub.ddns.net\/blog\/?p=48143' data-type='post'>La colonie<\/a><\/td>\n<td data-align='center'>7-avril-2025<\/td>\n<td data-align='center'>3<\/td>\n<td style='text-align:left'><\/td>\n<\/tr>\n<tr style='height: 24px;'>\n<td style='text-align:left'><a href='http:\/\/joubjoub.ddns.net\/blog\/?p=48107' data-type='post'>Largo Winch : Le prix de l&rsquo;argent<\/a><\/td>\n<td data-align='center'>28-mars-2025<\/td>\n<td data-align='center'>3<\/td>\n<td style='text-align:left'><\/td>\n<\/tr>\n<tr style='height: 24px;'>\n<td style='text-align:left'><a href='http:\/\/joubjoub.ddns.net\/blog\/?p=48165' data-type='post'>Le Flic de Beverly Hills : Axel F.<\/a><\/td>\n<td data-align='center'>12-avril-2025<\/td>\n<td data-align='center'>3<\/td>\n<td style='text-align:left'><\/td>\n<\/tr>\n<tr style='height: 24px;'>\n<td style='text-align:left'><a href='http:\/\/joubjoub.ddns.net\/blog\/?p=48149' data-type='post'>Le jardinier<\/a><\/td>\n<td data-align='center'>7-avril-2025<\/td>\n<td data-align='center'>3<\/td>\n<td style='text-align:left'><\/td>\n<\/tr>\n<tr style='height: 24px;'>\n<td style='text-align:left'><a href='http:\/\/joubjoub.ddns.net\/blog\/?p=48115' data-type='post'>Le tueur au calendrier<\/a><\/td>\n<td data-align='center'>2-avril-2025<\/td>\n<td data-align='center'>4<\/td>\n<td style='text-align:left'>Adaptation, <\/td>\n<\/tr>\n<tr style='height: 24px;'>\n<td style='text-align:left'><a href='http:\/\/joubjoub.ddns.net\/blog\/?p=48187' data-type='post'>Les Gardiens de la Galaxie : Volume 3<\/a><\/td>\n<td data-align='center'>20-avril-2025<\/td>\n<td data-align='center'>3<\/td>\n<td style='text-align:left'><\/td>\n<\/tr>\n<tr style='height: 24px;'>\n<td style='text-align:left'><a href='http:\/\/joubjoub.ddns.net\/blog\/?p=48201' data-type='post'>L&rsquo;homme du labyrinthe<\/a><\/td>\n<td data-align='center'>18-mai-2025<\/td>\n<td data-align='center'>4<\/td>\n<td style='text-align:left'>Adaptation, <\/td>\n<\/tr>\n<tr style='height: 24px;'>\n<td style='text-align:left'><a href='http:\/\/joubjoub.ddns.net\/blog\/?p=48161' data-type='post'>Loups-Garous<\/a><\/td>\n<td data-align='center'>10-avril-2025<\/td>\n<td data-align='center'>3<\/td>\n<td style='text-align:left'><\/td>\n<\/tr>\n<tr style='height: 24px;'>\n<td style='text-align:left'><a href='http:\/\/joubjoub.ddns.net\/blog\/?p=48203' data-type='post'>Luther : Soleil d\u00e9chu<\/a><\/td>\n<td data-align='center'>18-mai-2025<\/td>\n<td data-align='center'>3<\/td>\n<td style='text-align:left'><\/td>\n<\/tr>\n<tr style='height: 24px;'>\n<td style='text-align:left'><a href='http:\/\/joubjoub.ddns.net\/blog\/?p=48205' data-type='post'>Megalopolis<\/a><\/td>\n<td data-align='center'>19-mai-2025<\/td>\n<td data-align='center'>4<\/td>\n<td style='text-align:left'><\/td>\n<\/tr>\n<tr style='height: 24px;'>\n<td style='text-align:left'><a href='http:\/\/joubjoub.ddns.net\/blog\/?p=48219' data-type='post'>Pi\u00e9g\u00e9<\/a><\/td>\n<td data-align='center'>14-juin-2025<\/td>\n<td data-align='center'>4<\/td>\n<td style='text-align:left'><\/td>\n<\/tr>\n<tr style='height: 24px;'>\n<td style='text-align:left'><a href='http:\/\/joubjoub.ddns.net\/blog\/?p=48121' data-type='post'>Plan\u00e8te animale<\/a><\/td>\n<td data-align='center'>3-avril-2025<\/td>\n<td data-align='center'>\u2764<\/td>\n<td style='text-align:left'><\/td>\n<\/tr>\n<tr style='height: 24px;'>\n<td style='text-align:left'><a href='http:\/\/joubjoub.ddns.net\/blog\/?p=48215' data-type='post'>Predator : Killer of Killers<\/a><\/td>\n<td data-align='center'>8-juin-2025<\/td>\n<td data-align='center'>3<\/td>\n<td style='text-align:left'><\/td>\n<\/tr>\n<tr style='height: 24px;'>\n<td style='text-align:left'><a href='http:\/\/joubjoub.ddns.net\/blog\/?p=48125' data-type='post'>Spider-Man : Far From Home<\/a><\/td>\n<td data-align='center'>4-avril-2025<\/td>\n<td data-align='center'>3<\/td>\n<td style='text-align:left'><\/td>\n<\/tr>\n<tr style='height: 24px;'>\n<td style='text-align:left'><a href='http:\/\/joubjoub.ddns.net\/blog\/?p=48127' data-type='post'>Spider-Man : No Way Home<\/a><\/td>\n<td data-align='center'>4-avril-2025<\/td>\n<td data-align='center'>4<\/td>\n<td style='text-align:left'><\/td>\n<\/tr>\n<tr style='height: 24px;'>\n<td style='text-align:left'><a href='http:\/\/joubjoub.ddns.net\/blog\/?p=48111' data-type='post'>Star Trek II : La col\u00e8re de Khan<\/a><\/td>\n<td data-align='center'>31-mars-2025<\/td>\n<td data-align='center'>4<\/td>\n<td style='text-align:left'><\/td>\n<\/tr>\n<tr style='height: 24px;'>\n<td style='text-align:left'><a href='http:\/\/joubjoub.ddns.net\/blog\/?p=48113' data-type='post'>Star Trek III : \u00c0 la recherche de Spock <\/a><\/td>\n<td data-align='center'>1-avril-2025<\/td>\n<td data-align='center'>3<\/td>\n<td style='text-align:left'><\/td>\n<\/tr>\n<tr style='height: 24px;'>\n<td style='text-align:left'><a href='http:\/\/joubjoub.ddns.net\/blog\/?p=48109' data-type='post'>Star Trek, le film<\/a><\/td>\n<td data-align='center'>29-mars-2025<\/td>\n<td data-align='center'>3<\/td>\n<td style='text-align:left'><\/td>\n<\/tr>\n<tr style='height: 24px;'>\n<td style='text-align:left'><a href='http:\/\/joubjoub.ddns.net\/blog\/?p=48191' data-type='post'>Star Wars : Les derniers Jedi<\/a><\/td>\n<td data-align='center'>21-avril-2025<\/td>\n<td data-align='center'>3<\/td>\n<td style='text-align:left'><\/td>\n<\/tr>\n<tr style='height: 24px;'>\n<td style='text-align:left'><a href='http:\/\/joubjoub.ddns.net\/blog\/?p=48139' data-type='post'>Terminator : Dark Fate<\/a><\/td>\n<td data-align='center'>6-avril-2025<\/td>\n<td data-align='center'>3<\/td>\n<td style='text-align:left'><\/td>\n<\/tr>\n<tr style='height: 24px;'>\n<td style='text-align:left'><a href='http:\/\/joubjoub.ddns.net\/blog\/?p=48131' data-type='post'>Terreur sur la ligne<\/a><\/td>\n<td data-align='center'>5-avril-2025<\/td>\n<td data-align='center'>3<\/td>\n<td style='text-align:left'><\/td>\n<\/tr>\n<tr style='height: 24px;'>\n<td style='text-align:left'><a href='http:\/\/joubjoub.ddns.net\/blog\/?p=48117' data-type='post'>Terrifier<\/a><\/td>\n<td data-align='center'>3-avril-2025<\/td>\n<td data-align='center'>3<\/td>\n<td style='text-align:left'><\/td>\n<\/tr>\n<tr style='height: 24px;'>\n<td style='text-align:left'><a href='http:\/\/joubjoub.ddns.net\/blog\/?p=48119' data-type='post'>The Beekeeper<\/a><\/td>\n<td data-align='center'>3-avril-2025<\/td>\n<td data-align='center'>3<\/td>\n<td style='text-align:left'><\/td>\n<\/tr>\n<tr style='height: 24px;'>\n<td style='text-align:left'><a href='http:\/\/joubjoub.ddns.net\/blog\/?p=48169' data-type='post'>The Gorge<\/a><\/td>\n<td data-align='center'>13-avril-2025<\/td>\n<td data-align='center'>3<\/td>\n<td style='text-align:left'><\/td>\n<\/tr>\n<tr style='height: 24px;'>\n<td style='text-align:left'><a href='http:\/\/joubjoub.ddns.net\/blog\/?p=48207' data-type='post'>Thor: Love and Thunder<\/a><\/td>\n<td data-align='center'>23-mai-2025<\/td>\n<td data-align='center'>3<\/td>\n<td style='text-align:left'><\/td>\n<\/tr>\n<tr style='height: 24px;'>\n<td style='text-align:left'><a href='http:\/\/joubjoub.ddns.net\/blog\/?p=48171' data-type='post'>Tykho Moon<\/a><\/td>\n<td data-align='center'>13-avril-2025<\/td>\n<td data-align='center'>3<\/td>\n<td style='text-align:left'><\/td>\n<\/tr>\n<tr style='height: 24px;'>\n<td style='text-align:left'><a href='http:\/\/joubjoub.ddns.net\/blog\/?p=48141' data-type='post'>Un talent en or massif<\/a><\/td>\n<td data-align='center'>6-avril-2025<\/td>\n<td data-align='center'>4<\/td>\n<td style='text-align:left'><\/td>\n<\/tr>\n<tr style='height: 24px;'>\n<td style='text-align:left'><a href='http:\/\/joubjoub.ddns.net\/blog\/?p=48185' data-type='post'>V\/H\/S<\/a><\/td>\n<td data-align='center'>20-avril-2025<\/td>\n<td data-align='center'>3<\/td>\n<td style='text-align:left'><\/td>\n<\/tr>\n<tr style='height: 24px;'>\n<td style='text-align:left'><a href='http:\/\/joubjoub.ddns.net\/blog\/?p=48135' data-type='post'>Venom : The Last Dance<\/a><\/td>\n<td data-align='center'>5-avril-2025<\/td>\n<td data-align='center'>3<\/td>\n<td style='text-align:left'><\/td>\n<\/tr>\n<tr style='height: 24px;'>\n<td style='text-align:left'><a href='http:\/\/joubjoub.ddns.net\/blog\/?p=48209' data-type='post'>Zack Snyder&rsquo;s Justice League<\/a><\/td>\n<td data-align='center'>25-mai-2025<\/td>\n<td data-align='center'>3<\/td>\n<td style='text-align:left'><\/td>\n<\/tr>\n<\/tbody>\n<tfoot>\n<tr style=\"height: 24px;\">\n<td class=\"has-text-align-left\" style=\"height: 24px; font-size: 18px;\" data-align=\"left\"><span class=\"has-inline-color has-vivid-cyan-blue-color\"><strong>TOTAL : 58 films vus en 2025 (en cours&#8230;)<\/strong><\/span><\/td>\n<td class=\"has-text-align-center\" style=\"height: 24px;\" data-align=\"center\">\u00a0<\/td>\n<td class=\"has-text-align-center\" style=\"height: 24px;\" data-align=\"center\">\u00a0<\/td>\n<td class=\"has-text-align-center\" style=\"height: 24px;\" data-align=\"center\">\u00a0<\/td>\n<\/tr>\n<\/tfoot>\n<\/table>\n<p><\/center><\/p>\n","protected":false},"excerpt":{"rendered":"<p>Titre Date Note Commentaires 355 6-avril-2025 3 A Working Man 16-mai-2025 3 Adaptation, Ad Vitam 11-avril-2025 3 All Hallows&rsquo; Eve &#8211; A Terrifier Story 28-f\u00e9vrier-2025 3 Vu avec Margaux et Ch\u00e9rie o\u00ef Babylon 28-mai-2025 3 Balle perdue 3 8-mai-2025 3 Barbie 4-mai-2025 3 Benedetta 21-avril-2025 3 Adaptation, Bigbug 13-avril-2025 3 Birds of Prey et la fantabuleuse histoire de Harley Quinn&#46;&#46;&#46;<\/p>\n","protected":false},"author":1,"featured_media":0,"parent":0,"menu_order":0,"comment_status":"closed","ping_status":"closed","template":"","meta":{"footnotes":""},"class_list":["post-48221","page","type-page","status-publish","hentry"],"_links":{"self":[{"href":"https:\/\/joubjoub.ddns.net\/blog\/index.php?rest_route=\/wp\/v2\/pages\/48221","targetHints":{"allow":["GET"]}}],"collection":[{"href":"https:\/\/joubjoub.ddns.net\/blog\/index.php?rest_route=\/wp\/v2\/pages"}],"about":[{"href":"https:\/\/joubjoub.ddns.net\/blog\/index.php?rest_route=\/wp\/v2\/types\/page"}],"author":[{"embeddable":true,"href":"https:\/\/joubjoub.ddns.net\/blog\/index.php?rest_route=\/wp\/v2\/users\/1"}],"replies":[{"embeddable":true,"href":"https:\/\/joubjoub.ddns.net\/blog\/index.php?rest_route=%2Fwp%2Fv2%2Fcomments&post=48221"}],"version-history":[{"count":2,"href":"https:\/\/joubjoub.ddns.net\/blog\/index.php?rest_route=\/wp\/v2\/pages\/48221\/revisions"}],"predecessor-version":[{"id":49737,"href":"https:\/\/joubjoub.ddns.net\/blog\/index.php?rest_route=\/wp\/v2\/pages\/48221\/revisions\/49737"}],"wp:attachment":[{"href":"https:\/\/joubjoub.ddns.net\/blog\/index.php?rest_route=%2Fwp%2Fv2%2Fmedia&parent=48221"}],"curies":[{"name":"wp","href":"https:\/\/api.w.org\/{rel}","templated":true}]}}