{"id":48360,"date":"2025-06-17T18:23:43","date_gmt":"2025-06-17T16:23:43","guid":{"rendered":"https:\/\/joubjoub.ddns.net\/blog\/?page_id=48360"},"modified":"2025-06-17T18:35:57","modified_gmt":"2025-06-17T16:35:57","slug":"livres-lus-en-2009","status":"publish","type":"page","link":"https:\/\/joubjoub.ddns.net\/blog\/?page_id=48360","title":{"rendered":"Livres lus en 2009"},"content":{"rendered":"<p><center><\/p>\n<table style=\"width: 90%;\">\n<thead>\n<tr style='height: 24px; font-size: 18px;'>\n<th style='text-align:left'>Titre<\/th>\n<th style='text-align:left'>Auteur<\/th>\n<th data-align='center'>Date<\/th>\n<th data-align='center'>Note<\/th>\n<th data-align='center'>Commentaires<\/th>\n<\/tr>\n<\/thead>\n<tbody>\n<tr style='height: 24px;'>\n<td style='text-align:left'><a href='https:\/\/joubjoub.ddns.net\/blog\/?p=48298' data-type='post'>120, rue de la Gare<\/a><\/td>\n<td style='text-align:left'>MALET L\u00e9o<\/td>\n<td data-align='center'>5-juillet-2009<\/td>\n<td data-align='center'>4<\/td>\n<td style='text-align:left'><\/td>\n<\/tr>\n<tr style='height: 24px;'>\n<td style='text-align:left'><a href='https:\/\/joubjoub.ddns.net\/blog\/?p=48276' data-type='post'>\u00c0 force d\u2019oubli<\/a><\/td>\n<td style='text-align:left'>PLAIN Belva<\/td>\n<td data-align='center'>3-avril-2009<\/td>\n<td data-align='center'>3,5<\/td>\n<td style='text-align:left'>ABC2009<\/td>\n<\/tr>\n<tr style='height: 24px;'>\n<td style='text-align:left'><a href='https:\/\/joubjoub.ddns.net\/blog\/?p=48286' data-type='post'>Au plaisir de Dieu<\/a><\/td>\n<td style='text-align:left'>ORMESSON Jean d\u2019<\/td>\n<td data-align='center'>20-mai-2009<\/td>\n<td data-align='center'>3,5<\/td>\n<td style='text-align:left'>ABC2009<\/td>\n<\/tr>\n<tr style='height: 24px;'>\n<td style='text-align:left'><a href='https:\/\/joubjoub.ddns.net\/blog\/?p=48274' data-type='post'>Au rez-de-chauss\u00e9e du paradis<\/a><\/td>\n<td style='text-align:left'>collectif<\/td>\n<td data-align='center'>1-avril-2009<\/td>\n<td data-align='center'>3,5<\/td>\n<td style='text-align:left'><\/td>\n<\/tr>\n<tr style='height: 24px;'>\n<td style='text-align:left'><a href='https:\/\/joubjoub.ddns.net\/blog\/?p=48248' data-type='post'>Au service secret de sa majest\u00e9<\/a><\/td>\n<td style='text-align:left'>FLEMING Ian<\/td>\n<td data-align='center'>19-janvier-2009<\/td>\n<td data-align='center'>4<\/td>\n<td style='text-align:left'>ABC2009<\/td>\n<\/tr>\n<tr style='height: 24px;'>\n<td style='text-align:left'><a href='https:\/\/joubjoub.ddns.net\/blog\/?p=48288' data-type='post'>Babylon Babies<\/a><\/td>\n<td style='text-align:left'>DANTEC Maurice<\/td>\n<td data-align='center'>1-juin-2009<\/td>\n<td data-align='center'>4<\/td>\n<td style='text-align:left'><\/td>\n<\/tr>\n<tr style='height: 24px;'>\n<td style='text-align:left'><a href='https:\/\/joubjoub.ddns.net\/blog\/?p=48258' data-type='post'>Berlin Alexanderplatz<\/a><\/td>\n<td style='text-align:left'>D\u00d6BLIN Alfred<\/td>\n<td data-align='center'>12-f\u00e9vrier-2009<\/td>\n<td data-align='center'>3,5<\/td>\n<td style='text-align:left'>ABC2009<\/td>\n<\/tr>\n<tr style='height: 24px;'>\n<td style='text-align:left'><a href='https:\/\/joubjoub.ddns.net\/blog\/?p=48330' data-type='post'>Ce cher Dexter<\/a><\/td>\n<td style='text-align:left'>LINDSAY Jeff<\/td>\n<td data-align='center'>17-septembre-2009<\/td>\n<td data-align='center'>4<\/td>\n<td style='text-align:left'><\/td>\n<\/tr>\n<tr style='height: 24px;'>\n<td style='text-align:left'><a href='https:\/\/joubjoub.ddns.net\/blog\/?p=48334' data-type='post'>Contes<\/a><\/td>\n<td style='text-align:left'>GRIMM<\/td>\n<td data-align='center'>23-septembre-2009<\/td>\n<td data-align='center'>4<\/td>\n<td style='text-align:left'><\/td>\n<\/tr>\n<tr style='height: 24px;'>\n<td style='text-align:left'><a href='https:\/\/joubjoub.ddns.net\/blog\/?p=48240' data-type='post'>Contes initiatiques peuls<\/a><\/td>\n<td style='text-align:left'>B\u00c2 Amadou Hamp\u00e2t\u00e9<\/td>\n<td data-align='center'>9-janvier-2009<\/td>\n<td data-align='center'>4<\/td>\n<td style='text-align:left'>ABC2009<\/td>\n<\/tr>\n<tr style='height: 24px;'>\n<td style='text-align:left'><a href='https:\/\/joubjoub.ddns.net\/blog\/?p=48346' data-type='post'>Dexter revient !<\/a><\/td>\n<td style='text-align:left'>LINDSAY Jeff<\/td>\n<td data-align='center'>5-novembre-2009<\/td>\n<td data-align='center'>4<\/td>\n<td style='text-align:left'><\/td>\n<\/tr>\n<tr style='height: 24px;'>\n<td style='text-align:left'><a href='https:\/\/joubjoub.ddns.net\/blog\/?p=48260' data-type='post'>Dune (Vol. 1)<\/a><\/td>\n<td style='text-align:left'>HERBERT Frank<\/td>\n<td data-align='center'>20-f\u00e9vrier-2009<\/td>\n<td data-align='center'>\u2764<\/td>\n<td style='text-align:left'>ABC2009, Prix Nebula, Prix Hugo<\/td>\n<\/tr>\n<tr style='height: 24px;'>\n<td style='text-align:left'><a href='https:\/\/joubjoub.ddns.net\/blog\/?p=48262' data-type='post'>Dune (Vol. 2)<\/a><\/td>\n<td style='text-align:left'>HERBERT Frank<\/td>\n<td data-align='center'>24-f\u00e9vrier-2009<\/td>\n<td data-align='center'>\u2764<\/td>\n<td style='text-align:left'>ABC2009, Prix Nebula, Prix Hugo<\/td>\n<\/tr>\n<tr style='height: 24px;'>\n<td style='text-align:left'><a href='https:\/\/joubjoub.ddns.net\/blog\/?p=48244' data-type='post'>E=MC2, mon amour<\/a><\/td>\n<td style='text-align:left'>CAUVIN Patrick<\/td>\n<td data-align='center'>14-janvier-2009<\/td>\n<td data-align='center'>4<\/td>\n<td style='text-align:left'><\/td>\n<\/tr>\n<tr style='height: 24px;'>\n<td style='text-align:left'><a href='https:\/\/joubjoub.ddns.net\/blog\/?p=48272' data-type='post'>En traversant le fleuve<\/a><\/td>\n<td style='text-align:left'>collectif<\/td>\n<td data-align='center'>26-mars-2009<\/td>\n<td data-align='center'>3,5<\/td>\n<td style='text-align:left'><\/td>\n<\/tr>\n<tr style='height: 24px;'>\n<td style='text-align:left'><a href='https:\/\/joubjoub.ddns.net\/blog\/?p=48278' data-type='post'>Extr\u00eamement fort et incroyablement pr\u00e8s<\/a><\/td>\n<td style='text-align:left'>SAFRAN FOER Jonathan<\/td>\n<td data-align='center'>12-avril-2009<\/td>\n<td data-align='center'>4<\/td>\n<td style='text-align:left'><\/td>\n<\/tr>\n<tr style='height: 24px;'>\n<td style='text-align:left'><a href='https:\/\/joubjoub.ddns.net\/blog\/?p=48242' data-type='post'>Fant\u00f4mes et farfafouilles<\/a><\/td>\n<td style='text-align:left'>BROWN Fredric<\/td>\n<td data-align='center'>13-janvier-2009<\/td>\n<td data-align='center'>4<\/td>\n<td style='text-align:left'><\/td>\n<\/tr>\n<tr style='height: 24px;'>\n<td style='text-align:left'><a href='https:\/\/joubjoub.ddns.net\/blog\/?p=48296' data-type='post'>Frappe biologique<\/a><\/td>\n<td style='text-align:left'>CLANCY Tom<\/td>\n<td data-align='center'>2-juillet-2009<\/td>\n<td data-align='center'>4<\/td>\n<td style='text-align:left'><\/td>\n<\/tr>\n<tr style='height: 24px;'>\n<td style='text-align:left'><a href='https:\/\/joubjoub.ddns.net\/blog\/?p=48254' data-type='post'>Hedda Gabler<\/a><\/td>\n<td style='text-align:left'>IBSEN Henrik<\/td>\n<td data-align='center'>26-janvier-2009<\/td>\n<td data-align='center'>3,5<\/td>\n<td style='text-align:left'>ABC2009<\/td>\n<\/tr>\n<tr style='height: 24px;'>\n<td style='text-align:left'><a href='https:\/\/joubjoub.ddns.net\/blog\/?p=48256' data-type='post'>Histoire de Lisey<\/a><\/td>\n<td style='text-align:left'>KING Stephen<\/td>\n<td data-align='center'>4-f\u00e9vrier-2009<\/td>\n<td data-align='center'>4<\/td>\n<td style='text-align:left'><\/td>\n<\/tr>\n<tr style='height: 24px;'>\n<td style='text-align:left'><a href='https:\/\/joubjoub.ddns.net\/blog\/?p=48264' data-type='post'>Homme invisible, pour qui chantes-tu ?<\/a><\/td>\n<td style='text-align:left'>ELLISON Ralph<\/td>\n<td data-align='center'>5-mars-2009<\/td>\n<td data-align='center'>3,5<\/td>\n<td style='text-align:left'>ABC2009<\/td>\n<\/tr>\n<tr style='height: 24px;'>\n<td style='text-align:left'><a href='https:\/\/joubjoub.ddns.net\/blog\/?p=48322' data-type='post'>Inconnu \u00e0 cette adresse<\/a><\/td>\n<td style='text-align:left'>KRESSMANN Taylor<\/td>\n<td data-align='center'>4-septembre-2009<\/td>\n<td data-align='center'>\u2764<\/td>\n<td style='text-align:left'><\/td>\n<\/tr>\n<tr style='height: 24px;'>\n<td style='text-align:left'><a href='https:\/\/joubjoub.ddns.net\/blog\/?p=48336' data-type='post'>L\u2019agneau<\/a><\/td>\n<td style='text-align:left'>MOORE Christopher<\/td>\n<td data-align='center'>6-octobre-2009<\/td>\n<td data-align='center'>\u2764<\/td>\n<td style='text-align:left'>ABC2009<\/td>\n<\/tr>\n<tr style='height: 24px;'>\n<td style='text-align:left'><a href='https:\/\/joubjoub.ddns.net\/blog\/?p=48268' data-type='post'>L\u2019amant de Lady Chatterley<\/a><\/td>\n<td style='text-align:left'>LAWRENCE David Herbert<\/td>\n<td data-align='center'>20-mars-2009<\/td>\n<td data-align='center'>4<\/td>\n<td style='text-align:left'>ABC2009<\/td>\n<\/tr>\n<tr style='height: 24px;'>\n<td style='text-align:left'><a href='https:\/\/joubjoub.ddns.net\/blog\/?p=48246' data-type='post'>L\u2019\u00e2me du mal<\/a><\/td>\n<td style='text-align:left'>CHATTAM Maxime<\/td>\n<td data-align='center'>17-janvier-2009<\/td>\n<td data-align='center'>\u2764<\/td>\n<td style='text-align:left'>ABC2009<\/td>\n<\/tr>\n<tr style='height: 24px;'>\n<td style='text-align:left'><a href='https:\/\/joubjoub.ddns.net\/blog\/?p=48320' data-type='post'>L\u2019attrape-c\u0153ur<\/a><\/td>\n<td style='text-align:left'>SALINGER J.D.<\/td>\n<td data-align='center'>3-septembre-2009<\/td>\n<td data-align='center'>4<\/td>\n<td style='text-align:left'><\/td>\n<\/tr>\n<tr style='height: 24px;'>\n<td style='text-align:left'><a href='https:\/\/joubjoub.ddns.net\/blog\/?p=48318' data-type='post'>L\u2019\u00e9cume des jours<\/a><\/td>\n<td style='text-align:left'>VIAN Boris<\/td>\n<td data-align='center'>31-ao\u00fbt-2009<\/td>\n<td data-align='center'>4<\/td>\n<td style='text-align:left'><\/td>\n<\/tr>\n<tr style='height: 24px;'>\n<td style='text-align:left'><a href='https:\/\/joubjoub.ddns.net\/blog\/?p=48252' data-type='post'>L\u2019\u00e9tranger<\/a><\/td>\n<td style='text-align:left'>CAMUS Albert<\/td>\n<td data-align='center'>25-janvier-2009<\/td>\n<td data-align='center'>3,5<\/td>\n<td style='text-align:left'><\/td>\n<\/tr>\n<tr style='height: 24px;'>\n<td style='text-align:left'><a href='https:\/\/joubjoub.ddns.net\/blog\/?p=48344' data-type='post'>L\u2019homme au pistolet d\u2019or<\/a><\/td>\n<td style='text-align:left'>FLEMING Ian<\/td>\n<td data-align='center'>29-octobre-2009<\/td>\n<td data-align='center'>4<\/td>\n<td style='text-align:left'><\/td>\n<\/tr>\n<tr style='height: 24px;'>\n<td style='text-align:left'><a href='https:\/\/joubjoub.ddns.net\/blog\/?p=48304' data-type='post'>L\u2019homme qui voulait \u00eatre Roi et autres contes cruels<\/a><\/td>\n<td style='text-align:left'>KIPLING Rudyard<\/td>\n<td data-align='center'>22-juillet-2009<\/td>\n<td data-align='center'>3,5<\/td>\n<td style='text-align:left'><\/td>\n<\/tr>\n<tr style='height: 24px;'>\n<td style='text-align:left'><a href='https:\/\/joubjoub.ddns.net\/blog\/?p=48250' data-type='post'>L\u2019homme qui voulait vivre sa vie<\/a><\/td>\n<td style='text-align:left'>KENNEDY Douglas<\/td>\n<td data-align='center'>23-janvier-2009<\/td>\n<td data-align='center'>\u2764<\/td>\n<td style='text-align:left'>ABC2009<\/td>\n<\/tr>\n<tr style='height: 24px;'>\n<td style='text-align:left'><a href='https:\/\/joubjoub.ddns.net\/blog\/?p=48280' data-type='post'>La citadelle Hypon\u00e9ros<\/a><\/td>\n<td style='text-align:left'>BORDAGE Pierre<\/td>\n<td data-align='center'>23-avril-2009<\/td>\n<td data-align='center'>4.5<\/td>\n<td style='text-align:left'><\/td>\n<\/tr>\n<tr style='height: 24px;'>\n<td style='text-align:left'><a href='https:\/\/joubjoub.ddns.net\/blog\/?p=48302' data-type='post'>La clef : La confession impudique<\/a><\/td>\n<td style='text-align:left'>TANIZAKI Junichir\u00f4<\/td>\n<td data-align='center'>18-juillet-2009<\/td>\n<td data-align='center'>3,5<\/td>\n<td style='text-align:left'><\/td>\n<\/tr>\n<tr style='height: 24px;'>\n<td style='text-align:left'><a href='https:\/\/joubjoub.ddns.net\/blog\/?p=48292' data-type='post'>La femme press\u00e9e<\/a><\/td>\n<td style='text-align:left'>SULITZER Paul-Loup<\/td>\n<td data-align='center'>21-juin-2009<\/td>\n<td data-align='center'>3,5<\/td>\n<td style='text-align:left'>ABC2009<\/td>\n<\/tr>\n<tr style='height: 24px;'>\n<td style='text-align:left'><a href='https:\/\/joubjoub.ddns.net\/blog\/?p=48324' data-type='post'>La guerre contre le Rull<\/a><\/td>\n<td style='text-align:left'>VAN VOGT A.E.<\/td>\n<td data-align='center'>9-septembre-2009<\/td>\n<td data-align='center'>4<\/td>\n<td style='text-align:left'>ABC2009<\/td>\n<\/tr>\n<tr style='height: 24px;'>\n<td style='text-align:left'><a href='https:\/\/joubjoub.ddns.net\/blog\/?p=48282' data-type='post'>La lance<\/a><\/td>\n<td style='text-align:left'>HERBERT James<\/td>\n<td data-align='center'>30-avril-2009<\/td>\n<td data-align='center'>4<\/td>\n<td style='text-align:left'><\/td>\n<\/tr>\n<tr style='height: 24px;'>\n<td style='text-align:left'><a href='https:\/\/joubjoub.ddns.net\/blog\/?p=48338' data-type='post'>La m\u00e9tamorphose<\/a><\/td>\n<td style='text-align:left'>KAFKA Franz<\/td>\n<td data-align='center'>7-octobre-2009<\/td>\n<td data-align='center'>3,5<\/td>\n<td style='text-align:left'><\/td>\n<\/tr>\n<tr style='height: 24px;'>\n<td style='text-align:left'><a href='https:\/\/joubjoub.ddns.net\/blog\/?p=48350' data-type='post'>La Mort du roi Tsongor<\/a><\/td>\n<td style='text-align:left'>GAUD\u00c9 Laurent<\/td>\n<td data-align='center'>19-novembre-2009<\/td>\n<td data-align='center'>4<\/td>\n<td style='text-align:left'><\/td>\n<\/tr>\n<tr style='height: 24px;'>\n<td style='text-align:left'><a href='https:\/\/joubjoub.ddns.net\/blog\/?p=48290' data-type='post'>La pierre et le sabre<\/a><\/td>\n<td style='text-align:left'>YOSHIKAWA Eiji<\/td>\n<td data-align='center'>17-juin-2009<\/td>\n<td data-align='center'>4<\/td>\n<td style='text-align:left'><\/td>\n<\/tr>\n<tr style='height: 24px;'>\n<td style='text-align:left'><a href='https:\/\/joubjoub.ddns.net\/blog\/?p=48294' data-type='post'>La plan\u00e8te aux vents de folie<\/a><\/td>\n<td style='text-align:left'>BRADLEY Marion Zimmer<\/td>\n<td data-align='center'>25-juin-2009<\/td>\n<td data-align='center'>3<\/td>\n<td style='text-align:left'><\/td>\n<\/tr>\n<tr style='height: 24px;'>\n<td style='text-align:left'><a href='https:\/\/joubjoub.ddns.net\/blog\/?p=48342' data-type='post'>Le Dix-huit Brumaire : L\u2019\u00e9pilogue de la R\u00e9volution fran\u00e7aise<\/a><\/td>\n<td style='text-align:left'>GUENIFFEY Patrice<\/td>\n<td data-align='center'>24-octobre-2009<\/td>\n<td data-align='center'>4<\/td>\n<td style='text-align:left'>ABC2009<\/td>\n<\/tr>\n<tr style='height: 24px;'>\n<td style='text-align:left'><a href='https:\/\/joubjoub.ddns.net\/blog\/?p=48348' data-type='post'>Le ma\u00eetre des illusions<\/a><\/td>\n<td style='text-align:left'>TARTT Donna<\/td>\n<td data-align='center'>16-novembre-2009<\/td>\n<td data-align='center'>4<\/td>\n<td style='text-align:left'><\/td>\n<\/tr>\n<tr style='height: 24px;'>\n<td style='text-align:left'><a href='https:\/\/joubjoub.ddns.net\/blog\/?p=48306' data-type='post'>Le Paradis<\/a><\/td>\n<td style='text-align:left'>DANTE<\/td>\n<td data-align='center'>30-juillet-2009<\/td>\n<td data-align='center'>3,5<\/td>\n<td style='text-align:left'><\/td>\n<\/tr>\n<tr style='height: 24px;'>\n<td style='text-align:left'><a href='https:\/\/joubjoub.ddns.net\/blog\/?p=48310' data-type='post'>Le rocher de Tanios<\/a><\/td>\n<td style='text-align:left'>MAALOUF Amin<\/td>\n<td data-align='center'>6-ao\u00fbt-2009<\/td>\n<td data-align='center'>4<\/td>\n<td style='text-align:left'>Prix Goncourt<\/td>\n<\/tr>\n<tr style='height: 24px;'>\n<td style='text-align:left'><a href='https:\/\/joubjoub.ddns.net\/blog\/?p=48270' data-type='post'>Le roman de Renart I<\/a><\/td>\n<td style='text-align:left'>anonyme<\/td>\n<td data-align='center'>24-mars-2009<\/td>\n<td data-align='center'>3,5<\/td>\n<td style='text-align:left'><\/td>\n<\/tr>\n<tr style='height: 24px;'>\n<td style='text-align:left'><a href='https:\/\/joubjoub.ddns.net\/blog\/?p=48328' data-type='post'>Le sumo qui ne pouvait pas grossir<\/a><\/td>\n<td style='text-align:left'>SCHMITT Eric-Emmanuel<\/td>\n<td data-align='center'>14-septembre-2009<\/td>\n<td data-align='center'>4<\/td>\n<td style='text-align:left'><\/td>\n<\/tr>\n<tr style='height: 24px;'>\n<td style='text-align:left'><a href='https:\/\/joubjoub.ddns.net\/blog\/?p=48340' data-type='post'>Le tour du monde en 80 jours<\/a><\/td>\n<td style='text-align:left'>VERNE Jules<\/td>\n<td data-align='center'>12-octobre-2009<\/td>\n<td data-align='center'>4<\/td>\n<td style='text-align:left'><\/td>\n<\/tr>\n<tr style='height: 24px;'>\n<td style='text-align:left'><a href='https:\/\/joubjoub.ddns.net\/blog\/?p=48354' data-type='post'>Les d\u00e9mons de Dexter<\/a><\/td>\n<td style='text-align:left'>LINDSAY Jeff<\/td>\n<td data-align='center'>10-d\u00e9cembre-2009<\/td>\n<td data-align='center'>4<\/td>\n<td style='text-align:left'><\/td>\n<\/tr>\n<tr style='height: 24px;'>\n<td style='text-align:left'><a href='https:\/\/joubjoub.ddns.net\/blog\/?p=48358' data-type='post'>Les eaux troubles de Javel<\/a><\/td>\n<td style='text-align:left'>MALET L\u00e9o<\/td>\n<td data-align='center'>27-d\u00e9cembre-2009<\/td>\n<td data-align='center'>4<\/td>\n<td style='text-align:left'><\/td>\n<\/tr>\n<tr style='height: 24px;'>\n<td style='text-align:left'><a href='https:\/\/joubjoub.ddns.net\/blog\/?p=48356' data-type='post'>Mademoiselle, s\u2019il vous pla\u00eet !<\/a><\/td>\n<td style='text-align:left'>SARRAUTE Claude<\/td>\n<td data-align='center'>24-d\u00e9cembre-2009<\/td>\n<td data-align='center'>3,5<\/td>\n<td style='text-align:left'><\/td>\n<\/tr>\n<tr style='height: 24px;'>\n<td style='text-align:left'><a href='https:\/\/joubjoub.ddns.net\/blog\/?p=48284' data-type='post'>Mary Reilly<\/a><\/td>\n<td style='text-align:left'>MARTIN Val\u00e9rie<\/td>\n<td data-align='center'>7-mai-2009<\/td>\n<td data-align='center'>3<\/td>\n<td style='text-align:left'><\/td>\n<\/tr>\n<tr style='height: 24px;'>\n<td style='text-align:left'><a href='https:\/\/joubjoub.ddns.net\/blog\/?p=48238' data-type='post'>M\u00e9moires d\u2019Hadrien<\/a><\/td>\n<td style='text-align:left'>YOURCENAR Marguerite<\/td>\n<td data-align='center'>5-janvier-2009<\/td>\n<td data-align='center'>3,5<\/td>\n<td style='text-align:left'>ABC2009<\/td>\n<\/tr>\n<tr style='height: 24px;'>\n<td style='text-align:left'><a href='https:\/\/joubjoub.ddns.net\/blog\/?p=48316' data-type='post'>M\u00e9taphysique des tubes<\/a><\/td>\n<td style='text-align:left'>NOTHOMB Am\u00e9lie<\/td>\n<td data-align='center'>27-ao\u00fbt-2009<\/td>\n<td data-align='center'>3,5<\/td>\n<td style='text-align:left'>ABC2009<\/td>\n<\/tr>\n<tr style='height: 24px;'>\n<td style='text-align:left'><a href='https:\/\/joubjoub.ddns.net\/blog\/?p=48266' data-type='post'>Napol\u00e9on \u2013 Les grands moments d\u2019un destin<\/a><\/td>\n<td style='text-align:left'>TULARD Jean<\/td>\n<td data-align='center'>12-mars-2009<\/td>\n<td data-align='center'>3,5<\/td>\n<td style='text-align:left'>ABC2009<\/td>\n<\/tr>\n<tr style='height: 24px;'>\n<td style='text-align:left'><a href='https:\/\/joubjoub.ddns.net\/blog\/?p=48312' data-type='post'>Onze minutes<\/a><\/td>\n<td style='text-align:left'>COELHO Paulo<\/td>\n<td data-align='center'>24-ao\u00fbt-2009<\/td>\n<td data-align='center'>3<\/td>\n<td style='text-align:left'><\/td>\n<\/tr>\n<tr style='height: 24px;'>\n<td style='text-align:left'><a href='https:\/\/joubjoub.ddns.net\/blog\/?p=48326' data-type='post'>Pivoine<\/a><\/td>\n<td style='text-align:left'>BUCK Pearl<\/td>\n<td data-align='center'>14-septembre-2009<\/td>\n<td data-align='center'>4<\/td>\n<td style='text-align:left'><\/td>\n<\/tr>\n<tr style='height: 24px;'>\n<td style='text-align:left'><a href='https:\/\/joubjoub.ddns.net\/blog\/?p=48314' data-type='post'>Pourquoi j\u2019ai mang\u00e9 mon p\u00e8re<\/a><\/td>\n<td style='text-align:left'>LEWIS Roy<\/td>\n<td data-align='center'>27-ao\u00fbt-2009<\/td>\n<td data-align='center'>4<\/td>\n<td style='text-align:left'><\/td>\n<\/tr>\n<tr style='height: 24px;'>\n<td style='text-align:left'><a href='https:\/\/joubjoub.ddns.net\/blog\/?p=48300' data-type='post'>Salammb\u00f4<\/a><\/td>\n<td style='text-align:left'>FLAUBERT Gustave<\/td>\n<td data-align='center'>16-juillet-2009<\/td>\n<td data-align='center'>3,5<\/td>\n<td style='text-align:left'><\/td>\n<\/tr>\n<tr style='height: 24px;'>\n<td style='text-align:left'><a href='https:\/\/joubjoub.ddns.net\/blog\/?p=48332' data-type='post'>Un barrage contre le Pacifique<\/a><\/td>\n<td style='text-align:left'>DURAS Marguerite<\/td>\n<td data-align='center'>22-septembre-2009<\/td>\n<td data-align='center'>4<\/td>\n<td style='text-align:left'><\/td>\n<\/tr>\n<tr style='height: 24px;'>\n<td style='text-align:left'><a href='https:\/\/joubjoub.ddns.net\/blog\/?p=48308' data-type='post'>Un peu de science pour tout le monde<\/a><\/td>\n<td style='text-align:left'>ALL\u00c8GRE Claude<\/td>\n<td data-align='center'>3-ao\u00fbt-2009<\/td>\n<td data-align='center'>\u2764<\/td>\n<td style='text-align:left'>ABC2009<\/td>\n<\/tr>\n<tr style='height: 24px;'>\n<td style='text-align:left'><a href='https:\/\/joubjoub.ddns.net\/blog\/?p=48352' data-type='post'>Uranus<\/a><\/td>\n<td style='text-align:left'>AYM\u00c9 Marcel<\/td>\n<td data-align='center'>26-novembre-2009<\/td>\n<td data-align='center'>3,5<\/td>\n<td style='text-align:left'><\/td>\n<\/tr>\n<\/tbody>\n<tfoot>\n<tr style=\"height: 24px;\">\n<td class=\"has-text-align-left\" style=\"height: 24px; font-size: 18px;\" data-align=\"left\"><span class=\"has-inline-color has-vivid-cyan-blue-color\"><strong>TOTAL : 61 livres lus en 2009<\/strong><\/span><\/td>\n<td class=\"has-text-align-center\" style=\"height: 24px;\" data-align=\"center\"> <\/td>\n<td class=\"has-text-align-center\" style=\"height: 24px;\" data-align=\"center\"> <\/td>\n<td class=\"has-text-align-center\" style=\"height: 24px;\" data-align=\"center\"> <\/td>\n<td class=\"has-text-align-center\" style=\"height: 24px;\" data-align=\"center\"> <\/td>\n<\/tr>\n<\/tfoot>\n<\/table>\n<p><\/center><\/p>\n","protected":false},"excerpt":{"rendered":"<p>Titre Auteur Date Note Commentaires 120, rue de la Gare MALET L\u00e9o 5-juillet-2009 4 \u00c0 force d\u2019oubli PLAIN Belva 3-avril-2009 3,5 ABC2009 Au plaisir de Dieu ORMESSON Jean d\u2019 20-mai-2009 3,5 ABC2009 Au rez-de-chauss\u00e9e du paradis collectif 1-avril-2009 3,5 Au service secret de sa majest\u00e9 FLEMING Ian 19-janvier-2009 4 ABC2009 Babylon Babies DANTEC Maurice 1-juin-2009 4 Berlin Alexanderplatz D\u00d6BLIN Alfred&#46;&#46;&#46;<\/p>\n","protected":false},"author":1,"featured_media":0,"parent":0,"menu_order":0,"comment_status":"closed","ping_status":"closed","template":"","meta":{"footnotes":""},"class_list":["post-48360","page","type-page","status-publish","hentry"],"_links":{"self":[{"href":"https:\/\/joubjoub.ddns.net\/blog\/index.php?rest_route=\/wp\/v2\/pages\/48360","targetHints":{"allow":["GET"]}}],"collection":[{"href":"https:\/\/joubjoub.ddns.net\/blog\/index.php?rest_route=\/wp\/v2\/pages"}],"about":[{"href":"https:\/\/joubjoub.ddns.net\/blog\/index.php?rest_route=\/wp\/v2\/types\/page"}],"author":[{"embeddable":true,"href":"https:\/\/joubjoub.ddns.net\/blog\/index.php?rest_route=\/wp\/v2\/users\/1"}],"replies":[{"embeddable":true,"href":"https:\/\/joubjoub.ddns.net\/blog\/index.php?rest_route=%2Fwp%2Fv2%2Fcomments&post=48360"}],"version-history":[{"count":8,"href":"https:\/\/joubjoub.ddns.net\/blog\/index.php?rest_route=\/wp\/v2\/pages\/48360\/revisions"}],"predecessor-version":[{"id":48364,"href":"https:\/\/joubjoub.ddns.net\/blog\/index.php?rest_route=\/wp\/v2\/pages\/48360\/revisions\/48364"}],"wp:attachment":[{"href":"https:\/\/joubjoub.ddns.net\/blog\/index.php?rest_route=%2Fwp%2Fv2%2Fmedia&parent=48360"}],"curies":[{"name":"wp","href":"https:\/\/api.w.org\/{rel}","templated":true}]}}