{"id":48481,"date":"2025-06-18T07:59:28","date_gmt":"2025-06-18T05:59:28","guid":{"rendered":"https:\/\/joubjoub.ddns.net\/blog\/?page_id=48481"},"modified":"2025-06-18T07:59:28","modified_gmt":"2025-06-18T05:59:28","slug":"livres-lus-en-2010","status":"publish","type":"page","link":"https:\/\/joubjoub.ddns.net\/blog\/?page_id=48481","title":{"rendered":"Livres lus en 2010"},"content":{"rendered":"<p><center><\/p>\n<table style=\"width: 90%;\">\n<thead>\n<tr style='height: 24px; font-size: 18px;'>\n<th style='text-align:left'>Titre<\/th>\n<th style='text-align:left'>Auteur<\/th>\n<th data-align='center'>Date<\/th>\n<th data-align='center'>Note<\/th>\n<th data-align='center'>Commentaires<\/th>\n<\/tr>\n<\/thead>\n<tbody>\n<tr style='height: 24px;'>\n<td style='text-align:left'><a href='https:\/\/joubjoub.ddns.net\/blog\/?p=48471' data-type='post'>Alice au Canada<\/a><\/td>\n<td style='text-align:left'>QUINE Caroline<\/td>\n<td data-align='center'>24-novembre-2010<\/td>\n<td data-align='center'>4<\/td>\n<td style='text-align:left'>ABC2010,<\/td>\n<\/tr>\n<tr style='height: 24px;'>\n<td style='text-align:left'><a href='https:\/\/joubjoub.ddns.net\/blog\/?p=48457' data-type='post'>Apr\u00e8s la guerre des chocolats<\/a><\/td>\n<td style='text-align:left'>CORMIER Robert<\/td>\n<td data-align='center'>6-octobre-2010<\/td>\n<td data-align='center'>4<\/td>\n<td style='text-align:left'><\/td>\n<\/tr>\n<tr style='height: 24px;'>\n<td style='text-align:left'><a href='https:\/\/joubjoub.ddns.net\/blog\/?p=48397' data-type='post'>Aupr\u00e8s de moi toujours<\/a><\/td>\n<td style='text-align:left'>ISHIGURO Kazuo<\/td>\n<td data-align='center'>22-mars-2010<\/td>\n<td data-align='center'>4<\/td>\n<td style='text-align:left'>ABC2010,<\/td>\n<\/tr>\n<tr style='height: 24px;'>\n<td style='text-align:left'><a href='https:\/\/joubjoub.ddns.net\/blog\/?p=48441' data-type='post'>Cartel<\/a><\/td>\n<td style='text-align:left'>SULITZER Paul-Loup<\/td>\n<td data-align='center'>11-ao\u00fbt-2010<\/td>\n<td data-align='center'>4<\/td>\n<td style='text-align:left'>ABC2010,<\/td>\n<\/tr>\n<tr style='height: 24px;'>\n<td style='text-align:left'><a href='https:\/\/joubjoub.ddns.net\/blog\/?p=48453' data-type='post'>Cat le Psion<\/a><\/td>\n<td style='text-align:left'>VINGE Joan D.<\/td>\n<td data-align='center'>23-septembre-2010<\/td>\n<td data-align='center'>4<\/td>\n<td style='text-align:left'>ABC2010,<\/td>\n<\/tr>\n<tr style='height: 24px;'>\n<td style='text-align:left'><a href='https:\/\/joubjoub.ddns.net\/blog\/?p=48389' data-type='post'>C\u0153ur de li\u00e8vre<\/a><\/td>\n<td style='text-align:left'>UPDIKE John<\/td>\n<td data-align='center'>2-f\u00e9vrier-2010<\/td>\n<td data-align='center'>4<\/td>\n<td style='text-align:left'>ABC2010,<\/td>\n<\/tr>\n<tr style='height: 24px;'>\n<td style='text-align:left'><a href='https:\/\/joubjoub.ddns.net\/blog\/?p=48417' data-type='post'>Danse avec l\u2019ange<\/a><\/td>\n<td style='text-align:left'>EDWARDSON \u00c5ke<\/td>\n<td data-align='center'>13-mai-2010<\/td>\n<td data-align='center'>4<\/td>\n<td style='text-align:left'>ABC2010,<\/td>\n<\/tr>\n<tr style='height: 24px;'>\n<td style='text-align:left'><a href='https:\/\/joubjoub.ddns.net\/blog\/?p=48431' data-type='post'>Discours de la m\u00e9thode<\/a><\/td>\n<td style='text-align:left'>DESCARTES Ren\u00e9<\/td>\n<td data-align='center'>23-juillet-2010<\/td>\n<td data-align='center'>3.5<\/td>\n<td style='text-align:left'><\/td>\n<\/tr>\n<tr style='height: 24px;'>\n<td style='text-align:left'><a href='https:\/\/joubjoub.ddns.net\/blog\/?p=48467' data-type='post'>Enfance<\/a><\/td>\n<td style='text-align:left'>SARRAUTE Nathalie<\/td>\n<td data-align='center'>17-novembre-2010<\/td>\n<td data-align='center'>3<\/td>\n<td style='text-align:left'><\/td>\n<\/tr>\n<tr style='height: 24px;'>\n<td style='text-align:left'><a href='https:\/\/joubjoub.ddns.net\/blog\/?p=48459' data-type='post'>F\u00e9es &#038; Gestes<\/a><\/td>\n<td style='text-align:left'>collectif<\/td>\n<td data-align='center'>20-octobre-2010<\/td>\n<td data-align='center'>3<\/td>\n<td style='text-align:left'><\/td>\n<\/tr>\n<tr style='height: 24px;'>\n<td style='text-align:left'><a href='https:\/\/joubjoub.ddns.net\/blog\/?p=48433' data-type='post'>Goldfinger<\/a><\/td>\n<td style='text-align:left'>FLEMING Ian<\/td>\n<td data-align='center'>26-juillet-2010<\/td>\n<td data-align='center'>3.5<\/td>\n<td style='text-align:left'>ABC2010,<\/td>\n<\/tr>\n<tr style='height: 24px;'>\n<td style='text-align:left'><a href='https:\/\/joubjoub.ddns.net\/blog\/?p=48395' data-type='post'>Imp\u00e9ratrice<\/a><\/td>\n<td style='text-align:left'>SHAN Sa<\/td>\n<td data-align='center'>11-mars-2010<\/td>\n<td data-align='center'>4<\/td>\n<td style='text-align:left'><\/td>\n<\/tr>\n<tr style='height: 24px;'>\n<td style='text-align:left'><a href='https:\/\/joubjoub.ddns.net\/blog\/?p=48463' data-type='post'>In the air<\/a><\/td>\n<td style='text-align:left'>KIRN Walter<\/td>\n<td data-align='center'>5-novembre-2010<\/td>\n<td data-align='center'>4<\/td>\n<td style='text-align:left'><\/td>\n<\/tr>\n<tr style='height: 24px;'>\n<td style='text-align:left'><a href='https:\/\/joubjoub.ddns.net\/blog\/?p=48429' data-type='post'>Je voudrais que quelqu\u2019un m\u2019attende quelque part<\/a><\/td>\n<td style='text-align:left'>GAVALDA Anna<\/td>\n<td data-align='center'>13-juillet-2010<\/td>\n<td data-align='center'>\u2764<\/td>\n<td style='text-align:left'>ABC2010,<\/td>\n<\/tr>\n<tr style='height: 24px;'>\n<td style='text-align:left'><a href='https:\/\/joubjoub.ddns.net\/blog\/?p=48425' data-type='post'>Kitchen<\/a><\/td>\n<td style='text-align:left'>YOSHIMOTO Banana<\/td>\n<td data-align='center'>28-juin-2010<\/td>\n<td data-align='center'>4<\/td>\n<td style='text-align:left'>ABC2010,<\/td>\n<\/tr>\n<tr style='height: 24px;'>\n<td style='text-align:left'><a href='https:\/\/joubjoub.ddns.net\/blog\/?p=48399' data-type='post'>L\u2019Homme-Jasmin<\/a><\/td>\n<td style='text-align:left'>Z\u00dcRN Unica<\/td>\n<td data-align='center'>31-mars-2010<\/td>\n<td data-align='center'>3.5<\/td>\n<td style='text-align:left'>ABC2010,<\/td>\n<\/tr>\n<tr style='height: 24px;'>\n<td style='text-align:left'><a href='https:\/\/joubjoub.ddns.net\/blog\/?p=48437' data-type='post'>L\u2019\u00eele des esclaves<\/a><\/td>\n<td style='text-align:left'>MARIVAUX Pierre de<\/td>\n<td data-align='center'>2-ao\u00fbt-2010<\/td>\n<td data-align='center'>4<\/td>\n<td style='text-align:left'><\/td>\n<\/tr>\n<tr style='height: 24px;'>\n<td style='text-align:left'><a href='https:\/\/joubjoub.ddns.net\/blog\/?p=48477' data-type='post'>La chute<\/a><\/td>\n<td style='text-align:left'>CAMUS Albert<\/td>\n<td data-align='center'>2-d\u00e9cembre-2010<\/td>\n<td data-align='center'>\u2764<\/td>\n<td style='text-align:left'><\/td>\n<\/tr>\n<tr style='height: 24px;'>\n<td style='text-align:left'><a href='https:\/\/joubjoub.ddns.net\/blog\/?p=48413' data-type='post'>La conspiration<\/a><\/td>\n<td style='text-align:left'>NIZAN Paul<\/td>\n<td data-align='center'>4-mai-2010<\/td>\n<td data-align='center'>4<\/td>\n<td style='text-align:left'>ABC2010,<\/td>\n<\/tr>\n<tr style='height: 24px;'>\n<td style='text-align:left'><a href='https:\/\/joubjoub.ddns.net\/blog\/?p=48443' data-type='post'>La croix des Assassins<\/a><\/td>\n<td style='text-align:left'>GIACOMETTI \u00c9ric, RAVENNE Jacques<\/td>\n<td data-align='center'>19-ao\u00fbt-2010<\/td>\n<td data-align='center'>3.5<\/td>\n<td style='text-align:left'><\/td>\n<\/tr>\n<tr style='height: 24px;'>\n<td style='text-align:left'><a href='https:\/\/joubjoub.ddns.net\/blog\/?p=48451' data-type='post'>La Ma\u00eetresse de Jade<\/a><\/td>\n<td style='text-align:left'>LIM Catherine<\/td>\n<td data-align='center'>10-septembre-2010<\/td>\n<td data-align='center'>4<\/td>\n<td style='text-align:left'>ABC2010,<\/td>\n<\/tr>\n<tr style='height: 24px;'>\n<td style='text-align:left'><a href='https:\/\/joubjoub.ddns.net\/blog\/?p=48409' data-type='post'>La mort n\u2019oublie personne<\/a><\/td>\n<td style='text-align:left'>DAENINCKX Didier<\/td>\n<td data-align='center'>28-avril-2010<\/td>\n<td data-align='center'>4<\/td>\n<td style='text-align:left'><\/td>\n<\/tr>\n<tr style='height: 24px;'>\n<td style='text-align:left'><a href='https:\/\/joubjoub.ddns.net\/blog\/?p=48379' data-type='post'>La reine des pommes<\/a><\/td>\n<td style='text-align:left'>HIMES Chester<\/td>\n<td data-align='center'>5-janvier-2010<\/td>\n<td data-align='center'>4<\/td>\n<td style='text-align:left'>ABC2010,<\/td>\n<\/tr>\n<tr style='height: 24px;'>\n<td style='text-align:left'><a href='https:\/\/joubjoub.ddns.net\/blog\/?p=48469' data-type='post'>La r\u00eave-party<\/a><\/td>\n<td style='text-align:left'>DORIN Fran\u00e7oise<\/td>\n<td data-align='center'>19-novembre-2010<\/td>\n<td data-align='center'>3<\/td>\n<td style='text-align:left'><\/td>\n<\/tr>\n<tr style='height: 24px;'>\n<td style='text-align:left'><a href='https:\/\/joubjoub.ddns.net\/blog\/?p=48407' data-type='post'>La route<\/a><\/td>\n<td style='text-align:left'>McCARTHY Cormac<\/td>\n<td data-align='center'>27-avril-2010<\/td>\n<td data-align='center'>\u2764<\/td>\n<td style='text-align:left'><\/td>\n<\/tr>\n<tr style='height: 24px;'>\n<td style='text-align:left'><a href='https:\/\/joubjoub.ddns.net\/blog\/?p=48449' data-type='post'>Lady Susan<\/a><\/td>\n<td style='text-align:left'>AUSTEN Jane<\/td>\n<td data-align='center'>1-septembre-2010<\/td>\n<td data-align='center'>3.5<\/td>\n<td style='text-align:left'><\/td>\n<\/tr>\n<tr style='height: 24px;'>\n<td style='text-align:left'><a href='https:\/\/joubjoub.ddns.net\/blog\/?p=48403' data-type='post'>Le chat qui avait un don<\/a><\/td>\n<td style='text-align:left'>JACKSON BRAUN Lilian<\/td>\n<td data-align='center'>21-avril-2010<\/td>\n<td data-align='center'>2<\/td>\n<td style='text-align:left'><\/td>\n<\/tr>\n<tr style='height: 24px;'>\n<td style='text-align:left'><a href='https:\/\/joubjoub.ddns.net\/blog\/?p=48391' data-type='post'>Le d\u00e9mon dans ma peau<\/a><\/td>\n<td style='text-align:left'>THOMPSON Jim<\/td>\n<td data-align='center'>4-f\u00e9vrier-2010<\/td>\n<td data-align='center'>4<\/td>\n<td style='text-align:left'>ABC2010,<\/td>\n<\/tr>\n<tr style='height: 24px;'>\n<td style='text-align:left'><a href='https:\/\/joubjoub.ddns.net\/blog\/?p=48415' data-type='post'>Le dernier pour la route<\/a><\/td>\n<td style='text-align:left'>CHABALIER Herv\u00e9<\/td>\n<td data-align='center'>6-mai-2010<\/td>\n<td data-align='center'>4<\/td>\n<td style='text-align:left'>ABC2010,<\/td>\n<\/tr>\n<tr style='height: 24px;'>\n<td style='text-align:left'><a href='https:\/\/joubjoub.ddns.net\/blog\/?p=48435' data-type='post'>Le n\u0153ud de vip\u00e8res<\/a><\/td>\n<td style='text-align:left'>MAURIAC Fran\u00e7ois<\/td>\n<td data-align='center'>29-juillet-2010<\/td>\n<td data-align='center'>3<\/td>\n<td style='text-align:left'><\/td>\n<\/tr>\n<tr style='height: 24px;'>\n<td style='text-align:left'><a href='https:\/\/joubjoub.ddns.net\/blog\/?p=48465' data-type='post'>Le petit Lord Fauntleroy<\/a><\/td>\n<td style='text-align:left'>BURNETT Frances H.<\/td>\n<td data-align='center'>9-novembre-2010<\/td>\n<td data-align='center'>4<\/td>\n<td style='text-align:left'><\/td>\n<\/tr>\n<tr style='height: 24px;'>\n<td style='text-align:left'><a href='https:\/\/joubjoub.ddns.net\/blog\/?p=48421' data-type='post'>Le seigneur du Rim<\/a><\/td>\n<td style='text-align:left'>BESHER Alexander<\/td>\n<td data-align='center'>31-mai-2010<\/td>\n<td data-align='center'>3<\/td>\n<td style='text-align:left'>ABC2010,<\/td>\n<\/tr>\n<tr style='height: 24px;'>\n<td style='text-align:left'><a href='https:\/\/joubjoub.ddns.net\/blog\/?p=48447' data-type='post'>Le symbole perdu<\/a><\/td>\n<td style='text-align:left'>BROWN Dan<\/td>\n<td data-align='center'>29-ao\u00fbt-2010<\/td>\n<td data-align='center'>\u2764<\/td>\n<td style='text-align:left'><\/td>\n<\/tr>\n<tr style='height: 24px;'>\n<td style='text-align:left'><a href='https:\/\/joubjoub.ddns.net\/blog\/?p=48475' data-type='post'>Le Tartuffe<\/a><\/td>\n<td style='text-align:left'>MOLI\u00c8RE<\/td>\n<td data-align='center'>26-novembre-2010<\/td>\n<td data-align='center'>3.5<\/td>\n<td style='text-align:left'><\/td>\n<\/tr>\n<tr style='height: 24px;'>\n<td style='text-align:left'><a href='https:\/\/joubjoub.ddns.net\/blog\/?p=48381' data-type='post'>Le tour d\u2019\u00e9crou<\/a><\/td>\n<td style='text-align:left'>JAMES Henry<\/td>\n<td data-align='center'>8-janvier-2010<\/td>\n<td data-align='center'>4<\/td>\n<td style='text-align:left'><\/td>\n<\/tr>\n<tr style='height: 24px;'>\n<td style='text-align:left'><a href='https:\/\/joubjoub.ddns.net\/blog\/?p=48405' data-type='post'>Les braves gens ne courent pas les rues<\/a><\/td>\n<td style='text-align:left'>O\u2019CONNOR Flannery<\/td>\n<td data-align='center'>24-avril-2010<\/td>\n<td data-align='center'>4<\/td>\n<td style='text-align:left'>ABC2010,<\/td>\n<\/tr>\n<tr style='height: 24px;'>\n<td style='text-align:left'><a href='https:\/\/joubjoub.ddns.net\/blog\/?p=48455' data-type='post'>Les chroniques de Mc Andrew<\/a><\/td>\n<td style='text-align:left'>SHEFFIELD Charles<\/td>\n<td data-align='center'>29-septembre-2010<\/td>\n<td data-align='center'>\u2764<\/td>\n<td style='text-align:left'><\/td>\n<\/tr>\n<tr style='height: 24px;'>\n<td style='text-align:left'><a href='https:\/\/joubjoub.ddns.net\/blog\/?p=48411' data-type='post'>Les fabuleuses aventures d\u2019un Indien malchanceux qui devint milliardaire<\/a><\/td>\n<td style='text-align:left'>SWARUP Vikas<\/td>\n<td data-align='center'>1-mai-2010<\/td>\n<td data-align='center'>\u2764<\/td>\n<td style='text-align:left'><\/td>\n<\/tr>\n<tr style='height: 24px;'>\n<td style='text-align:left'><a href='https:\/\/joubjoub.ddns.net\/blog\/?p=48419' data-type='post'>Les fleuves profonds<\/a><\/td>\n<td style='text-align:left'>ARGUEDAS Jos\u00e9 Maria<\/td>\n<td data-align='center'>20-mai-2010<\/td>\n<td data-align='center'>3<\/td>\n<td style='text-align:left'>ABC2010,<\/td>\n<\/tr>\n<tr style='height: 24px;'>\n<td style='text-align:left'><a href='https:\/\/joubjoub.ddns.net\/blog\/?p=48427' data-type='post'>Les six Napol\u00e9ons<\/a><\/td>\n<td style='text-align:left'>DOYLE Conan<\/td>\n<td data-align='center'>1-juillet-2010<\/td>\n<td data-align='center'>3.5<\/td>\n<td style='text-align:left'><\/td>\n<\/tr>\n<tr style='height: 24px;'>\n<td style='text-align:left'><a href='https:\/\/joubjoub.ddns.net\/blog\/?p=48461' data-type='post'>Les Visages<\/a><\/td>\n<td style='text-align:left'>KELLERMAN Jesse<\/td>\n<td data-align='center'>28-octobre-2010<\/td>\n<td data-align='center'>4<\/td>\n<td style='text-align:left'><\/td>\n<\/tr>\n<tr style='height: 24px;'>\n<td style='text-align:left'><a href='https:\/\/joubjoub.ddns.net\/blog\/?p=48393' data-type='post'>Les zinzins d\u2019Olive Oued<\/a><\/td>\n<td style='text-align:left'>PRATCHETT Terry<\/td>\n<td data-align='center'>18-f\u00e9vrier-2010<\/td>\n<td data-align='center'>4<\/td>\n<td style='text-align:left'>ABC2010,<\/td>\n<\/tr>\n<tr style='height: 24px;'>\n<td style='text-align:left'><a href='https:\/\/joubjoub.ddns.net\/blog\/?p=48423' data-type='post'>Long John Silver<\/a><\/td>\n<td style='text-align:left'>LARSSON Bj\u00f6rn<\/td>\n<td data-align='center'>24-juin-2010<\/td>\n<td data-align='center'>4<\/td>\n<td style='text-align:left'><\/td>\n<\/tr>\n<tr style='height: 24px;'>\n<td style='text-align:left'><a href='https:\/\/joubjoub.ddns.net\/blog\/?p=48387' data-type='post'>Meurtres pour m\u00e9moire<\/a><\/td>\n<td style='text-align:left'>DAENINCKX Didier<\/td>\n<td data-align='center'>15-janvier-2010<\/td>\n<td data-align='center'>4<\/td>\n<td style='text-align:left'>ABC2010,<\/td>\n<\/tr>\n<tr style='height: 24px;'>\n<td style='text-align:left'><a href='https:\/\/joubjoub.ddns.net\/blog\/?p=48401' data-type='post'>Mort d\u2019une h\u00e9ro\u00efne rouge<\/a><\/td>\n<td style='text-align:left'>XIAOLONG Qiu<\/td>\n<td data-align='center'>16-avril-2010<\/td>\n<td data-align='center'>4<\/td>\n<td style='text-align:left'>ABC2010, Prix Anthony, <\/td>\n<\/tr>\n<tr style='height: 24px;'>\n<td style='text-align:left'><a href='https:\/\/joubjoub.ddns.net\/blog\/?p=48383' data-type='post'>Pedro P\u00e1ramo<\/a><\/td>\n<td style='text-align:left'>RULFO Juan<\/td>\n<td data-align='center'>11-janvier-2010<\/td>\n<td data-align='center'>4<\/td>\n<td style='text-align:left'>ABC2010,<\/td>\n<\/tr>\n<tr style='height: 24px;'>\n<td style='text-align:left'><a href='https:\/\/joubjoub.ddns.net\/blog\/?p=48479' data-type='post'>Quand je pense que Beethoven est mort alors que tant de cr\u00e9tins vivent\u2026<\/a><\/td>\n<td style='text-align:left'>SCHMITT Eric-Emmanuel<\/td>\n<td data-align='center'>29-d\u00e9cembre-2010<\/td>\n<td data-align='center'>4<\/td>\n<td style='text-align:left'><\/td>\n<\/tr>\n<tr style='height: 24px;'>\n<td style='text-align:left'><a href='https:\/\/joubjoub.ddns.net\/blog\/?p=48473' data-type='post'>Ruy Blas<\/a><\/td>\n<td style='text-align:left'>HUGO Victor<\/td>\n<td data-align='center'>25-novembre-2010<\/td>\n<td data-align='center'>4<\/td>\n<td style='text-align:left'><\/td>\n<\/tr>\n<tr style='height: 24px;'>\n<td style='text-align:left'><a href='https:\/\/joubjoub.ddns.net\/blog\/?p=48445' data-type='post'>Une poign\u00e9e de seigle<\/a><\/td>\n<td style='text-align:left'>CHRISTIE Agatha<\/td>\n<td data-align='center'>22-ao\u00fbt-2010<\/td>\n<td data-align='center'>4<\/td>\n<td style='text-align:left'><\/td>\n<\/tr>\n<tr style='height: 24px;'>\n<td style='text-align:left'><a href='https:\/\/joubjoub.ddns.net\/blog\/?p=48439' data-type='post'>Vanina Vanini \u2013 Le Coffre et le Revenant<\/a><\/td>\n<td style='text-align:left'>STENDHAL<\/td>\n<td data-align='center'>3-ao\u00fbt-2010<\/td>\n<td data-align='center'>4<\/td>\n<td style='text-align:left'><\/td>\n<\/tr>\n<tr style='height: 24px;'>\n<td style='text-align:left'><a href='https:\/\/joubjoub.ddns.net\/blog\/?p=48385' data-type='post'>Vivement dimanche !<\/a><\/td>\n<td style='text-align:left'>WILLIAMS Charles<\/td>\n<td data-align='center'>12-janvier-2010<\/td>\n<td data-align='center'>4<\/td>\n<td style='text-align:left'>ABC2010,<\/td>\n<\/tr>\n<\/tbody>\n<tfoot>\n<tr style=\"height: 24px;\">\n<td class=\"has-text-align-left\" style=\"height: 24px; font-size: 18px;\" data-align=\"left\"><span class=\"has-inline-color has-vivid-cyan-blue-color\"><strong>TOTAL : 51 livres lus en 2010<\/strong><\/span><\/td>\n<td class=\"has-text-align-center\" style=\"height: 24px;\" data-align=\"center\"> <\/td>\n<td class=\"has-text-align-center\" style=\"height: 24px;\" data-align=\"center\"> <\/td>\n<td class=\"has-text-align-center\" style=\"height: 24px;\" data-align=\"center\"> <\/td>\n<td class=\"has-text-align-center\" style=\"height: 24px;\" data-align=\"center\"> <\/td>\n<\/tr>\n<\/tfoot>\n<\/table>\n<p><\/center><\/p>\n","protected":false},"excerpt":{"rendered":"<p>Titre Auteur Date Note Commentaires Alice au Canada QUINE Caroline 24-novembre-2010 4 ABC2010, Apr\u00e8s la guerre des chocolats CORMIER Robert 6-octobre-2010 4 Aupr\u00e8s de moi toujours ISHIGURO Kazuo 22-mars-2010 4 ABC2010, Cartel SULITZER Paul-Loup 11-ao\u00fbt-2010 4 ABC2010, Cat le Psion VINGE Joan D. 23-septembre-2010 4 ABC2010, C\u0153ur de li\u00e8vre UPDIKE John 2-f\u00e9vrier-2010 4 ABC2010, Danse avec l\u2019ange EDWARDSON \u00c5ke 13-mai-2010&#46;&#46;&#46;<\/p>\n","protected":false},"author":1,"featured_media":0,"parent":0,"menu_order":0,"comment_status":"closed","ping_status":"closed","template":"","meta":{"footnotes":""},"class_list":["post-48481","page","type-page","status-publish","hentry"],"_links":{"self":[{"href":"https:\/\/joubjoub.ddns.net\/blog\/index.php?rest_route=\/wp\/v2\/pages\/48481","targetHints":{"allow":["GET"]}}],"collection":[{"href":"https:\/\/joubjoub.ddns.net\/blog\/index.php?rest_route=\/wp\/v2\/pages"}],"about":[{"href":"https:\/\/joubjoub.ddns.net\/blog\/index.php?rest_route=\/wp\/v2\/types\/page"}],"author":[{"embeddable":true,"href":"https:\/\/joubjoub.ddns.net\/blog\/index.php?rest_route=\/wp\/v2\/users\/1"}],"replies":[{"embeddable":true,"href":"https:\/\/joubjoub.ddns.net\/blog\/index.php?rest_route=%2Fwp%2Fv2%2Fcomments&post=48481"}],"version-history":[{"count":1,"href":"https:\/\/joubjoub.ddns.net\/blog\/index.php?rest_route=\/wp\/v2\/pages\/48481\/revisions"}],"predecessor-version":[{"id":48482,"href":"https:\/\/joubjoub.ddns.net\/blog\/index.php?rest_route=\/wp\/v2\/pages\/48481\/revisions\/48482"}],"wp:attachment":[{"href":"https:\/\/joubjoub.ddns.net\/blog\/index.php?rest_route=%2Fwp%2Fv2%2Fmedia&parent=48481"}],"curies":[{"name":"wp","href":"https:\/\/api.w.org\/{rel}","templated":true}]}}