{"id":48649,"date":"2025-06-18T12:32:58","date_gmt":"2025-06-18T10:32:58","guid":{"rendered":"https:\/\/joubjoub.ddns.net\/blog\/?page_id=48649"},"modified":"2025-06-18T12:35:46","modified_gmt":"2025-06-18T10:35:46","slug":"livres-lus-en-2012","status":"publish","type":"page","link":"https:\/\/joubjoub.ddns.net\/blog\/?page_id=48649","title":{"rendered":"Livres lus en 2012"},"content":{"rendered":"<p><center><\/p>\n<table style=\"width: 90%;\">\n<thead>\n<tr style='height: 24px; font-size: 18px;'>\n<th style='text-align:left'>Titre<\/th>\n<th style='text-align:left'>Auteur<\/th>\n<th data-align='center'>Date<\/th>\n<th data-align='center'>Note<\/th>\n<th data-align='center'>Commentaires<\/th>\n<\/tr>\n<\/thead>\n<tbody>\n<tr style='height: 24px;'>\n<td style='text-align:left'><a href='https:\/\/joubjoub.ddns.net\/blog\/?p=48587' data-type='post'>Ali\u00e9nor d\u2019Aquitaine<\/a><\/td>\n<td style='text-align:left'>PERNOUD R\u00e9gine<\/td>\n<td data-align='center'>3-avril-2012<\/td>\n<td data-align='center'>\u2764<\/td>\n<td style='text-align:left'><\/td>\n<\/tr>\n<tr style='height: 24px;'>\n<td style='text-align:left'><a href='https:\/\/joubjoub.ddns.net\/blog\/?p=48621' data-type='post'>Antigone<\/a><\/td>\n<td style='text-align:left'>ANOUILH Jean<\/td>\n<td data-align='center'>18-septembre-2012<\/td>\n<td data-align='center'>4<\/td>\n<td style='text-align:left'><\/td>\n<\/tr>\n<tr style='height: 24px;'>\n<td style='text-align:left'><a href='https:\/\/joubjoub.ddns.net\/blog\/?p=48597' data-type='post'>Au Japon ceux qui s\u2019aiment ne disent pas je t\u2019aime<\/a><\/td>\n<td style='text-align:left'>JANVIER Elena<\/td>\n<td data-align='center'>3-juin-2012<\/td>\n<td data-align='center'>3,5<\/td>\n<td style='text-align:left'><\/td>\n<\/tr>\n<tr style='height: 24px;'>\n<td style='text-align:left'><a href='https:\/\/joubjoub.ddns.net\/blog\/?p=48611' data-type='post'>Confessions d\u2019une accro du shopping<\/a><\/td>\n<td style='text-align:left'>KINSELLA Sophie<\/td>\n<td data-align='center'>16-ao\u00fbt-2012<\/td>\n<td data-align='center'>4<\/td>\n<td style='text-align:left'><\/td>\n<\/tr>\n<tr style='height: 24px;'>\n<td style='text-align:left'><a href='https:\/\/joubjoub.ddns.net\/blog\/?p=48643' data-type='post'>Cosmopolis<\/a><\/td>\n<td style='text-align:left'>DELILLO Don<\/td>\n<td data-align='center'>3-d\u00e9cembre-2012<\/td>\n<td data-align='center'>\u2764<\/td>\n<td style='text-align:left'><\/td>\n<\/tr>\n<tr style='height: 24px;'>\n<td style='text-align:left'><a href='https:\/\/joubjoub.ddns.net\/blog\/?p=48635' data-type='post'>Dublinois (anciennement intitul\u00e9 \u00ab\u00a0Gens de Dublin\u00a0\u00bb)<\/a><\/td>\n<td style='text-align:left'>JOYCE James<\/td>\n<td data-align='center'>9-novembre-2012<\/td>\n<td data-align='center'>3<\/td>\n<td style='text-align:left'><\/td>\n<\/tr>\n<tr style='height: 24px;'>\n<td style='text-align:left'><a href='https:\/\/joubjoub.ddns.net\/blog\/?p=48637' data-type='post'>Effroyables jardins<\/a><\/td>\n<td style='text-align:left'>QUINT Michel<\/td>\n<td data-align='center'>24-novembre-2012<\/td>\n<td data-align='center'>\u2764<\/td>\n<td style='text-align:left'><\/td>\n<\/tr>\n<tr style='height: 24px;'>\n<td style='text-align:left'><a href='https:\/\/joubjoub.ddns.net\/blog\/?p=48645' data-type='post'>Fen\u00eatre sur cour et autres histoires<\/a><\/td>\n<td style='text-align:left'>IRISH William<\/td>\n<td data-align='center'>8-d\u00e9cembre-2012<\/td>\n<td data-align='center'>4<\/td>\n<td style='text-align:left'><\/td>\n<\/tr>\n<tr style='height: 24px;'>\n<td style='text-align:left'><a href='https:\/\/joubjoub.ddns.net\/blog\/?p=48569' data-type='post'>Je te vois<\/a><\/td>\n<td style='text-align:left'>HURWITZ Gregg<\/td>\n<td data-align='center'>7-f\u00e9vrier-2012<\/td>\n<td data-align='center'>\u2764<\/td>\n<td style='text-align:left'><\/td>\n<\/tr>\n<tr style='height: 24px;'>\n<td style='text-align:left'><a href='https:\/\/joubjoub.ddns.net\/blog\/?p=48631' data-type='post'>L\u2019accro du shopping attend un b\u00e9b\u00e9<\/a><\/td>\n<td style='text-align:left'>KINSELLA Sophie<\/td>\n<td data-align='center'>20-octobre-2012<\/td>\n<td data-align='center'>\u2764<\/td>\n<td style='text-align:left'><\/td>\n<\/tr>\n<tr style='height: 24px;'>\n<td style='text-align:left'><a href='https:\/\/joubjoub.ddns.net\/blog\/?p=48593' data-type='post'>L\u2019art de l\u2019essentiel<\/a><\/td>\n<td style='text-align:left'>LOREAU Dominique<\/td>\n<td data-align='center'>31-mai-2012<\/td>\n<td data-align='center'>4<\/td>\n<td style='text-align:left'><\/td>\n<\/tr>\n<tr style='height: 24px;'>\n<td style='text-align:left'><a href='https:\/\/joubjoub.ddns.net\/blog\/?p=48585' data-type='post'>L\u2019art de la simplicit\u00e9<\/a><\/td>\n<td style='text-align:left'>LOREAU Dominique<\/td>\n<td data-align='center'>20-mars-2012<\/td>\n<td data-align='center'>\u2764<\/td>\n<td style='text-align:left'><\/td>\n<\/tr>\n<tr style='height: 24px;'>\n<td style='text-align:left'><a href='https:\/\/joubjoub.ddns.net\/blog\/?p=48567' data-type='post'>L\u2019art des listes<\/a><\/td>\n<td style='text-align:left'>LOREAU Dominique<\/td>\n<td data-align='center'>4-f\u00e9vrier-2012<\/td>\n<td data-align='center'>\u2764<\/td>\n<td style='text-align:left'><\/td>\n<\/tr>\n<tr style='height: 24px;'>\n<td style='text-align:left'><a href='https:\/\/joubjoub.ddns.net\/blog\/?p=48629' data-type='post'>L\u2019attentat<\/a><\/td>\n<td style='text-align:left'>KHADRA Yasmina<\/td>\n<td data-align='center'>16-octobre-2012<\/td>\n<td data-align='center'>\u2764<\/td>\n<td style='text-align:left'><\/td>\n<\/tr>\n<tr style='height: 24px;'>\n<td style='text-align:left'><a href='https:\/\/joubjoub.ddns.net\/blog\/?p=48601' data-type='post'>L\u2019Autorit\u00e9 expliqu\u00e9e aux parents<\/a><\/td>\n<td style='text-align:left'>HALMOS Claude<\/td>\n<td data-align='center'>10-juin-2012<\/td>\n<td data-align='center'>4<\/td>\n<td style='text-align:left'><\/td>\n<\/tr>\n<tr style='height: 24px;'>\n<td style='text-align:left'><a href='https:\/\/joubjoub.ddns.net\/blog\/?p=48571' data-type='post'>L\u2019homme au balcon<\/a><\/td>\n<td style='text-align:left'>SJ\u00d6WALL Maj, WAHL\u00d6\u00d6 Per<\/td>\n<td data-align='center'>9-f\u00e9vrier-2012<\/td>\n<td data-align='center'>4<\/td>\n<td style='text-align:left'><\/td>\n<\/tr>\n<tr style='height: 24px;'>\n<td style='text-align:left'><a href='https:\/\/joubjoub.ddns.net\/blog\/?p=48559' data-type='post'>La Conversation<\/a><\/td>\n<td style='text-align:left'>ORMESSON Jean d\u2019<\/td>\n<td data-align='center'>5-janvier-2012<\/td>\n<td data-align='center'>3<\/td>\n<td style='text-align:left'><\/td>\n<\/tr>\n<tr style='height: 24px;'>\n<td style='text-align:left'><a href='https:\/\/joubjoub.ddns.net\/blog\/?p=48595' data-type='post'>La d\u00e9licatesse<\/a><\/td>\n<td style='text-align:left'>FOENKINOS David<\/td>\n<td data-align='center'>2-juin-2012<\/td>\n<td data-align='center'>3,5<\/td>\n<td style='text-align:left'><\/td>\n<\/tr>\n<tr style='height: 24px;'>\n<td style='text-align:left'><a href='https:\/\/joubjoub.ddns.net\/blog\/?p=48625' data-type='post'>La ferme des animaux<\/a><\/td>\n<td style='text-align:left'>ORWELL George<\/td>\n<td data-align='center'>23-septembre-2012<\/td>\n<td data-align='center'>\u2764<\/td>\n<td style='text-align:left'><\/td>\n<\/tr>\n<tr style='height: 24px;'>\n<td style='text-align:left'><a href='https:\/\/joubjoub.ddns.net\/blog\/?p=48603' data-type='post'>La Princesse des glaces<\/a><\/td>\n<td style='text-align:left'>L\u00c4CKBERG Camilla<\/td>\n<td data-align='center'>18-juin-2012<\/td>\n<td data-align='center'>4<\/td>\n<td style='text-align:left'><\/td>\n<\/tr>\n<tr style='height: 24px;'>\n<td style='text-align:left'><a href='https:\/\/joubjoub.ddns.net\/blog\/?p=48647' data-type='post'>La taupe<\/a><\/td>\n<td style='text-align:left'>LE CARR\u00c9 John<\/td>\n<td data-align='center'>27-d\u00e9cembre-2012<\/td>\n<td data-align='center'>4<\/td>\n<td style='text-align:left'><\/td>\n<\/tr>\n<tr style='height: 24px;'>\n<td style='text-align:left'><a href='https:\/\/joubjoub.ddns.net\/blog\/?p=48617' data-type='post'>La Vengeance du wombat et autres histoires du bush<\/a><\/td>\n<td style='text-align:left'>COOK Kenneth<\/td>\n<td data-align='center'>10-septembre-2012<\/td>\n<td data-align='center'>\u2764<\/td>\n<td style='text-align:left'><\/td>\n<\/tr>\n<tr style='height: 24px;'>\n<td style='text-align:left'><a href='https:\/\/joubjoub.ddns.net\/blog\/?p=48589' data-type='post'>La ville et les chiens<\/a><\/td>\n<td style='text-align:left'>VARGAS LLOSA Mario<\/td>\n<td data-align='center'>24-mai-2012<\/td>\n<td data-align='center'>4<\/td>\n<td style='text-align:left'><\/td>\n<\/tr>\n<tr style='height: 24px;'>\n<td style='text-align:left'><a href='https:\/\/joubjoub.ddns.net\/blog\/?p=48639' data-type='post'>Le Convoi de l\u2019eau<\/a><\/td>\n<td style='text-align:left'>YOSHIMURA Akira<\/td>\n<td data-align='center'>28-novembre-2012<\/td>\n<td data-align='center'>\u2764<\/td>\n<td style='text-align:left'><\/td>\n<\/tr>\n<tr style='height: 24px;'>\n<td style='text-align:left'><a href='https:\/\/joubjoub.ddns.net\/blog\/?p=48633' data-type='post'>Le Fusil de chasse<\/a><\/td>\n<td style='text-align:left'>INOU\u00c9 Yasushi<\/td>\n<td data-align='center'>5-novembre-2012<\/td>\n<td data-align='center'>\u2764<\/td>\n<td style='text-align:left'><\/td>\n<\/tr>\n<tr style='height: 24px;'>\n<td style='text-align:left'><a href='https:\/\/joubjoub.ddns.net\/blog\/?p=48577' data-type='post'>Le gu\u00e9pard<\/a><\/td>\n<td style='text-align:left'>TOMASI DI LAMPEDUSA Giuseppe<\/td>\n<td data-align='center'>29-f\u00e9vrier-2012<\/td>\n<td data-align='center'>4<\/td>\n<td style='text-align:left'><\/td>\n<\/tr>\n<tr style='height: 24px;'>\n<td style='text-align:left'><a href='https:\/\/joubjoub.ddns.net\/blog\/?p=48607' data-type='post'>Le Livre des morts<\/a><\/td>\n<td style='text-align:left'>COOPER Glenn<\/td>\n<td data-align='center'>12-ao\u00fbt-2012<\/td>\n<td data-align='center'>\u2764<\/td>\n<td style='text-align:left'><\/td>\n<\/tr>\n<tr style='height: 24px;'>\n<td style='text-align:left'><a href='https:\/\/joubjoub.ddns.net\/blog\/?p=48623' data-type='post'>Le Magasin des Suicides<\/a><\/td>\n<td style='text-align:left'>TEUL\u00c9 Jean<\/td>\n<td data-align='center'>20-septembre-2012<\/td>\n<td data-align='center'>\u2764<\/td>\n<td style='text-align:left'><\/td>\n<\/tr>\n<tr style='height: 24px;'>\n<td style='text-align:left'><a href='https:\/\/joubjoub.ddns.net\/blog\/?p=48579' data-type='post'>Le syndrome [E]<\/a><\/td>\n<td style='text-align:left'>THILLIEZ Franck<\/td>\n<td data-align='center'>7-mars-2012<\/td>\n<td data-align='center'>\u2764<\/td>\n<td style='text-align:left'><\/td>\n<\/tr>\n<tr style='height: 24px;'>\n<td style='text-align:left'><a href='https:\/\/joubjoub.ddns.net\/blog\/?p=48627' data-type='post'>Le vol des cigognes<\/a><\/td>\n<td style='text-align:left'>GRANG\u00c9 Jean-Christophe<\/td>\n<td data-align='center'>14-octobre-2012<\/td>\n<td data-align='center'>\u2764<\/td>\n<td style='text-align:left'><\/td>\n<\/tr>\n<tr style='height: 24px;'>\n<td style='text-align:left'><a href='https:\/\/joubjoub.ddns.net\/blog\/?p=48605' data-type='post'>Les enfants de minuit<\/a><\/td>\n<td style='text-align:left'>RUSHDIE Salman<\/td>\n<td data-align='center'>5-ao\u00fbt-2012<\/td>\n<td data-align='center'>4<\/td>\n<td style='text-align:left'><\/td>\n<\/tr>\n<tr style='height: 24px;'>\n<td style='text-align:left'><a href='https:\/\/joubjoub.ddns.net\/blog\/?p=48609' data-type='post'>Les nouvelles affaires du juge Ti<\/a><\/td>\n<td style='text-align:left'>ZHU Xiao Di<\/td>\n<td data-align='center'>14-ao\u00fbt-2012<\/td>\n<td data-align='center'>4<\/td>\n<td style='text-align:left'><\/td>\n<\/tr>\n<tr style='height: 24px;'>\n<td style='text-align:left'><a href='https:\/\/joubjoub.ddns.net\/blog\/?p=48573' data-type='post'>Les rois maudits \u2013 01 \u2013 Le Roi de fer<\/a><\/td>\n<td style='text-align:left'>DRUON Maurice<\/td>\n<td data-align='center'>13-f\u00e9vrier-2012<\/td>\n<td data-align='center'>\u2764<\/td>\n<td style='text-align:left'><\/td>\n<\/tr>\n<tr style='height: 24px;'>\n<td style='text-align:left'><a href='https:\/\/joubjoub.ddns.net\/blog\/?p=48591' data-type='post'>Madame Bovary<\/a><\/td>\n<td style='text-align:left'>FLAUBERT Gustave<\/td>\n<td data-align='center'>30-mai-2012<\/td>\n<td data-align='center'>3,5<\/td>\n<td style='text-align:left'><\/td>\n<\/tr>\n<tr style='height: 24px;'>\n<td style='text-align:left'><a href='https:\/\/joubjoub.ddns.net\/blog\/?p=48563' data-type='post'>Moi, si j\u2019\u00e9tais grand<\/a><\/td>\n<td style='text-align:left'>JANIKOVSZKY \u00c9va<\/td>\n<td data-align='center'>10-janvier-2012<\/td>\n<td data-align='center'>4<\/td>\n<td style='text-align:left'><\/td>\n<\/tr>\n<tr style='height: 24px;'>\n<td style='text-align:left'><a href='https:\/\/joubjoub.ddns.net\/blog\/?p=48565' data-type='post'>Nana<\/a><\/td>\n<td style='text-align:left'>ZOLA \u00c9mile<\/td>\n<td data-align='center'>30-janvier-2012<\/td>\n<td data-align='center'>3,5<\/td>\n<td style='text-align:left'><\/td>\n<\/tr>\n<tr style='height: 24px;'>\n<td style='text-align:left'><a href='https:\/\/joubjoub.ddns.net\/blog\/?p=48583' data-type='post'>Quand souffle le vent du nord<\/a><\/td>\n<td style='text-align:left'>GLATTAUER Daniel<\/td>\n<td data-align='center'>14-mars-2012<\/td>\n<td data-align='center'>4<\/td>\n<td style='text-align:left'><\/td>\n<\/tr>\n<tr style='height: 24px;'>\n<td style='text-align:left'><a href='https:\/\/joubjoub.ddns.net\/blog\/?p=48613' data-type='post'>Quo vadis ?<\/a><\/td>\n<td style='text-align:left'>SIENKIEWICZ Henryk<\/td>\n<td data-align='center'>2-septembre-2012<\/td>\n<td data-align='center'>4,5<\/td>\n<td style='text-align:left'><\/td>\n<\/tr>\n<tr style='height: 24px;'>\n<td style='text-align:left'><a href='https:\/\/joubjoub.ddns.net\/blog\/?p=48575' data-type='post'>Rencontres du troisi\u00e8me type<\/a><\/td>\n<td style='text-align:left'>SPIELBERG Steven<\/td>\n<td data-align='center'>18-f\u00e9vrier-2012<\/td>\n<td data-align='center'>3<\/td>\n<td style='text-align:left'><\/td>\n<\/tr>\n<tr style='height: 24px;'>\n<td style='text-align:left'><a href='https:\/\/joubjoub.ddns.net\/blog\/?p=48599' data-type='post'>Se faire ob\u00e9ir sans crier<\/a><\/td>\n<td style='text-align:left'>UNELL Barbara, WYCKOFF Jerry<\/td>\n<td data-align='center'>6-juin-2012<\/td>\n<td data-align='center'>4<\/td>\n<td style='text-align:left'><\/td>\n<\/tr>\n<tr style='height: 24px;'>\n<td style='text-align:left'><a href='https:\/\/joubjoub.ddns.net\/blog\/?p=48619' data-type='post'>Si c\u2019est un homme<\/a><\/td>\n<td style='text-align:left'>LEVI Primo<\/td>\n<td data-align='center'>16-septembre-2012<\/td>\n<td data-align='center'>\u2764<\/td>\n<td style='text-align:left'><\/td>\n<\/tr>\n<tr style='height: 24px;'>\n<td style='text-align:left'><a href='https:\/\/joubjoub.ddns.net\/blog\/?p=48615' data-type='post'>Total Recall<\/a><\/td>\n<td style='text-align:left'>DICK Philip K.<\/td>\n<td data-align='center'>7-septembre-2012<\/td>\n<td data-align='center'>\u2764<\/td>\n<td style='text-align:left'><\/td>\n<\/tr>\n<tr style='height: 24px;'>\n<td style='text-align:left'><a href='https:\/\/joubjoub.ddns.net\/blog\/?p=48641' data-type='post'>Tous les matins du monde<\/a><\/td>\n<td style='text-align:left'>QUIGNARD Pascal<\/td>\n<td data-align='center'>29-novembre-2012<\/td>\n<td data-align='center'>\u2764<\/td>\n<td style='text-align:left'><\/td>\n<\/tr>\n<tr style='height: 24px;'>\n<td style='text-align:left'><a href='https:\/\/joubjoub.ddns.net\/blog\/?p=48581' data-type='post'>Turbulences<\/a><\/td>\n<td style='text-align:left'>CRICHTON Michael<\/td>\n<td data-align='center'>13-mars-2012<\/td>\n<td data-align='center'>4<\/td>\n<td style='text-align:left'><\/td>\n<\/tr>\n<tr style='height: 24px;'>\n<td style='text-align:left'><a href='https:\/\/joubjoub.ddns.net\/blog\/?p=48561' data-type='post'>Une si longue lettre<\/a><\/td>\n<td style='text-align:left'>B\u00c2 Mariama<\/td>\n<td data-align='center'>9-janvier-2012<\/td>\n<td data-align='center'>4<\/td>\n<td style='text-align:left'><\/td>\n<\/tr>\n<\/tbody>\n<tfoot>\n<tr style=\"height: 24px;\">\n<td class=\"has-text-align-left\" style=\"height: 24px; font-size: 18px;\" data-align=\"left\"><span class=\"has-inline-color has-vivid-cyan-blue-color\"><strong>TOTAL : 45 livres lus en 2012<\/strong><\/span><\/td>\n<td class=\"has-text-align-center\" style=\"height: 24px;\" data-align=\"center\"> <\/td>\n<td class=\"has-text-align-center\" style=\"height: 24px;\" data-align=\"center\"> <\/td>\n<td class=\"has-text-align-center\" style=\"height: 24px;\" data-align=\"center\"> <\/td>\n<td class=\"has-text-align-center\" style=\"height: 24px;\" data-align=\"center\"> <\/td>\n<\/tr>\n<\/tfoot>\n<\/table>\n<p><\/center><\/p>\n","protected":false},"excerpt":{"rendered":"<p>Titre Auteur Date Note Commentaires Ali\u00e9nor d\u2019Aquitaine PERNOUD R\u00e9gine 3-avril-2012 \u2764 Antigone ANOUILH Jean 18-septembre-2012 4 Au Japon ceux qui s\u2019aiment ne disent pas je t\u2019aime JANVIER Elena 3-juin-2012 3,5 Confessions d\u2019une accro du shopping KINSELLA Sophie 16-ao\u00fbt-2012 4 Cosmopolis DELILLO Don 3-d\u00e9cembre-2012 \u2764 Dublinois (anciennement intitul\u00e9 \u00ab\u00a0Gens de Dublin\u00a0\u00bb) JOYCE James 9-novembre-2012 3 Effroyables jardins QUINT Michel 24-novembre-2012 \u2764&#46;&#46;&#46;<\/p>\n","protected":false},"author":1,"featured_media":0,"parent":0,"menu_order":0,"comment_status":"closed","ping_status":"closed","template":"","meta":{"footnotes":""},"class_list":["post-48649","page","type-page","status-publish","hentry"],"_links":{"self":[{"href":"https:\/\/joubjoub.ddns.net\/blog\/index.php?rest_route=\/wp\/v2\/pages\/48649","targetHints":{"allow":["GET"]}}],"collection":[{"href":"https:\/\/joubjoub.ddns.net\/blog\/index.php?rest_route=\/wp\/v2\/pages"}],"about":[{"href":"https:\/\/joubjoub.ddns.net\/blog\/index.php?rest_route=\/wp\/v2\/types\/page"}],"author":[{"embeddable":true,"href":"https:\/\/joubjoub.ddns.net\/blog\/index.php?rest_route=\/wp\/v2\/users\/1"}],"replies":[{"embeddable":true,"href":"https:\/\/joubjoub.ddns.net\/blog\/index.php?rest_route=%2Fwp%2Fv2%2Fcomments&post=48649"}],"version-history":[{"count":4,"href":"https:\/\/joubjoub.ddns.net\/blog\/index.php?rest_route=\/wp\/v2\/pages\/48649\/revisions"}],"predecessor-version":[{"id":48653,"href":"https:\/\/joubjoub.ddns.net\/blog\/index.php?rest_route=\/wp\/v2\/pages\/48649\/revisions\/48653"}],"wp:attachment":[{"href":"https:\/\/joubjoub.ddns.net\/blog\/index.php?rest_route=%2Fwp%2Fv2%2Fmedia&parent=48649"}],"curies":[{"name":"wp","href":"https:\/\/api.w.org\/{rel}","templated":true}]}}