{"id":48920,"date":"2025-06-18T13:10:46","date_gmt":"2025-06-18T11:10:46","guid":{"rendered":"https:\/\/joubjoub.ddns.net\/blog\/?page_id=48920"},"modified":"2025-06-18T13:10:46","modified_gmt":"2025-06-18T11:10:46","slug":"livres-lus-en-2013","status":"publish","type":"page","link":"https:\/\/joubjoub.ddns.net\/blog\/?page_id=48920","title":{"rendered":"Livres lus en 2013"},"content":{"rendered":"<p><center><\/p>\n<table style=\"width: 90%;\">\n<thead>\n<tr style='height: 24px; font-size: 18px;'>\n<th style='text-align:left'>Titre<\/th>\n<th style='text-align:left'>Auteur<\/th>\n<th data-align='center'>Date<\/th>\n<th data-align='center'>Note<\/th>\n<th data-align='center'>Commentaires<\/th>\n<\/tr>\n<\/thead>\n<tbody>\n<tr style='height: 24px;'>\n<td style='text-align:left'><a href='https:\/\/joubjoub.ddns.net\/blog\/?p=48676' data-type='post'>1984<\/a><\/td>\n<td style='text-align:left'>ORWELL George<\/td>\n<td data-align='center'>3-avril-2013<\/td>\n<td data-align='center'>\u2764<\/td>\n<td style='text-align:left'>ABC2013,<\/td>\n<\/tr>\n<tr style='height: 24px;'>\n<td style='text-align:left'><a href='https:\/\/joubjoub.ddns.net\/blog\/?p=48686' data-type='post'>Basic Instinct<\/a><\/td>\n<td style='text-align:left'>OSBORNE Richard<\/td>\n<td data-align='center'>2-juin-2013<\/td>\n<td data-align='center'>\u2764<\/td>\n<td style='text-align:left'><\/td>\n<\/tr>\n<tr style='height: 24px;'>\n<td style='text-align:left'><a href='https:\/\/joubjoub.ddns.net\/blog\/?p=48670' data-type='post'>Chronique d\u2019une passion<\/a><\/td>\n<td style='text-align:left'>JOUHANDEAU Marcel<\/td>\n<td data-align='center'>28-f\u00e9vrier-2013<\/td>\n<td data-align='center'>4<\/td>\n<td style='text-align:left'>ABC2013,<\/td>\n<\/tr>\n<tr style='height: 24px;'>\n<td style='text-align:left'><a href='https:\/\/joubjoub.ddns.net\/blog\/?p=48672' data-type='post'>Conjuration Casanova<\/a><\/td>\n<td style='text-align:left'>GIACOMETTI \u00c9ric, RAVENNE Jacques<\/td>\n<td data-align='center'>8-mars-2013<\/td>\n<td data-align='center'>4<\/td>\n<td style='text-align:left'><\/td>\n<\/tr>\n<tr style='height: 24px;'>\n<td style='text-align:left'><a href='https:\/\/joubjoub.ddns.net\/blog\/?p=48682' data-type='post'>Des milliards de tapis de cheveux<\/a><\/td>\n<td style='text-align:left'>ESCHBACH Andreas<\/td>\n<td data-align='center'>15-mai-2013<\/td>\n<td data-align='center'>\u2764<\/td>\n<td style='text-align:left'>ABC2013,<\/td>\n<\/tr>\n<tr style='height: 24px;'>\n<td style='text-align:left'><a href='https:\/\/joubjoub.ddns.net\/blog\/?p=48656' data-type='post'>\u00c9t\u00e9 strident<\/a><\/td>\n<td style='text-align:left'>XI Ling<\/td>\n<td data-align='center'>12-janvier-2013<\/td>\n<td data-align='center'>4<\/td>\n<td style='text-align:left'>ABC2013,<\/td>\n<\/tr>\n<tr style='height: 24px;'>\n<td style='text-align:left'><a href='https:\/\/joubjoub.ddns.net\/blog\/?p=48660' data-type='post'>F\u00e9erie g\u00e9n\u00e9rale<\/a><\/td>\n<td style='text-align:left'>PIREYRE Emmanuelle<\/td>\n<td data-align='center'>24-janvier-2013<\/td>\n<td data-align='center'>4<\/td>\n<td style='text-align:left'>ABC2013,<\/td>\n<\/tr>\n<tr style='height: 24px;'>\n<td style='text-align:left'><a href='https:\/\/joubjoub.ddns.net\/blog\/?p=48674' data-type='post'>Feu de glace<\/a><\/td>\n<td style='text-align:left'>FRENCH Nicci<\/td>\n<td data-align='center'>17-mars-2013<\/td>\n<td data-align='center'>3.5<\/td>\n<td style='text-align:left'>ABC2013,<\/td>\n<\/tr>\n<tr style='height: 24px;'>\n<td style='text-align:left'><a href='https:\/\/joubjoub.ddns.net\/blog\/?p=48728' data-type='post'>Fleurs de guerre<\/a><\/td>\n<td style='text-align:left'>YAN Geling<\/td>\n<td data-align='center'>5-d\u00e9cembre-2013<\/td>\n<td data-align='center'>4<\/td>\n<td style='text-align:left'>ABC2013,<\/td>\n<\/tr>\n<tr style='height: 24px;'>\n<td style='text-align:left'><a href='https:\/\/joubjoub.ddns.net\/blog\/?p=48692' data-type='post'>Grandir<\/a><\/td>\n<td style='text-align:left'>HALMOS Claude<\/td>\n<td data-align='center'>6-juillet-2013<\/td>\n<td data-align='center'>3.5<\/td>\n<td style='text-align:left'><\/td>\n<\/tr>\n<tr style='height: 24px;'>\n<td style='text-align:left'><a href='https:\/\/joubjoub.ddns.net\/blog\/?p=48694' data-type='post'>Hellraiser<\/a><\/td>\n<td style='text-align:left'>BARKER Clive<\/td>\n<td data-align='center'>10-juillet-2013<\/td>\n<td data-align='center'>4.5<\/td>\n<td style='text-align:left'><\/td>\n<\/tr>\n<tr style='height: 24px;'>\n<td style='text-align:left'><a href='https:\/\/joubjoub.ddns.net\/blog\/?p=48702' data-type='post'>Hors de moi<\/a><\/td>\n<td style='text-align:left'>CAUWELAERT Didier van<\/td>\n<td data-align='center'>10-septembre-2013<\/td>\n<td data-align='center'>4<\/td>\n<td style='text-align:left'><\/td>\n<\/tr>\n<tr style='height: 24px;'>\n<td style='text-align:left'><a href='https:\/\/joubjoub.ddns.net\/blog\/?p=48688' data-type='post'>Kyra Kyralina<\/a><\/td>\n<td style='text-align:left'>ISTRATI Pana\u00eft<\/td>\n<td data-align='center'>10-juin-2013<\/td>\n<td data-align='center'>3.5<\/td>\n<td style='text-align:left'>ABC2013,<\/td>\n<\/tr>\n<tr style='height: 24px;'>\n<td style='text-align:left'><a href='https:\/\/joubjoub.ddns.net\/blog\/?p=48704' data-type='post'>L\u2019\u00e9ternit\u00e9 dans une heure<\/a><\/td>\n<td style='text-align:left'>TAMMET Daniel<\/td>\n<td data-align='center'>12-septembre-2013<\/td>\n<td data-align='center'>\u2764<\/td>\n<td style='text-align:left'>ABC2013,<\/td>\n<\/tr>\n<tr style='height: 24px;'>\n<td style='text-align:left'><a href='https:\/\/joubjoub.ddns.net\/blog\/?p=48662' data-type='post'>L\u2019\u0153il de la lune<\/a><\/td>\n<td style='text-align:left'>anonyme<\/td>\n<td data-align='center'>2-f\u00e9vrier-2013<\/td>\n<td data-align='center'>4<\/td>\n<td style='text-align:left'>ABC2013,<\/td>\n<\/tr>\n<tr style='height: 24px;'>\n<td style='text-align:left'><a href='https:\/\/joubjoub.ddns.net\/blog\/?p=48710' data-type='post'>La cuisini\u00e8re d\u2019Himmler<\/a><\/td>\n<td style='text-align:left'>GIESBERT Fran\u00e7ois-Olivier<\/td>\n<td data-align='center'>28-septembre-2013<\/td>\n<td data-align='center'>4<\/td>\n<td style='text-align:left'>ABC2013,<\/td>\n<\/tr>\n<tr style='height: 24px;'>\n<td style='text-align:left'><a href='https:\/\/joubjoub.ddns.net\/blog\/?p=48668' data-type='post'>La femme du Ve<\/a><\/td>\n<td style='text-align:left'>KENNEDY Douglas<\/td>\n<td data-align='center'>18-f\u00e9vrier-2013<\/td>\n<td data-align='center'>4<\/td>\n<td style='text-align:left'>ABC2013,<\/td>\n<\/tr>\n<tr style='height: 24px;'>\n<td style='text-align:left'><a href='https:\/\/joubjoub.ddns.net\/blog\/?p=48718' data-type='post'>La gar\u00e7onni\u00e8re<\/a><\/td>\n<td style='text-align:left'>GR\u00c9MILLON H\u00e9l\u00e8ne<\/td>\n<td data-align='center'>10-octobre-2013<\/td>\n<td data-align='center'>\u2764<\/td>\n<td style='text-align:left'><\/td>\n<\/tr>\n<tr style='height: 24px;'>\n<td style='text-align:left'><a href='https:\/\/joubjoub.ddns.net\/blog\/?p=48712' data-type='post'>La nostalgie heureuse<\/a><\/td>\n<td style='text-align:left'>NOTHOMB Am\u00e9lie<\/td>\n<td data-align='center'>30-septembre-2013<\/td>\n<td data-align='center'>3.5<\/td>\n<td style='text-align:left'>ABC2013,<\/td>\n<\/tr>\n<tr style='height: 24px;'>\n<td style='text-align:left'><a href='https:\/\/joubjoub.ddns.net\/blog\/?p=48724' data-type='post'>La relaxation, c\u2019est facile !<\/a><\/td>\n<td style='text-align:left'>BRUNEL Henri<\/td>\n<td data-align='center'>25-novembre-2013<\/td>\n<td data-align='center'>4<\/td>\n<td style='text-align:left'><\/td>\n<\/tr>\n<tr style='height: 24px;'>\n<td style='text-align:left'><a href='https:\/\/joubjoub.ddns.net\/blog\/?p=48664' data-type='post'>Le chasseur Z\u00e9ro<\/a><\/td>\n<td style='text-align:left'>ROZE Pascale<\/td>\n<td data-align='center'>6-f\u00e9vrier-2013<\/td>\n<td data-align='center'>3.5<\/td>\n<td style='text-align:left'>ABC2013,<\/td>\n<\/tr>\n<tr style='height: 24px;'>\n<td style='text-align:left'><a href='https:\/\/joubjoub.ddns.net\/blog\/?p=48726' data-type='post'>Les 7 habitudes de ceux qui r\u00e9alisent tout ce qu\u2019ils entreprennent<\/a><\/td>\n<td style='text-align:left'>COVEY Stephen R.<\/td>\n<td data-align='center'>1-d\u00e9cembre-2013<\/td>\n<td data-align='center'>4<\/td>\n<td style='text-align:left'>ABC2013,<\/td>\n<\/tr>\n<tr style='height: 24px;'>\n<td style='text-align:left'><a href='https:\/\/joubjoub.ddns.net\/blog\/?p=48716' data-type='post'>Les gens heureux lisent et boivent du caf\u00e9<\/a><\/td>\n<td style='text-align:left'>MARTIN-LUGAND Agn\u00e8s<\/td>\n<td data-align='center'>5-octobre-2013<\/td>\n<td data-align='center'>4<\/td>\n<td style='text-align:left'>ABC2013,<\/td>\n<\/tr>\n<tr style='height: 24px;'>\n<td style='text-align:left'><a href='https:\/\/joubjoub.ddns.net\/blog\/?p=48684' data-type='post'>Les Hauts de Hurle-Vent<\/a><\/td>\n<td style='text-align:left'>BRONT\u00cb Emily<\/td>\n<td data-align='center'>30-mai-2013<\/td>\n<td data-align='center'>\u2764<\/td>\n<td style='text-align:left'>ABC2013,<\/td>\n<\/tr>\n<tr style='height: 24px;'>\n<td style='text-align:left'><a href='https:\/\/joubjoub.ddns.net\/blog\/?p=48708' data-type='post'>Les Renards p\u00e2les<\/a><\/td>\n<td style='text-align:left'>HAENEL Yannick<\/td>\n<td data-align='center'>19-septembre-2013<\/td>\n<td data-align='center'>4<\/td>\n<td style='text-align:left'>ABC2013,<\/td>\n<\/tr>\n<tr style='height: 24px;'>\n<td style='text-align:left'><a href='https:\/\/joubjoub.ddns.net\/blog\/?p=48666' data-type='post'>Level 26<\/a><\/td>\n<td style='text-align:left'>ZUIKER Anthony E.<\/td>\n<td data-align='center'>12-f\u00e9vrier-2013<\/td>\n<td data-align='center'>\u2764<\/td>\n<td style='text-align:left'>ABC2013,<\/td>\n<\/tr>\n<tr style='height: 24px;'>\n<td style='text-align:left'><a href='https:\/\/joubjoub.ddns.net\/blog\/?p=48730' data-type='post'>Love Song<\/a><\/td>\n<td style='text-align:left'>DJIAN Philippe<\/td>\n<td data-align='center'>6-d\u00e9cembre-2013<\/td>\n<td data-align='center'>4<\/td>\n<td style='text-align:left'>ABC2013,<\/td>\n<\/tr>\n<tr style='height: 24px;'>\n<td style='text-align:left'><a href='https:\/\/joubjoub.ddns.net\/blog\/?p=48698' data-type='post'>Neverwhere<\/a><\/td>\n<td style='text-align:left'>GAIMAN Neil<\/td>\n<td data-align='center'>25-juillet-2013<\/td>\n<td data-align='center'>\u2764<\/td>\n<td style='text-align:left'><\/td>\n<\/tr>\n<tr style='height: 24px;'>\n<td style='text-align:left'><a href='https:\/\/joubjoub.ddns.net\/blog\/?p=48720' data-type='post'>Nue<\/a><\/td>\n<td style='text-align:left'>TOUSSAINT Jean-Philippe<\/td>\n<td data-align='center'>15-octobre-2013<\/td>\n<td data-align='center'>4<\/td>\n<td style='text-align:left'><\/td>\n<\/tr>\n<tr style='height: 24px;'>\n<td style='text-align:left'><a href='https:\/\/joubjoub.ddns.net\/blog\/?p=48678' data-type='post'>Nuit noire, \u00e9toiles mortes<\/a><\/td>\n<td style='text-align:left'>KING Stephen<\/td>\n<td data-align='center'>13-avril-2013<\/td>\n<td data-align='center'>4<\/td>\n<td style='text-align:left'><\/td>\n<\/tr>\n<tr style='height: 24px;'>\n<td style='text-align:left'><a href='https:\/\/joubjoub.ddns.net\/blog\/?p=48658' data-type='post'>Odile<\/a><\/td>\n<td style='text-align:left'>QUENEAU Raymond<\/td>\n<td data-align='center'>21-janvier-2013<\/td>\n<td data-align='center'>3.5<\/td>\n<td style='text-align:left'>ABC2013,<\/td>\n<\/tr>\n<tr style='height: 24px;'>\n<td style='text-align:left'><a href='https:\/\/joubjoub.ddns.net\/blog\/?p=48700' data-type='post'>Petite Poucette<\/a><\/td>\n<td style='text-align:left'>SERRES Michel<\/td>\n<td data-align='center'>8-septembre-2013<\/td>\n<td data-align='center'>3.5<\/td>\n<td style='text-align:left'>ABC2013,<\/td>\n<\/tr>\n<tr style='height: 24px;'>\n<td style='text-align:left'><a href='https:\/\/joubjoub.ddns.net\/blog\/?p=48714' data-type='post'>Petites sc\u00e8nes capitales<\/a><\/td>\n<td style='text-align:left'>GERMAIN Sylvie<\/td>\n<td data-align='center'>3-octobre-2013<\/td>\n<td data-align='center'>\u2764<\/td>\n<td style='text-align:left'><\/td>\n<\/tr>\n<tr style='height: 24px;'>\n<td style='text-align:left'><a href='https:\/\/joubjoub.ddns.net\/blog\/?p=48696' data-type='post'>Psychose<\/a><\/td>\n<td style='text-align:left'>BLOCH Robert<\/td>\n<td data-align='center'>13-juillet-2013<\/td>\n<td data-align='center'>\u2764<\/td>\n<td style='text-align:left'><\/td>\n<\/tr>\n<tr style='height: 24px;'>\n<td style='text-align:left'><a href='https:\/\/joubjoub.ddns.net\/blog\/?p=48690' data-type='post'>Sagesse<\/a><\/td>\n<td style='text-align:left'>VERLAINE Paul<\/td>\n<td data-align='center'>19-juin-2013<\/td>\n<td data-align='center'>3.5<\/td>\n<td style='text-align:left'>ABC2013,<\/td>\n<\/tr>\n<tr style='height: 24px;'>\n<td style='text-align:left'><a href='https:\/\/joubjoub.ddns.net\/blog\/?p=48722' data-type='post'>Saman<\/a><\/td>\n<td style='text-align:left'>UTAMI Ayu<\/td>\n<td data-align='center'>31-octobre-2013<\/td>\n<td data-align='center'>3.5<\/td>\n<td style='text-align:left'>ABC2013,<\/td>\n<\/tr>\n<tr style='height: 24px;'>\n<td style='text-align:left'><a href='https:\/\/joubjoub.ddns.net\/blog\/?p=48680' data-type='post'>Troisi\u00e8me humanit\u00e9<\/a><\/td>\n<td style='text-align:left'>WERBER Bernard<\/td>\n<td data-align='center'>23-avril-2013<\/td>\n<td data-align='center'>4<\/td>\n<td style='text-align:left'>ABC2013,<\/td>\n<\/tr>\n<tr style='height: 24px;'>\n<td style='text-align:left'><a href='https:\/\/joubjoub.ddns.net\/blog\/?p=48706' data-type='post'>Un jour je m\u2019en irai sans en avoir tout dit<\/a><\/td>\n<td style='text-align:left'>ORMESSON Jean d\u2019<\/td>\n<td data-align='center'>14-septembre-2013<\/td>\n<td data-align='center'>\u2764<\/td>\n<td style='text-align:left'><\/td>\n<\/tr>\n<\/tbody>\n<tfoot>\n<tr style=\"height: 24px;\">\n<td class=\"has-text-align-left\" style=\"height: 24px; font-size: 18px;\" data-align=\"left\"><span class=\"has-inline-color has-vivid-cyan-blue-color\"><strong>TOTAL : 38 livres lus en 2013<\/strong><\/span><\/td>\n<td class=\"has-text-align-center\" style=\"height: 24px;\" data-align=\"center\"> <\/td>\n<td class=\"has-text-align-center\" style=\"height: 24px;\" data-align=\"center\"> <\/td>\n<td class=\"has-text-align-center\" style=\"height: 24px;\" data-align=\"center\"> <\/td>\n<td class=\"has-text-align-center\" style=\"height: 24px;\" data-align=\"center\"> <\/td>\n<\/tr>\n<\/tfoot>\n<\/table>\n<p><\/center><\/p>\n","protected":false},"excerpt":{"rendered":"<p>Titre Auteur Date Note Commentaires 1984 ORWELL George 3-avril-2013 \u2764 ABC2013, Basic Instinct OSBORNE Richard 2-juin-2013 \u2764 Chronique d\u2019une passion JOUHANDEAU Marcel 28-f\u00e9vrier-2013 4 ABC2013, Conjuration Casanova GIACOMETTI \u00c9ric, RAVENNE Jacques 8-mars-2013 4 Des milliards de tapis de cheveux ESCHBACH Andreas 15-mai-2013 \u2764 ABC2013, \u00c9t\u00e9 strident XI Ling 12-janvier-2013 4 ABC2013, F\u00e9erie g\u00e9n\u00e9rale PIREYRE Emmanuelle 24-janvier-2013 4 ABC2013, Feu de&#46;&#46;&#46;<\/p>\n","protected":false},"author":1,"featured_media":0,"parent":0,"menu_order":0,"comment_status":"closed","ping_status":"closed","template":"","meta":{"footnotes":""},"class_list":["post-48920","page","type-page","status-publish","hentry"],"_links":{"self":[{"href":"https:\/\/joubjoub.ddns.net\/blog\/index.php?rest_route=\/wp\/v2\/pages\/48920","targetHints":{"allow":["GET"]}}],"collection":[{"href":"https:\/\/joubjoub.ddns.net\/blog\/index.php?rest_route=\/wp\/v2\/pages"}],"about":[{"href":"https:\/\/joubjoub.ddns.net\/blog\/index.php?rest_route=\/wp\/v2\/types\/page"}],"author":[{"embeddable":true,"href":"https:\/\/joubjoub.ddns.net\/blog\/index.php?rest_route=\/wp\/v2\/users\/1"}],"replies":[{"embeddable":true,"href":"https:\/\/joubjoub.ddns.net\/blog\/index.php?rest_route=%2Fwp%2Fv2%2Fcomments&post=48920"}],"version-history":[{"count":1,"href":"https:\/\/joubjoub.ddns.net\/blog\/index.php?rest_route=\/wp\/v2\/pages\/48920\/revisions"}],"predecessor-version":[{"id":48923,"href":"https:\/\/joubjoub.ddns.net\/blog\/index.php?rest_route=\/wp\/v2\/pages\/48920\/revisions\/48923"}],"wp:attachment":[{"href":"https:\/\/joubjoub.ddns.net\/blog\/index.php?rest_route=%2Fwp%2Fv2%2Fmedia&parent=48920"}],"curies":[{"name":"wp","href":"https:\/\/api.w.org\/{rel}","templated":true}]}}