{"id":49266,"date":"2025-06-18T14:50:57","date_gmt":"2025-06-18T12:50:57","guid":{"rendered":"https:\/\/joubjoub.ddns.net\/blog\/?page_id=49266"},"modified":"2025-06-18T14:50:57","modified_gmt":"2025-06-18T12:50:57","slug":"livres-lus-en-2016","status":"publish","type":"page","link":"https:\/\/joubjoub.ddns.net\/blog\/?page_id=49266","title":{"rendered":"Livres lus en 2016"},"content":{"rendered":"<p><center><\/p>\n<table style=\"width: 90%;\">\n<thead>\n<tr style='height: 24px; font-size: 18px;'>\n<th style='text-align:left'>Titre<\/th>\n<th style='text-align:left'>Auteur<\/th>\n<th data-align='center'>Date<\/th>\n<th data-align='center'>Note<\/th>\n<th data-align='center'>Commentaires<\/th>\n<\/tr>\n<\/thead>\n<tbody>\n<tr style='height: 24px;'>\n<td style='text-align:left'><a href='https:\/\/joubjoub.ddns.net\/blog\/?p=48940' data-type='post'>13 \u00e0 table !<\/a><\/td>\n<td style='text-align:left'>collectif<\/td>\n<td data-align='center'>2-f\u00e9vrier-2016<\/td>\n<td data-align='center'>4.5<\/td>\n<td style='text-align:left'><\/td>\n<\/tr>\n<tr style='height: 24px;'>\n<td style='text-align:left'><a href='https:\/\/joubjoub.ddns.net\/blog\/?p=48976' data-type='post'>Aimer \u00e0 peine<\/a><\/td>\n<td style='text-align:left'>QUINT Michel<\/td>\n<td data-align='center'>15-juillet-2016<\/td>\n<td data-align='center'>3.5<\/td>\n<td style='text-align:left'><\/td>\n<\/tr>\n<tr style='height: 24px;'>\n<td style='text-align:left'><a href='https:\/\/joubjoub.ddns.net\/blog\/?p=48930' data-type='post'>Aujourd\u2019hui (et non demain), j\u2019arr\u00eate de procrastiner !<\/a><\/td>\n<td style='text-align:left'>RICHTER Monique<\/td>\n<td data-align='center'>7-janvier-2016<\/td>\n<td data-align='center'>3<\/td>\n<td style='text-align:left'><\/td>\n<\/tr>\n<tr style='height: 24px;'>\n<td style='text-align:left'><a href='https:\/\/joubjoub.ddns.net\/blog\/?p=48934' data-type='post'>Avant d\u2019aller dormir<\/a><\/td>\n<td style='text-align:left'>WATSON S. J.<\/td>\n<td data-align='center'>21-janvier-2016<\/td>\n<td data-align='center'>4<\/td>\n<td style='text-align:left'><\/td>\n<\/tr>\n<tr style='height: 24px;'>\n<td style='text-align:left'><a href='https:\/\/joubjoub.ddns.net\/blog\/?p=48986' data-type='post'>Back up<\/a><\/td>\n<td style='text-align:left'>COLIZE Paul<\/td>\n<td data-align='center'>10-septembre-2016<\/td>\n<td data-align='center'>\u2764<\/td>\n<td style='text-align:left'><\/td>\n<\/tr>\n<tr style='height: 24px;'>\n<td style='text-align:left'><a href='https:\/\/joubjoub.ddns.net\/blog\/?p=48968' data-type='post'>Blonde \u00e0 forte poitrine<\/a><\/td>\n<td style='text-align:left'>PERETTI Camille de<\/td>\n<td data-align='center'>17-mai-2016<\/td>\n<td data-align='center'>4<\/td>\n<td style='text-align:left'><\/td>\n<\/tr>\n<tr style='height: 24px;'>\n<td style='text-align:left'><a href='https:\/\/joubjoub.ddns.net\/blog\/?p=48960' data-type='post'>Br\u00e8ve encyclop\u00e9die du monde \u2013 01 \u2013 Cosmos<\/a><\/td>\n<td style='text-align:left'>ONFRAY Michel<\/td>\n<td data-align='center'>29-mars-2016<\/td>\n<td data-align='center'>4<\/td>\n<td style='text-align:left'><\/td>\n<\/tr>\n<tr style='height: 24px;'>\n<td style='text-align:left'><a href='https:\/\/joubjoub.ddns.net\/blog\/?p=49030' data-type='post'>Cadran<\/a><\/td>\n<td style='text-align:left'>BOUCHERY S\u00e9bastien<\/td>\n<td data-align='center'>23-novembre-2016<\/td>\n<td data-align='center'>\u2764<\/td>\n<td style='text-align:left'><\/td>\n<\/tr>\n<tr style='height: 24px;'>\n<td style='text-align:left'><a href='https:\/\/joubjoub.ddns.net\/blog\/?p=49000' data-type='post'>Celle qui n\u2019\u00e9tait plus (Les diaboliques)<\/a><\/td>\n<td style='text-align:left'>BOILEAU-NARCEJAC<\/td>\n<td data-align='center'>29-septembre-2016<\/td>\n<td data-align='center'>4.5<\/td>\n<td style='text-align:left'><\/td>\n<\/tr>\n<tr style='height: 24px;'>\n<td style='text-align:left'><a href='https:\/\/joubjoub.ddns.net\/blog\/?p=49034' data-type='post'>Chanson douce<\/a><\/td>\n<td style='text-align:left'>SLIMANI Le\u00efla<\/td>\n<td data-align='center'>25-novembre-2016<\/td>\n<td data-align='center'>3.5<\/td>\n<td style='text-align:left'><\/td>\n<\/tr>\n<tr style='height: 24px;'>\n<td style='text-align:left'><a href='https:\/\/joubjoub.ddns.net\/blog\/?p=48984' data-type='post'>Ch\u00e9ri-Ch\u00e9ri<\/a><\/td>\n<td style='text-align:left'>DJIAN Philippe<\/td>\n<td data-align='center'>4-ao\u00fbt-2016<\/td>\n<td data-align='center'>3.5<\/td>\n<td style='text-align:left'><\/td>\n<\/tr>\n<tr style='height: 24px;'>\n<td style='text-align:left'><a href='https:\/\/joubjoub.ddns.net\/blog\/?p=48936' data-type='post'>Constellation<\/a><\/td>\n<td style='text-align:left'>BOSC Adrien<\/td>\n<td data-align='center'>23-janvier-2016<\/td>\n<td data-align='center'>3<\/td>\n<td style='text-align:left'><\/td>\n<\/tr>\n<tr style='height: 24px;'>\n<td style='text-align:left'><a href='https:\/\/joubjoub.ddns.net\/blog\/?p=49038' data-type='post'>D\u2019apr\u00e8s une histoire vraie<\/a><\/td>\n<td style='text-align:left'>VIGAN Delphine de<\/td>\n<td data-align='center'>2-d\u00e9cembre-2016<\/td>\n<td data-align='center'>\u2764<\/td>\n<td style='text-align:left'><\/td>\n<\/tr>\n<tr style='height: 24px;'>\n<td style='text-align:left'><a href='https:\/\/joubjoub.ddns.net\/blog\/?p=48998' data-type='post'>\u00c9coutez nos d\u00e9faites<\/a><\/td>\n<td style='text-align:left'>GAUD\u00c9 Laurent<\/td>\n<td data-align='center'>26-septembre-2016<\/td>\n<td data-align='center'>\u2764<\/td>\n<td style='text-align:left'><\/td>\n<\/tr>\n<tr style='height: 24px;'>\n<td style='text-align:left'><a href='https:\/\/joubjoub.ddns.net\/blog\/?p=49020' data-type='post'>Golem<\/a><\/td>\n<td style='text-align:left'>ASSOULINE Pierre<\/td>\n<td data-align='center'>9-novembre-2016<\/td>\n<td data-align='center'>4<\/td>\n<td style='text-align:left'><\/td>\n<\/tr>\n<tr style='height: 24px;'>\n<td style='text-align:left'><a href='https:\/\/joubjoub.ddns.net\/blog\/?p=49006' data-type='post'>Guide des \u00e9gar\u00e9s<\/a><\/td>\n<td style='text-align:left'>ORMESSSON Jean d\u2019<\/td>\n<td data-align='center'>15-octobre-2016<\/td>\n<td data-align='center'>\u2764<\/td>\n<td style='text-align:left'><\/td>\n<\/tr>\n<tr style='height: 24px;'>\n<td style='text-align:left'><a href='https:\/\/joubjoub.ddns.net\/blog\/?p=49010' data-type='post'>Histoire de la science-fiction moderne \u2013 02. domaine francais<\/a><\/td>\n<td style='text-align:left'>SADOUL Jacques<\/td>\n<td data-align='center'>23-octobre-2016<\/td>\n<td data-align='center'>4<\/td>\n<td style='text-align:left'><\/td>\n<\/tr>\n<tr style='height: 24px;'>\n<td style='text-align:left'><a href='https:\/\/joubjoub.ddns.net\/blog\/?p=48952' data-type='post'>Hunger Games<\/a><\/td>\n<td style='text-align:left'>COLLINS Suzanne<\/td>\n<td data-align='center'>24-f\u00e9vrier-2016<\/td>\n<td data-align='center'>4<\/td>\n<td style='text-align:left'><\/td>\n<\/tr>\n<tr style='height: 24px;'>\n<td style='text-align:left'><a href='https:\/\/joubjoub.ddns.net\/blog\/?p=48954' data-type='post'>Hunger Games \u2013 02 \u2013 L\u2019embrasement<\/a><\/td>\n<td style='text-align:left'>COLLINS Suzanne<\/td>\n<td data-align='center'>27-f\u00e9vrier-2016<\/td>\n<td data-align='center'>4<\/td>\n<td style='text-align:left'><\/td>\n<\/tr>\n<tr style='height: 24px;'>\n<td style='text-align:left'><a href='https:\/\/joubjoub.ddns.net\/blog\/?p=48956' data-type='post'>Hunger Games \u2013 03 \u2013 La r\u00e9volte<\/a><\/td>\n<td style='text-align:left'>COLLINS Suzanne<\/td>\n<td data-align='center'>2-mars-2016<\/td>\n<td data-align='center'>4<\/td>\n<td style='text-align:left'><\/td>\n<\/tr>\n<tr style='height: 24px;'>\n<td style='text-align:left'><a href='https:\/\/joubjoub.ddns.net\/blog\/?p=48944' data-type='post'>Joyland<\/a><\/td>\n<td style='text-align:left'>KING Stephen<\/td>\n<td data-align='center'>6-f\u00e9vrier-2016<\/td>\n<td data-align='center'>\u2764<\/td>\n<td style='text-align:left'><\/td>\n<\/tr>\n<tr style='height: 24px;'>\n<td style='text-align:left'><a href='https:\/\/joubjoub.ddns.net\/blog\/?p=48950' data-type='post'>Juste avant l\u2019Oubli<\/a><\/td>\n<td style='text-align:left'>ZENITER Alice<\/td>\n<td data-align='center'>14-f\u00e9vrier-2016<\/td>\n<td data-align='center'>\u2764<\/td>\n<td style='text-align:left'><\/td>\n<\/tr>\n<tr style='height: 24px;'>\n<td style='text-align:left'><a href='https:\/\/joubjoub.ddns.net\/blog\/?p=48978' data-type='post'>L\u2019ami retrouv\u00e9<\/a><\/td>\n<td style='text-align:left'>UHLMAN Fred<\/td>\n<td data-align='center'>18-juillet-2016<\/td>\n<td data-align='center'>3.5<\/td>\n<td style='text-align:left'><\/td>\n<\/tr>\n<tr style='height: 24px;'>\n<td style='text-align:left'><a href='https:\/\/joubjoub.ddns.net\/blog\/?p=48964' data-type='post'>L\u2019emprise \u2013 02 \u2013 Quinquennat<\/a><\/td>\n<td style='text-align:left'>DUGAIN Marc<\/td>\n<td data-align='center'>12-mai-2016<\/td>\n<td data-align='center'>4.5<\/td>\n<td style='text-align:left'><\/td>\n<\/tr>\n<tr style='height: 24px;'>\n<td style='text-align:left'><a href='https:\/\/joubjoub.ddns.net\/blog\/?p=48966' data-type='post'>L\u2019emprise \u2013 03 \u2013 Ultime partie<\/a><\/td>\n<td style='text-align:left'>DUGAIN Marc<\/td>\n<td data-align='center'>16-mai-2016<\/td>\n<td data-align='center'>4<\/td>\n<td style='text-align:left'><\/td>\n<\/tr>\n<tr style='height: 24px;'>\n<td style='text-align:left'><a href='https:\/\/joubjoub.ddns.net\/blog\/?p=49002' data-type='post'>L\u2019\u00e9t\u00e9 meurtrier<\/a><\/td>\n<td style='text-align:left'>JAPRISOT S\u00e9bastien<\/td>\n<td data-align='center'>1-octobre-2016<\/td>\n<td data-align='center'>\u2764<\/td>\n<td style='text-align:left'><\/td>\n<\/tr>\n<tr style='height: 24px;'>\n<td style='text-align:left'><a href='https:\/\/joubjoub.ddns.net\/blog\/?p=49036' data-type='post'>L\u2019homme qui voyait \u00e0 travers les visages<\/a><\/td>\n<td style='text-align:left'>SCHMITT \u00c9ric-Emmanuel<\/td>\n<td data-align='center'>29-novembre-2016<\/td>\n<td data-align='center'>3.5<\/td>\n<td style='text-align:left'><\/td>\n<\/tr>\n<tr style='height: 24px;'>\n<td style='text-align:left'><a href='https:\/\/joubjoub.ddns.net\/blog\/?p=48982' data-type='post'>L\u2019horizon \u00e0 l\u2019envers<\/a><\/td>\n<td style='text-align:left'>LEVY Marc<\/td>\n<td data-align='center'>2-ao\u00fbt-2016<\/td>\n<td data-align='center'>3.5<\/td>\n<td style='text-align:left'><\/td>\n<\/tr>\n<tr style='height: 24px;'>\n<td style='text-align:left'><a href='https:\/\/joubjoub.ddns.net\/blog\/?p=49040' data-type='post'>L\u2019\u0153uvre de Dieu, la part du Diable<\/a><\/td>\n<td style='text-align:left'>IRVING John<\/td>\n<td data-align='center'>14-d\u00e9cembre-2016<\/td>\n<td data-align='center'>\u2764<\/td>\n<td style='text-align:left'><\/td>\n<\/tr>\n<tr style='height: 24px;'>\n<td style='text-align:left'><a href='https:\/\/joubjoub.ddns.net\/blog\/?p=48992' data-type='post'>L\u2019utilit\u00e9 de l\u2019inutile<\/a><\/td>\n<td style='text-align:left'>ORDINE Nuccio<\/td>\n<td data-align='center'>19-septembre-2016<\/td>\n<td data-align='center'>\u2764<\/td>\n<td style='text-align:left'><\/td>\n<\/tr>\n<tr style='height: 24px;'>\n<td style='text-align:left'><a href='https:\/\/joubjoub.ddns.net\/blog\/?p=48948' data-type='post'>La derni\u00e8re nuit du Ra\u00efs<\/a><\/td>\n<td style='text-align:left'>KHADRA Yasmina<\/td>\n<td data-align='center'>11-f\u00e9vrier-2016<\/td>\n<td data-align='center'>4<\/td>\n<td style='text-align:left'><\/td>\n<\/tr>\n<tr style='height: 24px;'>\n<td style='text-align:left'><a href='https:\/\/joubjoub.ddns.net\/blog\/?p=49044' data-type='post'>La Petite Communiste qui ne souriait jamais<\/a><\/td>\n<td style='text-align:left'>LAFON Lola<\/td>\n<td data-align='center'>28-d\u00e9cembre-2016<\/td>\n<td data-align='center'>3<\/td>\n<td style='text-align:left'><\/td>\n<\/tr>\n<tr style='height: 24px;'>\n<td style='text-align:left'><a href='https:\/\/joubjoub.ddns.net\/blog\/?p=48946' data-type='post'>La saison des Bijoux<\/a><\/td>\n<td style='text-align:left'>HOLDER \u00c9ric<\/td>\n<td data-align='center'>10-f\u00e9vrier-2016<\/td>\n<td data-align='center'>4<\/td>\n<td style='text-align:left'><\/td>\n<\/tr>\n<tr style='height: 24px;'>\n<td style='text-align:left'><a href='https:\/\/joubjoub.ddns.net\/blog\/?p=49028' data-type='post'>Le bazar des mauvais r\u00eaves<\/a><\/td>\n<td style='text-align:left'>KING Stephen<\/td>\n<td data-align='center'>22-novembre-2016<\/td>\n<td data-align='center'>\u2764<\/td>\n<td style='text-align:left'><\/td>\n<\/tr>\n<tr style='height: 24px;'>\n<td style='text-align:left'><a href='https:\/\/joubjoub.ddns.net\/blog\/?p=49012' data-type='post'>Le Cavalier su\u00e9dois<\/a><\/td>\n<td style='text-align:left'>PERUTZ Leo<\/td>\n<td data-align='center'>26-octobre-2016<\/td>\n<td data-align='center'>\u2764<\/td>\n<td style='text-align:left'><\/td>\n<\/tr>\n<tr style='height: 24px;'>\n<td style='text-align:left'><a href='https:\/\/joubjoub.ddns.net\/blog\/?p=48972' data-type='post'>Le fauteuil hant\u00e9<\/a><\/td>\n<td style='text-align:left'>LEROUX Gaston<\/td>\n<td data-align='center'>22-juin-2016<\/td>\n<td data-align='center'>4<\/td>\n<td style='text-align:left'><\/td>\n<\/tr>\n<tr style='height: 24px;'>\n<td style='text-align:left'><a href='https:\/\/joubjoub.ddns.net\/blog\/?p=48932' data-type='post'>Le journal de Bridget Jones<\/a><\/td>\n<td style='text-align:left'>FIELDING Helen<\/td>\n<td data-align='center'>11-janvier-2016<\/td>\n<td data-align='center'>4<\/td>\n<td style='text-align:left'><\/td>\n<\/tr>\n<tr style='height: 24px;'>\n<td style='text-align:left'><a href='https:\/\/joubjoub.ddns.net\/blog\/?p=48994' data-type='post'>Le Lys rouge<\/a><\/td>\n<td style='text-align:left'>ROSE Karen<\/td>\n<td data-align='center'>21-septembre-2016<\/td>\n<td data-align='center'>4<\/td>\n<td style='text-align:left'><\/td>\n<\/tr>\n<tr style='height: 24px;'>\n<td style='text-align:left'><a href='https:\/\/joubjoub.ddns.net\/blog\/?p=48962' data-type='post'>Le miroir aux alouettes<\/a><\/td>\n<td style='text-align:left'>ONFRAY Michel<\/td>\n<td data-align='center'>1-mai-2016<\/td>\n<td data-align='center'>4<\/td>\n<td style='text-align:left'><\/td>\n<\/tr>\n<tr style='height: 24px;'>\n<td style='text-align:left'><a href='https:\/\/joubjoub.ddns.net\/blog\/?p=48938' data-type='post'>Le quatri\u00e8me mur<\/a><\/td>\n<td style='text-align:left'>CHALANDON Sorj<\/td>\n<td data-align='center'>29-janvier-2016<\/td>\n<td data-align='center'>4<\/td>\n<td style='text-align:left'><\/td>\n<\/tr>\n<tr style='height: 24px;'>\n<td style='text-align:left'><a href='https:\/\/joubjoub.ddns.net\/blog\/?p=49008' data-type='post'>Le scarab\u00e9e d\u2019or<\/a><\/td>\n<td style='text-align:left'>POE Edgar Allan<\/td>\n<td data-align='center'>21-octobre-2016<\/td>\n<td data-align='center'>4<\/td>\n<td style='text-align:left'><\/td>\n<\/tr>\n<tr style='height: 24px;'>\n<td style='text-align:left'><a href='https:\/\/joubjoub.ddns.net\/blog\/?p=48958' data-type='post'>Le voyage immobile<\/a><\/td>\n<td style='text-align:left'>CORTES Adrien<\/td>\n<td data-align='center'>20-mars-2016<\/td>\n<td data-align='center'>3.5<\/td>\n<td style='text-align:left'><\/td>\n<\/tr>\n<tr style='height: 24px;'>\n<td style='text-align:left'><a href='https:\/\/joubjoub.ddns.net\/blog\/?p=48942' data-type='post'>Les 100 \u2013 03 \u2013 Retour<\/a><\/td>\n<td style='text-align:left'>MORGAN Kass<\/td>\n<td data-align='center'>4-f\u00e9vrier-2016<\/td>\n<td data-align='center'>\u2764<\/td>\n<td style='text-align:left'><\/td>\n<\/tr>\n<tr style='height: 24px;'>\n<td style='text-align:left'><a href='https:\/\/joubjoub.ddns.net\/blog\/?p=49022' data-type='post'>Les 100 r\u00e8gles d\u2019or pour obtenir ce que vous voulez\u2026 sans avoir \u00e0 le demander<\/a><\/td>\n<td style='text-align:left'>TEMPLAR Richard<\/td>\n<td data-align='center'>10-novembre-2016<\/td>\n<td data-align='center'>3.5<\/td>\n<td style='text-align:left'><\/td>\n<\/tr>\n<tr style='height: 24px;'>\n<td style='text-align:left'><a href='https:\/\/joubjoub.ddns.net\/blog\/?p=49018' data-type='post'>Les 120 r\u00e8gles d\u2019or du travail : Un code de r\u00e9ussite professionnelle<\/a><\/td>\n<td style='text-align:left'>TEMPLAR Richard<\/td>\n<td data-align='center'>4-novembre-2016<\/td>\n<td data-align='center'>3.5<\/td>\n<td style='text-align:left'><\/td>\n<\/tr>\n<tr style='height: 24px;'>\n<td style='text-align:left'><a href='https:\/\/joubjoub.ddns.net\/blog\/?p=49014' data-type='post'>M\u00e3n<\/a><\/td>\n<td style='text-align:left'>TH\u00daY Kim<\/td>\n<td data-align='center'>29-octobre-2016<\/td>\n<td data-align='center'>3.5<\/td>\n<td style='text-align:left'><\/td>\n<\/tr>\n<tr style='height: 24px;'>\n<td style='text-align:left'><a href='https:\/\/joubjoub.ddns.net\/blog\/?p=49016' data-type='post'>P\u00e9ch\u00e9s capitaux<\/a><\/td>\n<td style='text-align:left'>HARRISON Jim<\/td>\n<td data-align='center'>3-novembre-2016<\/td>\n<td data-align='center'>3.5<\/td>\n<td style='text-align:left'><\/td>\n<\/tr>\n<tr style='height: 24px;'>\n<td style='text-align:left'><a href='https:\/\/joubjoub.ddns.net\/blog\/?p=48996' data-type='post'>Penser l\u2019islam<\/a><\/td>\n<td style='text-align:left'>ONFRAY Michel<\/td>\n<td data-align='center'>22-septembre-2016<\/td>\n<td data-align='center'>4.5<\/td>\n<td style='text-align:left'><\/td>\n<\/tr>\n<tr style='height: 24px;'>\n<td style='text-align:left'><a href='https:\/\/joubjoub.ddns.net\/blog\/?p=48970' data-type='post'>Petit \u00e9loge de la lecture<\/a><\/td>\n<td style='text-align:left'>PEF<\/td>\n<td data-align='center'>29-mai-2016<\/td>\n<td data-align='center'>3<\/td>\n<td style='text-align:left'><\/td>\n<\/tr>\n<tr style='height: 24px;'>\n<td style='text-align:left'><a href='https:\/\/joubjoub.ddns.net\/blog\/?p=49026' data-type='post'>Petit Piment<\/a><\/td>\n<td style='text-align:left'>MABANCKOU Alain<\/td>\n<td data-align='center'>16-novembre-2016<\/td>\n<td data-align='center'>3.5<\/td>\n<td style='text-align:left'><\/td>\n<\/tr>\n<tr style='height: 24px;'>\n<td style='text-align:left'><a href='https:\/\/joubjoub.ddns.net\/blog\/?p=49032' data-type='post'>Petit trait\u00e9 d\u2019\u00e9ducation lubrique<\/a><\/td>\n<td style='text-align:left'>SALVAYRE Lydie<\/td>\n<td data-align='center'>24-novembre-2016<\/td>\n<td data-align='center'>\u2764<\/td>\n<td style='text-align:left'><\/td>\n<\/tr>\n<tr style='height: 24px;'>\n<td style='text-align:left'><a href='https:\/\/joubjoub.ddns.net\/blog\/?p=48990' data-type='post'>Pottsville, 1280 habitants<\/a><\/td>\n<td style='text-align:left'>THOMPSON Jim<\/td>\n<td data-align='center'>14-septembre-2016<\/td>\n<td data-align='center'>\u2764<\/td>\n<td style='text-align:left'><\/td>\n<\/tr>\n<tr style='height: 24px;'>\n<td style='text-align:left'><a href='https:\/\/joubjoub.ddns.net\/blog\/?p=49024' data-type='post'>Rebondir apr\u00e8s un licenciement<\/a><\/td>\n<td style='text-align:left'>MONNET Helen<\/td>\n<td data-align='center'>15-novembre-2016<\/td>\n<td data-align='center'>3.5<\/td>\n<td style='text-align:left'><\/td>\n<\/tr>\n<tr style='height: 24px;'>\n<td style='text-align:left'><a href='https:\/\/joubjoub.ddns.net\/blog\/?p=48988' data-type='post'>Riquet \u00e0 la houppe<\/a><\/td>\n<td style='text-align:left'>NOTHOMB Am\u00e9lie<\/td>\n<td data-align='center'>11-septembre-2016<\/td>\n<td data-align='center'>4<\/td>\n<td style='text-align:left'><\/td>\n<\/tr>\n<tr style='height: 24px;'>\n<td style='text-align:left'><a href='https:\/\/joubjoub.ddns.net\/blog\/?p=48980' data-type='post'>Ru<\/a><\/td>\n<td style='text-align:left'>TH\u00daY Kim<\/td>\n<td data-align='center'>22-juillet-2016<\/td>\n<td data-align='center'>4.5<\/td>\n<td style='text-align:left'><\/td>\n<\/tr>\n<tr style='height: 24px;'>\n<td style='text-align:left'><a href='https:\/\/joubjoub.ddns.net\/blog\/?p=49042' data-type='post'>Trois amis en qu\u00eate de sagesse<\/a><\/td>\n<td style='text-align:left'>ANDR\u00c9 Christophe, JOLLIEN Alexandre, RICARD Matthieu<\/td>\n<td data-align='center'>16-d\u00e9cembre-2016<\/td>\n<td data-align='center'>4<\/td>\n<td style='text-align:left'><\/td>\n<\/tr>\n<tr style='height: 24px;'>\n<td style='text-align:left'><a href='https:\/\/joubjoub.ddns.net\/blog\/?p=49004' data-type='post'>Un sur deux<\/a><\/td>\n<td style='text-align:left'>MOSBY Steve<\/td>\n<td data-align='center'>8-octobre-2016<\/td>\n<td data-align='center'>\u2764<\/td>\n<td style='text-align:left'><\/td>\n<\/tr>\n<tr style='height: 24px;'>\n<td style='text-align:left'><a href='https:\/\/joubjoub.ddns.net\/blog\/?p=48974' data-type='post'>Under the Skin (Sous la peau)<\/a><\/td>\n<td style='text-align:left'>FABER Michel<\/td>\n<td data-align='center'>3-juillet-2016<\/td>\n<td data-align='center'>4<\/td>\n<td style='text-align:left'><\/td>\n<\/tr>\n<\/tbody>\n<tfoot>\n<tr style=\"height: 24px;\">\n<td class=\"has-text-align-left\" style=\"height: 24px; font-size: 18px;\" data-align=\"left\"><span class=\"has-inline-color has-vivid-cyan-blue-color\"><strong>TOTAL : 58 livres lus en 2016<\/strong><\/span><\/td>\n<td class=\"has-text-align-center\" style=\"height: 24px;\" data-align=\"center\"> <\/td>\n<td class=\"has-text-align-center\" style=\"height: 24px;\" data-align=\"center\"> <\/td>\n<td class=\"has-text-align-center\" style=\"height: 24px;\" data-align=\"center\"> <\/td>\n<td class=\"has-text-align-center\" style=\"height: 24px;\" data-align=\"center\"> <\/td>\n<\/tr>\n<\/tfoot>\n<\/table>\n<p><\/center><\/p>\n","protected":false},"excerpt":{"rendered":"<p>Titre Auteur Date Note Commentaires 13 \u00e0 table ! collectif 2-f\u00e9vrier-2016 4.5 Aimer \u00e0 peine QUINT Michel 15-juillet-2016 3.5 Aujourd\u2019hui (et non demain), j\u2019arr\u00eate de procrastiner ! RICHTER Monique 7-janvier-2016 3 Avant d\u2019aller dormir WATSON S. J. 21-janvier-2016 4 Back up COLIZE Paul 10-septembre-2016 \u2764 Blonde \u00e0 forte poitrine PERETTI Camille de 17-mai-2016 4 Br\u00e8ve encyclop\u00e9die du monde \u2013 01&#46;&#46;&#46;<\/p>\n","protected":false},"author":1,"featured_media":0,"parent":0,"menu_order":0,"comment_status":"closed","ping_status":"closed","template":"","meta":{"footnotes":""},"class_list":["post-49266","page","type-page","status-publish","hentry"],"_links":{"self":[{"href":"https:\/\/joubjoub.ddns.net\/blog\/index.php?rest_route=\/wp\/v2\/pages\/49266","targetHints":{"allow":["GET"]}}],"collection":[{"href":"https:\/\/joubjoub.ddns.net\/blog\/index.php?rest_route=\/wp\/v2\/pages"}],"about":[{"href":"https:\/\/joubjoub.ddns.net\/blog\/index.php?rest_route=\/wp\/v2\/types\/page"}],"author":[{"embeddable":true,"href":"https:\/\/joubjoub.ddns.net\/blog\/index.php?rest_route=\/wp\/v2\/users\/1"}],"replies":[{"embeddable":true,"href":"https:\/\/joubjoub.ddns.net\/blog\/index.php?rest_route=%2Fwp%2Fv2%2Fcomments&post=49266"}],"version-history":[{"count":2,"href":"https:\/\/joubjoub.ddns.net\/blog\/index.php?rest_route=\/wp\/v2\/pages\/49266\/revisions"}],"predecessor-version":[{"id":49271,"href":"https:\/\/joubjoub.ddns.net\/blog\/index.php?rest_route=\/wp\/v2\/pages\/49266\/revisions\/49271"}],"wp:attachment":[{"href":"https:\/\/joubjoub.ddns.net\/blog\/index.php?rest_route=%2Fwp%2Fv2%2Fmedia&parent=49266"}],"curies":[{"name":"wp","href":"https:\/\/api.w.org\/{rel}","templated":true}]}}