{"id":49267,"date":"2025-06-18T14:52:57","date_gmt":"2025-06-18T12:52:57","guid":{"rendered":"https:\/\/joubjoub.ddns.net\/blog\/?page_id=49267"},"modified":"2025-06-18T14:52:57","modified_gmt":"2025-06-18T12:52:57","slug":"livres-lus-en-2017","status":"publish","type":"page","link":"https:\/\/joubjoub.ddns.net\/blog\/?page_id=49267","title":{"rendered":"Livres lus en 2017"},"content":{"rendered":"<p><center><\/p>\n<table style=\"width: 90%;\">\n<thead>\n<tr style='height: 24px; font-size: 18px;'>\n<th style='text-align:left'>Titre<\/th>\n<th style='text-align:left'>Auteur<\/th>\n<th data-align='center'>Date<\/th>\n<th data-align='center'>Note<\/th>\n<th data-align='center'>Commentaires<\/th>\n<\/tr>\n<\/thead>\n<tbody>\n<tr style='height: 24px;'>\n<td style='text-align:left'><a href='https:\/\/joubjoub.ddns.net\/blog\/?p=49056' data-type='post'>2084 \u2013 La fin du monde<\/a><\/td>\n<td style='text-align:left'>SANSAL Boualem<\/td>\n<td data-align='center'>19-janvier-2017<\/td>\n<td data-align='center'>4<\/td>\n<td style='text-align:left'><\/td>\n<\/tr>\n<tr style='height: 24px;'>\n<td style='text-align:left'><a href='https:\/\/joubjoub.ddns.net\/blog\/?p=49142' data-type='post'>\u00c0 froid<\/a><\/td>\n<td style='text-align:left'>SLAUGHTER Karin<\/td>\n<td data-align='center'>22-ao\u00fbt-2017<\/td>\n<td data-align='center'>\u2764<\/td>\n<td style='text-align:left'><\/td>\n<\/tr>\n<tr style='height: 24px;'>\n<td style='text-align:left'><a href='https:\/\/joubjoub.ddns.net\/blog\/?p=49128' data-type='post'>Attirer \u00e0 soi bonheur et r\u00e9ussite<\/a><\/td>\n<td style='text-align:left'>MICHAUD Christine<\/td>\n<td data-align='center'>12-juillet-2017<\/td>\n<td data-align='center'>3<\/td>\n<td style='text-align:left'><\/td>\n<\/tr>\n<tr style='height: 24px;'>\n<td style='text-align:left'><a href='https:\/\/joubjoub.ddns.net\/blog\/?p=49080' data-type='post'>Barry Lyndon<\/a><\/td>\n<td style='text-align:left'>THACKERAY William<\/td>\n<td data-align='center'>10-mars-2017<\/td>\n<td data-align='center'>4<\/td>\n<td style='text-align:left'><\/td>\n<\/tr>\n<tr style='height: 24px;'>\n<td style='text-align:left'><a href='https:\/\/joubjoub.ddns.net\/blog\/?p=49100' data-type='post'>Beaux rivages<\/a><\/td>\n<td style='text-align:left'>BOURAOUI Nina<\/td>\n<td data-align='center'>24-mai-2017<\/td>\n<td data-align='center'>\u2764<\/td>\n<td style='text-align:left'><\/td>\n<\/tr>\n<tr style='height: 24px;'>\n<td style='text-align:left'><a href='https:\/\/joubjoub.ddns.net\/blog\/?p=49054' data-type='post'>Biologie du couple<\/a><\/td>\n<td style='text-align:left'>VINCENT Jean-Didier<\/td>\n<td data-align='center'>17-janvier-2017<\/td>\n<td data-align='center'>\u2764<\/td>\n<td style='text-align:left'><\/td>\n<\/tr>\n<tr style='height: 24px;'>\n<td style='text-align:left'><a href='https:\/\/joubjoub.ddns.net\/blog\/?p=49076' data-type='post'>Blood Father<\/a><\/td>\n<td style='text-align:left'>CRAIG Peter<\/td>\n<td data-align='center'>27-f\u00e9vrier-2017<\/td>\n<td data-align='center'>4<\/td>\n<td style='text-align:left'><\/td>\n<\/tr>\n<tr style='height: 24px;'>\n<td style='text-align:left'><a href='https:\/\/joubjoub.ddns.net\/blog\/?p=49150' data-type='post'>Br\u00e8ve encyclop\u00e9die du monde \u2013 02 \u2013 D\u00e9cadence<\/a><\/td>\n<td style='text-align:left'>ONFRAY Michel<\/td>\n<td data-align='center'>11-septembre-2017<\/td>\n<td data-align='center'>4<\/td>\n<td style='text-align:left'><\/td>\n<\/tr>\n<tr style='height: 24px;'>\n<td style='text-align:left'><a href='https:\/\/joubjoub.ddns.net\/blog\/?p=49084' data-type='post'>Carnets noirs<\/a><\/td>\n<td style='text-align:left'>KING Stephen<\/td>\n<td data-align='center'>23-mars-2017<\/td>\n<td data-align='center'>4.5<\/td>\n<td style='text-align:left'><\/td>\n<\/tr>\n<tr style='height: 24px;'>\n<td style='text-align:left'><a href='https:\/\/joubjoub.ddns.net\/blog\/?p=49062' data-type='post'>Celle que vous croyez<\/a><\/td>\n<td style='text-align:left'>LAURENS Camille<\/td>\n<td data-align='center'>30-janvier-2017<\/td>\n<td data-align='center'>\u2764<\/td>\n<td style='text-align:left'><\/td>\n<\/tr>\n<tr style='height: 24px;'>\n<td style='text-align:left'><a href='https:\/\/joubjoub.ddns.net\/blog\/?p=49132' data-type='post'>Charlotte<\/a><\/td>\n<td style='text-align:left'>FOENKINOS David<\/td>\n<td data-align='center'>17-juillet-2017<\/td>\n<td data-align='center'>4<\/td>\n<td style='text-align:left'><\/td>\n<\/tr>\n<tr style='height: 24px;'>\n<td style='text-align:left'><a href='https:\/\/joubjoub.ddns.net\/blog\/?p=49144' data-type='post'>Conan<\/a><\/td>\n<td style='text-align:left'>HOWARD Robert E.<\/td>\n<td data-align='center'>24-ao\u00fbt-2017<\/td>\n<td data-align='center'>\u2764<\/td>\n<td style='text-align:left'><\/td>\n<\/tr>\n<tr style='height: 24px;'>\n<td style='text-align:left'><a href='https:\/\/joubjoub.ddns.net\/blog\/?p=49138' data-type='post'>Daddy<\/a><\/td>\n<td style='text-align:left'>DURAND Loup<\/td>\n<td data-align='center'>4-ao\u00fbt-2017<\/td>\n<td data-align='center'>4<\/td>\n<td style='text-align:left'><\/td>\n<\/tr>\n<tr style='height: 24px;'>\n<td style='text-align:left'><a href='https:\/\/joubjoub.ddns.net\/blog\/?p=49070' data-type='post'>Dans le jardin de l\u2019ogre<\/a><\/td>\n<td style='text-align:left'>SLIMANI Le\u00efla<\/td>\n<td data-align='center'>16-f\u00e9vrier-2017<\/td>\n<td data-align='center'>4<\/td>\n<td style='text-align:left'><\/td>\n<\/tr>\n<tr style='height: 24px;'>\n<td style='text-align:left'><a href='https:\/\/joubjoub.ddns.net\/blog\/?p=49078' data-type='post'>Danser les ombres<\/a><\/td>\n<td style='text-align:left'>GAUD\u00c9 Laurent<\/td>\n<td data-align='center'>2-mars-2017<\/td>\n<td data-align='center'>3.5<\/td>\n<td style='text-align:left'><\/td>\n<\/tr>\n<tr style='height: 24px;'>\n<td style='text-align:left'><a href='https:\/\/joubjoub.ddns.net\/blog\/?p=49140' data-type='post'>D\u00e9clic mortel<\/a><\/td>\n<td style='text-align:left'>HOROWITZ Anthony<\/td>\n<td data-align='center'>8-ao\u00fbt-2017<\/td>\n<td data-align='center'>\u2764<\/td>\n<td style='text-align:left'><\/td>\n<\/tr>\n<tr style='height: 24px;'>\n<td style='text-align:left'><a href='https:\/\/joubjoub.ddns.net\/blog\/?p=49050' data-type='post'>\u00c9chos dans le temps<\/a><\/td>\n<td style='text-align:left'>BORDAGE Pierre<\/td>\n<td data-align='center'>9-janvier-2017<\/td>\n<td data-align='center'>3.5<\/td>\n<td style='text-align:left'><\/td>\n<\/tr>\n<tr style='height: 24px;'>\n<td style='text-align:left'><a href='https:\/\/joubjoub.ddns.net\/blog\/?p=49064' data-type='post'>ENtreFER<\/a><\/td>\n<td style='text-align:left'>BANKS Iain<\/td>\n<td data-align='center'>6-f\u00e9vrier-2017<\/td>\n<td data-align='center'>4<\/td>\n<td style='text-align:left'><\/td>\n<\/tr>\n<tr style='height: 24px;'>\n<td style='text-align:left'><a href='https:\/\/joubjoub.ddns.net\/blog\/?p=49052' data-type='post'>Expo 58<\/a><\/td>\n<td style='text-align:left'>COE Jonathan<\/td>\n<td data-align='center'>11-janvier-2017<\/td>\n<td data-align='center'>4<\/td>\n<td style='text-align:left'><\/td>\n<\/tr>\n<tr style='height: 24px;'>\n<td style='text-align:left'><a href='https:\/\/joubjoub.ddns.net\/blog\/?p=49098' data-type='post'>Fin de ronde<\/a><\/td>\n<td style='text-align:left'>KING Stephen<\/td>\n<td data-align='center'>5-mai-2017<\/td>\n<td data-align='center'>\u2764<\/td>\n<td style='text-align:left'><\/td>\n<\/tr>\n<tr style='height: 24px;'>\n<td style='text-align:left'><a href='https:\/\/joubjoub.ddns.net\/blog\/?p=49174' data-type='post'>Imparfaits, libres et heureux : Pratiques de l\u2019estime de soi<\/a><\/td>\n<td style='text-align:left'>ANDR\u00c9 Christophe<\/td>\n<td data-align='center'>19-d\u00e9cembre-2017<\/td>\n<td data-align='center'>3<\/td>\n<td style='text-align:left'><\/td>\n<\/tr>\n<tr style='height: 24px;'>\n<td style='text-align:left'><a href='https:\/\/joubjoub.ddns.net\/blog\/?p=49088' data-type='post'>Je dirai malgr\u00e9 tout que cette vie fut belle<\/a><\/td>\n<td style='text-align:left'>ORMESSSON Jean d\u2019<\/td>\n<td data-align='center'>29-mars-2017<\/td>\n<td data-align='center'>\u2764<\/td>\n<td style='text-align:left'><\/td>\n<\/tr>\n<tr style='height: 24px;'>\n<td style='text-align:left'><a href='https:\/\/joubjoub.ddns.net\/blog\/?p=49108' data-type='post'>Journal d\u2019un vampire en pyjama<\/a><\/td>\n<td style='text-align:left'>MALZIEU Mathias<\/td>\n<td data-align='center'>8-juin-2017<\/td>\n<td data-align='center'>\u2764<\/td>\n<td style='text-align:left'><\/td>\n<\/tr>\n<tr style='height: 24px;'>\n<td style='text-align:left'><a href='https:\/\/joubjoub.ddns.net\/blog\/?p=49102' data-type='post'>L\u2019encyclop\u00e9die du savoir relatif et absolu<\/a><\/td>\n<td style='text-align:left'>WERBER Bernard<\/td>\n<td data-align='center'>30-mai-2017<\/td>\n<td data-align='center'>\u2764<\/td>\n<td style='text-align:left'><\/td>\n<\/tr>\n<tr style='height: 24px;'>\n<td style='text-align:left'><a href='https:\/\/joubjoub.ddns.net\/blog\/?p=49158' data-type='post'>L\u2019\u00e9preuve \u2013 Avant le labyrinthe \u2013 La braise<\/a><\/td>\n<td style='text-align:left'>DASHNER James<\/td>\n<td data-align='center'>27-septembre-2017<\/td>\n<td data-align='center'>4<\/td>\n<td style='text-align:left'><\/td>\n<\/tr>\n<tr style='height: 24px;'>\n<td style='text-align:left'><a href='https:\/\/joubjoub.ddns.net\/blog\/?p=49162' data-type='post'>La maladie de Sachs<\/a><\/td>\n<td style='text-align:left'>WINCKLER Martin<\/td>\n<td data-align='center'>12-octobre-2017<\/td>\n<td data-align='center'>\u2764<\/td>\n<td style='text-align:left'><\/td>\n<\/tr>\n<tr style='height: 24px;'>\n<td style='text-align:left'><a href='https:\/\/joubjoub.ddns.net\/blog\/?p=49124' data-type='post'>La proph\u00e9tie de Nostradamus<\/a><\/td>\n<td style='text-align:left'>BRESLIN Theresa<\/td>\n<td data-align='center'>5-juillet-2017<\/td>\n<td data-align='center'>3.5<\/td>\n<td style='text-align:left'><\/td>\n<\/tr>\n<tr style='height: 24px;'>\n<td style='text-align:left'><a href='https:\/\/joubjoub.ddns.net\/blog\/?p=49068' data-type='post'>La tour de Babylone<\/a><\/td>\n<td style='text-align:left'>CHIANG Ted<\/td>\n<td data-align='center'>15-f\u00e9vrier-2017<\/td>\n<td data-align='center'>4.5<\/td>\n<td style='text-align:left'><\/td>\n<\/tr>\n<tr style='height: 24px;'>\n<td style='text-align:left'><a href='https:\/\/joubjoub.ddns.net\/blog\/?p=49170' data-type='post'>Le banc du temps qui passe \u2013 M\u00e9ditations cosmiques<\/a><\/td>\n<td style='text-align:left'>REEVES Hubert<\/td>\n<td data-align='center'>10-novembre-2017<\/td>\n<td data-align='center'>\u2764<\/td>\n<td style='text-align:left'><\/td>\n<\/tr>\n<tr style='height: 24px;'>\n<td style='text-align:left'><a href='https:\/\/joubjoub.ddns.net\/blog\/?p=49112' data-type='post'>Le chien jaune<\/a><\/td>\n<td style='text-align:left'>SIMENON Georges<\/td>\n<td data-align='center'>12-juin-2017<\/td>\n<td data-align='center'>\u2764<\/td>\n<td style='text-align:left'><\/td>\n<\/tr>\n<tr style='height: 24px;'>\n<td style='text-align:left'><a href='https:\/\/joubjoub.ddns.net\/blog\/?p=49116' data-type='post'>Le dernier templier<\/a><\/td>\n<td style='text-align:left'>KHOURY Raymond<\/td>\n<td data-align='center'>21-juin-2017<\/td>\n<td data-align='center'>\u2764<\/td>\n<td style='text-align:left'><\/td>\n<\/tr>\n<tr style='height: 24px;'>\n<td style='text-align:left'><a href='https:\/\/joubjoub.ddns.net\/blog\/?p=49130' data-type='post'>Le profil de l\u2019assassin<\/a><\/td>\n<td style='text-align:left'>JACQ Christian<\/td>\n<td data-align='center'>17-juillet-2017<\/td>\n<td data-align='center'>\u2764<\/td>\n<td style='text-align:left'><\/td>\n<\/tr>\n<tr style='height: 24px;'>\n<td style='text-align:left'><a href='https:\/\/joubjoub.ddns.net\/blog\/?p=49046' data-type='post'>Le sixi\u00e8me sommeil<\/a><\/td>\n<td style='text-align:left'>WERBER Bernard<\/td>\n<td data-align='center'>2-janvier-2017<\/td>\n<td data-align='center'>3.5<\/td>\n<td style='text-align:left'><\/td>\n<\/tr>\n<tr style='height: 24px;'>\n<td style='text-align:left'><a href='https:\/\/joubjoub.ddns.net\/blog\/?p=49048' data-type='post'>Le village des damn\u00e9s<\/a><\/td>\n<td style='text-align:left'>WYNDHAM John<\/td>\n<td data-align='center'>5-janvier-2017<\/td>\n<td data-align='center'>4<\/td>\n<td style='text-align:left'><\/td>\n<\/tr>\n<tr style='height: 24px;'>\n<td style='text-align:left'><a href='https:\/\/joubjoub.ddns.net\/blog\/?p=49134' data-type='post'>Les ailes d\u2019\u00e9meraude<\/a><\/td>\n<td style='text-align:left'>LYS Alexiane de<\/td>\n<td data-align='center'>23-juillet-2017<\/td>\n<td data-align='center'>3.5<\/td>\n<td style='text-align:left'><\/td>\n<\/tr>\n<tr style='height: 24px;'>\n<td style='text-align:left'><a href='https:\/\/joubjoub.ddns.net\/blog\/?p=49090' data-type='post'>Les apparences<\/a><\/td>\n<td style='text-align:left'>FLYNN Gillian<\/td>\n<td data-align='center'>5-avril-2017<\/td>\n<td data-align='center'>\u2764<\/td>\n<td style='text-align:left'><\/td>\n<\/tr>\n<tr style='height: 24px;'>\n<td style='text-align:left'><a href='https:\/\/joubjoub.ddns.net\/blog\/?p=49168' data-type='post'>Les beaux mensonges de l\u2019Histoire<\/a><\/td>\n<td style='text-align:left'>BRETON Guy<\/td>\n<td data-align='center'>8-novembre-2017<\/td>\n<td data-align='center'>\u2764<\/td>\n<td style='text-align:left'><\/td>\n<\/tr>\n<tr style='height: 24px;'>\n<td style='text-align:left'><a href='https:\/\/joubjoub.ddns.net\/blog\/?p=49066' data-type='post'>Les plus qu\u2019humains<\/a><\/td>\n<td style='text-align:left'>STURGEON Th\u00e9odore<\/td>\n<td data-align='center'>9-f\u00e9vrier-2017<\/td>\n<td data-align='center'>4<\/td>\n<td style='text-align:left'><\/td>\n<\/tr>\n<tr style='height: 24px;'>\n<td style='text-align:left'><a href='https:\/\/joubjoub.ddns.net\/blog\/?p=49164' data-type='post'>Les quatre filles du docteur March<\/a><\/td>\n<td style='text-align:left'>ALCOTT Louisa May<\/td>\n<td data-align='center'>26-octobre-2017<\/td>\n<td data-align='center'>4<\/td>\n<td style='text-align:left'><\/td>\n<\/tr>\n<tr style='height: 24px;'>\n<td style='text-align:left'><a href='https:\/\/joubjoub.ddns.net\/blog\/?p=49126' data-type='post'>Les Yeux jaunes des crocodiles<\/a><\/td>\n<td style='text-align:left'>PANCOL Katherine<\/td>\n<td data-align='center'>12-juillet-2017<\/td>\n<td data-align='center'>\u2764<\/td>\n<td style='text-align:left'><\/td>\n<\/tr>\n<tr style='height: 24px;'>\n<td style='text-align:left'><a href='https:\/\/joubjoub.ddns.net\/blog\/?p=49058' data-type='post'>Meuh !<\/a><\/td>\n<td style='text-align:left'>MOREL Fran\u00e7ois<\/td>\n<td data-align='center'>23-janvier-2017<\/td>\n<td data-align='center'>4<\/td>\n<td style='text-align:left'><\/td>\n<\/tr>\n<tr style='height: 24px;'>\n<td style='text-align:left'><a href='https:\/\/joubjoub.ddns.net\/blog\/?p=49122' data-type='post'>Mieux s\u2019organiser et vivre sans stress<\/a><\/td>\n<td style='text-align:left'>PETITCOLLIN Christel<\/td>\n<td data-align='center'>29-juin-2017<\/td>\n<td data-align='center'>2.5<\/td>\n<td style='text-align:left'><\/td>\n<\/tr>\n<tr style='height: 24px;'>\n<td style='text-align:left'><a href='https:\/\/joubjoub.ddns.net\/blog\/?p=49092' data-type='post'>Mirage<\/a><\/td>\n<td style='text-align:left'>KENNEDY Douglas<\/td>\n<td data-align='center'>11-avril-2017<\/td>\n<td data-align='center'>4<\/td>\n<td style='text-align:left'><\/td>\n<\/tr>\n<tr style='height: 24px;'>\n<td style='text-align:left'><a href='https:\/\/joubjoub.ddns.net\/blog\/?p=49160' data-type='post'>Mr. Ripley \u2013 Plein soleil<\/a><\/td>\n<td style='text-align:left'>HIGHSMITH Patricia<\/td>\n<td data-align='center'>6-octobre-2017<\/td>\n<td data-align='center'>\u2764<\/td>\n<td style='text-align:left'><\/td>\n<\/tr>\n<tr style='height: 24px;'>\n<td style='text-align:left'><a href='https:\/\/joubjoub.ddns.net\/blog\/?p=49176' data-type='post'>N\u2019oublier jamais<\/a><\/td>\n<td style='text-align:left'>BUSSI Michel<\/td>\n<td data-align='center'>28-d\u00e9cembre-2017<\/td>\n<td data-align='center'>4<\/td>\n<td style='text-align:left'><\/td>\n<\/tr>\n<tr style='height: 24px;'>\n<td style='text-align:left'><a href='https:\/\/joubjoub.ddns.net\/blog\/?p=49166' data-type='post'>Napol\u00e9on a toujours raison !<\/a><\/td>\n<td style='text-align:left'>LAYRE-CASSOU Franck<\/td>\n<td data-align='center'>6-novembre-2017<\/td>\n<td data-align='center'>4.5<\/td>\n<td style='text-align:left'><\/td>\n<\/tr>\n<tr style='height: 24px;'>\n<td style='text-align:left'><a href='https:\/\/joubjoub.ddns.net\/blog\/?p=49114' data-type='post'>Ne tirez pas sur l\u2019oiseau moqueur<\/a><\/td>\n<td style='text-align:left'>LEE Harper<\/td>\n<td data-align='center'>16-juin-2017<\/td>\n<td data-align='center'>\u2764<\/td>\n<td style='text-align:left'><\/td>\n<\/tr>\n<tr style='height: 24px;'>\n<td style='text-align:left'><a href='https:\/\/joubjoub.ddns.net\/blog\/?p=49074' data-type='post'>Niourk<\/a><\/td>\n<td style='text-align:left'>WUL Stefan<\/td>\n<td data-align='center'>21-f\u00e9vrier-2017<\/td>\n<td data-align='center'>4<\/td>\n<td style='text-align:left'><\/td>\n<\/tr>\n<tr style='height: 24px;'>\n<td style='text-align:left'><a href='https:\/\/joubjoub.ddns.net\/blog\/?p=49156' data-type='post'>Pardonnez nos offenses<\/a><\/td>\n<td style='text-align:left'>SARDOU Romain<\/td>\n<td data-align='center'>25-septembre-2017<\/td>\n<td data-align='center'>\u2764<\/td>\n<td style='text-align:left'><\/td>\n<\/tr>\n<tr style='height: 24px;'>\n<td style='text-align:left'><a href='https:\/\/joubjoub.ddns.net\/blog\/?p=49110' data-type='post'>Paul et Virginie<\/a><\/td>\n<td style='text-align:left'>SAINT-PIERRE Bernardin de<\/td>\n<td data-align='center'>8-juin-2017<\/td>\n<td data-align='center'>4<\/td>\n<td style='text-align:left'><\/td>\n<\/tr>\n<tr style='height: 24px;'>\n<td style='text-align:left'><a href='https:\/\/joubjoub.ddns.net\/blog\/?p=49094' data-type='post'>Petit trait\u00e9 de manipulation \u00e0 l\u2019usage des honn\u00eates gens<\/a><\/td>\n<td style='text-align:left'>JOULE Robert-Vincent, BEAUVOIS Jean-L\u00e9on<\/td>\n<td data-align='center'>18-avril-2017<\/td>\n<td data-align='center'>\u2764<\/td>\n<td style='text-align:left'><\/td>\n<\/tr>\n<tr style='height: 24px;'>\n<td style='text-align:left'><a href='https:\/\/joubjoub.ddns.net\/blog\/?p=49120' data-type='post'>Quand j\u2019avais cinq ans, je m\u2019ai tu\u00e9<\/a><\/td>\n<td style='text-align:left'>BUTEN Howard<\/td>\n<td data-align='center'>28-juin-2017<\/td>\n<td data-align='center'>4<\/td>\n<td style='text-align:left'><\/td>\n<\/tr>\n<tr style='height: 24px;'>\n<td style='text-align:left'><a href='https:\/\/joubjoub.ddns.net\/blog\/?p=49148' data-type='post'>Que serais-je sans toi ?<\/a><\/td>\n<td style='text-align:left'>MUSSO Guillaume<\/td>\n<td data-align='center'>31-ao\u00fbt-2017<\/td>\n<td data-align='center'>\u2764<\/td>\n<td style='text-align:left'><\/td>\n<\/tr>\n<tr style='height: 24px;'>\n<td style='text-align:left'><a href='https:\/\/joubjoub.ddns.net\/blog\/?p=49060' data-type='post'>R\u00e9parer les vivants<\/a><\/td>\n<td style='text-align:left'>KERANGAL Maylis de<\/td>\n<td data-align='center'>26-janvier-2017<\/td>\n<td data-align='center'>\u2764<\/td>\n<td style='text-align:left'><\/td>\n<\/tr>\n<tr style='height: 24px;'>\n<td style='text-align:left'><a href='https:\/\/joubjoub.ddns.net\/blog\/?p=49104' data-type='post'>Revival<\/a><\/td>\n<td style='text-align:left'>KING Stephen<\/td>\n<td data-align='center'>3-juin-2017<\/td>\n<td data-align='center'>\u2764<\/td>\n<td style='text-align:left'><\/td>\n<\/tr>\n<tr style='height: 24px;'>\n<td style='text-align:left'><a href='https:\/\/joubjoub.ddns.net\/blog\/?p=49118' data-type='post'>Rituel<\/a><\/td>\n<td style='text-align:left'>HAYDER Mo<\/td>\n<td data-align='center'>27-juin-2017<\/td>\n<td data-align='center'>4.5<\/td>\n<td style='text-align:left'><\/td>\n<\/tr>\n<tr style='height: 24px;'>\n<td style='text-align:left'><a href='https:\/\/joubjoub.ddns.net\/blog\/?p=49172' data-type='post'>Sale gosse<\/a><\/td>\n<td style='text-align:left'>KING Stephen<\/td>\n<td data-align='center'>17-d\u00e9cembre-2017<\/td>\n<td data-align='center'>3.5<\/td>\n<td style='text-align:left'><\/td>\n<\/tr>\n<tr style='height: 24px;'>\n<td style='text-align:left'><a href='https:\/\/joubjoub.ddns.net\/blog\/?p=49096' data-type='post'>Silence<\/a><\/td>\n<td style='text-align:left'>END\u014c Sh\u016bsaku<\/td>\n<td data-align='center'>29-avril-2017<\/td>\n<td data-align='center'>4<\/td>\n<td style='text-align:left'><\/td>\n<\/tr>\n<tr style='height: 24px;'>\n<td style='text-align:left'><a href='https:\/\/joubjoub.ddns.net\/blog\/?p=49072' data-type='post'>Soie<\/a><\/td>\n<td style='text-align:left'>BARICCO Alessandro<\/td>\n<td data-align='center'>16-f\u00e9vrier-2017<\/td>\n<td data-align='center'>\u2764<\/td>\n<td style='text-align:left'><\/td>\n<\/tr>\n<tr style='height: 24px;'>\n<td style='text-align:left'><a href='https:\/\/joubjoub.ddns.net\/blog\/?p=49082' data-type='post'>Surtensions<\/a><\/td>\n<td style='text-align:left'>NOREK Olivier<\/td>\n<td data-align='center'>15-mars-2017<\/td>\n<td data-align='center'>\u2764<\/td>\n<td style='text-align:left'><\/td>\n<\/tr>\n<tr style='height: 24px;'>\n<td style='text-align:left'><a href='https:\/\/joubjoub.ddns.net\/blog\/?p=49086' data-type='post'>Teddy est revenu<\/a><\/td>\n<td style='text-align:left'>GALLERNE Gilbert<\/td>\n<td data-align='center'>25-mars-2017<\/td>\n<td data-align='center'>\u2764<\/td>\n<td style='text-align:left'><\/td>\n<\/tr>\n<tr style='height: 24px;'>\n<td style='text-align:left'><a href='https:\/\/joubjoub.ddns.net\/blog\/?p=49106' data-type='post'>Temp\u00eate : Deux novellas<\/a><\/td>\n<td style='text-align:left'>LE CL\u00c9ZIO J.M.G.<\/td>\n<td data-align='center'>7-juin-2017<\/td>\n<td data-align='center'>4<\/td>\n<td style='text-align:left'><\/td>\n<\/tr>\n<tr style='height: 24px;'>\n<td style='text-align:left'><a href='https:\/\/joubjoub.ddns.net\/blog\/?p=49152' data-type='post'>Temps glaciaires<\/a><\/td>\n<td style='text-align:left'>VARGAS Fred<\/td>\n<td data-align='center'>14-septembre-2017<\/td>\n<td data-align='center'>4<\/td>\n<td style='text-align:left'><\/td>\n<\/tr>\n<tr style='height: 24px;'>\n<td style='text-align:left'><a href='https:\/\/joubjoub.ddns.net\/blog\/?p=49136' data-type='post'>Vernon Subutex<\/a><\/td>\n<td style='text-align:left'>DESPENTES Virginie<\/td>\n<td data-align='center'>26-juillet-2017<\/td>\n<td data-align='center'>4.5<\/td>\n<td style='text-align:left'><\/td>\n<\/tr>\n<tr style='height: 24px;'>\n<td style='text-align:left'><a href='https:\/\/joubjoub.ddns.net\/blog\/?p=49154' data-type='post'>Vip\u00e8re au poing<\/a><\/td>\n<td style='text-align:left'>BAZIN Herv\u00e9<\/td>\n<td data-align='center'>18-septembre-2017<\/td>\n<td data-align='center'>3.5<\/td>\n<td style='text-align:left'><\/td>\n<\/tr>\n<tr style='height: 24px;'>\n<td style='text-align:left'><a href='https:\/\/joubjoub.ddns.net\/blog\/?p=49146' data-type='post'>Voyage fatal<\/a><\/td>\n<td style='text-align:left'>REICHS Kathy<\/td>\n<td data-align='center'>30-ao\u00fbt-2017<\/td>\n<td data-align='center'>4<\/td>\n<td style='text-align:left'><\/td>\n<\/tr>\n<\/tbody>\n<tfoot>\n<tr style=\"height: 24px;\">\n<td class=\"has-text-align-left\" style=\"height: 24px; font-size: 18px;\" data-align=\"left\"><span class=\"has-inline-color has-vivid-cyan-blue-color\"><strong>TOTAL : 66 livres lus en 2017<\/strong><\/span><\/td>\n<td class=\"has-text-align-center\" style=\"height: 24px;\" data-align=\"center\"> <\/td>\n<td class=\"has-text-align-center\" style=\"height: 24px;\" data-align=\"center\"> <\/td>\n<td class=\"has-text-align-center\" style=\"height: 24px;\" data-align=\"center\"> <\/td>\n<td class=\"has-text-align-center\" style=\"height: 24px;\" data-align=\"center\"> <\/td>\n<\/tr>\n<\/tfoot>\n<\/table>\n<p><\/center><\/p>\n","protected":false},"excerpt":{"rendered":"<p>Titre Auteur Date Note Commentaires 2084 \u2013 La fin du monde SANSAL Boualem 19-janvier-2017 4 \u00c0 froid SLAUGHTER Karin 22-ao\u00fbt-2017 \u2764 Attirer \u00e0 soi bonheur et r\u00e9ussite MICHAUD Christine 12-juillet-2017 3 Barry Lyndon THACKERAY William 10-mars-2017 4 Beaux rivages BOURAOUI Nina 24-mai-2017 \u2764 Biologie du couple VINCENT Jean-Didier 17-janvier-2017 \u2764 Blood Father CRAIG Peter 27-f\u00e9vrier-2017 4 Br\u00e8ve encyclop\u00e9die du monde&#46;&#46;&#46;<\/p>\n","protected":false},"author":1,"featured_media":0,"parent":0,"menu_order":0,"comment_status":"closed","ping_status":"closed","template":"","meta":{"footnotes":""},"class_list":["post-49267","page","type-page","status-publish","hentry"],"_links":{"self":[{"href":"https:\/\/joubjoub.ddns.net\/blog\/index.php?rest_route=\/wp\/v2\/pages\/49267","targetHints":{"allow":["GET"]}}],"collection":[{"href":"https:\/\/joubjoub.ddns.net\/blog\/index.php?rest_route=\/wp\/v2\/pages"}],"about":[{"href":"https:\/\/joubjoub.ddns.net\/blog\/index.php?rest_route=\/wp\/v2\/types\/page"}],"author":[{"embeddable":true,"href":"https:\/\/joubjoub.ddns.net\/blog\/index.php?rest_route=\/wp\/v2\/users\/1"}],"replies":[{"embeddable":true,"href":"https:\/\/joubjoub.ddns.net\/blog\/index.php?rest_route=%2Fwp%2Fv2%2Fcomments&post=49267"}],"version-history":[{"count":1,"href":"https:\/\/joubjoub.ddns.net\/blog\/index.php?rest_route=\/wp\/v2\/pages\/49267\/revisions"}],"predecessor-version":[{"id":49272,"href":"https:\/\/joubjoub.ddns.net\/blog\/index.php?rest_route=\/wp\/v2\/pages\/49267\/revisions\/49272"}],"wp:attachment":[{"href":"https:\/\/joubjoub.ddns.net\/blog\/index.php?rest_route=%2Fwp%2Fv2%2Fmedia&parent=49267"}],"curies":[{"name":"wp","href":"https:\/\/api.w.org\/{rel}","templated":true}]}}