{"id":49268,"date":"2025-06-18T14:53:24","date_gmt":"2025-06-18T12:53:24","guid":{"rendered":"https:\/\/joubjoub.ddns.net\/blog\/?page_id=49268"},"modified":"2025-06-18T14:53:24","modified_gmt":"2025-06-18T12:53:24","slug":"livres-lus-en-2018","status":"publish","type":"page","link":"https:\/\/joubjoub.ddns.net\/blog\/?page_id=49268","title":{"rendered":"Livres lus en 2018"},"content":{"rendered":"<p><center><\/p>\n<table style=\"width: 90%;\">\n<thead>\n<tr style='height: 24px; font-size: 18px;'>\n<th style='text-align:left'>Titre<\/th>\n<th style='text-align:left'>Auteur<\/th>\n<th data-align='center'>Date<\/th>\n<th data-align='center'>Note<\/th>\n<th data-align='center'>Commentaires<\/th>\n<\/tr>\n<\/thead>\n<tbody>\n<tr style='height: 24px;'>\n<td style='text-align:left'><a href='https:\/\/joubjoub.ddns.net\/blog\/?p=49186' data-type='post'>#help<\/a><\/td>\n<td style='text-align:left'>CROWLEY Sin\u00e9ad<\/td>\n<td data-align='center'>15-f\u00e9vrier-2018<\/td>\n<td data-align='center'>4<\/td>\n<td style='text-align:left'><\/td>\n<\/tr>\n<tr style='height: 24px;'>\n<td style='text-align:left'><a href='https:\/\/joubjoub.ddns.net\/blog\/?p=49202' data-type='post'>12 Years a Slave<\/a><\/td>\n<td style='text-align:left'>NORTHUP Solomon<\/td>\n<td data-align='center'>2-mai-2018<\/td>\n<td data-align='center'>4<\/td>\n<td style='text-align:left'><\/td>\n<\/tr>\n<tr style='height: 24px;'>\n<td style='text-align:left'><a href='https:\/\/joubjoub.ddns.net\/blog\/?p=49178' data-type='post'>Burn-out<\/a><\/td>\n<td style='text-align:left'>FATROV St\u00e9phane<\/td>\n<td data-align='center'>3-janvier-2018<\/td>\n<td data-align='center'>\u2764<\/td>\n<td style='text-align:left'><\/td>\n<\/tr>\n<tr style='height: 24px;'>\n<td style='text-align:left'><a href='https:\/\/joubjoub.ddns.net\/blog\/?p=49220' data-type='post'>Canada<\/a><\/td>\n<td style='text-align:left'>FORD Richard<\/td>\n<td data-align='center'>19-ao\u00fbt-2018<\/td>\n<td data-align='center'>3.5<\/td>\n<td style='text-align:left'><\/td>\n<\/tr>\n<tr style='height: 24px;'>\n<td style='text-align:left'><a href='https:\/\/joubjoub.ddns.net\/blog\/?p=49248' data-type='post'>Ce que le jour doit \u00e0 la nuit<\/a><\/td>\n<td style='text-align:left'>KHADRA Yasmina<\/td>\n<td data-align='center'>20-novembre-2018<\/td>\n<td data-align='center'>4<\/td>\n<td style='text-align:left'><\/td>\n<\/tr>\n<tr style='height: 24px;'>\n<td style='text-align:left'><a href='https:\/\/joubjoub.ddns.net\/blog\/?p=49214' data-type='post'>Et dans l\u2019\u00e9ternit\u00e9 je ne m\u2019ennuierai pas<\/a><\/td>\n<td style='text-align:left'>VEYNE Paul<\/td>\n<td data-align='center'>4-juin-2018<\/td>\n<td data-align='center'>4<\/td>\n<td style='text-align:left'><\/td>\n<\/tr>\n<tr style='height: 24px;'>\n<td style='text-align:left'><a href='https:\/\/joubjoub.ddns.net\/blog\/?p=49258' data-type='post'>Et moi, je vis toujours<\/a><\/td>\n<td style='text-align:left'>ORMESSON Jean d\u2019<\/td>\n<td data-align='center'>19-d\u00e9cembre-2018<\/td>\n<td data-align='center'>4<\/td>\n<td style='text-align:left'><\/td>\n<\/tr>\n<tr style='height: 24px;'>\n<td style='text-align:left'><a href='https:\/\/joubjoub.ddns.net\/blog\/?p=49182' data-type='post'>Frappe-toi le c\u0153ur<\/a><\/td>\n<td style='text-align:left'>NOTHOMB Am\u00e9lie<\/td>\n<td data-align='center'>24-janvier-2018<\/td>\n<td data-align='center'>3.5<\/td>\n<td style='text-align:left'><\/td>\n<\/tr>\n<tr style='height: 24px;'>\n<td style='text-align:left'><a href='https:\/\/joubjoub.ddns.net\/blog\/?p=49188' data-type='post'>L\u2019arbre du pays Toraja<\/a><\/td>\n<td style='text-align:left'>CLAUDEL Philippe<\/td>\n<td data-align='center'>13-mars-2018<\/td>\n<td data-align='center'>\u2764<\/td>\n<td style='text-align:left'><\/td>\n<\/tr>\n<tr style='height: 24px;'>\n<td style='text-align:left'><a href='https:\/\/joubjoub.ddns.net\/blog\/?p=49236' data-type='post'>L\u2019homme des deux tribus<\/a><\/td>\n<td style='text-align:left'>UPFIELD Arthur<\/td>\n<td data-align='center'>14-octobre-2018<\/td>\n<td data-align='center'>4<\/td>\n<td style='text-align:left'><\/td>\n<\/tr>\n<tr style='height: 24px;'>\n<td style='text-align:left'><a href='https:\/\/joubjoub.ddns.net\/blog\/?p=49198' data-type='post'>L\u2019omelette au sucre<\/a><\/td>\n<td style='text-align:left'>ARROU-VIGNOD Jean-Philippe<\/td>\n<td data-align='center'>24-avril-2018<\/td>\n<td data-align='center'>3.5<\/td>\n<td style='text-align:left'><\/td>\n<\/tr>\n<tr style='height: 24px;'>\n<td style='text-align:left'><a href='https:\/\/joubjoub.ddns.net\/blog\/?p=49242' data-type='post'>La Chute de la maison Usher et autres nouvelles<\/a><\/td>\n<td style='text-align:left'>POE Edgar Allan<\/td>\n<td data-align='center'>31-octobre-2018<\/td>\n<td data-align='center'>4<\/td>\n<td style='text-align:left'><\/td>\n<\/tr>\n<tr style='height: 24px;'>\n<td style='text-align:left'><a href='https:\/\/joubjoub.ddns.net\/blog\/?p=49262' data-type='post'>La Dame de pique<\/a><\/td>\n<td style='text-align:left'>POUCHKINE Alexandre<\/td>\n<td data-align='center'>24-d\u00e9cembre-2018<\/td>\n<td data-align='center'>3.5<\/td>\n<td style='text-align:left'><\/td>\n<\/tr>\n<tr style='height: 24px;'>\n<td style='text-align:left'><a href='https:\/\/joubjoub.ddns.net\/blog\/?p=49246' data-type='post'>La place<\/a><\/td>\n<td style='text-align:left'>ERNAUX Anne<\/td>\n<td data-align='center'>6-novembre-2018<\/td>\n<td data-align='center'>4<\/td>\n<td style='text-align:left'><\/td>\n<\/tr>\n<tr style='height: 24px;'>\n<td style='text-align:left'><a href='https:\/\/joubjoub.ddns.net\/blog\/?p=49260' data-type='post'>La vengeance du pardon<\/a><\/td>\n<td style='text-align:left'>SCHMITT Eric-Emmanuel<\/td>\n<td data-align='center'>22-d\u00e9cembre-2018<\/td>\n<td data-align='center'>4<\/td>\n<td style='text-align:left'><\/td>\n<\/tr>\n<tr style='height: 24px;'>\n<td style='text-align:left'><a href='https:\/\/joubjoub.ddns.net\/blog\/?p=49250' data-type='post'>L\u00e0-bas<\/a><\/td>\n<td style='text-align:left'>HUYSMANS Joris-Karl<\/td>\n<td data-align='center'>30-novembre-2018<\/td>\n<td data-align='center'>3.5<\/td>\n<td style='text-align:left'><\/td>\n<\/tr>\n<tr style='height: 24px;'>\n<td style='text-align:left'><a href='https:\/\/joubjoub.ddns.net\/blog\/?p=49238' data-type='post'>Le li\u00e8vre de Vatanen<\/a><\/td>\n<td style='text-align:left'>PAASILINNA Arto<\/td>\n<td data-align='center'>19-octobre-2018<\/td>\n<td data-align='center'>4<\/td>\n<td style='text-align:left'><\/td>\n<\/tr>\n<tr style='height: 24px;'>\n<td style='text-align:left'><a href='https:\/\/joubjoub.ddns.net\/blog\/?p=49234' data-type='post'>Le ma\u00eetre des r\u00eaves<\/a><\/td>\n<td style='text-align:left'>ZELAZNY Roger<\/td>\n<td data-align='center'>5-octobre-2018<\/td>\n<td data-align='center'>4<\/td>\n<td style='text-align:left'><\/td>\n<\/tr>\n<tr style='height: 24px;'>\n<td style='text-align:left'><a href='https:\/\/joubjoub.ddns.net\/blog\/?p=49222' data-type='post'>Le monde aveugle<\/a><\/td>\n<td style='text-align:left'>GALOUYE Daniel F.<\/td>\n<td data-align='center'>22-ao\u00fbt-2018<\/td>\n<td data-align='center'>\u2764<\/td>\n<td style='text-align:left'><\/td>\n<\/tr>\n<tr style='height: 24px;'>\n<td style='text-align:left'><a href='https:\/\/joubjoub.ddns.net\/blog\/?p=49208' data-type='post'>Le r\u00eave<\/a><\/td>\n<td style='text-align:left'>ZOLA \u00c9mile<\/td>\n<td data-align='center'>18-mai-2018<\/td>\n<td data-align='center'>4<\/td>\n<td style='text-align:left'><\/td>\n<\/tr>\n<tr style='height: 24px;'>\n<td style='text-align:left'><a href='https:\/\/joubjoub.ddns.net\/blog\/?p=49190' data-type='post'>Le tr\u00f4ne de fer<\/a><\/td>\n<td style='text-align:left'>MARTIN George R.R.<\/td>\n<td data-align='center'>3-avril-2018<\/td>\n<td data-align='center'>\u2764<\/td>\n<td style='text-align:left'><\/td>\n<\/tr>\n<tr style='height: 24px;'>\n<td style='text-align:left'><a href='https:\/\/joubjoub.ddns.net\/blog\/?p=49206' data-type='post'>Le vieux qui ne voulait pas f\u00eater son anniversaire<\/a><\/td>\n<td style='text-align:left'>JONASSON Jonas<\/td>\n<td data-align='center'>12-mai-2018<\/td>\n<td data-align='center'>\u2764<\/td>\n<td style='text-align:left'><\/td>\n<\/tr>\n<tr style='height: 24px;'>\n<td style='text-align:left'><a href='https:\/\/joubjoub.ddns.net\/blog\/?p=49180' data-type='post'>Les chutes<\/a><\/td>\n<td style='text-align:left'>OATES Joyce Carol<\/td>\n<td data-align='center'>23-janvier-2018<\/td>\n<td data-align='center'>3<\/td>\n<td style='text-align:left'><\/td>\n<\/tr>\n<tr style='height: 24px;'>\n<td style='text-align:left'><a href='https:\/\/joubjoub.ddns.net\/blog\/?p=49252' data-type='post'>Les fourmis<\/a><\/td>\n<td style='text-align:left'>WERBER Bernard<\/td>\n<td data-align='center'>9-d\u00e9cembre-2018<\/td>\n<td data-align='center'>\u2764<\/td>\n<td style='text-align:left'><\/td>\n<\/tr>\n<tr style='height: 24px;'>\n<td style='text-align:left'><a href='https:\/\/joubjoub.ddns.net\/blog\/?p=49254' data-type='post'>Les pr\u00e9noms \u00e9pic\u00e8nes<\/a><\/td>\n<td style='text-align:left'>NOTHOMB Am\u00e9lie<\/td>\n<td data-align='center'>10-d\u00e9cembre-2018<\/td>\n<td data-align='center'>4<\/td>\n<td style='text-align:left'><\/td>\n<\/tr>\n<tr style='height: 24px;'>\n<td style='text-align:left'><a href='https:\/\/joubjoub.ddns.net\/blog\/?p=49194' data-type='post'>Les rois maudits \u2013 03 \u2013 Les Poisons de la Couronne<\/a><\/td>\n<td style='text-align:left'>DRUON Maurice<\/td>\n<td data-align='center'>14-avril-2018<\/td>\n<td data-align='center'>\u2764<\/td>\n<td style='text-align:left'><\/td>\n<\/tr>\n<tr style='height: 24px;'>\n<td style='text-align:left'><a href='https:\/\/joubjoub.ddns.net\/blog\/?p=49256' data-type='post'>Lettres de mon moulin<\/a><\/td>\n<td style='text-align:left'>DAUDET Alphonse<\/td>\n<td data-align='center'>14-d\u00e9cembre-2018<\/td>\n<td data-align='center'>3.5<\/td>\n<td style='text-align:left'><\/td>\n<\/tr>\n<tr style='height: 24px;'>\n<td style='text-align:left'><a href='https:\/\/joubjoub.ddns.net\/blog\/?p=49212' data-type='post'>Mystic River<\/a><\/td>\n<td style='text-align:left'>LEHANE Dennis<\/td>\n<td data-align='center'>29-mai-2018<\/td>\n<td data-align='center'>\u2764<\/td>\n<td style='text-align:left'><\/td>\n<\/tr>\n<tr style='height: 24px;'>\n<td style='text-align:left'><a href='https:\/\/joubjoub.ddns.net\/blog\/?p=49196' data-type='post'>N\u2019\u00e9teins pas la lumi\u00e8re<\/a><\/td>\n<td style='text-align:left'>MINIER Bernard<\/td>\n<td data-align='center'>20-avril-2018<\/td>\n<td data-align='center'>\u2764<\/td>\n<td style='text-align:left'><\/td>\n<\/tr>\n<tr style='height: 24px;'>\n<td style='text-align:left'><a href='https:\/\/joubjoub.ddns.net\/blog\/?p=49244' data-type='post'>Ne pars pas avant moi<\/a><\/td>\n<td style='text-align:left'>ROUART Jean-Marie<\/td>\n<td data-align='center'>5-novembre-2018<\/td>\n<td data-align='center'>4.5<\/td>\n<td style='text-align:left'><\/td>\n<\/tr>\n<tr style='height: 24px;'>\n<td style='text-align:left'><a href='https:\/\/joubjoub.ddns.net\/blog\/?p=49226' data-type='post'>Nymph\u00e9as noirs<\/a><\/td>\n<td style='text-align:left'>BUSSI Michel<\/td>\n<td data-align='center'>23-septembre-2018<\/td>\n<td data-align='center'>\u2764<\/td>\n<td style='text-align:left'><\/td>\n<\/tr>\n<tr style='height: 24px;'>\n<td style='text-align:left'><a href='https:\/\/joubjoub.ddns.net\/blog\/?p=49228' data-type='post'>Reflets sur la rivi\u00e8re obscure<\/a><\/td>\n<td style='text-align:left'>QIU Huadong<\/td>\n<td data-align='center'>24-septembre-2018<\/td>\n<td data-align='center'>\u2764<\/td>\n<td style='text-align:left'><\/td>\n<\/tr>\n<tr style='height: 24px;'>\n<td style='text-align:left'><a href='https:\/\/joubjoub.ddns.net\/blog\/?p=49200' data-type='post'>Starborne<\/a><\/td>\n<td style='text-align:left'>SILVERBERG Robert<\/td>\n<td data-align='center'>28-avril-2018<\/td>\n<td data-align='center'>4<\/td>\n<td style='text-align:left'><\/td>\n<\/tr>\n<tr style='height: 24px;'>\n<td style='text-align:left'><a href='https:\/\/joubjoub.ddns.net\/blog\/?p=49204' data-type='post'>Tant que dure ta col\u00e8re<\/a><\/td>\n<td style='text-align:left'>LARSSON \u00c5sa<\/td>\n<td data-align='center'>4-mai-2018<\/td>\n<td data-align='center'>4<\/td>\n<td style='text-align:left'><\/td>\n<\/tr>\n<tr style='height: 24px;'>\n<td style='text-align:left'><a href='https:\/\/joubjoub.ddns.net\/blog\/?p=49232' data-type='post'>Total Kh\u00e9ops<\/a><\/td>\n<td style='text-align:left'>IZZO Jean-Claude<\/td>\n<td data-align='center'>2-octobre-2018<\/td>\n<td data-align='center'>\u2764<\/td>\n<td style='text-align:left'><\/td>\n<\/tr>\n<tr style='height: 24px;'>\n<td style='text-align:left'><a href='https:\/\/joubjoub.ddns.net\/blog\/?p=49192' data-type='post'>Transatlantic<\/a><\/td>\n<td style='text-align:left'>McCANN Colum<\/td>\n<td data-align='center'>10-avril-2018<\/td>\n<td data-align='center'>\u2764<\/td>\n<td style='text-align:left'><\/td>\n<\/tr>\n<tr style='height: 24px;'>\n<td style='text-align:left'><a href='https:\/\/joubjoub.ddns.net\/blog\/?p=49210' data-type='post'>Ubac<\/a><\/td>\n<td style='text-align:left'>VIX \u00c9lisa<\/td>\n<td data-align='center'>20-mai-2018<\/td>\n<td data-align='center'>4<\/td>\n<td style='text-align:left'><\/td>\n<\/tr>\n<tr style='height: 24px;'>\n<td style='text-align:left'><a href='https:\/\/joubjoub.ddns.net\/blog\/?p=49184' data-type='post'>Un Am\u00e9ricain bien tranquille<\/a><\/td>\n<td style='text-align:left'>GREENE Graham<\/td>\n<td data-align='center'>5-f\u00e9vrier-2018<\/td>\n<td data-align='center'>4<\/td>\n<td style='text-align:left'><\/td>\n<\/tr>\n<tr style='height: 24px;'>\n<td style='text-align:left'><a href='https:\/\/joubjoub.ddns.net\/blog\/?p=49240' data-type='post'>Un amour insens\u00e9<\/a><\/td>\n<td style='text-align:left'>TANIZAKI Junichir\u00f4<\/td>\n<td data-align='center'>26-octobre-2018<\/td>\n<td data-align='center'>4<\/td>\n<td style='text-align:left'><\/td>\n<\/tr>\n<tr style='height: 24px;'>\n<td style='text-align:left'><a href='https:\/\/joubjoub.ddns.net\/blog\/?p=49230' data-type='post'>Un chant c\u00e9leste<\/a><\/td>\n<td style='text-align:left'>YAN Lianke<\/td>\n<td data-align='center'>26-septembre-2018<\/td>\n<td data-align='center'>4<\/td>\n<td style='text-align:left'><\/td>\n<\/tr>\n<tr style='height: 24px;'>\n<td style='text-align:left'><a href='https:\/\/joubjoub.ddns.net\/blog\/?p=49264' data-type='post'>Un hosanna sans fin<\/a><\/td>\n<td style='text-align:left'>ORMESSON Jean d\u2019<\/td>\n<td data-align='center'>28-d\u00e9cembre-2018<\/td>\n<td data-align='center'>4<\/td>\n<td style='text-align:left'><\/td>\n<\/tr>\n<tr style='height: 24px;'>\n<td style='text-align:left'><a href='https:\/\/joubjoub.ddns.net\/blog\/?p=49224' data-type='post'>Une canne \u00e0 p\u00eache pour mon grand-p\u00e8re<\/a><\/td>\n<td style='text-align:left'>XINGJIAN Gao<\/td>\n<td data-align='center'>14-septembre-2018<\/td>\n<td data-align='center'>3<\/td>\n<td style='text-align:left'><\/td>\n<\/tr>\n<tr style='height: 24px;'>\n<td style='text-align:left'><a href='https:\/\/joubjoub.ddns.net\/blog\/?p=49216' data-type='post'>Vernon Subutex \u2013 02<\/a><\/td>\n<td style='text-align:left'>DESPENTES Virginie<\/td>\n<td data-align='center'>9-juin-2018<\/td>\n<td data-align='center'>3.5<\/td>\n<td style='text-align:left'><\/td>\n<\/tr>\n<tr style='height: 24px;'>\n<td style='text-align:left'><a href='https:\/\/joubjoub.ddns.net\/blog\/?p=49218' data-type='post'>Vernon Subutex \u2013 03<\/a><\/td>\n<td style='text-align:left'>DESPENTES Virginie<\/td>\n<td data-align='center'>18-juin-2018<\/td>\n<td data-align='center'>\u2764<\/td>\n<td style='text-align:left'><\/td>\n<\/tr>\n<\/tbody>\n<tfoot>\n<tr style=\"height: 24px;\">\n<td class=\"has-text-align-left\" style=\"height: 24px; font-size: 18px;\" data-align=\"left\"><span class=\"has-inline-color has-vivid-cyan-blue-color\"><strong>TOTAL : 44 livres lus en 2018<\/strong><\/span><\/td>\n<td class=\"has-text-align-center\" style=\"height: 24px;\" data-align=\"center\"> <\/td>\n<td class=\"has-text-align-center\" style=\"height: 24px;\" data-align=\"center\"> <\/td>\n<td class=\"has-text-align-center\" style=\"height: 24px;\" data-align=\"center\"> <\/td>\n<td class=\"has-text-align-center\" style=\"height: 24px;\" data-align=\"center\"> <\/td>\n<\/tr>\n<\/tfoot>\n<\/table>\n<p><\/center><\/p>\n","protected":false},"excerpt":{"rendered":"<p>Titre Auteur Date Note Commentaires #help CROWLEY Sin\u00e9ad 15-f\u00e9vrier-2018 4 12 Years a Slave NORTHUP Solomon 2-mai-2018 4 Burn-out FATROV St\u00e9phane 3-janvier-2018 \u2764 Canada FORD Richard 19-ao\u00fbt-2018 3.5 Ce que le jour doit \u00e0 la nuit KHADRA Yasmina 20-novembre-2018 4 Et dans l\u2019\u00e9ternit\u00e9 je ne m\u2019ennuierai pas VEYNE Paul 4-juin-2018 4 Et moi, je vis toujours ORMESSON Jean d\u2019 19-d\u00e9cembre-2018&#46;&#46;&#46;<\/p>\n","protected":false},"author":1,"featured_media":0,"parent":0,"menu_order":0,"comment_status":"closed","ping_status":"closed","template":"","meta":{"footnotes":""},"class_list":["post-49268","page","type-page","status-publish","hentry"],"_links":{"self":[{"href":"https:\/\/joubjoub.ddns.net\/blog\/index.php?rest_route=\/wp\/v2\/pages\/49268","targetHints":{"allow":["GET"]}}],"collection":[{"href":"https:\/\/joubjoub.ddns.net\/blog\/index.php?rest_route=\/wp\/v2\/pages"}],"about":[{"href":"https:\/\/joubjoub.ddns.net\/blog\/index.php?rest_route=\/wp\/v2\/types\/page"}],"author":[{"embeddable":true,"href":"https:\/\/joubjoub.ddns.net\/blog\/index.php?rest_route=\/wp\/v2\/users\/1"}],"replies":[{"embeddable":true,"href":"https:\/\/joubjoub.ddns.net\/blog\/index.php?rest_route=%2Fwp%2Fv2%2Fcomments&post=49268"}],"version-history":[{"count":2,"href":"https:\/\/joubjoub.ddns.net\/blog\/index.php?rest_route=\/wp\/v2\/pages\/49268\/revisions"}],"predecessor-version":[{"id":49552,"href":"https:\/\/joubjoub.ddns.net\/blog\/index.php?rest_route=\/wp\/v2\/pages\/49268\/revisions\/49552"}],"wp:attachment":[{"href":"https:\/\/joubjoub.ddns.net\/blog\/index.php?rest_route=%2Fwp%2Fv2%2Fmedia&parent=49268"}],"curies":[{"name":"wp","href":"https:\/\/api.w.org\/{rel}","templated":true}]}}