{"id":49551,"date":"2025-06-18T15:54:53","date_gmt":"2025-06-18T13:54:53","guid":{"rendered":"https:\/\/joubjoub.ddns.net\/blog\/?page_id=49551"},"modified":"2025-06-18T15:54:53","modified_gmt":"2025-06-18T13:54:53","slug":"livres-lus-en-2019","status":"publish","type":"page","link":"https:\/\/joubjoub.ddns.net\/blog\/?page_id=49551","title":{"rendered":"Livres lus en 2019"},"content":{"rendered":"<p><center><\/p>\n<table style=\"width: 90%;\">\n<thead>\n<tr style='height: 24px; font-size: 18px;'>\n<th style='text-align:left'>Titre<\/th>\n<th style='text-align:left'>Auteur<\/th>\n<th data-align='center'>Date<\/th>\n<th data-align='center'>Note<\/th>\n<th data-align='center'>Commentaires<\/th>\n<\/tr>\n<\/thead>\n<tbody>\n<tr style='height: 24px;'>\n<td style='text-align:left'><a href='https:\/\/joubjoub.ddns.net\/blog\/?p=49299' data-type='post'>100 mots \u00e0 sauver<\/a><\/td>\n<td style='text-align:left'>PIVOT Bernard<\/td>\n<td data-align='center'>18-mai-2019<\/td>\n<td data-align='center'>4<\/td>\n<td style='text-align:left'><\/td>\n<\/tr>\n<tr style='height: 24px;'>\n<td style='text-align:left'><a href='https:\/\/joubjoub.ddns.net\/blog\/?p=49327' data-type='post'>25 m\u00e9tamorphoses d\u2019Ovide<\/a><\/td>\n<td style='text-align:left'>COLLOGNAT Annie<\/td>\n<td data-align='center'>22-septembre-2019<\/td>\n<td data-align='center'>4<\/td>\n<td style='text-align:left'><\/td>\n<\/tr>\n<tr style='height: 24px;'>\n<td style='text-align:left'><a href='https:\/\/joubjoub.ddns.net\/blog\/?p=49373' data-type='post'>35 kilos d\u2019espoir<\/a><\/td>\n<td style='text-align:left'>GAVALDA Anna<\/td>\n<td data-align='center'>29-novembre-2019<\/td>\n<td data-align='center'>4<\/td>\n<td style='text-align:left'><\/td>\n<\/tr>\n<tr style='height: 24px;'>\n<td style='text-align:left'><a href='https:\/\/joubjoub.ddns.net\/blog\/?p=49325' data-type='post'>Babe, le cochon devenu berger<\/a><\/td>\n<td style='text-align:left'>KING-SMITH Dick<\/td>\n<td data-align='center'>17-septembre-2019<\/td>\n<td data-align='center'>4<\/td>\n<td style='text-align:left'><\/td>\n<\/tr>\n<tr style='height: 24px;'>\n<td style='text-align:left'><a href='https:\/\/joubjoub.ddns.net\/blog\/?p=49287' data-type='post'>Barby Blue<\/a><\/td>\n<td style='text-align:left'>KOUDRINE Olivia<\/td>\n<td data-align='center'>6-f\u00e9vrier-2019<\/td>\n<td data-align='center'>4<\/td>\n<td style='text-align:left'>ABC2019,<\/td>\n<\/tr>\n<tr style='height: 24px;'>\n<td style='text-align:left'><a href='https:\/\/joubjoub.ddns.net\/blog\/?p=49305' data-type='post'>Bonjour tristesse<\/a><\/td>\n<td style='text-align:left'>SAGAN Fran\u00e7oise<\/td>\n<td data-align='center'>22-juin-2019<\/td>\n<td data-align='center'>\u2764<\/td>\n<td style='text-align:left'>ABC2019,<\/td>\n<\/tr>\n<tr style='height: 24px;'>\n<td style='text-align:left'><a href='https:\/\/joubjoub.ddns.net\/blog\/?p=49367' data-type='post'>Cogito<\/a><\/td>\n<td style='text-align:left'>DIXEN Victor<\/td>\n<td data-align='center'>19-novembre-2019<\/td>\n<td data-align='center'>\u2764<\/td>\n<td style='text-align:left'>ABC2019,<\/td>\n<\/tr>\n<tr style='height: 24px;'>\n<td style='text-align:left'><a href='https:\/\/joubjoub.ddns.net\/blog\/?p=49363' data-type='post'>Courtes pi\u00e8ces \u00e0 lire et \u00e0 jouer<\/a><\/td>\n<td style='text-align:left'>DUBILLARD Roland, GRIPARI Pierre, GRUMBERG Jean-Claude, TARDIEU Jean<\/td>\n<td data-align='center'>11-novembre-2019<\/td>\n<td data-align='center'>4<\/td>\n<td style='text-align:left'><\/td>\n<\/tr>\n<tr style='height: 24px;'>\n<td style='text-align:left'><a href='https:\/\/joubjoub.ddns.net\/blog\/?p=49293' data-type='post'>Et vous avez eu beau temps ?<\/a><\/td>\n<td style='text-align:left'>DELERM Philippe<\/td>\n<td data-align='center'>18-f\u00e9vrier-2019<\/td>\n<td data-align='center'>4<\/td>\n<td style='text-align:left'><\/td>\n<\/tr>\n<tr style='height: 24px;'>\n<td style='text-align:left'><a href='https:\/\/joubjoub.ddns.net\/blog\/?p=49319' data-type='post'>L\u2019Amour m\u00e9decin<\/a><\/td>\n<td style='text-align:left'>MOLI\u00c8RE<\/td>\n<td data-align='center'>11-septembre-2019<\/td>\n<td data-align='center'>4<\/td>\n<td style='text-align:left'><\/td>\n<\/tr>\n<tr style='height: 24px;'>\n<td style='text-align:left'><a href='https:\/\/joubjoub.ddns.net\/blog\/?p=49301' data-type='post'>L\u2019outsider<\/a><\/td>\n<td style='text-align:left'>KING Stephen<\/td>\n<td data-align='center'>20-mai-2019<\/td>\n<td data-align='center'>\u2764<\/td>\n<td style='text-align:left'><\/td>\n<\/tr>\n<tr style='height: 24px;'>\n<td style='text-align:left'><a href='https:\/\/joubjoub.ddns.net\/blog\/?p=49295' data-type='post'>La confusion des sentiments<\/a><\/td>\n<td style='text-align:left'>ZWEIG Stefan<\/td>\n<td data-align='center'>29-mars-2019<\/td>\n<td data-align='center'>4<\/td>\n<td style='text-align:left'>ABC2019,<\/td>\n<\/tr>\n<tr style='height: 24px;'>\n<td style='text-align:left'><a href='https:\/\/joubjoub.ddns.net\/blog\/?p=49281' data-type='post'>La m\u00e9moire dans la peau<\/a><\/td>\n<td style='text-align:left'>LUDLUM Robert<\/td>\n<td data-align='center'>21-janvier-2019<\/td>\n<td data-align='center'>4.5<\/td>\n<td style='text-align:left'>ABC2019,<\/td>\n<\/tr>\n<tr style='height: 24px;'>\n<td style='text-align:left'><a href='https:\/\/joubjoub.ddns.net\/blog\/?p=49369' data-type='post'>La Minute antique<\/a><\/td>\n<td style='text-align:left'>ONO-DIT-BIOT Christophe<\/td>\n<td data-align='center'>26-novembre-2019<\/td>\n<td data-align='center'>\u2764<\/td>\n<td style='text-align:left'>ABC2019,<\/td>\n<\/tr>\n<tr style='height: 24px;'>\n<td style='text-align:left'><a href='https:\/\/joubjoub.ddns.net\/blog\/?p=49329' data-type='post'>La petite Fadette<\/a><\/td>\n<td style='text-align:left'>SAND George<\/td>\n<td data-align='center'>23-septembre-2019<\/td>\n<td data-align='center'>4.5<\/td>\n<td style='text-align:left'><\/td>\n<\/tr>\n<tr style='height: 24px;'>\n<td style='text-align:left'><a href='https:\/\/joubjoub.ddns.net\/blog\/?p=49333' data-type='post'>La septi\u00e8me fonction du langage<\/a><\/td>\n<td style='text-align:left'>BINET Laurent<\/td>\n<td data-align='center'>2-octobre-2019<\/td>\n<td data-align='center'>3.5<\/td>\n<td style='text-align:left'><\/td>\n<\/tr>\n<tr style='height: 24px;'>\n<td style='text-align:left'><a href='https:\/\/joubjoub.ddns.net\/blog\/?p=49297' data-type='post'>La Steppe rouge<\/a><\/td>\n<td style='text-align:left'>KESSEL Joseph<\/td>\n<td data-align='center'>8-mai-2019<\/td>\n<td data-align='center'>4<\/td>\n<td style='text-align:left'><\/td>\n<\/tr>\n<tr style='height: 24px;'>\n<td style='text-align:left'><a href='https:\/\/joubjoub.ddns.net\/blog\/?p=49283' data-type='post'>La v\u00e9rit\u00e9 sur l\u2019affaire Harry Quebert<\/a><\/td>\n<td style='text-align:left'>DICKER Jo\u00ebl<\/td>\n<td data-align='center'>25-janvier-2019<\/td>\n<td data-align='center'>\u2764<\/td>\n<td style='text-align:left'>ABC2019,<\/td>\n<\/tr>\n<tr style='height: 24px;'>\n<td style='text-align:left'><a href='https:\/\/joubjoub.ddns.net\/blog\/?p=49309' data-type='post'>La vie secr\u00e8te des \u00e9crivains<\/a><\/td>\n<td style='text-align:left'>MUSSO Guillaume<\/td>\n<td data-align='center'>9-juillet-2019<\/td>\n<td data-align='center'>\u2764<\/td>\n<td style='text-align:left'>ABC2019,<\/td>\n<\/tr>\n<tr style='height: 24px;'>\n<td style='text-align:left'><a href='https:\/\/joubjoub.ddns.net\/blog\/?p=49341' data-type='post'>Laurie<\/a><\/td>\n<td style='text-align:left'>KING Stephen<\/td>\n<td data-align='center'>9-octobre-2019<\/td>\n<td data-align='center'>3.5<\/td>\n<td style='text-align:left'><\/td>\n<\/tr>\n<tr style='height: 24px;'>\n<td style='text-align:left'><a href='https:\/\/joubjoub.ddns.net\/blog\/?p=49289' data-type='post'>Le dompteur de lions<\/a><\/td>\n<td style='text-align:left'>L\u00c4CKBERG Camilla<\/td>\n<td data-align='center'>7-f\u00e9vrier-2019<\/td>\n<td data-align='center'>\u2764<\/td>\n<td style='text-align:left'><\/td>\n<\/tr>\n<tr style='height: 24px;'>\n<td style='text-align:left'><a href='https:\/\/joubjoub.ddns.net\/blog\/?p=49317' data-type='post'>Le fant\u00f4me de Canterville<\/a><\/td>\n<td style='text-align:left'>WILDE Oscar<\/td>\n<td data-align='center'>29-ao\u00fbt-2019<\/td>\n<td data-align='center'>4<\/td>\n<td style='text-align:left'><\/td>\n<\/tr>\n<tr style='height: 24px;'>\n<td style='text-align:left'><a href='https:\/\/joubjoub.ddns.net\/blog\/?p=49315' data-type='post'>Le journal d\u2019un fou suivi de Le portrait et La perspective Nevsky<\/a><\/td>\n<td style='text-align:left'>GOGOL Nicolas<\/td>\n<td data-align='center'>26-ao\u00fbt-2019<\/td>\n<td data-align='center'>4<\/td>\n<td style='text-align:left'>ABC2019,<\/td>\n<\/tr>\n<tr style='height: 24px;'>\n<td style='text-align:left'><a href='https:\/\/joubjoub.ddns.net\/blog\/?p=49355' data-type='post'>Le Magicien d\u2019Oz<\/a><\/td>\n<td style='text-align:left'>BAUM Frank Lyman<\/td>\n<td data-align='center'>1-novembre-2019<\/td>\n<td data-align='center'>4<\/td>\n<td style='text-align:left'><\/td>\n<\/tr>\n<tr style='height: 24px;'>\n<td style='text-align:left'><a href='https:\/\/joubjoub.ddns.net\/blog\/?p=49339' data-type='post'>Le Petit Nicolas<\/a><\/td>\n<td style='text-align:left'>SEMP\u00c9 Jean-Jacques, GOSCINNY Ren\u00e9<\/td>\n<td data-align='center'>8-octobre-2019<\/td>\n<td data-align='center'>\u2764<\/td>\n<td style='text-align:left'><\/td>\n<\/tr>\n<tr style='height: 24px;'>\n<td style='text-align:left'><a href='https:\/\/joubjoub.ddns.net\/blog\/?p=49313' data-type='post'>Le priv\u00e9 du cosmos<\/a><\/td>\n<td style='text-align:left'>FARMER Philip Jos\u00e9<\/td>\n<td data-align='center'>16-juillet-2019<\/td>\n<td data-align='center'>\u2764<\/td>\n<td style='text-align:left'>ABC2019,<\/td>\n<\/tr>\n<tr style='height: 24px;'>\n<td style='text-align:left'><a href='https:\/\/joubjoub.ddns.net\/blog\/?p=49291' data-type='post'>Le Roi se meurt<\/a><\/td>\n<td style='text-align:left'>IONESCO Eug\u00e8ne<\/td>\n<td data-align='center'>17-f\u00e9vrier-2019<\/td>\n<td data-align='center'>3,5<\/td>\n<td style='text-align:left'>ABC2019,<\/td>\n<\/tr>\n<tr style='height: 24px;'>\n<td style='text-align:left'><a href='https:\/\/joubjoub.ddns.net\/blog\/?p=49311' data-type='post'>Les 100 \u2013 04 \u2013 R\u00e9bellion<\/a><\/td>\n<td style='text-align:left'>MORGAN Kass<\/td>\n<td data-align='center'>12-juillet-2019<\/td>\n<td data-align='center'>4<\/td>\n<td style='text-align:left'><\/td>\n<\/tr>\n<tr style='height: 24px;'>\n<td style='text-align:left'><a href='https:\/\/joubjoub.ddns.net\/blog\/?p=49335' data-type='post'>Les Aventures de Pinocchio<\/a><\/td>\n<td style='text-align:left'>COLLODI<\/td>\n<td data-align='center'>4-octobre-2019<\/td>\n<td data-align='center'>4<\/td>\n<td style='text-align:left'>ABC2019,<\/td>\n<\/tr>\n<tr style='height: 24px;'>\n<td style='text-align:left'><a href='https:\/\/joubjoub.ddns.net\/blog\/?p=49357' data-type='post'>Les bonnes<\/a><\/td>\n<td style='text-align:left'>GENET Jean<\/td>\n<td data-align='center'>3-novembre-2019<\/td>\n<td data-align='center'>3,5<\/td>\n<td style='text-align:left'><\/td>\n<\/tr>\n<tr style='height: 24px;'>\n<td style='text-align:left'><a href='https:\/\/joubjoub.ddns.net\/blog\/?p=49351' data-type='post'>Les contes bleus du chat perch\u00e9<\/a><\/td>\n<td style='text-align:left'>AYM\u00c9 Marcel<\/td>\n<td data-align='center'>23-octobre-2019<\/td>\n<td data-align='center'>4<\/td>\n<td style='text-align:left'>ABC2019,<\/td>\n<\/tr>\n<tr style='height: 24px;'>\n<td style='text-align:left'><a href='https:\/\/joubjoub.ddns.net\/blog\/?p=49345' data-type='post'>Les disparus de Saint-Agil<\/a><\/td>\n<td style='text-align:left'>V\u00c9RY Pierre<\/td>\n<td data-align='center'>17-octobre-2019<\/td>\n<td data-align='center'>\u2764<\/td>\n<td style='text-align:left'><\/td>\n<\/tr>\n<tr style='height: 24px;'>\n<td style='text-align:left'><a href='https:\/\/joubjoub.ddns.net\/blog\/?p=49359' data-type='post'>Les Perses<\/a><\/td>\n<td style='text-align:left'>ESCHYLE<\/td>\n<td data-align='center'>5-novembre-2019<\/td>\n<td data-align='center'>3,5<\/td>\n<td style='text-align:left'>ABC2019,<\/td>\n<\/tr>\n<tr style='height: 24px;'>\n<td style='text-align:left'><a href='https:\/\/joubjoub.ddns.net\/blog\/?p=49337' data-type='post'>Les salauds vont en enfer<\/a><\/td>\n<td style='text-align:left'>DARD Fr\u00e9d\u00e9ric<\/td>\n<td data-align='center'>6-octobre-2019<\/td>\n<td data-align='center'>3.5<\/td>\n<td style='text-align:left'><\/td>\n<\/tr>\n<tr style='height: 24px;'>\n<td style='text-align:left'><a href='https:\/\/joubjoub.ddns.net\/blog\/?p=49303' data-type='post'>Les trente-neuf marches<\/a><\/td>\n<td style='text-align:left'>BUCHAN John<\/td>\n<td data-align='center'>4-juin-2019<\/td>\n<td data-align='center'>4<\/td>\n<td style='text-align:left'>ABC2019,<\/td>\n<\/tr>\n<tr style='height: 24px;'>\n<td style='text-align:left'><a href='https:\/\/joubjoub.ddns.net\/blog\/?p=49365' data-type='post'>Marionnettes humaines<\/a><\/td>\n<td style='text-align:left'>HEINLEIN Robert<\/td>\n<td data-align='center'>16-novembre-2019<\/td>\n<td data-align='center'>4<\/td>\n<td style='text-align:left'>ABC2019,<\/td>\n<\/tr>\n<tr style='height: 24px;'>\n<td style='text-align:left'><a href='https:\/\/joubjoub.ddns.net\/blog\/?p=49343' data-type='post'>Mon bel oranger<\/a><\/td>\n<td style='text-align:left'>DE VASCONCELOS Jos\u00e9 Mauro<\/td>\n<td data-align='center'>12-octobre-2019<\/td>\n<td data-align='center'>4<\/td>\n<td style='text-align:left'><\/td>\n<\/tr>\n<tr style='height: 24px;'>\n<td style='text-align:left'><a href='https:\/\/joubjoub.ddns.net\/blog\/?p=49307' data-type='post'>Naufrages<\/a><\/td>\n<td style='text-align:left'>YOSHIMURA Akira<\/td>\n<td data-align='center'>2-juillet-2019<\/td>\n<td data-align='center'>\u2764<\/td>\n<td style='text-align:left'>ABC2019,<\/td>\n<\/tr>\n<tr style='height: 24px;'>\n<td style='text-align:left'><a href='https:\/\/joubjoub.ddns.net\/blog\/?p=49375' data-type='post'>Poil de Carotte<\/a><\/td>\n<td style='text-align:left'>RENARD Jules<\/td>\n<td data-align='center'>1-d\u00e9cembre-2019<\/td>\n<td data-align='center'>3,5<\/td>\n<td style='text-align:left'><\/td>\n<\/tr>\n<tr style='height: 24px;'>\n<td style='text-align:left'><a href='https:\/\/joubjoub.ddns.net\/blog\/?p=49353' data-type='post'>Ravage<\/a><\/td>\n<td style='text-align:left'>BARJAVEL Ren\u00e9<\/td>\n<td data-align='center'>28-octobre-2019<\/td>\n<td data-align='center'>4<\/td>\n<td style='text-align:left'><\/td>\n<\/tr>\n<tr style='height: 24px;'>\n<td style='text-align:left'><a href='https:\/\/joubjoub.ddns.net\/blog\/?p=49371' data-type='post'>Ready Player One<\/a><\/td>\n<td style='text-align:left'>CLINE Ernest<\/td>\n<td data-align='center'>28-novembre-2019<\/td>\n<td data-align='center'>\u2764<\/td>\n<td style='text-align:left'><\/td>\n<\/tr>\n<tr style='height: 24px;'>\n<td style='text-align:left'><a href='https:\/\/joubjoub.ddns.net\/blog\/?p=49361' data-type='post'>Ruy Blas<\/a><\/td>\n<td style='text-align:left'>HUGO Victor<\/td>\n<td data-align='center'>8-novembre-2019<\/td>\n<td data-align='center'>4<\/td>\n<td style='text-align:left'><\/td>\n<\/tr>\n<tr style='height: 24px;'>\n<td style='text-align:left'><a href='https:\/\/joubjoub.ddns.net\/blog\/?p=49279' data-type='post'>Sharko<\/a><\/td>\n<td style='text-align:left'>THILLIEZ Franck<\/td>\n<td data-align='center'>11-janvier-2019<\/td>\n<td data-align='center'>\u2764<\/td>\n<td style='text-align:left'>ABC2019,<\/td>\n<\/tr>\n<tr style='height: 24px;'>\n<td style='text-align:left'><a href='https:\/\/joubjoub.ddns.net\/blog\/?p=49321' data-type='post'>Tirez pas sur le scarab\u00e9e !<\/a><\/td>\n<td style='text-align:left'>SHIPTON Paul<\/td>\n<td data-align='center'>12-septembre-2019<\/td>\n<td data-align='center'>4<\/td>\n<td style='text-align:left'><\/td>\n<\/tr>\n<tr style='height: 24px;'>\n<td style='text-align:left'><a href='https:\/\/joubjoub.ddns.net\/blog\/?p=49377' data-type='post'>Trois hommes dans un bateau<\/a><\/td>\n<td style='text-align:left'>JEROME Jerome K.<\/td>\n<td data-align='center'>22-d\u00e9cembre-2019<\/td>\n<td data-align='center'>3.5<\/td>\n<td style='text-align:left'><\/td>\n<\/tr>\n<tr style='height: 24px;'>\n<td style='text-align:left'><a href='https:\/\/joubjoub.ddns.net\/blog\/?p=49349' data-type='post'>Tuer le p\u00e8re<\/a><\/td>\n<td style='text-align:left'>NOTHOMB Am\u00e9lie<\/td>\n<td data-align='center'>20-octobre-2019<\/td>\n<td data-align='center'>3,5<\/td>\n<td style='text-align:left'>ABC2019,<\/td>\n<\/tr>\n<tr style='height: 24px;'>\n<td style='text-align:left'><a href='https:\/\/joubjoub.ddns.net\/blog\/?p=49323' data-type='post'>Ulysse et l\u2019Odyss\u00e9e<\/a><\/td>\n<td style='text-align:left'>HOM\u00c8RE<\/td>\n<td data-align='center'>16-septembre-2019<\/td>\n<td data-align='center'>4<\/td>\n<td style='text-align:left'><\/td>\n<\/tr>\n<tr style='height: 24px;'>\n<td style='text-align:left'><a href='https:\/\/joubjoub.ddns.net\/blog\/?p=49347' data-type='post'>Une col\u00e8re noire \u2013 Lettre \u00e0 mon fils<\/a><\/td>\n<td style='text-align:left'>COATES Ta-Nehisi<\/td>\n<td data-align='center'>19-octobre-2019<\/td>\n<td data-align='center'>\u2764<\/td>\n<td style='text-align:left'><\/td>\n<\/tr>\n<tr style='height: 24px;'>\n<td style='text-align:left'><a href='https:\/\/joubjoub.ddns.net\/blog\/?p=49331' data-type='post'>Vendredi ou La Vie sauvage<\/a><\/td>\n<td style='text-align:left'>TOURNIER Michel<\/td>\n<td data-align='center'>1-octobre-2019<\/td>\n<td data-align='center'>4<\/td>\n<td style='text-align:left'><\/td>\n<\/tr>\n<tr style='height: 24px;'>\n<td style='text-align:left'><a href='https:\/\/joubjoub.ddns.net\/blog\/?p=49277' data-type='post'>Voyage au centre de la Terre<\/a><\/td>\n<td style='text-align:left'>VERNE Jules<\/td>\n<td data-align='center'>7-janvier-2019<\/td>\n<td data-align='center'>4<\/td>\n<td style='text-align:left'>ABC2019,<\/td>\n<\/tr>\n<tr style='height: 24px;'>\n<td style='text-align:left'><a href='https:\/\/joubjoub.ddns.net\/blog\/?p=49285' data-type='post'>Zazie dans le m\u00e9tro<\/a><\/td>\n<td style='text-align:left'>QUENEAU Raymond<\/td>\n<td data-align='center'>29-janvier-2019<\/td>\n<td data-align='center'>4<\/td>\n<td style='text-align:left'>ABC2019,<\/td>\n<\/tr>\n<\/tbody>\n<tfoot>\n<tr style=\"height: 24px;\">\n<td class=\"has-text-align-left\" style=\"height: 24px; font-size: 18px;\" data-align=\"left\"><span class=\"has-inline-color has-vivid-cyan-blue-color\"><strong>TOTAL : 51 livres lus en 2019<\/strong><\/span><\/td>\n<td class=\"has-text-align-center\" style=\"height: 24px;\" data-align=\"center\"> <\/td>\n<td class=\"has-text-align-center\" style=\"height: 24px;\" data-align=\"center\"> <\/td>\n<td class=\"has-text-align-center\" style=\"height: 24px;\" data-align=\"center\"> <\/td>\n<td class=\"has-text-align-center\" style=\"height: 24px;\" data-align=\"center\"> <\/td>\n<\/tr>\n<\/tfoot>\n<\/table>\n<p><\/center><\/p>\n","protected":false},"excerpt":{"rendered":"<p>Titre Auteur Date Note Commentaires 100 mots \u00e0 sauver PIVOT Bernard 18-mai-2019 4 25 m\u00e9tamorphoses d\u2019Ovide COLLOGNAT Annie 22-septembre-2019 4 35 kilos d\u2019espoir GAVALDA Anna 29-novembre-2019 4 Babe, le cochon devenu berger KING-SMITH Dick 17-septembre-2019 4 Barby Blue KOUDRINE Olivia 6-f\u00e9vrier-2019 4 ABC2019, Bonjour tristesse SAGAN Fran\u00e7oise 22-juin-2019 \u2764 ABC2019, Cogito DIXEN Victor 19-novembre-2019 \u2764 ABC2019, Courtes pi\u00e8ces \u00e0 lire&#46;&#46;&#46;<\/p>\n","protected":false},"author":1,"featured_media":0,"parent":0,"menu_order":0,"comment_status":"closed","ping_status":"closed","template":"","meta":{"footnotes":""},"class_list":["post-49551","page","type-page","status-publish","hentry"],"_links":{"self":[{"href":"https:\/\/joubjoub.ddns.net\/blog\/index.php?rest_route=\/wp\/v2\/pages\/49551","targetHints":{"allow":["GET"]}}],"collection":[{"href":"https:\/\/joubjoub.ddns.net\/blog\/index.php?rest_route=\/wp\/v2\/pages"}],"about":[{"href":"https:\/\/joubjoub.ddns.net\/blog\/index.php?rest_route=\/wp\/v2\/types\/page"}],"author":[{"embeddable":true,"href":"https:\/\/joubjoub.ddns.net\/blog\/index.php?rest_route=\/wp\/v2\/users\/1"}],"replies":[{"embeddable":true,"href":"https:\/\/joubjoub.ddns.net\/blog\/index.php?rest_route=%2Fwp%2Fv2%2Fcomments&post=49551"}],"version-history":[{"count":2,"href":"https:\/\/joubjoub.ddns.net\/blog\/index.php?rest_route=\/wp\/v2\/pages\/49551\/revisions"}],"predecessor-version":[{"id":49555,"href":"https:\/\/joubjoub.ddns.net\/blog\/index.php?rest_route=\/wp\/v2\/pages\/49551\/revisions\/49555"}],"wp:attachment":[{"href":"https:\/\/joubjoub.ddns.net\/blog\/index.php?rest_route=%2Fwp%2Fv2%2Fmedia&parent=49551"}],"curies":[{"name":"wp","href":"https:\/\/api.w.org\/{rel}","templated":true}]}}