{"id":49554,"date":"2025-06-18T15:56:19","date_gmt":"2025-06-18T13:56:19","guid":{"rendered":"https:\/\/joubjoub.ddns.net\/blog\/?page_id=49554"},"modified":"2025-06-18T15:56:19","modified_gmt":"2025-06-18T13:56:19","slug":"livres-lus-en-2020","status":"publish","type":"page","link":"https:\/\/joubjoub.ddns.net\/blog\/?page_id=49554","title":{"rendered":"Livres lus en 2020"},"content":{"rendered":"<p><center><\/p>\n<table style=\"width: 90%;\">\n<thead>\n<tr style='height: 24px; font-size: 18px;'>\n<th style='text-align:left'>Titre<\/th>\n<th style='text-align:left'>Auteur<\/th>\n<th data-align='center'>Date<\/th>\n<th data-align='center'>Note<\/th>\n<th data-align='center'>Commentaires<\/th>\n<\/tr>\n<\/thead>\n<tbody>\n<tr style='height: 24px;'>\n<td style='text-align:left'><a href='https:\/\/joubjoub.ddns.net\/blog\/?p=49419' data-type='post'>Brokeback Mountain<\/a><\/td>\n<td style='text-align:left'>PROULX Annie<\/td>\n<td data-align='center'>14-septembre-2020<\/td>\n<td data-align='center'>4<\/td>\n<td style='text-align:left'><\/td>\n<\/tr>\n<tr style='height: 24px;'>\n<td style='text-align:left'><a href='https:\/\/joubjoub.ddns.net\/blog\/?p=49403' data-type='post'>Charlie et la chocolaterie<\/a><\/td>\n<td style='text-align:left'>DAHL Roald<\/td>\n<td data-align='center'>5-juillet-2020<\/td>\n<td data-align='center'>3.5<\/td>\n<td style='text-align:left'><\/td>\n<\/tr>\n<tr style='height: 24px;'>\n<td style='text-align:left'><a href='https:\/\/joubjoub.ddns.net\/blog\/?p=49435' data-type='post'>Claudine \u00e0 l\u2019\u00e9cole<\/a><\/td>\n<td style='text-align:left'>COLETTE, WILLY<\/td>\n<td data-align='center'>30-octobre-2020<\/td>\n<td data-align='center'>4<\/td>\n<td style='text-align:left'><\/td>\n<\/tr>\n<tr style='height: 24px;'>\n<td style='text-align:left'><a href='https:\/\/joubjoub.ddns.net\/blog\/?p=49431' data-type='post'>Croc-Blanc<\/a><\/td>\n<td style='text-align:left'>LONDON Jack<\/td>\n<td data-align='center'>17-octobre-2020<\/td>\n<td data-align='center'>\u2764<\/td>\n<td style='text-align:left'><\/td>\n<\/tr>\n<tr style='height: 24px;'>\n<td style='text-align:left'><a href='https:\/\/joubjoub.ddns.net\/blog\/?p=49423' data-type='post'>De l\u2019autre c\u00f4t\u00e9 de la Machine<\/a><\/td>\n<td style='text-align:left'>JEAN Aur\u00e9lie<\/td>\n<td data-align='center'>30-septembre-2020<\/td>\n<td data-align='center'>\u2764<\/td>\n<td style='text-align:left'><\/td>\n<\/tr>\n<tr style='height: 24px;'>\n<td style='text-align:left'><a href='https:\/\/joubjoub.ddns.net\/blog\/?p=49411' data-type='post'>Dur, dur<\/a><\/td>\n<td style='text-align:left'>YOSHIMOTO Banana<\/td>\n<td data-align='center'>16-ao\u00fbt-2020<\/td>\n<td data-align='center'>\u2764<\/td>\n<td style='text-align:left'><\/td>\n<\/tr>\n<tr style='height: 24px;'>\n<td style='text-align:left'><a href='https:\/\/joubjoub.ddns.net\/blog\/?p=49401' data-type='post'>Harjunp\u00e4\u00e4 et l\u2019homme-oiseau<\/a><\/td>\n<td style='text-align:left'>JOENSUU Matti Yrj\u00e4n\u00e4<\/td>\n<td data-align='center'>11-avril-2020<\/td>\n<td data-align='center'>3.5<\/td>\n<td style='text-align:left'><\/td>\n<\/tr>\n<tr style='height: 24px;'>\n<td style='text-align:left'><a href='https:\/\/joubjoub.ddns.net\/blog\/?p=49407' data-type='post'>Histoires d\u2019ici et d\u2019ailleurs<\/a><\/td>\n<td style='text-align:left'>SEP\u00daLVEDA Luis<\/td>\n<td data-align='center'>14-juillet-2020<\/td>\n<td data-align='center'>3.5<\/td>\n<td style='text-align:left'><\/td>\n<\/tr>\n<tr style='height: 24px;'>\n<td style='text-align:left'><a href='https:\/\/joubjoub.ddns.net\/blog\/?p=49399' data-type='post'>L\u2019affaire Ca\u00efus<\/a><\/td>\n<td style='text-align:left'>WINTERFELD Henry<\/td>\n<td data-align='center'>28-f\u00e9vrier-2020<\/td>\n<td data-align='center'>\u2764<\/td>\n<td style='text-align:left'><\/td>\n<\/tr>\n<tr style='height: 24px;'>\n<td style='text-align:left'><a href='https:\/\/joubjoub.ddns.net\/blog\/?p=49409' data-type='post'>L\u2019\u00e2ge de cristal<\/a><\/td>\n<td style='text-align:left'>NOLAN William Francis, JOHNSON George Clayton<\/td>\n<td data-align='center'>9-ao\u00fbt-2020<\/td>\n<td data-align='center'>4<\/td>\n<td style='text-align:left'><\/td>\n<\/tr>\n<tr style='height: 24px;'>\n<td style='text-align:left'><a href='https:\/\/joubjoub.ddns.net\/blog\/?p=49387' data-type='post'>L\u2019art de la d\u00e9licatesse<\/a><\/td>\n<td style='text-align:left'>LOREAU Dominique<\/td>\n<td data-align='center'>14-janvier-2020<\/td>\n<td data-align='center'>\u2764<\/td>\n<td style='text-align:left'><\/td>\n<\/tr>\n<tr style='height: 24px;'>\n<td style='text-align:left'><a href='https:\/\/joubjoub.ddns.net\/blog\/?p=49429' data-type='post'>L\u2019\u00eele du Cr\u00e2ne (suivi de Maudit Graal)<\/a><\/td>\n<td style='text-align:left'>HOROWITZ Anthony<\/td>\n<td data-align='center'>9-octobre-2020<\/td>\n<td data-align='center'>4<\/td>\n<td style='text-align:left'><\/td>\n<\/tr>\n<tr style='height: 24px;'>\n<td style='text-align:left'><a href='https:\/\/joubjoub.ddns.net\/blog\/?p=49397' data-type='post'>La Contrebasse<\/a><\/td>\n<td style='text-align:left'>S\u00dcSKIND Patrick<\/td>\n<td data-align='center'>26-f\u00e9vrier-2020<\/td>\n<td data-align='center'>4<\/td>\n<td style='text-align:left'><\/td>\n<\/tr>\n<tr style='height: 24px;'>\n<td style='text-align:left'><a href='https:\/\/joubjoub.ddns.net\/blog\/?p=49421' data-type='post'>La fabrique du cr\u00e9tin digital<\/a><\/td>\n<td style='text-align:left'>DESMURGET Michel<\/td>\n<td data-align='center'>29-septembre-2020<\/td>\n<td data-align='center'>\u2764<\/td>\n<td style='text-align:left'><\/td>\n<\/tr>\n<tr style='height: 24px;'>\n<td style='text-align:left'><a href='https:\/\/joubjoub.ddns.net\/blog\/?p=49437' data-type='post'>La m\u00e9thode bullet journal<\/a><\/td>\n<td style='text-align:left'>CARROLL Ryder<\/td>\n<td data-align='center'>12-novembre-2020<\/td>\n<td data-align='center'>4<\/td>\n<td style='text-align:left'><\/td>\n<\/tr>\n<tr style='height: 24px;'>\n<td style='text-align:left'><a href='https:\/\/joubjoub.ddns.net\/blog\/?p=49389' data-type='post'>Le Bon Gros G\u00e9ant<\/a><\/td>\n<td style='text-align:left'>DAHL Roald<\/td>\n<td data-align='center'>14-janvier-2020<\/td>\n<td data-align='center'>\u2764<\/td>\n<td style='text-align:left'><\/td>\n<\/tr>\n<tr style='height: 24px;'>\n<td style='text-align:left'><a href='https:\/\/joubjoub.ddns.net\/blog\/?p=49395' data-type='post'>Le Bossu<\/a><\/td>\n<td style='text-align:left'>F\u00c9VAL Paul<\/td>\n<td data-align='center'>23-f\u00e9vrier-2020<\/td>\n<td data-align='center'>\u2764<\/td>\n<td style='text-align:left'><\/td>\n<\/tr>\n<tr style='height: 24px;'>\n<td style='text-align:left'><a href='https:\/\/joubjoub.ddns.net\/blog\/?p=49417' data-type='post'>Le nom sur le bout de la langue<\/a><\/td>\n<td style='text-align:left'>QUIGNARD Pascal<\/td>\n<td data-align='center'>13-septembre-2020<\/td>\n<td data-align='center'>3<\/td>\n<td style='text-align:left'><\/td>\n<\/tr>\n<tr style='height: 24px;'>\n<td style='text-align:left'><a href='https:\/\/joubjoub.ddns.net\/blog\/?p=49433' data-type='post'>Les contes de la rue Broca<\/a><\/td>\n<td style='text-align:left'>GRIPARI Pierre<\/td>\n<td data-align='center'>17-octobre-2020<\/td>\n<td data-align='center'>\u2764<\/td>\n<td style='text-align:left'><\/td>\n<\/tr>\n<tr style='height: 24px;'>\n<td style='text-align:left'><a href='https:\/\/joubjoub.ddns.net\/blog\/?p=49381' data-type='post'>Les Malheurs de Sophie<\/a><\/td>\n<td style='text-align:left'>S\u00c9GUR Comtesse de<\/td>\n<td data-align='center'>5-janvier-2020<\/td>\n<td data-align='center'>\u2764<\/td>\n<td style='text-align:left'><\/td>\n<\/tr>\n<tr style='height: 24px;'>\n<td style='text-align:left'><a href='https:\/\/joubjoub.ddns.net\/blog\/?p=49391' data-type='post'>Les trois s\u0153urs<\/a><\/td>\n<td style='text-align:left'>TCHEKHOV Anton<\/td>\n<td data-align='center'>18-janvier-2020<\/td>\n<td data-align='center'>4<\/td>\n<td style='text-align:left'><\/td>\n<\/tr>\n<tr style='height: 24px;'>\n<td style='text-align:left'><a href='https:\/\/joubjoub.ddns.net\/blog\/?p=49393' data-type='post'>Oncle Vania<\/a><\/td>\n<td style='text-align:left'>TCHEKHOV Anton<\/td>\n<td data-align='center'>21-janvier-2020<\/td>\n<td data-align='center'>4<\/td>\n<td style='text-align:left'><\/td>\n<\/tr>\n<tr style='height: 24px;'>\n<td style='text-align:left'><a href='https:\/\/joubjoub.ddns.net\/blog\/?p=49425' data-type='post'>Quantum<\/a><\/td>\n<td style='text-align:left'>CORNWELL Patricia<\/td>\n<td data-align='center'>4-octobre-2020<\/td>\n<td data-align='center'>2<\/td>\n<td style='text-align:left'><\/td>\n<\/tr>\n<tr style='height: 24px;'>\n<td style='text-align:left'><a href='https:\/\/joubjoub.ddns.net\/blog\/?p=49413' data-type='post'>Radio Imagination<\/a><\/td>\n<td style='text-align:left'>IT\u00d4 Seik\u00f4<\/td>\n<td data-align='center'>10-septembre-2020<\/td>\n<td data-align='center'>3<\/td>\n<td style='text-align:left'><\/td>\n<\/tr>\n<tr style='height: 24px;'>\n<td style='text-align:left'><a href='https:\/\/joubjoub.ddns.net\/blog\/?p=49405' data-type='post'>Ravel<\/a><\/td>\n<td style='text-align:left'>ECHENOZ Jean<\/td>\n<td data-align='center'>9-juillet-2020<\/td>\n<td data-align='center'>3.5<\/td>\n<td style='text-align:left'><\/td>\n<\/tr>\n<tr style='height: 24px;'>\n<td style='text-align:left'><a href='https:\/\/joubjoub.ddns.net\/blog\/?p=49379' data-type='post'>Sept contes<\/a><\/td>\n<td style='text-align:left'>TOURNIER Michel<\/td>\n<td data-align='center'>4-janvier-2020<\/td>\n<td data-align='center'>3.5<\/td>\n<td style='text-align:left'><\/td>\n<\/tr>\n<tr style='height: 24px;'>\n<td style='text-align:left'><a href='https:\/\/joubjoub.ddns.net\/blog\/?p=49385' data-type='post'>S\u00e9rotonine<\/a><\/td>\n<td style='text-align:left'>HOUELLEBECQ Michel<\/td>\n<td data-align='center'>13-janvier-2020<\/td>\n<td data-align='center'>4<\/td>\n<td style='text-align:left'><\/td>\n<\/tr>\n<tr style='height: 24px;'>\n<td style='text-align:left'><a href='https:\/\/joubjoub.ddns.net\/blog\/?p=49427' data-type='post'>Si je mens, tu vas en enfer<\/a><\/td>\n<td style='text-align:left'>PINBOROUGH Sarah<\/td>\n<td data-align='center'>6-octobre-2020<\/td>\n<td data-align='center'>4<\/td>\n<td style='text-align:left'><\/td>\n<\/tr>\n<tr style='height: 24px;'>\n<td style='text-align:left'><a href='https:\/\/joubjoub.ddns.net\/blog\/?p=49383' data-type='post'>Tous les hommes n\u2019habitent pas le monde de la m\u00eame fa\u00e7on<\/a><\/td>\n<td style='text-align:left'>DUBOIS Jean-Paul<\/td>\n<td data-align='center'>7-janvier-2020<\/td>\n<td data-align='center'>\u2764<\/td>\n<td style='text-align:left'>Prix Goncourt,<\/td>\n<\/tr>\n<tr style='height: 24px;'>\n<td style='text-align:left'><a href='https:\/\/joubjoub.ddns.net\/blog\/?p=49415' data-type='post'>Une partie de campagne<\/a><\/td>\n<td style='text-align:left'>MAUPASSANT Guy de<\/td>\n<td data-align='center'>12-septembre-2020<\/td>\n<td data-align='center'>3<\/td>\n<td style='text-align:left'><\/td>\n<\/tr>\n<\/tbody>\n<tfoot>\n<tr style=\"height: 24px;\">\n<td class=\"has-text-align-left\" style=\"height: 24px; font-size: 18px;\" data-align=\"left\"><span class=\"has-inline-color has-vivid-cyan-blue-color\"><strong>TOTAL : 30 livres lus en 2020<\/strong><\/span><\/td>\n<td class=\"has-text-align-center\" style=\"height: 24px;\" data-align=\"center\"> <\/td>\n<td class=\"has-text-align-center\" style=\"height: 24px;\" data-align=\"center\"> <\/td>\n<td class=\"has-text-align-center\" style=\"height: 24px;\" data-align=\"center\"> <\/td>\n<td class=\"has-text-align-center\" style=\"height: 24px;\" data-align=\"center\"> <\/td>\n<\/tr>\n<\/tfoot>\n<\/table>\n<p><\/center><\/p>\n","protected":false},"excerpt":{"rendered":"<p>Titre Auteur Date Note Commentaires Brokeback Mountain PROULX Annie 14-septembre-2020 4 Charlie et la chocolaterie DAHL Roald 5-juillet-2020 3.5 Claudine \u00e0 l\u2019\u00e9cole COLETTE, WILLY 30-octobre-2020 4 Croc-Blanc LONDON Jack 17-octobre-2020 \u2764 De l\u2019autre c\u00f4t\u00e9 de la Machine JEAN Aur\u00e9lie 30-septembre-2020 \u2764 Dur, dur YOSHIMOTO Banana 16-ao\u00fbt-2020 \u2764 Harjunp\u00e4\u00e4 et l\u2019homme-oiseau JOENSUU Matti Yrj\u00e4n\u00e4 11-avril-2020 3.5 Histoires d\u2019ici et d\u2019ailleurs SEP\u00daLVEDA&#46;&#46;&#46;<\/p>\n","protected":false},"author":1,"featured_media":0,"parent":0,"menu_order":0,"comment_status":"closed","ping_status":"closed","template":"","meta":{"footnotes":""},"class_list":["post-49554","page","type-page","status-publish","hentry"],"_links":{"self":[{"href":"https:\/\/joubjoub.ddns.net\/blog\/index.php?rest_route=\/wp\/v2\/pages\/49554","targetHints":{"allow":["GET"]}}],"collection":[{"href":"https:\/\/joubjoub.ddns.net\/blog\/index.php?rest_route=\/wp\/v2\/pages"}],"about":[{"href":"https:\/\/joubjoub.ddns.net\/blog\/index.php?rest_route=\/wp\/v2\/types\/page"}],"author":[{"embeddable":true,"href":"https:\/\/joubjoub.ddns.net\/blog\/index.php?rest_route=\/wp\/v2\/users\/1"}],"replies":[{"embeddable":true,"href":"https:\/\/joubjoub.ddns.net\/blog\/index.php?rest_route=%2Fwp%2Fv2%2Fcomments&post=49554"}],"version-history":[{"count":2,"href":"https:\/\/joubjoub.ddns.net\/blog\/index.php?rest_route=\/wp\/v2\/pages\/49554\/revisions"}],"predecessor-version":[{"id":49558,"href":"https:\/\/joubjoub.ddns.net\/blog\/index.php?rest_route=\/wp\/v2\/pages\/49554\/revisions\/49558"}],"wp:attachment":[{"href":"https:\/\/joubjoub.ddns.net\/blog\/index.php?rest_route=%2Fwp%2Fv2%2Fmedia&parent=49554"}],"curies":[{"name":"wp","href":"https:\/\/api.w.org\/{rel}","templated":true}]}}