{"id":49650,"date":"2025-06-20T09:44:56","date_gmt":"2025-06-20T07:44:56","guid":{"rendered":"https:\/\/joubjoub.ddns.net\/blog\/?page_id=49650"},"modified":"2025-06-20T12:26:25","modified_gmt":"2025-06-20T10:26:25","slug":"episodes-vus-en-2006-2","status":"publish","type":"page","link":"https:\/\/joubjoub.ddns.net\/blog\/?page_id=49650","title":{"rendered":"\u00c9pisodes TV vus en 2006"},"content":{"rendered":"<ul>\n<li><em><strong>Nombre de s\u00e9ries TV :<\/strong> 2<\/em>\n<ul>\n<li><em>Ally McBeal<\/em> (Saison 1)<\/li>\n<li><em>Hercule Poirot<\/em> (Saison 1)<\/li>\n<\/ul>\n<\/li>\n<li><em><strong>Nombre d&rsquo;\u00e9pisodes vus :<\/strong> 2<\/em><\/li>\n<li><em><strong>Temps d&rsquo;\u00e9cran :<\/strong> 95 minutes (soit 1 heure et 35 minutes)<\/em><\/li>\n<\/ul>\n<hr \/>\n<figure class=\"alignright size-large is-resized\"><img decoding=\"async\" class=\"wp-image-31422 episodetv_image\" src=\".\/wp-content\/uploads\/SeriesTV\/2006\/Ally McBeal - S01.jpg\" alt=\"\" width=\"286\" \/><\/figure>\n<p id=\"mctm1-2\" style=\"font-size: 24px;\"><strong>Ally McBeal &#8211; Saison 1 \/ 5<\/strong><\/p>\n<p>Charmante, romantique, hyst\u00e9rique, excessive et passionn\u00e9e, Ally McBeal n&rsquo;en reste pas moins une brillante avocate qui d\u00e9fend farouchement les int\u00e9r\u00eats du Cabinet Cage &amp; Fish en suivant ses sentiments.<\/p>\n<ul class=\"links\">\n<li><a title=\"Ally McBeal - S01.E01 - La main aux fesses\" href=\".\/?p=49643\">Ally McBeal &#8211; S01.E01 &#8211; La main aux fesses<\/a><\/li>\n<\/ul>\n<p>&nbsp;<\/p>\n<p>&nbsp;<\/p>\n<p>&nbsp;<\/p>\n<p>&nbsp;<\/p>\n<hr \/>\n<figure class=\"alignright size-large is-resized\"><img decoding=\"async\" class=\"wp-image-31422 episodetv_image\" src=\".\/wp-content\/uploads\/SeriesTV\/2006\/Hercule Poirot - S01.jpg\" alt=\"\" width=\"286\" \/><\/figure>\n<p id=\"mctm1-2\" style=\"font-size: 24px;\"><strong>Hercule Poirot &#8211; Saison 1 \/ 13<\/strong><\/p>\n<p>Hercule Poirot, d\u00e9tective belge, n&rsquo;a pas son pareil pour r\u00e9soudre les enqu\u00eates les plus d\u00e9licates.<\/p>\n<p><i>Le personnage est inspir\u00e9 des romans d&rsquo;Agatha Christie.<\/i><\/p>\n<ul class=\"links\">\n<li><a title=\"Hercule Poirot - S01.E01 - La cuisine myst\u00e9rieuse de Clapham\" href=\".\/?p=49645\">Hercule Poirot &#8211; S01.E01 &#8211; La cuisine myst\u00e9rieuse de Clapham<\/a><\/li>\n<\/ul>\n","protected":false},"excerpt":{"rendered":"<p>Nombre de s\u00e9ries TV : 2 Ally McBeal (Saison 1) Hercule Poirot (Saison 1) Nombre d&rsquo;\u00e9pisodes vus : 2 Temps d&rsquo;\u00e9cran : 95 minutes (soit 1 heure et 35 minutes) Ally McBeal &#8211; Saison 1 \/ 5 Charmante, romantique, hyst\u00e9rique, excessive et passionn\u00e9e, Ally McBeal n&rsquo;en reste pas moins une brillante avocate qui d\u00e9fend farouchement les int\u00e9r\u00eats du Cabinet Cage&#46;&#46;&#46;<\/p>\n","protected":false},"author":1,"featured_media":0,"parent":0,"menu_order":0,"comment_status":"closed","ping_status":"closed","template":"","meta":{"footnotes":""},"class_list":["post-49650","page","type-page","status-publish","hentry"],"_links":{"self":[{"href":"https:\/\/joubjoub.ddns.net\/blog\/index.php?rest_route=\/wp\/v2\/pages\/49650","targetHints":{"allow":["GET"]}}],"collection":[{"href":"https:\/\/joubjoub.ddns.net\/blog\/index.php?rest_route=\/wp\/v2\/pages"}],"about":[{"href":"https:\/\/joubjoub.ddns.net\/blog\/index.php?rest_route=\/wp\/v2\/types\/page"}],"author":[{"embeddable":true,"href":"https:\/\/joubjoub.ddns.net\/blog\/index.php?rest_route=\/wp\/v2\/users\/1"}],"replies":[{"embeddable":true,"href":"https:\/\/joubjoub.ddns.net\/blog\/index.php?rest_route=%2Fwp%2Fv2%2Fcomments&post=49650"}],"version-history":[{"count":7,"href":"https:\/\/joubjoub.ddns.net\/blog\/index.php?rest_route=\/wp\/v2\/pages\/49650\/revisions"}],"predecessor-version":[{"id":49656,"href":"https:\/\/joubjoub.ddns.net\/blog\/index.php?rest_route=\/wp\/v2\/pages\/49650\/revisions\/49656"}],"wp:attachment":[{"href":"https:\/\/joubjoub.ddns.net\/blog\/index.php?rest_route=%2Fwp%2Fv2%2Fmedia&parent=49650"}],"curies":[{"name":"wp","href":"https:\/\/api.w.org\/{rel}","templated":true}]}}