{"id":49803,"date":"2025-06-20T12:25:06","date_gmt":"2025-06-20T10:25:06","guid":{"rendered":"https:\/\/joubjoub.ddns.net\/blog\/?page_id=49803"},"modified":"2025-06-23T16:57:48","modified_gmt":"2025-06-23T14:57:48","slug":"episodes-tv-2015","status":"publish","type":"page","link":"https:\/\/joubjoub.ddns.net\/blog\/?page_id=49803","title":{"rendered":"\u00c9pisodes TV vus en 2015"},"content":{"rendered":"<p><center><\/p>\n<table style=\"width: 90%;\">\n<thead>\n<tr style='height: 24px; font-size: 18px;'>\n<th style='text-align:left'>S\u00e9rie TV<\/th>\n<th data-align='center'>\u00c9pisode<\/th>\n<th data-align='center'>Date<\/th>\n<th data-align='center'>Commentaires<\/th>\n<\/tr>\n<\/thead>\n<tbody>\n<tr style='height: 24px;'>\n<td style='text-align:left'>Mentalist<\/td>\n<td style='text-align:left'><a href='https:\/\/joubjoub.ddns.net\/blog\/?p=49823' data-type='post'>S07.E01 &#8211; Pas de nuages \u00e0 l&rsquo;horizon<\/a><\/td>\n<td data-align='center'>31-ao\u00fbt-2015<\/td>\n<td data-align='center'><\/td>\n<td style='text-align:left'><\/td>\n<\/tr>\n<tr style='height: 24px;'>\n<td style='text-align:left'>Mentalist<\/td>\n<td style='text-align:left'><a href='https:\/\/joubjoub.ddns.net\/blog\/?p=49825' data-type='post'>S07.E02 &#8211; Sous les verrous<\/a><\/td>\n<td data-align='center'>1-septembre-2015<\/td>\n<td data-align='center'><\/td>\n<td style='text-align:left'><\/td>\n<\/tr>\n<tr style='height: 24px;'>\n<td style='text-align:left'>Mentalist<\/td>\n<td style='text-align:left'><a href='https:\/\/joubjoub.ddns.net\/blog\/?p=49827' data-type='post'>S07.E03 &#8211; De l&rsquo;eau dans le gaz<\/a><\/td>\n<td data-align='center'>31-ao\u00fbt-2015<\/td>\n<td data-align='center'><\/td>\n<td style='text-align:left'><\/td>\n<\/tr>\n<tr style='height: 24px;'>\n<td style='text-align:left'>Mentalist<\/td>\n<td style='text-align:left'><a href='https:\/\/joubjoub.ddns.net\/blog\/?p=49829' data-type='post'>S07.E04 &#8211; Double facette<\/a><\/td>\n<td data-align='center'>1-septembre-2015<\/td>\n<td data-align='center'><\/td>\n<td style='text-align:left'><\/td>\n<\/tr>\n<tr style='height: 24px;'>\n<td style='text-align:left'>Mentalist<\/td>\n<td style='text-align:left'><a href='https:\/\/joubjoub.ddns.net\/blog\/?p=49831' data-type='post'>S07.E05 &#8211; Encore chaud<\/a><\/td>\n<td data-align='center'>31-ao\u00fbt-2015<\/td>\n<td data-align='center'><\/td>\n<td style='text-align:left'><\/td>\n<\/tr>\n<tr style='height: 24px;'>\n<td style='text-align:left'>Mentalist<\/td>\n<td style='text-align:left'><a href='https:\/\/joubjoub.ddns.net\/blog\/?p=49833' data-type='post'>S07.E06 &#8211; Une id\u00e9e lumineuse<\/a><\/td>\n<td data-align='center'>1-septembre-2015<\/td>\n<td data-align='center'><\/td>\n<td style='text-align:left'><\/td>\n<\/tr>\n<tr style='height: 24px;'>\n<td style='text-align:left'>Mentalist<\/td>\n<td style='text-align:left'><a href='https:\/\/joubjoub.ddns.net\/blog\/?p=49835' data-type='post'>S07.E07 &#8211; Mon as de coeur<\/a><\/td>\n<td data-align='center'>2-septembre-2015<\/td>\n<td data-align='center'><\/td>\n<td style='text-align:left'><\/td>\n<\/tr>\n<tr style='height: 24px;'>\n<td style='text-align:left'>Mentalist<\/td>\n<td style='text-align:left'><a href='https:\/\/joubjoub.ddns.net\/blog\/?p=49837' data-type='post'>S07.E08 &#8211; Jeu de traque<\/a><\/td>\n<td data-align='center'>2-septembre-2015<\/td>\n<td data-align='center'><\/td>\n<td style='text-align:left'><\/td>\n<\/tr>\n<tr style='height: 24px;'>\n<td style='text-align:left'>Mentalist<\/td>\n<td style='text-align:left'><a href='https:\/\/joubjoub.ddns.net\/blog\/?p=49839' data-type='post'>S07.E09 &#8211; Une occasion en or<\/a><\/td>\n<td data-align='center'>2-septembre-2015<\/td>\n<td data-align='center'><\/td>\n<td style='text-align:left'><\/td>\n<\/tr>\n<tr style='height: 24px;'>\n<td style='text-align:left'>Mentalist<\/td>\n<td style='text-align:left'><a href='https:\/\/joubjoub.ddns.net\/blog\/?p=49841' data-type='post'>S07.E10 &#8211; Rien n&rsquo;est \u00e9ternel<\/a><\/td>\n<td data-align='center'>2-septembre-2015<\/td>\n<td data-align='center'><\/td>\n<td style='text-align:left'><\/td>\n<\/tr>\n<tr style='height: 24px;'>\n<td style='text-align:left'>Mentalist<\/td>\n<td style='text-align:left'><a href='https:\/\/joubjoub.ddns.net\/blog\/?p=49843' data-type='post'>S07.E11 &#8211; Il ne faut pas jouer&#8230;<\/a><\/td>\n<td data-align='center'>3-septembre-2015<\/td>\n<td data-align='center'><\/td>\n<td style='text-align:left'><\/td>\n<\/tr>\n<tr style='height: 24px;'>\n<td style='text-align:left'>Mentalist<\/td>\n<td style='text-align:left'><a href='https:\/\/joubjoub.ddns.net\/blog\/?p=49845' data-type='post'>S07.E12 &#8211; &#8230; avec le feu<\/a><\/td>\n<td data-align='center'>4-septembre-2015<\/td>\n<td data-align='center'><\/td>\n<td style='text-align:left'><\/td>\n<\/tr>\n<tr style='height: 24px;'>\n<td style='text-align:left'>Mentalist<\/td>\n<td style='text-align:left'><a href='https:\/\/joubjoub.ddns.net\/blog\/?p=49847' data-type='post'>S07.E13 &#8211; Jusqu&rsquo;\u00e0 la fin<\/a><\/td>\n<td data-align='center'>4-septembre-2015<\/td>\n<td data-align='center'><\/td>\n<td style='text-align:left'><\/td>\n<\/tr>\n<tr style='height: 24px;'>\n<td style='text-align:left'>M\u00e9tal Hurlant<\/td>\n<td style='text-align:left'><a href='https:\/\/joubjoub.ddns.net\/blog\/?p=49859' data-type='post'>S02.E01 &#8211; L&rsquo;endomorphe<\/a><\/td>\n<td data-align='center'>24-avril-2015<\/td>\n<td data-align='center'><\/td>\n<td style='text-align:left'><\/td>\n<\/tr>\n<tr style='height: 24px;'>\n<td style='text-align:left'>M\u00e9tal Hurlant<\/td>\n<td style='text-align:left'><a href='https:\/\/joubjoub.ddns.net\/blog\/?p=49861' data-type='post'>S02.E02 &#8211; Whisky<\/a><\/td>\n<td data-align='center'>24-avril-2015<\/td>\n<td data-align='center'><\/td>\n<td style='text-align:left'><\/td>\n<\/tr>\n<tr style='height: 24px;'>\n<td style='text-align:left'>M\u00e9tal Hurlant<\/td>\n<td style='text-align:left'><a href='https:\/\/joubjoub.ddns.net\/blog\/?p=49863' data-type='post'>S02.E03 &#8211; Seconde chance<\/a><\/td>\n<td data-align='center'>24-avril-2015<\/td>\n<td data-align='center'><\/td>\n<td style='text-align:left'><\/td>\n<\/tr>\n<tr style='height: 24px;'>\n<td style='text-align:left'>M\u00e9tal Hurlant<\/td>\n<td style='text-align:left'><a href='https:\/\/joubjoub.ddns.net\/blog\/?p=49865' data-type='post'>S02.E04 &#8211; Le dernier Khondor<\/a><\/td>\n<td data-align='center'>30-avril-2015<\/td>\n<td data-align='center'><\/td>\n<td style='text-align:left'><\/td>\n<\/tr>\n<tr style='height: 24px;'>\n<td style='text-align:left'>M\u00e9tal Hurlant<\/td>\n<td style='text-align:left'><a href='https:\/\/joubjoub.ddns.net\/blog\/?p=49867' data-type='post'>S02.E05 &#8211; Le second fils<\/a><\/td>\n<td data-align='center'>30-avril-2015<\/td>\n<td data-align='center'><\/td>\n<td style='text-align:left'><\/td>\n<\/tr>\n<tr style='height: 24px;'>\n<td style='text-align:left'>M\u00e9tal Hurlant<\/td>\n<td style='text-align:left'><a href='https:\/\/joubjoub.ddns.net\/blog\/?p=49869' data-type='post'>S02.E06 &#8211; Retour \u00e0 la r\u00e9alit\u00e9<\/a><\/td>\n<td data-align='center'>30-avril-2015<\/td>\n<td data-align='center'><\/td>\n<td style='text-align:left'><\/td>\n<\/tr>\n<tr style='height: 24px;'>\n<td style='text-align:left'>No Limit<\/td>\n<td style='text-align:left'><a href='https:\/\/joubjoub.ddns.net\/blog\/?p=49784' data-type='post'>S03.E01<\/a><\/td>\n<td data-align='center'>27-janvier-2015<\/td>\n<td data-align='center'><\/td>\n<td style='text-align:left'><\/td>\n<\/tr>\n<tr style='height: 24px;'>\n<td style='text-align:left'>No Limit<\/td>\n<td style='text-align:left'><a href='https:\/\/joubjoub.ddns.net\/blog\/?p=49786' data-type='post'>S03.E02<\/a><\/td>\n<td data-align='center'>27-janvier-2015<\/td>\n<td data-align='center'><\/td>\n<td style='text-align:left'><\/td>\n<\/tr>\n<tr style='height: 24px;'>\n<td style='text-align:left'>No Limit<\/td>\n<td style='text-align:left'><a href='https:\/\/joubjoub.ddns.net\/blog\/?p=49788' data-type='post'>S03.E03<\/a><\/td>\n<td data-align='center'>28-janvier-2015<\/td>\n<td data-align='center'><\/td>\n<td style='text-align:left'><\/td>\n<\/tr>\n<tr style='height: 24px;'>\n<td style='text-align:left'>No Limit<\/td>\n<td style='text-align:left'><a href='https:\/\/joubjoub.ddns.net\/blog\/?p=49790' data-type='post'>S03.E04<\/a><\/td>\n<td data-align='center'>28-janvier-2015<\/td>\n<td data-align='center'><\/td>\n<td style='text-align:left'><\/td>\n<\/tr>\n<tr style='height: 24px;'>\n<td style='text-align:left'>No Limit<\/td>\n<td style='text-align:left'><a href='https:\/\/joubjoub.ddns.net\/blog\/?p=49792' data-type='post'>S03.E05<\/a><\/td>\n<td data-align='center'>28-janvier-2015<\/td>\n<td data-align='center'><\/td>\n<td style='text-align:left'><\/td>\n<\/tr>\n<tr style='height: 24px;'>\n<td style='text-align:left'>No Limit<\/td>\n<td style='text-align:left'><a href='https:\/\/joubjoub.ddns.net\/blog\/?p=49794' data-type='post'>S03.E06<\/a><\/td>\n<td data-align='center'>16-f\u00e9vrier-2015<\/td>\n<td data-align='center'><\/td>\n<td style='text-align:left'><\/td>\n<\/tr>\n<tr style='height: 24px;'>\n<td style='text-align:left'>No Limit<\/td>\n<td style='text-align:left'><a href='https:\/\/joubjoub.ddns.net\/blog\/?p=49796' data-type='post'>S03.E07<\/a><\/td>\n<td data-align='center'>16-f\u00e9vrier-2015<\/td>\n<td data-align='center'><\/td>\n<td style='text-align:left'><\/td>\n<\/tr>\n<tr style='height: 24px;'>\n<td style='text-align:left'>No Limit<\/td>\n<td style='text-align:left'><a href='https:\/\/joubjoub.ddns.net\/blog\/?p=49798' data-type='post'>S03.E08<\/a><\/td>\n<td data-align='center'>20-avril-2015<\/td>\n<td data-align='center'><\/td>\n<td style='text-align:left'><\/td>\n<\/tr>\n<\/tbody>\n<tfoot>\n<tr style='height: 24px; font-size: 18px;'>\n<td class=\"has-text-align-left\" style=\"height: 24px; font-size: 18px;\" data-align=\"left\"><span class=\"has-inline-color has-vivid-cyan-blue-color\"><strong>TOTAL : 27 \u00e9pisodes TV vus en 2015<\/strong><\/span><\/td>\n<td class=\"has-text-align-center\" style=\"height: 24px;\" data-align=\"center\">\u00a0<\/td>\n<td class=\"has-text-align-center\" style=\"height: 24px;\" data-align=\"center\">\u00a0<\/td>\n<td class=\"has-text-align-center\" style=\"height: 24px;\" data-align=\"center\">\u00a0<\/td>\n<\/tr>\n<\/tfoot>\n<\/table>\n<p><\/center><\/p>\n","protected":false},"excerpt":{"rendered":"<p>S\u00e9rie TV \u00c9pisode Date Commentaires Mentalist S07.E01 &#8211; Pas de nuages \u00e0 l&rsquo;horizon 31-ao\u00fbt-2015 Mentalist S07.E02 &#8211; Sous les verrous 1-septembre-2015 Mentalist S07.E03 &#8211; De l&rsquo;eau dans le gaz 31-ao\u00fbt-2015 Mentalist S07.E04 &#8211; Double facette 1-septembre-2015 Mentalist S07.E05 &#8211; Encore chaud 31-ao\u00fbt-2015 Mentalist S07.E06 &#8211; Une id\u00e9e lumineuse 1-septembre-2015 Mentalist S07.E07 &#8211; Mon as de coeur 2-septembre-2015 Mentalist S07.E08 &#8211;&#46;&#46;&#46;<\/p>\n","protected":false},"author":1,"featured_media":0,"parent":0,"menu_order":0,"comment_status":"closed","ping_status":"closed","template":"","meta":{"footnotes":""},"class_list":["post-49803","page","type-page","status-publish","hentry"],"_links":{"self":[{"href":"https:\/\/joubjoub.ddns.net\/blog\/index.php?rest_route=\/wp\/v2\/pages\/49803","targetHints":{"allow":["GET"]}}],"collection":[{"href":"https:\/\/joubjoub.ddns.net\/blog\/index.php?rest_route=\/wp\/v2\/pages"}],"about":[{"href":"https:\/\/joubjoub.ddns.net\/blog\/index.php?rest_route=\/wp\/v2\/types\/page"}],"author":[{"embeddable":true,"href":"https:\/\/joubjoub.ddns.net\/blog\/index.php?rest_route=\/wp\/v2\/users\/1"}],"replies":[{"embeddable":true,"href":"https:\/\/joubjoub.ddns.net\/blog\/index.php?rest_route=%2Fwp%2Fv2%2Fcomments&post=49803"}],"version-history":[{"count":7,"href":"https:\/\/joubjoub.ddns.net\/blog\/index.php?rest_route=\/wp\/v2\/pages\/49803\/revisions"}],"predecessor-version":[{"id":49819,"href":"https:\/\/joubjoub.ddns.net\/blog\/index.php?rest_route=\/wp\/v2\/pages\/49803\/revisions\/49819"}],"wp:attachment":[{"href":"https:\/\/joubjoub.ddns.net\/blog\/index.php?rest_route=%2Fwp%2Fv2%2Fmedia&parent=49803"}],"curies":[{"name":"wp","href":"https:\/\/api.w.org\/{rel}","templated":true}]}}