{"id":52614,"date":"2025-06-22T08:10:18","date_gmt":"2025-06-22T06:10:18","guid":{"rendered":"https:\/\/joubjoub.ddns.net\/blog\/?page_id=52614"},"modified":"2025-06-22T09:15:27","modified_gmt":"2025-06-22T07:15:27","slug":"52614-2","status":"publish","type":"page","link":"https:\/\/joubjoub.ddns.net\/blog\/?page_id=52614","title":{"rendered":"BDs lues en 2007"},"content":{"rendered":"<p><center><\/p>\n<table style=\"width: 90%;\">\n<thead>\n<tr style='height: 24px; font-size: 18px;'>\n<th style='text-align:left'>S\u00e9rie<\/th>\n<th data-align='center' style=\"width: 40%;\">Titre<\/th>\n<th data-align='center'>Date<\/th>\n<th data-align='center'>Commentaires<\/th>\n<\/tr>\n<\/thead>\n<tbody>\n<tr style='height: 24px;'>\n<td style='text-align:left'><strong>Alix<\/strong><\/td>\n<td style='text-align:left'><a href='https:\/\/joubjoub.ddns.net\/blog\/?p=49899' data-type='post'>Alix \u2013 26 \u2013 L\u2019ib\u00e8re<\/a><\/td>\n<td data-align='center'>29-d\u00e9cembre-2007<\/td>\n<td data-align='center'><\/td>\n<td style='text-align:left'><\/td>\n<\/tr>\n<tr style='height: 24px;'>\n<td style='text-align:left'><strong>Antoine S\u00e8vres<\/strong><\/td>\n<td style='text-align:left'><a href='https:\/\/joubjoub.ddns.net\/blog\/?p=49897' data-type='post'>Antoine S\u00e8vres \u2013 01 \u2013 Abyssus abyssum invocat<\/a><\/td>\n<td data-align='center'>28-d\u00e9cembre-2007<\/td>\n<td data-align='center'><\/td>\n<td style='text-align:left'><\/td>\n<\/tr>\n<tr style='height: 24px;'>\n<td style='text-align:left'><strong><\/strong><\/td>\n<td style='text-align:left'><a href='https:\/\/joubjoub.ddns.net\/blog\/?p=49895' data-type='post'>Ast\u00e9ro\u00efde hurlant<\/a><\/td>\n<td data-align='center'>25-d\u00e9cembre-2007<\/td>\n<td data-align='center'><\/td>\n<td style='text-align:left'><\/td>\n<\/tr>\n<tr style='height: 24px;'>\n<td style='text-align:left'><strong>Bouncer<\/strong><\/td>\n<td style='text-align:left'><a href='https:\/\/joubjoub.ddns.net\/blog\/?p=49891' data-type='post'>Bouncer \u2013 05 \u2013 La Proie des Louves<\/a><\/td>\n<td data-align='center'>21-octobre-2007<\/td>\n<td data-align='center'><\/td>\n<td style='text-align:left'><\/td>\n<\/tr>\n<tr style='height: 24px;'>\n<td style='text-align:left'><strong><\/strong><\/td>\n<td style='text-align:left'><a href='https:\/\/joubjoub.ddns.net\/blog\/?p=49905' data-type='post'>Exterminateur 17<\/a><\/td>\n<td data-align='center'>30-d\u00e9cembre-2007<\/td>\n<td data-align='center'><\/td>\n<td style='text-align:left'><\/td>\n<\/tr>\n<tr style='height: 24px;'>\n<td style='text-align:left'><strong>Le chant des Stryges<\/strong><\/td>\n<td style='text-align:left'><a href='https:\/\/joubjoub.ddns.net\/blog\/?p=49893' data-type='post'>Le chant des Stryges \u2013 11 \u2013 Cellules<\/a><\/td>\n<td data-align='center'>28-octobre-2007<\/td>\n<td data-align='center'><\/td>\n<td style='text-align:left'><\/td>\n<\/tr>\n<tr style='height: 24px;'>\n<td style='text-align:left'><strong>Murena<\/strong><\/td>\n<td style='text-align:left'><a href='https:\/\/joubjoub.ddns.net\/blog\/?p=49887' data-type='post'>Murena \u2013 06 \u2013 Le sang des b\u00eates<\/a><\/td>\n<td data-align='center'>21-juillet-2007<\/td>\n<td data-align='center'><\/td>\n<td style='text-align:left'><\/td>\n<\/tr>\n<tr style='height: 24px;'>\n<td style='text-align:left'><strong>Neurotrans<\/strong><\/td>\n<td style='text-align:left'><a href='https:\/\/joubjoub.ddns.net\/blog\/?p=49889' data-type='post'>Neurotrans \u2013 02 \u2013 Dragon<\/a><\/td>\n<td data-align='center'>29-juillet-2007<\/td>\n<td data-align='center'><\/td>\n<td style='text-align:left'><\/td>\n<\/tr>\n<tr style='height: 24px;'>\n<td style='text-align:left'><strong>XIII<\/strong><\/td>\n<td style='text-align:left'><a href='https:\/\/joubjoub.ddns.net\/blog\/?p=49903' data-type='post'>XIII \u2013 18 \u2013 La version irlandaise<\/a><\/td>\n<td data-align='center'>29-d\u00e9cembre-2007<\/td>\n<td data-align='center'><\/td>\n<td style='text-align:left'><\/td>\n<\/tr>\n<tr style='height: 24px;'>\n<td style='text-align:left'><strong>XIII<\/strong><\/td>\n<td style='text-align:left'><a href='https:\/\/joubjoub.ddns.net\/blog\/?p=49901' data-type='post'>XIII \u2013 19 \u2013 Le dernier round<\/a><\/td>\n<td data-align='center'>29-d\u00e9cembre-2007<\/td>\n<td data-align='center'><\/td>\n<td style='text-align:left'><\/td>\n<\/tr>\n<\/tbody>\n<tfoot>\n<tr style='height: 24px; font-size: 18px;'>\n<th style='text-align:left'><span class='has-vivid-cyan-blue-color'><strong>TOTAL : 10 bandes dessin\u00e9es lus en 2007<\/strong><\/span><\/th>\n<th><\/th>\n<th><\/th>\n<th><\/th>\n<\/tr>\n<\/tfoot>\n<\/table>\n<p><\/center><\/p>\n","protected":false},"excerpt":{"rendered":"<p>S\u00e9rie Titre Date Commentaires Alix Alix \u2013 26 \u2013 L\u2019ib\u00e8re 29-d\u00e9cembre-2007 Antoine S\u00e8vres Antoine S\u00e8vres \u2013 01 \u2013 Abyssus abyssum invocat 28-d\u00e9cembre-2007 Ast\u00e9ro\u00efde hurlant 25-d\u00e9cembre-2007 Bouncer Bouncer \u2013 05 \u2013 La Proie des Louves 21-octobre-2007 Exterminateur 17 30-d\u00e9cembre-2007 Le chant des Stryges Le chant des Stryges \u2013 11 \u2013 Cellules 28-octobre-2007 Murena Murena \u2013 06 \u2013 Le sang des b\u00eates&#46;&#46;&#46;<\/p>\n","protected":false},"author":1,"featured_media":0,"parent":0,"menu_order":0,"comment_status":"closed","ping_status":"closed","template":"","meta":{"footnotes":""},"class_list":["post-52614","page","type-page","status-publish","hentry"],"_links":{"self":[{"href":"https:\/\/joubjoub.ddns.net\/blog\/index.php?rest_route=\/wp\/v2\/pages\/52614","targetHints":{"allow":["GET"]}}],"collection":[{"href":"https:\/\/joubjoub.ddns.net\/blog\/index.php?rest_route=\/wp\/v2\/pages"}],"about":[{"href":"https:\/\/joubjoub.ddns.net\/blog\/index.php?rest_route=\/wp\/v2\/types\/page"}],"author":[{"embeddable":true,"href":"https:\/\/joubjoub.ddns.net\/blog\/index.php?rest_route=\/wp\/v2\/users\/1"}],"replies":[{"embeddable":true,"href":"https:\/\/joubjoub.ddns.net\/blog\/index.php?rest_route=%2Fwp%2Fv2%2Fcomments&post=52614"}],"version-history":[{"count":9,"href":"https:\/\/joubjoub.ddns.net\/blog\/index.php?rest_route=\/wp\/v2\/pages\/52614\/revisions"}],"predecessor-version":[{"id":52616,"href":"https:\/\/joubjoub.ddns.net\/blog\/index.php?rest_route=\/wp\/v2\/pages\/52614\/revisions\/52616"}],"wp:attachment":[{"href":"https:\/\/joubjoub.ddns.net\/blog\/index.php?rest_route=%2Fwp%2Fv2%2Fmedia&parent=52614"}],"curies":[{"name":"wp","href":"https:\/\/api.w.org\/{rel}","templated":true}]}}