{"id":52625,"date":"2025-06-22T08:33:14","date_gmt":"2025-06-22T06:33:14","guid":{"rendered":"https:\/\/joubjoub.ddns.net\/blog\/?page_id=52625"},"modified":"2025-06-22T09:15:02","modified_gmt":"2025-06-22T07:15:02","slug":"bds-lus-en-2008","status":"publish","type":"page","link":"https:\/\/joubjoub.ddns.net\/blog\/?page_id=52625","title":{"rendered":"BDs lues en 2008"},"content":{"rendered":"<p><center><\/p>\n<table style=\"width: 90%;\">\n<thead>\n<tr style='height: 24px; font-size: 18px;'>\n<th style='text-align:left'>S\u00e9rie<\/th>\n<th data-align='center' style=\"width: 40%;\">Titre<\/th>\n<th data-align='center'>Date<\/th>\n<th data-align='center'> <\/th>\n<\/tr>\n<\/thead>\n<tbody>\n<tr style='height: 24px;'>\n<td style='text-align:left'><strong>Alix<\/strong><\/td>\n<td style='text-align:left'><a href='https:\/\/joubjoub.ddns.net\/blog\/?p=49987' data-type='post'>Alix \u2013 21 \u2013 Les barbares<\/a><\/td>\n<td data-align='center'>26-d\u00e9cembre-2008<\/td>\n<td data-align='center'><\/td>\n<td style='text-align:left'><\/td>\n<\/tr>\n<tr style='height: 24px;'>\n<td style='text-align:left'><strong>Antoine S\u00e8vres<\/strong><\/td>\n<td style='text-align:left'><a href='https:\/\/joubjoub.ddns.net\/blog\/?p=49907' data-type='post'>Antoine S\u00e8vres \u2013 02 \u2013 Aux portes de l\u2019enfer<\/a><\/td>\n<td data-align='center'>5-janvier-2008<\/td>\n<td data-align='center'><\/td>\n<td style='text-align:left'><\/td>\n<\/tr>\n<tr style='height: 24px;'>\n<td style='text-align:left'><strong>Bob Morane<\/strong><\/td>\n<td style='text-align:left'><a href='https:\/\/joubjoub.ddns.net\/blog\/?p=49923' data-type='post'>Bob Morane \u2013 01 \u2013 Bob Morane et l\u2019oiseau de feu<\/a><\/td>\n<td data-align='center'>24-ao\u00fbt-2008<\/td>\n<td data-align='center'><\/td>\n<td style='text-align:left'><\/td>\n<\/tr>\n<tr style='height: 24px;'>\n<td style='text-align:left'><strong>Bouncer<\/strong><\/td>\n<td style='text-align:left'><a href='https:\/\/joubjoub.ddns.net\/blog\/?p=49921' data-type='post'>Bouncer \u2013 06 \u2013 La Veuve noire<\/a><\/td>\n<td data-align='center'>18-juillet-2008<\/td>\n<td data-align='center'><\/td>\n<td style='text-align:left'><\/td>\n<\/tr>\n<tr style='height: 24px;'>\n<td style='text-align:left'><strong>Bruno Brazil<\/strong><\/td>\n<td style='text-align:left'><a href='https:\/\/joubjoub.ddns.net\/blog\/?p=49933' data-type='post'>Bruno Brazil \u2013 01 \u2013 Le requin qui mourut deux fois<\/a><\/td>\n<td data-align='center'>28-septembre-2008<\/td>\n<td data-align='center'><\/td>\n<td style='text-align:left'><\/td>\n<\/tr>\n<tr style='height: 24px;'>\n<td style='text-align:left'><strong><\/strong><\/td>\n<td style='text-align:left'><a href='https:\/\/joubjoub.ddns.net\/blog\/?p=49943' data-type='post'>C\u2019\u00e9tait la guerre des tranch\u00e9es<\/a><\/td>\n<td data-align='center'>6-octobre-2008<\/td>\n<td data-align='center'><\/td>\n<td style='text-align:left'><\/td>\n<\/tr>\n<tr style='height: 24px;'>\n<td style='text-align:left'><strong>Cryozone<\/strong><\/td>\n<td style='text-align:left'><a href='https:\/\/joubjoub.ddns.net\/blog\/?p=49967' data-type='post'>Cryozone \u2013 01 \u2013 Sueurs froides<\/a><\/td>\n<td data-align='center'>18-octobre-2008<\/td>\n<td data-align='center'><\/td>\n<td style='text-align:left'><\/td>\n<\/tr>\n<tr style='height: 24px;'>\n<td style='text-align:left'><strong>Cryozone<\/strong><\/td>\n<td style='text-align:left'><a href='https:\/\/joubjoub.ddns.net\/blog\/?p=49969' data-type='post'>Cryozone \u2013 02 \u2013 Syndrome Z<\/a><\/td>\n<td data-align='center'>18-octobre-2008<\/td>\n<td data-align='center'><\/td>\n<td style='text-align:left'><\/td>\n<\/tr>\n<tr style='height: 24px;'>\n<td style='text-align:left'><strong>Cubitus<\/strong><\/td>\n<td style='text-align:left'><a href='https:\/\/joubjoub.ddns.net\/blog\/?p=49979' data-type='post'>Cubitus \u2013 01 \u2013 Du meilleur tonneau<\/a><\/td>\n<td data-align='center'>22-d\u00e9cembre-2008<\/td>\n<td data-align='center'><\/td>\n<td style='text-align:left'><\/td>\n<\/tr>\n<tr style='height: 24px;'>\n<td style='text-align:left'><strong>Durango<\/strong><\/td>\n<td style='text-align:left'><a href='https:\/\/joubjoub.ddns.net\/blog\/?p=49935' data-type='post'>Durango \u2013 01 \u2013 Les chiens meurent en hiver<\/a><\/td>\n<td data-align='center'>29-septembre-2008<\/td>\n<td data-align='center'><\/td>\n<td style='text-align:left'><\/td>\n<\/tr>\n<tr style='height: 24px;'>\n<td style='text-align:left'><strong>F\u00e9e et tendres automates<\/strong><\/td>\n<td style='text-align:left'><a href='https:\/\/joubjoub.ddns.net\/blog\/?p=49953' data-type='post'>F\u00e9e et tendres automates \u2013 01 \u2013 Jam<\/a><\/td>\n<td data-align='center'>9-octobre-2008<\/td>\n<td data-align='center'><\/td>\n<td style='text-align:left'><\/td>\n<\/tr>\n<tr style='height: 24px;'>\n<td style='text-align:left'><strong>F\u00e9e et tendres automates<\/strong><\/td>\n<td style='text-align:left'><a href='https:\/\/joubjoub.ddns.net\/blog\/?p=49955' data-type='post'>F\u00e9e et tendres automates \u2013 02 \u2013 Elle<\/a><\/td>\n<td data-align='center'>11-octobre-2008<\/td>\n<td data-align='center'><\/td>\n<td style='text-align:left'><\/td>\n<\/tr>\n<tr style='height: 24px;'>\n<td style='text-align:left'><strong>F\u00e9e et tendres automates<\/strong><\/td>\n<td style='text-align:left'><a href='https:\/\/joubjoub.ddns.net\/blog\/?p=49957' data-type='post'>F\u00e9e et tendres automates \u2013 03 \u2013 Wolfgang Miyak\u00e9<\/a><\/td>\n<td data-align='center'>13-octobre-2008<\/td>\n<td data-align='center'><\/td>\n<td style='text-align:left'><\/td>\n<\/tr>\n<tr style='height: 24px;'>\n<td style='text-align:left'><strong>Intox<\/strong><\/td>\n<td style='text-align:left'><a href='https:\/\/joubjoub.ddns.net\/blog\/?p=49939' data-type='post'>Intox \u2013 01 \u2013 Le quatri\u00e8me pouvoir<\/a><\/td>\n<td data-align='center'>3-octobre-2008<\/td>\n<td data-align='center'><\/td>\n<td style='text-align:left'><\/td>\n<\/tr>\n<tr style='height: 24px;'>\n<td style='text-align:left'><strong>Kid Paddle<\/strong><\/td>\n<td style='text-align:left'><a href='https:\/\/joubjoub.ddns.net\/blog\/?p=49917' data-type='post'>Kid Paddle \u2013 01 \u2013 Jeux de vilains<\/a><\/td>\n<td data-align='center'>20-mars-2008<\/td>\n<td data-align='center'><\/td>\n<td style='text-align:left'><\/td>\n<\/tr>\n<tr style='height: 24px;'>\n<td style='text-align:left'><strong>L\u2019autre monde<\/strong><\/td>\n<td style='text-align:left'><a href='https:\/\/joubjoub.ddns.net\/blog\/?p=49929' data-type='post'>L\u2019autre monde \u2013 01 \u2013 Le pays roux<\/a><\/td>\n<td data-align='center'>26-septembre-2008<\/td>\n<td data-align='center'><\/td>\n<td style='text-align:left'><\/td>\n<\/tr>\n<tr style='height: 24px;'>\n<td style='text-align:left'><strong>L\u2019autre monde<\/strong><\/td>\n<td style='text-align:left'><a href='https:\/\/joubjoub.ddns.net\/blog\/?p=49931' data-type='post'>L\u2019autre monde \u2013 02 \u2013 De l\u2019autre c\u00f4t\u00e9 du ciel<\/a><\/td>\n<td data-align='center'>26-septembre-2008<\/td>\n<td data-align='center'><\/td>\n<td style='text-align:left'><\/td>\n<\/tr>\n<tr style='height: 24px;'>\n<td style='text-align:left'><strong>L\u2019\u00e9toile du d\u00e9sert<\/strong><\/td>\n<td style='text-align:left'><a href='https:\/\/joubjoub.ddns.net\/blog\/?p=49941' data-type='post'>L\u2019\u00e9toile du d\u00e9sert \u2013 INT \u2013 Int\u00e9grale<\/a><\/td>\n<td data-align='center'>4-octobre-2008<\/td>\n<td data-align='center'><\/td>\n<td style='text-align:left'><\/td>\n<\/tr>\n<tr style='height: 24px;'>\n<td style='text-align:left'><strong>La guerre \u00e9ternelle<\/strong><\/td>\n<td style='text-align:left'><a href='https:\/\/joubjoub.ddns.net\/blog\/?p=49961' data-type='post'>La guerre \u00e9ternelle \u2013 01 \u2013 Soldat Mandella 2010\/2020<\/a><\/td>\n<td data-align='center'>15-octobre-2008<\/td>\n<td data-align='center'><\/td>\n<td style='text-align:left'><\/td>\n<\/tr>\n<tr style='height: 24px;'>\n<td style='text-align:left'><strong>La guerre \u00e9ternelle<\/strong><\/td>\n<td style='text-align:left'><a href='https:\/\/joubjoub.ddns.net\/blog\/?p=49963' data-type='post'>La guerre \u00e9ternelle \u2013 02 \u2013 Lieutenant Mandella 2020\/2203<\/a><\/td>\n<td data-align='center'>17-octobre-2008<\/td>\n<td data-align='center'><\/td>\n<td style='text-align:left'><\/td>\n<\/tr>\n<tr style='height: 24px;'>\n<td style='text-align:left'><strong>La guerre \u00e9ternelle<\/strong><\/td>\n<td style='text-align:left'><a href='https:\/\/joubjoub.ddns.net\/blog\/?p=49965' data-type='post'>La guerre \u00e9ternelle \u2013 03 \u2013 Major Mandella 2203\/3177<\/a><\/td>\n<td data-align='center'>17-octobre-2008<\/td>\n<td data-align='center'><\/td>\n<td style='text-align:left'><\/td>\n<\/tr>\n<tr style='height: 24px;'>\n<td style='text-align:left'><strong>Le chant des Stryges<\/strong><\/td>\n<td style='text-align:left'><a href='https:\/\/joubjoub.ddns.net\/blog\/?p=49975' data-type='post'>Le chant des Stryges \u2013 12 \u2013 Saison 2 \u2013 Chutes<\/a><\/td>\n<td data-align='center'>17-d\u00e9cembre-2008<\/td>\n<td data-align='center'><\/td>\n<td style='text-align:left'><\/td>\n<\/tr>\n<tr style='height: 24px;'>\n<td style='text-align:left'><strong>Le complexe du chimpanz\u00e9<\/strong><\/td>\n<td style='text-align:left'><a href='https:\/\/joubjoub.ddns.net\/blog\/?p=49983' data-type='post'>Le complexe du chimpanz\u00e9 \u2013 01 \u2013 Paradoxe<\/a><\/td>\n<td data-align='center'>23-d\u00e9cembre-2008<\/td>\n<td data-align='center'><\/td>\n<td style='text-align:left'><\/td>\n<\/tr>\n<tr style='height: 24px;'>\n<td style='text-align:left'><strong><\/strong><\/td>\n<td style='text-align:left'><a href='https:\/\/joubjoub.ddns.net\/blog\/?p=49927' data-type='post'>Le der des ders<\/a><\/td>\n<td data-align='center'>23-septembre-2008<\/td>\n<td data-align='center'><\/td>\n<td style='text-align:left'><\/td>\n<\/tr>\n<tr style='height: 24px;'>\n<td style='text-align:left'><strong><\/strong><\/td>\n<td style='text-align:left'><a href='https:\/\/joubjoub.ddns.net\/blog\/?p=49925' data-type='post'>Le sang des Valentines<\/a><\/td>\n<td data-align='center'>23-septembre-2008<\/td>\n<td data-align='center'><\/td>\n<td style='text-align:left'><\/td>\n<\/tr>\n<tr style='height: 24px;'>\n<td style='text-align:left'><strong>Le vol du corbeau<\/strong><\/td>\n<td style='text-align:left'><a href='https:\/\/joubjoub.ddns.net\/blog\/?p=49945' data-type='post'>Le vol du corbeau \u2013 01 \u2013 Tome 1<\/a><\/td>\n<td data-align='center'>7-octobre-2008<\/td>\n<td data-align='center'><\/td>\n<td style='text-align:left'><\/td>\n<\/tr>\n<tr style='height: 24px;'>\n<td style='text-align:left'><strong>Le vol du corbeau<\/strong><\/td>\n<td style='text-align:left'><a href='https:\/\/joubjoub.ddns.net\/blog\/?p=49947' data-type='post'>Le vol du corbeau \u2013 02 \u2013 Seconde partie<\/a><\/td>\n<td data-align='center'>8-octobre-2008<\/td>\n<td data-align='center'><\/td>\n<td style='text-align:left'><\/td>\n<\/tr>\n<tr style='height: 24px;'>\n<td style='text-align:left'><strong>Le voyage en Italie<\/strong><\/td>\n<td style='text-align:left'><a href='https:\/\/joubjoub.ddns.net\/blog\/?p=49949' data-type='post'>Le voyage en Italie \u2013 01 \u2013 Le voyage en Italie 1<\/a><\/td>\n<td data-align='center'>9-octobre-2008<\/td>\n<td data-align='center'><\/td>\n<td style='text-align:left'><\/td>\n<\/tr>\n<tr style='height: 24px;'>\n<td style='text-align:left'><strong>Le voyage en Italie<\/strong><\/td>\n<td style='text-align:left'><a href='https:\/\/joubjoub.ddns.net\/blog\/?p=49951' data-type='post'>Le voyage en Italie \u2013 02 \u2013 Le voyage en Italie 2<\/a><\/td>\n<td data-align='center'>9-octobre-2008<\/td>\n<td data-align='center'><\/td>\n<td style='text-align:left'><\/td>\n<\/tr>\n<tr style='height: 24px;'>\n<td style='text-align:left'><strong>L\u00e9onard<\/strong><\/td>\n<td style='text-align:left'><a href='https:\/\/joubjoub.ddns.net\/blog\/?p=49981' data-type='post'>L\u00e9onard \u2013 11 \u2013 G\u00e9nie du bal<\/a><\/td>\n<td data-align='center'>22-d\u00e9cembre-2008<\/td>\n<td data-align='center'><\/td>\n<td style='text-align:left'><\/td>\n<\/tr>\n<tr style='height: 24px;'>\n<td style='text-align:left'><strong>Les Bidochon<\/strong><\/td>\n<td style='text-align:left'><a href='https:\/\/joubjoub.ddns.net\/blog\/?p=49973' data-type='post'>Les Bidochon \u2013 19 \u2013 Les Bidochon internautes<\/a><\/td>\n<td data-align='center'>10-d\u00e9cembre-2008<\/td>\n<td data-align='center'><\/td>\n<td style='text-align:left'><\/td>\n<\/tr>\n<tr style='height: 24px;'>\n<td style='text-align:left'><strong>Les contes de Broc\u00e9liande<\/strong><\/td>\n<td style='text-align:left'><a href='https:\/\/joubjoub.ddns.net\/blog\/?p=49919' data-type='post'>Les contes de Broc\u00e9liande \u2013 01 \u2013 La Dryade<\/a><\/td>\n<td data-align='center'>21-mars-2008<\/td>\n<td data-align='center'><\/td>\n<td style='text-align:left'><\/td>\n<\/tr>\n<tr style='height: 24px;'>\n<td style='text-align:left'><strong><\/strong><\/td>\n<td style='text-align:left'><a href='https:\/\/joubjoub.ddns.net\/blog\/?p=49959' data-type='post'>Lune de guerre<\/a><\/td>\n<td data-align='center'>15-octobre-2008<\/td>\n<td data-align='center'><\/td>\n<td style='text-align:left'><\/td>\n<\/tr>\n<tr style='height: 24px;'>\n<td style='text-align:left'><strong>Monstre (Bilal)<\/strong><\/td>\n<td style='text-align:left'><a href='https:\/\/joubjoub.ddns.net\/blog\/?p=49913' data-type='post'>Monstre (Bilal) \u2013 04 \u2013 Quatre ?<\/a><\/td>\n<td data-align='center'>2-mars-2008<\/td>\n<td data-align='center'><\/td>\n<td style='text-align:left'><\/td>\n<\/tr>\n<tr style='height: 24px;'>\n<td style='text-align:left'><strong><\/strong><\/td>\n<td style='text-align:left'><a href='https:\/\/joubjoub.ddns.net\/blog\/?p=49937' data-type='post'>Mutante<\/a><\/td>\n<td data-align='center'>30-septembre-2008<\/td>\n<td data-align='center'><\/td>\n<td style='text-align:left'><\/td>\n<\/tr>\n<tr style='height: 24px;'>\n<td style='text-align:left'><strong>Orbital<\/strong><\/td>\n<td style='text-align:left'><a href='https:\/\/joubjoub.ddns.net\/blog\/?p=49915' data-type='post'>Orbital \u2013 02 \u2013 Ruptures<\/a><\/td>\n<td data-align='center'>14-mars-2008<\/td>\n<td data-align='center'><\/td>\n<td style='text-align:left'><\/td>\n<\/tr>\n<tr style='height: 24px;'>\n<td style='text-align:left'><strong><\/strong><\/td>\n<td style='text-align:left'><a href='https:\/\/joubjoub.ddns.net\/blog\/?p=49971' data-type='post'>Rubrique abracadabra<\/a><\/td>\n<td data-align='center'>6-d\u00e9cembre-2008<\/td>\n<td data-align='center'><\/td>\n<td style='text-align:left'><\/td>\n<\/tr>\n<tr style='height: 24px;'>\n<td style='text-align:left'><strong>Shimon de Samarie \/ Le Samaritain<\/strong><\/td>\n<td style='text-align:left'><a href='https:\/\/joubjoub.ddns.net\/blog\/?p=49909' data-type='post'>Shimon de Samarie \/ Le Samaritain \u2013 01 \u2013 Tu ne tueras point<\/a><\/td>\n<td data-align='center'>1-mars-2008<\/td>\n<td data-align='center'><\/td>\n<td style='text-align:left'><\/td>\n<\/tr>\n<tr style='height: 24px;'>\n<td style='text-align:left'><strong>Shimon de Samarie \/ Le Samaritain<\/strong><\/td>\n<td style='text-align:left'><a href='https:\/\/joubjoub.ddns.net\/blog\/?p=49911' data-type='post'>Shimon de Samarie \/ Le Samaritain \u2013 02 \u2013 Les Ch\u00e2timents de la mer Morte<\/a><\/td>\n<td data-align='center'>1-mars-2008<\/td>\n<td data-align='center'><\/td>\n<td style='text-align:left'><\/td>\n<\/tr>\n<tr style='height: 24px;'>\n<td style='text-align:left'><strong>Val\u00e9rian<\/strong><\/td>\n<td style='text-align:left'><a href='https:\/\/joubjoub.ddns.net\/blog\/?p=49977' data-type='post'>Val\u00e9rian \u2013 02 \u2013 L\u2019empire des mille plan\u00e8tes<\/a><\/td>\n<td data-align='center'>21-d\u00e9cembre-2008<\/td>\n<td data-align='center'><\/td>\n<td style='text-align:left'><\/td>\n<\/tr>\n<tr style='height: 24px;'>\n<td style='text-align:left'><strong>Yoko Tsuno<\/strong><\/td>\n<td style='text-align:left'><a href='https:\/\/joubjoub.ddns.net\/blog\/?p=49985' data-type='post'>Yoko Tsuno \u2013 17 \u2013 Le matin du monde<\/a><\/td>\n<td data-align='center'>25-d\u00e9cembre-2008<\/td>\n<td data-align='center'><\/td>\n<td style='text-align:left'><\/td>\n<\/tr>\n<\/tbody>\n<tfoot>\n<tr style='height: 24px; font-size: 18px;'>\n<th style='text-align:left'><span class='has-vivid-cyan-blue-color'><strong>TOTAL : 41 bandes dessin\u00e9es lus en 2008<\/strong><\/span><\/th>\n<th><\/th>\n<th><\/th>\n<th><\/th>\n<\/tr>\n<\/tfoot>\n<\/table>\n<p><\/center><\/p>\n","protected":false},"excerpt":{"rendered":"<p>S\u00e9rie Titre Date Alix Alix \u2013 21 \u2013 Les barbares 26-d\u00e9cembre-2008 Antoine S\u00e8vres Antoine S\u00e8vres \u2013 02 \u2013 Aux portes de l\u2019enfer 5-janvier-2008 Bob Morane Bob Morane \u2013 01 \u2013 Bob Morane et l\u2019oiseau de feu 24-ao\u00fbt-2008 Bouncer Bouncer \u2013 06 \u2013 La Veuve noire 18-juillet-2008 Bruno Brazil Bruno Brazil \u2013 01 \u2013 Le requin qui mourut deux fois 28-septembre-2008&#46;&#46;&#46;<\/p>\n","protected":false},"author":1,"featured_media":0,"parent":0,"menu_order":0,"comment_status":"closed","ping_status":"closed","template":"","meta":{"footnotes":""},"class_list":["post-52625","page","type-page","status-publish","hentry"],"_links":{"self":[{"href":"https:\/\/joubjoub.ddns.net\/blog\/index.php?rest_route=\/wp\/v2\/pages\/52625","targetHints":{"allow":["GET"]}}],"collection":[{"href":"https:\/\/joubjoub.ddns.net\/blog\/index.php?rest_route=\/wp\/v2\/pages"}],"about":[{"href":"https:\/\/joubjoub.ddns.net\/blog\/index.php?rest_route=\/wp\/v2\/types\/page"}],"author":[{"embeddable":true,"href":"https:\/\/joubjoub.ddns.net\/blog\/index.php?rest_route=\/wp\/v2\/users\/1"}],"replies":[{"embeddable":true,"href":"https:\/\/joubjoub.ddns.net\/blog\/index.php?rest_route=%2Fwp%2Fv2%2Fcomments&post=52625"}],"version-history":[{"count":3,"href":"https:\/\/joubjoub.ddns.net\/blog\/index.php?rest_route=\/wp\/v2\/pages\/52625\/revisions"}],"predecessor-version":[{"id":52630,"href":"https:\/\/joubjoub.ddns.net\/blog\/index.php?rest_route=\/wp\/v2\/pages\/52625\/revisions\/52630"}],"wp:attachment":[{"href":"https:\/\/joubjoub.ddns.net\/blog\/index.php?rest_route=%2Fwp%2Fv2%2Fmedia&parent=52625"}],"curies":[{"name":"wp","href":"https:\/\/api.w.org\/{rel}","templated":true}]}}