{"id":52680,"date":"2025-06-22T10:52:41","date_gmt":"2025-06-22T08:52:41","guid":{"rendered":"https:\/\/joubjoub.ddns.net\/blog\/?page_id=52680"},"modified":"2025-06-22T10:52:41","modified_gmt":"2025-06-22T08:52:41","slug":"bds-lues-en-2020","status":"publish","type":"page","link":"https:\/\/joubjoub.ddns.net\/blog\/?page_id=52680","title":{"rendered":"BDs lues en 2020"},"content":{"rendered":"<p><center><\/p>\n<table style=\"width: 90%;\">\n<thead>\n<tr style='height: 24px; font-size: 18px;'>\n<th style='text-align:left'>S\u00e9rie<\/th>\n<th data-align='center' style=\"width: 50%;\">Titre<\/th>\n<th data-align='center'>Date<\/th>\n<th data-align='center'> <\/th>\n<\/tr>\n<\/thead>\n<tbody>\n<tr style='height: 24px;'>\n<td style='text-align:left'><strong>Anatole Latuile<\/strong><\/td>\n<td style='text-align:left'><a href='https:\/\/joubjoub.ddns.net\/blog\/?p=52388' data-type='post'>Anatole Latuile \u2013 02 \u2013 Oohiohioo !<\/a><\/td>\n<td data-align='center'>28-juin-2020<\/td>\n<td data-align='center'><\/td>\n<td style='text-align:left'><\/td>\n<\/tr>\n<tr style='height: 24px;'>\n<td style='text-align:left'><strong>Anatole Latuile<\/strong><\/td>\n<td style='text-align:left'><a href='https:\/\/joubjoub.ddns.net\/blog\/?p=52390' data-type='post'>Anatole Latuile \u2013 03 \u2013 Personne en vue !<\/a><\/td>\n<td data-align='center'>28-juin-2020<\/td>\n<td data-align='center'><\/td>\n<td style='text-align:left'><\/td>\n<\/tr>\n<tr style='height: 24px;'>\n<td style='text-align:left'><strong>Anatole Latuile<\/strong><\/td>\n<td style='text-align:left'><a href='https:\/\/joubjoub.ddns.net\/blog\/?p=52416' data-type='post'>Anatole Latuile \u2013 06 \u2013 Pas de panique !<\/a><\/td>\n<td data-align='center'>29-octobre-2020<\/td>\n<td data-align='center'><\/td>\n<td style='text-align:left'><\/td>\n<\/tr>\n<tr style='height: 24px;'>\n<td style='text-align:left'><strong>Anatole Latuile<\/strong><\/td>\n<td style='text-align:left'><a href='https:\/\/joubjoub.ddns.net\/blog\/?p=52424' data-type='post'>Anatole Latuile \u2013 07 \u2013 \u00c7a va d\u00e9gominer !<\/a><\/td>\n<td data-align='center'>28-novembre-2020<\/td>\n<td data-align='center'><\/td>\n<td style='text-align:left'><\/td>\n<\/tr>\n<tr style='height: 24px;'>\n<td style='text-align:left'><strong>Boule et Bill<\/strong><\/td>\n<td style='text-align:left'><a href='https:\/\/joubjoub.ddns.net\/blog\/?p=52364' data-type='post'>Boule et Bill \u2013 40 \u2013 Bill \u00e0 facettes<\/a><\/td>\n<td data-align='center'>4-janvier-2020<\/td>\n<td data-align='center'><\/td>\n<td style='text-align:left'><\/td>\n<\/tr>\n<tr style='height: 24px;'>\n<td style='text-align:left'><strong>Boule et Bill<\/strong><\/td>\n<td style='text-align:left'><a href='https:\/\/joubjoub.ddns.net\/blog\/?p=52436' data-type='post'>Boule et Bill \u2013 41 \u2013 Bill se tient \u00e0 Caro<\/a><\/td>\n<td data-align='center'>26-d\u00e9cembre-2020<\/td>\n<td data-align='center'><\/td>\n<td style='text-align:left'><\/td>\n<\/tr>\n<tr style='height: 24px;'>\n<td style='text-align:left'><strong>Capitaine Albator \u2013 M\u00e9moires de l\u2019Arcadia<\/strong><\/td>\n<td style='text-align:left'><a href='https:\/\/joubjoub.ddns.net\/blog\/?p=52414' data-type='post'>Capitaine Albator \u2013 M\u00e9moires de l\u2019Arcadia \u2013 01 \u2013 Les doigts glac\u00e9s de l\u2019oubli<\/a><\/td>\n<td data-align='center'>26-octobre-2020<\/td>\n<td data-align='center'><\/td>\n<td style='text-align:left'><\/td>\n<\/tr>\n<tr style='height: 24px;'>\n<td style='text-align:left'><strong>Cobra The Space Pirate \u2013 Cobra<\/strong><\/td>\n<td style='text-align:left'><a href='https:\/\/joubjoub.ddns.net\/blog\/?p=52382' data-type='post'>Cobra The Space Pirate \u2013 Cobra \u2013 01 \u2013 The Psychogun \u2013 Part 1<\/a><\/td>\n<td data-align='center'>21-juin-2020<\/td>\n<td data-align='center'><\/td>\n<td style='text-align:left'><\/td>\n<\/tr>\n<tr style='height: 24px;'>\n<td style='text-align:left'><strong>Dad<\/strong><\/td>\n<td style='text-align:left'><a href='https:\/\/joubjoub.ddns.net\/blog\/?p=52370' data-type='post'>Dad \u2013 06 \u2013 P\u00e8re \u00e0 tout faire<\/a><\/td>\n<td data-align='center'>14-juin-2020<\/td>\n<td data-align='center'><\/td>\n<td style='text-align:left'><\/td>\n<\/tr>\n<tr style='height: 24px;'>\n<td style='text-align:left'><strong>Dad<\/strong><\/td>\n<td style='text-align:left'><a href='https:\/\/joubjoub.ddns.net\/blog\/?p=52440' data-type='post'>Dad \u2013 07 \u2013 La force tranquille<\/a><\/td>\n<td data-align='center'>26-d\u00e9cembre-2020<\/td>\n<td data-align='center'><\/td>\n<td style='text-align:left'><\/td>\n<\/tr>\n<tr style='height: 24px;'>\n<td style='text-align:left'><strong>Dant\u00e8s<\/strong><\/td>\n<td style='text-align:left'><a href='https:\/\/joubjoub.ddns.net\/blog\/?p=52356' data-type='post'>Dant\u00e8s \u2013 07 \u2013 Le Poison d\u2019\u00c9b\u00e8ne<\/a><\/td>\n<td data-align='center'>1-janvier-2020<\/td>\n<td data-align='center'><\/td>\n<td style='text-align:left'><\/td>\n<\/tr>\n<tr style='height: 24px;'>\n<td style='text-align:left'><strong>Dant\u00e8s<\/strong><\/td>\n<td style='text-align:left'><a href='https:\/\/joubjoub.ddns.net\/blog\/?p=52358' data-type='post'>Dant\u00e8s \u2013 08 \u2013 V\u00e9rit\u00e9s toxiques<\/a><\/td>\n<td data-align='center'>1-janvier-2020<\/td>\n<td data-align='center'><\/td>\n<td style='text-align:left'><\/td>\n<\/tr>\n<tr style='height: 24px;'>\n<td style='text-align:left'><strong>Dant\u00e8s<\/strong><\/td>\n<td style='text-align:left'><a href='https:\/\/joubjoub.ddns.net\/blog\/?p=52360' data-type='post'>Dant\u00e8s \u2013 09 \u2013 Contrefa\u00e7ons<\/a><\/td>\n<td data-align='center'>2-janvier-2020<\/td>\n<td data-align='center'><\/td>\n<td style='text-align:left'><\/td>\n<\/tr>\n<tr style='height: 24px;'>\n<td style='text-align:left'><strong>Dant\u00e8s<\/strong><\/td>\n<td style='text-align:left'><a href='https:\/\/joubjoub.ddns.net\/blog\/?p=52362' data-type='post'>Dant\u00e8s \u2013 10 \u2013 Dernier acte<\/a><\/td>\n<td data-align='center'>2-janvier-2020<\/td>\n<td data-align='center'><\/td>\n<td style='text-align:left'><\/td>\n<\/tr>\n<tr style='height: 24px;'>\n<td style='text-align:left'><strong>Double masque<\/strong><\/td>\n<td style='text-align:left'><a href='https:\/\/joubjoub.ddns.net\/blog\/?p=52368' data-type='post'>Double masque \u2013 INT3 \u2013 Tomes 5 et 6<\/a><\/td>\n<td data-align='center'>1-mars-2020<\/td>\n<td data-align='center'><\/td>\n<td style='text-align:left'><\/td>\n<\/tr>\n<tr style='height: 24px;'>\n<td style='text-align:left'><strong>James Bond (Delcourt)<\/strong><\/td>\n<td style='text-align:left'><a href='https:\/\/joubjoub.ddns.net\/blog\/?p=52420' data-type='post'>James Bond (Delcourt) \u2013 04 \u2013 Kill Chain<\/a><\/td>\n<td data-align='center'>1-novembre-2020<\/td>\n<td data-align='center'><\/td>\n<td style='text-align:left'><\/td>\n<\/tr>\n<tr style='height: 24px;'>\n<td style='text-align:left'><strong>James Bond (Delcourt)<\/strong><\/td>\n<td style='text-align:left'><a href='https:\/\/joubjoub.ddns.net\/blog\/?p=52422' data-type='post'>James Bond (Delcourt) \u2013 05 \u2013 Black box<\/a><\/td>\n<td data-align='center'>1-novembre-2020<\/td>\n<td data-align='center'><\/td>\n<td style='text-align:left'><\/td>\n<\/tr>\n<tr style='height: 24px;'>\n<td style='text-align:left'><strong>L\u2019art du crime<\/strong><\/td>\n<td style='text-align:left'><a href='https:\/\/joubjoub.ddns.net\/blog\/?p=52348' data-type='post'>L\u2019art du crime \u2013 05 \u2013 Le r\u00eave de Curtis Lowell<\/a><\/td>\n<td data-align='center'>1-janvier-2020<\/td>\n<td data-align='center'><\/td>\n<td style='text-align:left'><\/td>\n<\/tr>\n<tr style='height: 24px;'>\n<td style='text-align:left'><strong>L\u2019art du crime<\/strong><\/td>\n<td style='text-align:left'><a href='https:\/\/joubjoub.ddns.net\/blog\/?p=52350' data-type='post'>L\u2019art du crime \u2013 06 \u2013 Par-dessus les nuages<\/a><\/td>\n<td data-align='center'>1-janvier-2020<\/td>\n<td data-align='center'><\/td>\n<td style='text-align:left'><\/td>\n<\/tr>\n<tr style='height: 24px;'>\n<td style='text-align:left'><strong>L\u2019art du crime<\/strong><\/td>\n<td style='text-align:left'><a href='https:\/\/joubjoub.ddns.net\/blog\/?p=52352' data-type='post'>L\u2019art du crime \u2013 07 \u2013 La M\u00e9lodie d\u2019Ostelinda<\/a><\/td>\n<td data-align='center'>1-janvier-2020<\/td>\n<td data-align='center'><\/td>\n<td style='text-align:left'><\/td>\n<\/tr>\n<tr style='height: 24px;'>\n<td style='text-align:left'><strong>L\u2019art du crime<\/strong><\/td>\n<td style='text-align:left'><a href='https:\/\/joubjoub.ddns.net\/blog\/?p=52354' data-type='post'>L\u2019art du crime \u2013 08 \u2013 Les Amants du Rialto<\/a><\/td>\n<td data-align='center'>1-janvier-2020<\/td>\n<td data-align='center'><\/td>\n<td style='text-align:left'><\/td>\n<\/tr>\n<tr style='height: 24px;'>\n<td style='text-align:left'><strong>L\u2019art du crime<\/strong><\/td>\n<td style='text-align:left'><a href='https:\/\/joubjoub.ddns.net\/blog\/?p=52396' data-type='post'>L\u2019art du crime \u2013 09 \u2013 Rudi<\/a><\/td>\n<td data-align='center'>1-ao\u00fbt-2020<\/td>\n<td data-align='center'><\/td>\n<td style='text-align:left'><\/td>\n<\/tr>\n<tr style='height: 24px;'>\n<td style='text-align:left'><strong>L\u2019Histoire de France pour les nuls<\/strong><\/td>\n<td style='text-align:left'><a href='https:\/\/joubjoub.ddns.net\/blog\/?p=52446' data-type='post'>L\u2019Histoire de France pour les nuls \u2013 08 \u2013 R\u00e9volution et empire<\/a><\/td>\n<td data-align='center'>27-d\u00e9cembre-2020<\/td>\n<td data-align='center'><\/td>\n<td style='text-align:left'><\/td>\n<\/tr>\n<tr style='height: 24px;'>\n<td style='text-align:left'><strong>Le Bourreau<\/strong><\/td>\n<td style='text-align:left'><a href='https:\/\/joubjoub.ddns.net\/blog\/?p=52406' data-type='post'>Le Bourreau \u2013 02 \u2013 Mascarades<\/a><\/td>\n<td data-align='center'>2-septembre-2020<\/td>\n<td data-align='center'><\/td>\n<td style='text-align:left'><\/td>\n<\/tr>\n<tr style='height: 24px;'>\n<td style='text-align:left'><strong>Le Bourreau<\/strong><\/td>\n<td style='text-align:left'><a href='https:\/\/joubjoub.ddns.net\/blog\/?p=52408' data-type='post'>Le Bourreau \u2013 03 \u2013 La f\u00eate des fous<\/a><\/td>\n<td data-align='center'>3-septembre-2020<\/td>\n<td data-align='center'><\/td>\n<td style='text-align:left'><\/td>\n<\/tr>\n<tr style='height: 24px;'>\n<td style='text-align:left'><strong>Le club des pr\u00e9dateurs<\/strong><\/td>\n<td style='text-align:left'><a href='https:\/\/joubjoub.ddns.net\/blog\/?p=52404' data-type='post'>Le club des pr\u00e9dateurs \u2013 02 \u2013 The party<\/a><\/td>\n<td data-align='center'>2-septembre-2020<\/td>\n<td data-align='center'><\/td>\n<td style='text-align:left'><\/td>\n<\/tr>\n<tr style='height: 24px;'>\n<td style='text-align:left'><strong>Le petit Spirou<\/strong><\/td>\n<td style='text-align:left'><a href='https:\/\/joubjoub.ddns.net\/blog\/?p=52442' data-type='post'>Le petit Spirou \u2013 18 \u2013 La v\u00e9rit\u00e9 sur tout !<\/a><\/td>\n<td data-align='center'>26-d\u00e9cembre-2020<\/td>\n<td data-align='center'><\/td>\n<td style='text-align:left'><\/td>\n<\/tr>\n<tr style='height: 24px;'>\n<td style='text-align:left'><strong>Les myst\u00e8res de la Cinqui\u00e8me R\u00e9publique<\/strong><\/td>\n<td style='text-align:left'><a href='https:\/\/joubjoub.ddns.net\/blog\/?p=52458' data-type='post'>Les myst\u00e8res de la Cinqui\u00e8me R\u00e9publique \u2013 05 \u2013 Au nom de la France<\/a><\/td>\n<td data-align='center'>27-d\u00e9cembre-2020<\/td>\n<td data-align='center'><\/td>\n<td style='text-align:left'><\/td>\n<\/tr>\n<tr style='height: 24px;'>\n<td style='text-align:left'><strong>Les myst\u00e8res de la Quatri\u00e8me R\u00e9publique<\/strong><\/td>\n<td style='text-align:left'><a href='https:\/\/joubjoub.ddns.net\/blog\/?p=52444' data-type='post'>Les myst\u00e8res de la Quatri\u00e8me R\u00e9publique \u2013 05 \u2013 Op\u00e9ration r\u00e9surrection<\/a><\/td>\n<td data-align='center'>26-d\u00e9cembre-2020<\/td>\n<td data-align='center'><\/td>\n<td style='text-align:left'><\/td>\n<\/tr>\n<tr style='height: 24px;'>\n<td style='text-align:left'><strong>Les myst\u00e8res de la Troisi\u00e8me R\u00e9publique<\/strong><\/td>\n<td style='text-align:left'><a href='https:\/\/joubjoub.ddns.net\/blog\/?p=52434' data-type='post'>Les myst\u00e8res de la Troisi\u00e8me R\u00e9publique \u2013 05 \u2013 Mort d\u2019un collabo<\/a><\/td>\n<td data-align='center'>26-d\u00e9cembre-2020<\/td>\n<td data-align='center'><\/td>\n<td style='text-align:left'><\/td>\n<\/tr>\n<tr style='height: 24px;'>\n<td style='text-align:left'><strong>Les p\u2019tits diables<\/strong><\/td>\n<td style='text-align:left'><a href='https:\/\/joubjoub.ddns.net\/blog\/?p=52374' data-type='post'>Les p\u2019tits diables \u2013 28 \u2013 Fr\u00e8re power<\/a><\/td>\n<td data-align='center'>14-juin-2020<\/td>\n<td data-align='center'><\/td>\n<td style='text-align:left'><\/td>\n<\/tr>\n<tr style='height: 24px;'>\n<td style='text-align:left'><strong>Les p\u2019tits diables<\/strong><\/td>\n<td style='text-align:left'><a href='https:\/\/joubjoub.ddns.net\/blog\/?p=52376' data-type='post'>Les p\u2019tits diables \u2013 29 \u2013 Ma tr\u00e8s ch\u00e8re s\u0153ur !<\/a><\/td>\n<td data-align='center'>15-juin-2020<\/td>\n<td data-align='center'><\/td>\n<td style='text-align:left'><\/td>\n<\/tr>\n<tr style='height: 24px;'>\n<td style='text-align:left'><strong>Les p\u2019tits diables<\/strong><\/td>\n<td style='text-align:left'><a href='https:\/\/joubjoub.ddns.net\/blog\/?p=52450' data-type='post'>Les p\u2019tits diables \u2013 30 \u2013 Fr\u00e8re offert !!! (cerveau non inclus)<\/a><\/td>\n<td data-align='center'>27-d\u00e9cembre-2020<\/td>\n<td data-align='center'><\/td>\n<td style='text-align:left'><\/td>\n<\/tr>\n<tr style='height: 24px;'>\n<td style='text-align:left'><strong>Les petits Mythos<\/strong><\/td>\n<td style='text-align:left'><a href='https:\/\/joubjoub.ddns.net\/blog\/?p=52428' data-type='post'>Les petits Mythos \u2013 BO \u2013 Les petits Mythos<\/a><\/td>\n<td data-align='center'>1-d\u00e9cembre-2020<\/td>\n<td data-align='center'><\/td>\n<td style='text-align:left'><\/td>\n<\/tr>\n<tr style='height: 24px;'>\n<td style='text-align:left'><strong>Les pompiers<\/strong><\/td>\n<td style='text-align:left'><a href='https:\/\/joubjoub.ddns.net\/blog\/?p=52432' data-type='post'>Les pompiers \u2013 HS5 \u2013 Festival d\u2019interventions<\/a><\/td>\n<td data-align='center'>7-d\u00e9cembre-2020<\/td>\n<td data-align='center'><\/td>\n<td style='text-align:left'><\/td>\n<\/tr>\n<tr style='height: 24px;'>\n<td style='text-align:left'><strong>Les profs<\/strong><\/td>\n<td style='text-align:left'><a href='https:\/\/joubjoub.ddns.net\/blog\/?p=52430' data-type='post'>Les profs \u2013 HS8 \u2013 Salle trop classe<\/a><\/td>\n<td data-align='center'>3-d\u00e9cembre-2020<\/td>\n<td data-align='center'><\/td>\n<td style='text-align:left'><\/td>\n<\/tr>\n<tr style='height: 24px;'>\n<td style='text-align:left'><strong>Les Schtroumpfs<\/strong><\/td>\n<td style='text-align:left'><a href='https:\/\/joubjoub.ddns.net\/blog\/?p=52402' data-type='post'>Les Schtroumpfs \u2013 38 \u2013 Les Schtroumpfs et le vol des cigognes<\/a><\/td>\n<td data-align='center'>31-ao\u00fbt-2020<\/td>\n<td data-align='center'><\/td>\n<td style='text-align:left'><\/td>\n<\/tr>\n<tr style='height: 24px;'>\n<td style='text-align:left'><strong>Marsupilami<\/strong><\/td>\n<td style='text-align:left'><a href='https:\/\/joubjoub.ddns.net\/blog\/?p=52454' data-type='post'>Marsupilami \u2013 31 \u2013 Monsieur Xing Y\u00f9n<\/a><\/td>\n<td data-align='center'>27-d\u00e9cembre-2020<\/td>\n<td data-align='center'><\/td>\n<td style='text-align:left'><\/td>\n<\/tr>\n<tr style='height: 24px;'>\n<td style='text-align:left'><strong>Mistinguette<\/strong><\/td>\n<td style='text-align:left'><a href='https:\/\/joubjoub.ddns.net\/blog\/?p=52412' data-type='post'>Mistinguette \u2013 11 \u2013 Passion \u00e9cologie<\/a><\/td>\n<td data-align='center'>25-octobre-2020<\/td>\n<td data-align='center'><\/td>\n<td style='text-align:left'><\/td>\n<\/tr>\n<tr style='height: 24px;'>\n<td style='text-align:left'><strong>Mortelle Ad\u00e8le<\/strong><\/td>\n<td style='text-align:left'><a href='https:\/\/joubjoub.ddns.net\/blog\/?p=52378' data-type='post'>Mortelle Ad\u00e8le \u2013 01 \u2013 Tout \u00e7a finira mal<\/a><\/td>\n<td data-align='center'>21-juin-2020<\/td>\n<td data-align='center'><\/td>\n<td style='text-align:left'><\/td>\n<\/tr>\n<tr style='height: 24px;'>\n<td style='text-align:left'><strong>Mortelle Ad\u00e8le<\/strong><\/td>\n<td style='text-align:left'><a href='https:\/\/joubjoub.ddns.net\/blog\/?p=52410' data-type='post'>Mortelle Ad\u00e8le \u2013 02 \u2013 L\u2019enfer, c\u2019est les autres<\/a><\/td>\n<td data-align='center'>24-octobre-2020<\/td>\n<td data-align='center'><\/td>\n<td style='text-align:left'><\/td>\n<\/tr>\n<tr style='height: 24px;'>\n<td style='text-align:left'><strong>Mortelle Ad\u00e8le<\/strong><\/td>\n<td style='text-align:left'><a href='https:\/\/joubjoub.ddns.net\/blog\/?p=52380' data-type='post'>Mortelle Ad\u00e8le \u2013 04 \u2013 J\u2019aime pas l\u2019amour<\/a><\/td>\n<td data-align='center'>21-juin-2020<\/td>\n<td data-align='center'><\/td>\n<td style='text-align:left'><\/td>\n<\/tr>\n<tr style='height: 24px;'>\n<td style='text-align:left'><strong>Mortelle Ad\u00e8le<\/strong><\/td>\n<td style='text-align:left'><a href='https:\/\/joubjoub.ddns.net\/blog\/?p=52426' data-type='post'>Mortelle Ad\u00e8le \u2013 11 \u2013 \u00c7a sent la croquette<\/a><\/td>\n<td data-align='center'>29-novembre-2020<\/td>\n<td data-align='center'><\/td>\n<td style='text-align:left'><\/td>\n<\/tr>\n<tr style='height: 24px;'>\n<td style='text-align:left'><strong>Mortelle Ad\u00e8le<\/strong><\/td>\n<td style='text-align:left'><a href='https:\/\/joubjoub.ddns.net\/blog\/?p=52394' data-type='post'>Mortelle Ad\u00e8le \u2013 12 \u2013 \u00c0 la p\u00eache aux nouilles !<\/a><\/td>\n<td data-align='center'>4-juillet-2020<\/td>\n<td data-align='center'><\/td>\n<td style='text-align:left'><\/td>\n<\/tr>\n<tr style='height: 24px;'>\n<td style='text-align:left'><strong>Mortelle Ad\u00e8le<\/strong><\/td>\n<td style='text-align:left'><a href='https:\/\/joubjoub.ddns.net\/blog\/?p=52384' data-type='post'>Mortelle Ad\u00e8le \u2013 13 \u2013 Big bisous baveux<\/a><\/td>\n<td data-align='center'>27-juin-2020<\/td>\n<td data-align='center'><\/td>\n<td style='text-align:left'><\/td>\n<\/tr>\n<tr style='height: 24px;'>\n<td style='text-align:left'><strong>Mortelle Ad\u00e8le<\/strong><\/td>\n<td style='text-align:left'><a href='https:\/\/joubjoub.ddns.net\/blog\/?p=52386' data-type='post'>Mortelle Ad\u00e8le \u2013 17 \u2013 Karmastrophique !<\/a><\/td>\n<td data-align='center'>27-juin-2020<\/td>\n<td data-align='center'><\/td>\n<td style='text-align:left'><\/td>\n<\/tr>\n<tr style='height: 24px;'>\n<td style='text-align:left'><strong>Mortelle Ad\u00e8le<\/strong><\/td>\n<td style='text-align:left'><a href='https:\/\/joubjoub.ddns.net\/blog\/?p=52392' data-type='post'>Mortelle Ad\u00e8le \u2013 HS1 \u2013 Mortelle Ad\u00e8le au pays des contes d\u00e9faits<\/a><\/td>\n<td data-align='center'>3-juillet-2020<\/td>\n<td data-align='center'><\/td>\n<td style='text-align:left'><\/td>\n<\/tr>\n<tr style='height: 24px;'>\n<td style='text-align:left'><strong>Nom de code : Martin<\/strong><\/td>\n<td style='text-align:left'><a href='https:\/\/joubjoub.ddns.net\/blog\/?p=52418' data-type='post'>Nom de code : Martin \u2013 02 \u2013 Hoggar<\/a><\/td>\n<td data-align='center'>1-novembre-2020<\/td>\n<td data-align='center'><\/td>\n<td style='text-align:left'><\/td>\n<\/tr>\n<tr style='height: 24px;'>\n<td style='text-align:left'><strong>Ric Hochet (Les nouvelles enqu\u00eates de)<\/strong><\/td>\n<td style='text-align:left'><a href='https:\/\/joubjoub.ddns.net\/blog\/?p=52372' data-type='post'>Ric Hochet (Les nouvelles enqu\u00eates de) \u2013 04 \u2013 Tomb\u00e9 pour la France<\/a><\/td>\n<td data-align='center'>14-juin-2020<\/td>\n<td data-align='center'><\/td>\n<td style='text-align:left'><\/td>\n<\/tr>\n<tr style='height: 24px;'>\n<td style='text-align:left'><strong>Sambre<\/strong><\/td>\n<td style='text-align:left'><a href='https:\/\/joubjoub.ddns.net\/blog\/?p=52438' data-type='post'>Sambre \u2013 08 \u2013 Celle que mes yeux ne voient pas<\/a><\/td>\n<td data-align='center'>26-d\u00e9cembre-2020<\/td>\n<td data-align='center'><\/td>\n<td style='text-align:left'><\/td>\n<\/tr>\n<tr style='height: 24px;'>\n<td style='text-align:left'><strong>Tu mourras moins b\u00eate [mais tu mourras quand m\u00eame !]<\/strong><\/td>\n<td style='text-align:left'><a href='https:\/\/joubjoub.ddns.net\/blog\/?p=52460' data-type='post'>Tu mourras moins b\u00eate [mais tu mourras quand m\u00eame !] \u2013 01 \u2013 La science, c\u2019est pas du cin\u00e9ma !<\/a><\/td>\n<td data-align='center'>28-d\u00e9cembre-2020<\/td>\n<td data-align='center'><\/td>\n<td style='text-align:left'><\/td>\n<\/tr>\n<tr style='height: 24px;'>\n<td style='text-align:left'><strong>Tu mourras moins b\u00eate [mais tu mourras quand m\u00eame !]<\/strong><\/td>\n<td style='text-align:left'><a href='https:\/\/joubjoub.ddns.net\/blog\/?p=52462' data-type='post'>Tu mourras moins b\u00eate [mais tu mourras quand m\u00eame !] \u2013 02 \u2013 Quoi de neuf, docteur Moustache ?<\/a><\/td>\n<td data-align='center'>29-d\u00e9cembre-2020<\/td>\n<td data-align='center'><\/td>\n<td style='text-align:left'><\/td>\n<\/tr>\n<tr style='height: 24px;'>\n<td style='text-align:left'><strong>Walking Dead<\/strong><\/td>\n<td style='text-align:left'><a href='https:\/\/joubjoub.ddns.net\/blog\/?p=52398' data-type='post'>Walking Dead \u2013 32 \u2013 La fin du voyage<\/a><\/td>\n<td data-align='center'>30-ao\u00fbt-2020<\/td>\n<td data-align='center'><\/td>\n<td style='text-align:left'><\/td>\n<\/tr>\n<tr style='height: 24px;'>\n<td style='text-align:left'><strong>Walking Dead<\/strong><\/td>\n<td style='text-align:left'><a href='https:\/\/joubjoub.ddns.net\/blog\/?p=52400' data-type='post'>Walking Dead \u2013 33 \u2013 \u00c9pilogue<\/a><\/td>\n<td data-align='center'>30-ao\u00fbt-2020<\/td>\n<td data-align='center'><\/td>\n<td style='text-align:left'><\/td>\n<\/tr>\n<tr style='height: 24px;'>\n<td style='text-align:left'><strong>XIII<\/strong><\/td>\n<td style='text-align:left'><a href='https:\/\/joubjoub.ddns.net\/blog\/?p=52366' data-type='post'>XIII \u2013 26 \u2013 2 132 m\u00e8tres<\/a><\/td>\n<td data-align='center'>4-janvier-2020<\/td>\n<td data-align='center'><\/td>\n<td style='text-align:left'><\/td>\n<\/tr>\n<tr style='height: 24px;'>\n<td style='text-align:left'><strong>XIII Mystery<\/strong><\/td>\n<td style='text-align:left'><a href='https:\/\/joubjoub.ddns.net\/blog\/?p=52448' data-type='post'>XIII Mystery \u2013 12 \u2013 Alan Smith<\/a><\/td>\n<td data-align='center'>27-d\u00e9cembre-2020<\/td>\n<td data-align='center'><\/td>\n<td style='text-align:left'><\/td>\n<\/tr>\n<tr style='height: 24px;'>\n<td style='text-align:left'><strong>Yakari<\/strong><\/td>\n<td style='text-align:left'><a href='https:\/\/joubjoub.ddns.net\/blog\/?p=52452' data-type='post'>Yakari \u2013 40 \u2013 L\u2019Esprit des chevaux<\/a><\/td>\n<td data-align='center'>27-d\u00e9cembre-2020<\/td>\n<td data-align='center'><\/td>\n<td style='text-align:left'><\/td>\n<\/tr>\n<tr style='height: 24px;'>\n<td style='text-align:left'><strong>Yakari<\/strong><\/td>\n<td style='text-align:left'><a href='https:\/\/joubjoub.ddns.net\/blog\/?p=52456' data-type='post'>Yakari \u2013 41 \u2013 Le fils de l\u2019aigle<\/a><\/td>\n<td data-align='center'>27-d\u00e9cembre-2020<\/td>\n<td data-align='center'><\/td>\n<td style='text-align:left'><\/td>\n<\/tr>\n<\/tbody>\n<tfoot>\n<tr style='height: 24px; font-size: 18px;'>\n<th style='text-align:left'><span class='has-vivid-cyan-blue-color'><strong>TOTAL : 58 bandes dessin\u00e9es lus en 2020<\/strong><\/span><\/th>\n<th><\/th>\n<th><\/th>\n<th><\/th>\n<\/tr>\n<\/tfoot>\n<\/table>\n<p><\/center><\/p>\n","protected":false},"excerpt":{"rendered":"<p>S\u00e9rie Titre Date Anatole Latuile Anatole Latuile \u2013 02 \u2013 Oohiohioo ! 28-juin-2020 Anatole Latuile Anatole Latuile \u2013 03 \u2013 Personne en vue ! 28-juin-2020 Anatole Latuile Anatole Latuile \u2013 06 \u2013 Pas de panique ! 29-octobre-2020 Anatole Latuile Anatole Latuile \u2013 07 \u2013 \u00c7a va d\u00e9gominer ! 28-novembre-2020 Boule et Bill Boule et Bill \u2013 40 \u2013 Bill \u00e0&#46;&#46;&#46;<\/p>\n","protected":false},"author":1,"featured_media":0,"parent":0,"menu_order":0,"comment_status":"closed","ping_status":"closed","template":"","meta":{"footnotes":""},"class_list":["post-52680","page","type-page","status-publish","hentry"],"_links":{"self":[{"href":"https:\/\/joubjoub.ddns.net\/blog\/index.php?rest_route=\/wp\/v2\/pages\/52680","targetHints":{"allow":["GET"]}}],"collection":[{"href":"https:\/\/joubjoub.ddns.net\/blog\/index.php?rest_route=\/wp\/v2\/pages"}],"about":[{"href":"https:\/\/joubjoub.ddns.net\/blog\/index.php?rest_route=\/wp\/v2\/types\/page"}],"author":[{"embeddable":true,"href":"https:\/\/joubjoub.ddns.net\/blog\/index.php?rest_route=\/wp\/v2\/users\/1"}],"replies":[{"embeddable":true,"href":"https:\/\/joubjoub.ddns.net\/blog\/index.php?rest_route=%2Fwp%2Fv2%2Fcomments&post=52680"}],"version-history":[{"count":1,"href":"https:\/\/joubjoub.ddns.net\/blog\/index.php?rest_route=\/wp\/v2\/pages\/52680\/revisions"}],"predecessor-version":[{"id":52686,"href":"https:\/\/joubjoub.ddns.net\/blog\/index.php?rest_route=\/wp\/v2\/pages\/52680\/revisions\/52686"}],"wp:attachment":[{"href":"https:\/\/joubjoub.ddns.net\/blog\/index.php?rest_route=%2Fwp%2Fv2%2Fmedia&parent=52680"}],"curies":[{"name":"wp","href":"https:\/\/api.w.org\/{rel}","templated":true}]}}