{"id":52768,"date":"2025-06-22T15:06:02","date_gmt":"2025-06-22T13:06:02","guid":{"rendered":"https:\/\/joubjoub.ddns.net\/blog\/?page_id=52768"},"modified":"2025-07-06T08:38:00","modified_gmt":"2025-07-06T06:38:00","slug":"bilan-2005","status":"publish","type":"page","link":"https:\/\/joubjoub.ddns.net\/blog\/?page_id=52768","title":{"rendered":"Bilan 2005"},"content":{"rendered":"<p><center><\/p>\n<table style=\"width: 95%;\">\n<thead>\n<tr style=\"height: 24px; font-size: 18px;\">\n<th style=\"text-align: left; width: 155px;\">Date<\/th>\n<th style=\"text-align: left; width: 175px;\" data-align=\"center\">Cat\u00e9gorie<\/th>\n<th data-align=\"center\"><\/th>\n<th style=\"text-align: left; width: 50px;\" data-align=\"center\"><\/th>\n<th style=\"text-align: left; width: 750px;\" data-align=\"center\"><\/th>\n<\/tr>\n<\/thead>\n<tbody>\n<tr style=\"height: 24px; background-color: #d9d9d9;\">\n<td style=\"text-align: left;\">14 ao\u00fbt 2005<\/td>\n<td style=\"text-align: left;\"><strong>FILM<\/strong><\/td>\n<td style=\"text-align: left;\"><a href=\"https:\/\/joubjoub.ddns.net\/blog\/?p=44743\" data-type=\"post\">Ars\u00e8ne Lupin<\/a><\/td>\n<td style=\"text-align: left;\"><\/td>\n<td style=\"text-align: left;\">Adaptation du roman <em><strong>\u00ab\u00a0La comtesse de Cagliostro\u00a0\u00bb<\/strong><\/em>\u00a0de Maurice Leblanc<\/td>\n<\/tr>\n<tr style=\"height: 24px; background-color: #d9d9d9;\">\n<td style=\"text-align: left;\">16 ao\u00fbt 2005<\/td>\n<td style=\"text-align: left;\"><strong>FILM<\/strong><\/td>\n<td style=\"text-align: left;\"><a href=\"https:\/\/joubjoub.ddns.net\/blog\/?p=44745\" data-type=\"post\">Le plus beau jour de ma vie<\/a><\/td>\n<td style=\"text-align: left;\"><\/td>\n<td style=\"text-align: left;\"><\/td>\n<\/tr>\n<tr style=\"height: 24px; background-color: #d9d9d9;\">\n<td style=\"text-align: left;\">20 ao\u00fbt 2005<\/td>\n<td style=\"text-align: left;\"><strong>FILM<\/strong><\/td>\n<td style=\"text-align: left;\"><a href=\"https:\/\/joubjoub.ddns.net\/blog\/?p=44747\" data-type=\"post\">Sa m\u00e8re ou moi !<\/a><\/td>\n<td style=\"text-align: left;\"><\/td>\n<td style=\"text-align: left;\"><\/td>\n<\/tr>\n<tr style=\"height: 24px; background-color: #d9d9d9;\">\n<td style=\"text-align: left;\">21 ao\u00fbt 2005<\/td>\n<td style=\"text-align: left;\"><strong>FILM<\/strong><\/td>\n<td style=\"text-align: left;\"><a href=\"https:\/\/joubjoub.ddns.net\/blog\/?p=44749\" data-type=\"post\">Black\/White<\/a><\/td>\n<td style=\"text-align: left;\"><\/td>\n<td style=\"text-align: left;\"><\/td>\n<\/tr>\n<tr style=\"height: 24px; background-color: #d9d9d9;\">\n<td style=\"text-align: left;\">23 ao\u00fbt 2005<\/td>\n<td style=\"text-align: left;\"><strong>FILM<\/strong><\/td>\n<td style=\"text-align: left;\"><a href=\"https:\/\/joubjoub.ddns.net\/blog\/?p=44751\" data-type=\"post\">L\u2019effet papillon<\/a><\/td>\n<td style=\"text-align: left;\"><\/td>\n<td style=\"text-align: left;\"><\/td>\n<\/tr>\n<tr style=\"height: 24px; background-color: #d9d9d9;\">\n<td style=\"text-align: left;\">4 septembre 2005<\/td>\n<td style=\"text-align: left;\"><strong>FILM<\/strong><\/td>\n<td style=\"text-align: left;\"><a href=\"https:\/\/joubjoub.ddns.net\/blog\/?p=44753\" data-type=\"post\">Les s\u0153urs f\u00e2ch\u00e9es<\/a><\/td>\n<td style=\"text-align: left;\"><\/td>\n<td style=\"text-align: left;\"><\/td>\n<\/tr>\n<tr style=\"height: 24px; background-color: #d9d9d9;\">\n<td style=\"text-align: left;\">24 septembre 2005<\/td>\n<td style=\"text-align: left;\"><strong>FILM<\/strong><\/td>\n<td style=\"text-align: left;\"><a href=\"https:\/\/joubjoub.ddns.net\/blog\/?p=44755\" data-type=\"post\">Saw<\/a><\/td>\n<td style=\"text-align: left;\">\u2764\ufe0f<\/td>\n<td style=\"text-align: left;\"><\/td>\n<\/tr>\n<tr style=\"height: 24px; background-color: #d9d9d9;\">\n<td style=\"text-align: left;\">18 octobre 2005<\/td>\n<td style=\"text-align: left;\"><strong>FILM<\/strong><\/td>\n<td style=\"text-align: left;\"><a href=\"https:\/\/joubjoub.ddns.net\/blog\/?p=44757\" data-type=\"post\">Pi\u00e8ge en eaux profondes<\/a><\/td>\n<td style=\"text-align: left;\"><\/td>\n<td style=\"text-align: left;\"><\/td>\n<\/tr>\n<tr style=\"height: 24px; background-color: #d9d9d9;\">\n<td style=\"text-align: left;\">19 octobre 2005<\/td>\n<td style=\"text-align: left;\"><strong>FILM<\/strong><\/td>\n<td style=\"text-align: left;\"><a href=\"https:\/\/joubjoub.ddns.net\/blog\/?p=44759\" data-type=\"post\">Brice de Nice<\/a><\/td>\n<td style=\"text-align: left;\"><\/td>\n<td style=\"text-align: left;\"><\/td>\n<\/tr>\n<tr style=\"height: 24px; background-color: #d9d9d9;\">\n<td style=\"text-align: left;\">20 octobre 2005<\/td>\n<td style=\"text-align: left;\"><strong>FILM<\/strong><\/td>\n<td style=\"text-align: left;\"><a href=\"https:\/\/joubjoub.ddns.net\/blog\/?p=44761\" data-type=\"post\">7 secondes<\/a><\/td>\n<td style=\"text-align: left;\"><\/td>\n<td style=\"text-align: left;\"><\/td>\n<\/tr>\n<tr style=\"height: 24px; background-color: #d9d9d9;\">\n<td style=\"text-align: left;\">21 octobre 2005<\/td>\n<td style=\"text-align: left;\"><strong>FILM<\/strong><\/td>\n<td style=\"text-align: left;\"><a href=\"https:\/\/joubjoub.ddns.net\/blog\/?p=44763\" data-type=\"post\">Furtif<\/a><\/td>\n<td style=\"text-align: left;\"><\/td>\n<td style=\"text-align: left;\"><\/td>\n<\/tr>\n<tr style=\"height: 24px; background-color: #d9d9d9;\">\n<td style=\"text-align: left;\">22 octobre 2005<\/td>\n<td style=\"text-align: left;\"><strong>FILM<\/strong><\/td>\n<td style=\"text-align: left;\"><a href=\"https:\/\/joubjoub.ddns.net\/blog\/?p=44765\" data-type=\"post\">Un aller pour l\u2019enfer<\/a><\/td>\n<td style=\"text-align: left;\"><\/td>\n<td style=\"text-align: left;\"><\/td>\n<\/tr>\n<tr style=\"height: 24px; background-color: #d9d9d9;\">\n<td style=\"text-align: left;\">22 octobre 2005<\/td>\n<td style=\"text-align: left;\"><strong>FILM<\/strong><\/td>\n<td style=\"text-align: left;\"><a href=\"https:\/\/joubjoub.ddns.net\/blog\/?p=44767\" data-type=\"post\">Equilibrium<\/a><\/td>\n<td style=\"text-align: left;\"><\/td>\n<td style=\"text-align: left;\"><\/td>\n<\/tr>\n<tr style=\"height: 24px; background-color: #d9d9d9;\">\n<td style=\"text-align: left;\">22 octobre 2005<\/td>\n<td style=\"text-align: left;\"><strong>FILM<\/strong><\/td>\n<td style=\"text-align: left;\"><a href=\"https:\/\/joubjoub.ddns.net\/blog\/?p=44769\" data-type=\"post\">Batman Begins<\/a><\/td>\n<td style=\"text-align: left;\"><\/td>\n<td style=\"text-align: left;\"><\/td>\n<\/tr>\n<tr style=\"height: 24px; background-color: #d9d9d9;\">\n<td style=\"text-align: left;\">6 novembre 2005<\/td>\n<td style=\"text-align: left;\"><strong>FILM<\/strong><\/td>\n<td style=\"text-align: left;\"><a href=\"https:\/\/joubjoub.ddns.net\/blog\/?p=44771\" data-type=\"post\">La maison de cire<\/a><\/td>\n<td style=\"text-align: left;\"><\/td>\n<td style=\"text-align: left;\"><\/td>\n<\/tr>\n<tr style=\"height: 24px; background-color: #d9d9d9;\">\n<td style=\"text-align: left;\">12 novembre 2005<\/td>\n<td style=\"text-align: left;\"><strong>FILM<\/strong><\/td>\n<td style=\"text-align: left;\"><a href=\"https:\/\/joubjoub.ddns.net\/blog\/?p=44773\" data-type=\"post\">Les 4 fantastiques (2005)<\/a><\/td>\n<td style=\"text-align: left;\"><\/td>\n<td style=\"text-align: left;\"><\/td>\n<\/tr>\n<tr style=\"height: 24px; background-color: #d9d9d9;\">\n<td style=\"text-align: left;\">19 novembre 2005<\/td>\n<td style=\"text-align: left;\"><strong>FILM<\/strong><\/td>\n<td style=\"text-align: left;\"><a href=\"https:\/\/joubjoub.ddns.net\/blog\/?p=44775\" data-type=\"post\">Ma sorci\u00e8re bien-aim\u00e9e<\/a><\/td>\n<td style=\"text-align: left;\"><\/td>\n<td style=\"text-align: left;\"><\/td>\n<\/tr>\n<tr style=\"height: 24px; background-color: #d9d9d9;\">\n<td style=\"text-align: left;\">20 novembre 2005<\/td>\n<td style=\"text-align: left;\"><strong>FILM<\/strong><\/td>\n<td style=\"text-align: left;\"><a href=\"https:\/\/joubjoub.ddns.net\/blog\/?p=44777\" data-type=\"post\">La guerre des mondes<\/a><\/td>\n<td style=\"text-align: left;\"><\/td>\n<td style=\"text-align: left;\">Adaptation du roman \u00e9ponyme de H.G. Wells<\/td>\n<\/tr>\n<tr style=\"height: 24px; background-color: #d9d9d9;\">\n<td style=\"text-align: left;\">10 d\u00e9cembre 2005<\/td>\n<td style=\"text-align: left;\"><strong>FILM<\/strong><\/td>\n<td style=\"text-align: left;\"><a href=\"https:\/\/joubjoub.ddns.net\/blog\/?p=44779\" data-type=\"post\">Ma femme est un gangster<\/a><\/td>\n<td style=\"text-align: left;\"><\/td>\n<td style=\"text-align: left;\"><\/td>\n<\/tr>\n<tr style=\"height: 24px; background-color: #d9d9d9;\">\n<td style=\"text-align: left;\">21 d\u00e9cembre 2005<\/td>\n<td style=\"text-align: left;\"><strong>FILM<\/strong><\/td>\n<td style=\"text-align: left;\"><a href=\"https:\/\/joubjoub.ddns.net\/blog\/?p=44781\" data-type=\"post\">Crying Freeman<\/a><\/td>\n<td style=\"text-align: left;\">\u2764\ufe0f<\/td>\n<td style=\"text-align: left;\">Adaptation du manga \u00e9ponyme de Kazuo Koike et Ry\u00f4ichi Ikegami<\/td>\n<\/tr>\n<\/tbody>\n<\/table>\n<p><\/center><\/p>\n","protected":false},"excerpt":{"rendered":"<p>Date Cat\u00e9gorie 14 ao\u00fbt 2005 FILM Ars\u00e8ne Lupin Adaptation du roman \u00ab\u00a0La comtesse de Cagliostro\u00a0\u00bb\u00a0de Maurice Leblanc 16 ao\u00fbt 2005 FILM Le plus beau jour de ma vie 20 ao\u00fbt 2005 FILM Sa m\u00e8re ou moi ! 21 ao\u00fbt 2005 FILM Black\/White 23 ao\u00fbt 2005 FILM L\u2019effet papillon 4 septembre 2005 FILM Les s\u0153urs f\u00e2ch\u00e9es 24 septembre 2005 FILM Saw&#46;&#46;&#46;<\/p>\n","protected":false},"author":1,"featured_media":0,"parent":0,"menu_order":0,"comment_status":"closed","ping_status":"closed","template":"","meta":{"footnotes":""},"class_list":["post-52768","page","type-page","status-publish","hentry"],"_links":{"self":[{"href":"https:\/\/joubjoub.ddns.net\/blog\/index.php?rest_route=\/wp\/v2\/pages\/52768","targetHints":{"allow":["GET"]}}],"collection":[{"href":"https:\/\/joubjoub.ddns.net\/blog\/index.php?rest_route=\/wp\/v2\/pages"}],"about":[{"href":"https:\/\/joubjoub.ddns.net\/blog\/index.php?rest_route=\/wp\/v2\/types\/page"}],"author":[{"embeddable":true,"href":"https:\/\/joubjoub.ddns.net\/blog\/index.php?rest_route=\/wp\/v2\/users\/1"}],"replies":[{"embeddable":true,"href":"https:\/\/joubjoub.ddns.net\/blog\/index.php?rest_route=%2Fwp%2Fv2%2Fcomments&post=52768"}],"version-history":[{"count":20,"href":"https:\/\/joubjoub.ddns.net\/blog\/index.php?rest_route=\/wp\/v2\/pages\/52768\/revisions"}],"predecessor-version":[{"id":58454,"href":"https:\/\/joubjoub.ddns.net\/blog\/index.php?rest_route=\/wp\/v2\/pages\/52768\/revisions\/58454"}],"wp:attachment":[{"href":"https:\/\/joubjoub.ddns.net\/blog\/index.php?rest_route=%2Fwp%2Fv2%2Fmedia&parent=52768"}],"curies":[{"name":"wp","href":"https:\/\/api.w.org\/{rel}","templated":true}]}}