{"id":52914,"date":"2025-06-23T18:15:26","date_gmt":"2025-06-23T16:15:26","guid":{"rendered":"https:\/\/joubjoub.ddns.net\/blog\/?page_id=52914"},"modified":"2025-06-23T19:38:51","modified_gmt":"2025-06-23T17:38:51","slug":"episodes-tv-vus-en-2022","status":"publish","type":"page","link":"https:\/\/joubjoub.ddns.net\/blog\/?page_id=52914","title":{"rendered":"\u00c9pisodes TV vus en 2022"},"content":{"rendered":"<ul>\n<li><em><strong>Nombre de s\u00e9ries TV :<\/strong> 3<\/em>\n<ul>\n<li><em>American Horror Story : Murder House<\/em> (Saison 1)<\/li>\n<li><em>La petite maison dans la prairie<\/em> (Saison 1)<\/li>\n<li><em>Stranger Things<\/em> (Saison 4)<\/li>\n<\/ul>\n<\/li>\n<li><em><strong>Nombre d&rsquo;\u00e9pisodes vus :<\/strong> 22<\/em><\/li>\n<\/ul>\n<hr \/>\n<p><img decoding=\"async\" class=\"wp-image-31422 alignright\" src=\".\/wp-content\/uploads\/SeriesTV\/2022\/American Horror Story - S01.jpg\" alt=\"\" width=\"286\" \/><\/p>\n<p id=\"mctm1-2\" style=\"font-size: 24px\"><strong>American Horror Story : Murder House &#8211; Saison 1 <\/strong><\/p>\n<p>Une famille de Boston prend un nouveau d\u00e9part en d\u00e9m\u00e9nageant \u00e0 Los Angeles&#8230; et d\u00e9couvre que sa nouvelle maison est peut-\u00eatre d\u00e9j\u00e0 \u00ab\u00a0occup\u00e9e\u00a0\u00bb.<\/p>\n<ul class=\"links\">\n<li><a href='https:\/\/joubjoub.ddns.net\/blog\/?p=52870' data-type='post'>American Horror Story &#8211; S01.E01 &#8211; La maison<\/a><\/li>\n<li><a href='https:\/\/joubjoub.ddns.net\/blog\/?p=52872' data-type='post'>American Horror Story &#8211; S01.E02 &#8211; Intrus<\/a><\/li>\n<li><a href='https:\/\/joubjoub.ddns.net\/blog\/?p=52874' data-type='post'>American Horror Story &#8211; S01.E03 &#8211; La maison de l&rsquo;horreur<\/a><\/li>\n<li><a href='https:\/\/joubjoub.ddns.net\/blog\/?p=52876' data-type='post'>American Horror Story &#8211; S01.E04 &#8211; Halloween &#8211; 1\u00e8re partie<\/a><\/li>\n<li><a href='https:\/\/joubjoub.ddns.net\/blog\/?p=52878' data-type='post'>American Horror Story &#8211; S01.E05 &#8211; Halloween &#8211; 2\u00e8me partie<\/a><\/li>\n<li><a href='https:\/\/joubjoub.ddns.net\/blog\/?p=52880' data-type='post'>American Horror Story &#8211; S01.E06 &#8211; Monsieur le porc<\/a><\/li>\n<li><a href='https:\/\/joubjoub.ddns.net\/blog\/?p=52882' data-type='post'>American Horror Story &#8211; S01.E07 &#8211; Propri\u00e9t\u00e9 \u00e0 vendre<\/a><\/li>\n<li><a href='https:\/\/joubjoub.ddns.net\/blog\/?p=52884' data-type='post'>American Horror Story &#8211; S01.E08 &#8211; L&rsquo;homme en latex<\/a><\/li>\n<li><a href='https:\/\/joubjoub.ddns.net\/blog\/?p=52886' data-type='post'>American Horror Story &#8211; S01.E09 &#8211; Le dahlia noir<\/a><\/li>\n<li><a href='https:\/\/joubjoub.ddns.net\/blog\/?p=52888' data-type='post'>American Horror Story &#8211; S01.E10 &#8211; L&rsquo;aveu<\/a><\/li>\n<li><a href='https:\/\/joubjoub.ddns.net\/blog\/?p=52890' data-type='post'>American Horror Story &#8211; S01.E11 &#8211; La naissance<\/a><\/li>\n<li><a href='https:\/\/joubjoub.ddns.net\/blog\/?p=52892' data-type='post'>American Horror Story &#8211; S01.E12 &#8211; Trois ans plus tard<\/a><\/li>\n<\/ul>\n<hr \/>\n<p><img decoding=\"async\" class=\"wp-image-31422 alignright\" src=\".\/wp-content\/uploads\/SeriesTV\/2022\/La petite maison dans la prairie - S01.jpg\" alt=\"\" width=\"286\" \/><\/p>\n<p id=\"mctm1-2\" style=\"font-size: 24px\"><strong>La petite maison dans la prairie &#8211; Saison 1 \/ 10<\/strong><\/p>\n<p>En 1873, Charles et Caroline Ingalls, accompagn\u00e9s de leurs filles, Laura, Mary et Carrie s\u2019installent dans une petite maison dans la prairie, pr\u00e8s de la ville de Walnut Grove, en plein Midwest am\u00e9ricain. Des joies aux drames, la famille Ingalls va traverser de nombreuses \u00e9preuves.<\/p>\n<ul class=\"links\">\n<li><a href='https:\/\/joubjoub.ddns.net\/blog\/?p=52894' data-type='post'>La petite maison dans la prairie &#8211; S01.E01 &#8211; L&rsquo;installation<\/a><\/li>\n<\/ul>\n<p>&nbsp;<\/p>\n<p>&nbsp;<\/p>\n<p>&nbsp;<\/p>\n<p>&nbsp;<br \/>\n&nbsp;<\/p>\n<p>&nbsp;<\/p>\n<p>&nbsp;<\/p>\n<hr \/>\n<p><img decoding=\"async\" class=\"wp-image-31422 alignright\" src=\".\/wp-content\/uploads\/SeriesTV\/2022\/Stranger Things - S04.jpg\" alt=\"\" width=\"286\" \/><\/p>\n<p id=\"mctm1-2\" style=\"font-size: 24px\"><strong>Stranger Things &#8211; Saison 4 \/ 5<\/strong><\/p>\n<p>Six mois se sont \u00e9coul\u00e9s depuis la bataille de Starcourt qui a sem\u00e9 terreur et d\u00e9solation sur Hawkins. Encore titubants, nos amis se trouvent s\u00e9par\u00e9s pour la premi\u00e8re fois \u2013 et la vie de lyc\u00e9en n&rsquo;arrange rien. C&rsquo;est \u00e0 ce moment de vuln\u00e9rabilit\u00e9 qu&rsquo;une nouvelle menace surnaturelle appara\u00eet et, avec elle, un terrible myst\u00e8re qui pourrait \u00eatre la clef permettant de mettre fin aux horreurs du monde \u00e0 l&rsquo;envers.<\/p>\n<ul class=\"links\">\n<li><a href='https:\/\/joubjoub.ddns.net\/blog\/?p=52896' data-type='post'>Stranger Things &#8211; S04.E01 &#8211; Chapitre un : Le club du feu de l&rsquo;enfer<\/a><\/li>\n<li><a href='https:\/\/joubjoub.ddns.net\/blog\/?p=52898' data-type='post'>Stranger Things &#8211; S04.E02 &#8211; Chapitre deux : La mal\u00e9diction de Vecna<\/a><\/li>\n<li><a href='https:\/\/joubjoub.ddns.net\/blog\/?p=52900' data-type='post'>Stranger Things &#8211; S04.E03 &#8211; Chapitre trois : Le monstre et la superh\u00e9ro\u00efne<\/a><\/li>\n<li><a href='https:\/\/joubjoub.ddns.net\/blog\/?p=52902' data-type='post'>Stranger Things &#8211; S04.E04 &#8211; Chapitre quatre : Cher Billy<\/a><\/li>\n<li><a href='https:\/\/joubjoub.ddns.net\/blog\/?p=52904' data-type='post'>Stranger Things &#8211; S04.E05 &#8211; Chapitre cind : Projet \u00ab\u00a0Nina\u00a0\u00bb<\/a><\/li>\n<li><a href='https:\/\/joubjoub.ddns.net\/blog\/?p=52906' data-type='post'>Stranger Things &#8211; S04.E06 &#8211; Chapitre six : Le plongeon<\/a><\/li>\n<li><a href='https:\/\/joubjoub.ddns.net\/blog\/?p=52908' data-type='post'>Stranger Things &#8211; S04.E07 &#8211; Chapitre sept : Le massacre du laboratoire d&rsquo;Hawkins<\/a><\/li>\n<li><a href='https:\/\/joubjoub.ddns.net\/blog\/?p=52910' data-type='post'>Stranger Things &#8211; S04.E08 &#8211; Chapitre huit : Papa<\/a><\/li>\n<li><a href='https:\/\/joubjoub.ddns.net\/blog\/?p=52912' data-type='post'>Stranger Things &#8211; S04.E09 &#8211; Chapitre neuf : L&rsquo;infiltration<\/a><\/li>\n<\/ul>\n","protected":false},"excerpt":{"rendered":"<p>Nombre de s\u00e9ries TV : 3 American Horror Story : Murder House (Saison 1) La petite maison dans la prairie (Saison 1) Stranger Things (Saison 4) Nombre d&rsquo;\u00e9pisodes vus : 22 American Horror Story : Murder House &#8211; Saison 1 Une famille de Boston prend un nouveau d\u00e9part en d\u00e9m\u00e9nageant \u00e0 Los Angeles&#8230; et d\u00e9couvre que sa nouvelle maison est&#46;&#46;&#46;<\/p>\n","protected":false},"author":1,"featured_media":0,"parent":0,"menu_order":0,"comment_status":"closed","ping_status":"closed","template":"","meta":{"footnotes":""},"class_list":["post-52914","page","type-page","status-publish","hentry"],"_links":{"self":[{"href":"https:\/\/joubjoub.ddns.net\/blog\/index.php?rest_route=\/wp\/v2\/pages\/52914","targetHints":{"allow":["GET"]}}],"collection":[{"href":"https:\/\/joubjoub.ddns.net\/blog\/index.php?rest_route=\/wp\/v2\/pages"}],"about":[{"href":"https:\/\/joubjoub.ddns.net\/blog\/index.php?rest_route=\/wp\/v2\/types\/page"}],"author":[{"embeddable":true,"href":"https:\/\/joubjoub.ddns.net\/blog\/index.php?rest_route=\/wp\/v2\/users\/1"}],"replies":[{"embeddable":true,"href":"https:\/\/joubjoub.ddns.net\/blog\/index.php?rest_route=%2Fwp%2Fv2%2Fcomments&post=52914"}],"version-history":[{"count":12,"href":"https:\/\/joubjoub.ddns.net\/blog\/index.php?rest_route=\/wp\/v2\/pages\/52914\/revisions"}],"predecessor-version":[{"id":52928,"href":"https:\/\/joubjoub.ddns.net\/blog\/index.php?rest_route=\/wp\/v2\/pages\/52914\/revisions\/52928"}],"wp:attachment":[{"href":"https:\/\/joubjoub.ddns.net\/blog\/index.php?rest_route=%2Fwp%2Fv2%2Fmedia&parent=52914"}],"curies":[{"name":"wp","href":"https:\/\/api.w.org\/{rel}","templated":true}]}}