{"id":58787,"date":"2025-07-11T09:19:01","date_gmt":"2025-07-11T07:19:01","guid":{"rendered":"https:\/\/176.143.180.246\/blog\/?page_id=58787"},"modified":"2025-07-11T09:23:07","modified_gmt":"2025-07-11T07:23:07","slug":"lego-construits-en-2022","status":"publish","type":"page","link":"https:\/\/joubjoub.ddns.net\/blog\/?page_id=58787","title":{"rendered":"LEGO\u00ae construits en 2022"},"content":{"rendered":"<p><center><\/p>\n<table style=\"width: 95%;\">\n<thead>\n<tr style=\"height: 24px; font-size: 18px;\">\n<th style=\"text-align: left; width: 205px;\" data-align=\"center\">Cat\u00e9gorie<\/th>\n<th style=\"text-align: left;\" data-align=\"center\">D\u00e9nomination<\/th>\n<th style=\"text-align: center; width: 165px;\">Date<\/th>\n<th style=\"text-align: right; width: 155px;\">Nb. de pi\u00e8ces<\/th>\n<\/tr>\n<\/thead>\n<tbody>\n<tr style='height: 24px;'>\n<td style='text-align:left'>Art<\/td>\n<td style='text-align:left'><a href='.\/?p=58675' data-type='post'>#31203 &#8211; La carte du monde<\/a><\/td>\n<td data-align='center'>8-mai-2022<\/td>\n<td style='text-align:right'>11 695<\/td>\n<\/tr>\n<tr style='height: 24px;'>\n<td style='text-align:left'>Ideas<\/td>\n<td style='text-align:left'><a href='.\/?p=58685' data-type='post'>#21323 &#8211; Le piano \u00e0 queue<\/a><\/td>\n<td data-align='center'>10-octobre-2022<\/td>\n<td style='text-align:right'>3 662<\/td>\n<\/tr>\n<tr style='height: 24px;'>\n<td style='text-align:left'>Ideas<\/td>\n<td style='text-align:left'><a href='.\/?p=58683' data-type='post'>#21333 &#8211; Vincent van Gogh\u00a0&#8211; La Nuit \u00e9toil\u00e9e<\/a><\/td>\n<td data-align='center'>8-octobre-2022<\/td>\n<td style='text-align:right'>2 316<\/td>\n<\/tr>\n<tr style='height: 24px;'>\n<td style='text-align:left'>Star\u00a0Wars\u2122<\/td>\n<td style='text-align:left'><a href='.\/?p=58677' data-type='post'>#75308 &#8211; R2-D2\u2122<\/a><\/td>\n<td data-align='center'>28-juin-2022<\/td>\n<td style='text-align:right'>2 314<\/td>\n<\/tr>\n<tr style='height: 24px;'>\n<td style='text-align:left'>Star\u00a0Wars\u2122<\/td>\n<td style='text-align:left'><a href='.\/?p=58687' data-type='post'>#75329 &#8211; Diorama de la poursuite dans les tranch\u00e9es de l\u2019\u00c9toile de la Mort<\/a><\/td>\n<td data-align='center'>5-novembre-2022<\/td>\n<td style='text-align:right'>665<\/td>\n<\/tr>\n<tr style='height: 24px;'>\n<td style='text-align:left'>The Botanical Collection<\/td>\n<td style='text-align:left'><a href='.\/?p=58681' data-type='post'>#10280 &#8211; Bouquet de fleurs<\/a><\/td>\n<td data-align='center'>6-ao\u00fbt-2022<\/td>\n<td style='text-align:right'>756<\/td>\n<\/tr>\n<tr style='height: 24px;'>\n<td style='text-align:left'>The Botanical Collection<\/td>\n<td style='text-align:left'><a href='.\/?p=58679' data-type='post'>#10309 &#8211; Les succulentes<\/a><\/td>\n<td data-align='center'>28-juillet-2022<\/td>\n<td style='text-align:right'>771<\/td>\n<\/tr>\n<tr style='height: 24px;'>\n<td style='text-align:left'><em>Autre<\/em><\/td>\n<td style='text-align:left'><a href='.\/?p=58689' data-type='post'>#40426 &#8211; Couronne de No\u00ebl 2-en-1<\/a><\/td>\n<td data-align='center'>19-d\u00e9cembre-2022<\/td>\n<td style='text-align:right'>510<\/td>\n<\/tr>\n<\/tbody>\n<tfoot>\n<tr style=\"height: 24px;\">\n<th class=\"has-text-align-left\" style=\"height: 24px;\" data-align=\"left\"> <\/td>\n<th class=\"has-text-align-left\" style=\"height: 24px; font-size: 18px; text-align:left\" data-align=\"left\"><strong>TOTAL : 8 LEGO\u00ae construits en 2022<\/strong<\/td>\n<th class=\"has-text-align-left\" style=\"height: 24px;\" data-align=\"left\"> <\/td>\n<th class=\"has-text-align-center\" style=\"height: 24px;\" data-align=\"center\"><strong>22 689 pi\u00e8ces<\/strong><\/td>\n<\/tr>\n<\/tfoot>\n<\/table>\n<p><\/center><\/p>\n","protected":false},"excerpt":{"rendered":"<p>Cat\u00e9gorie D\u00e9nomination Date Nb. de pi\u00e8ces Art #31203 &#8211; La carte du monde 8-mai-2022 11 695 Ideas #21323 &#8211; Le piano \u00e0 queue 10-octobre-2022 3 662 Ideas #21333 &#8211; Vincent van Gogh\u00a0&#8211; La Nuit \u00e9toil\u00e9e 8-octobre-2022 2 316 Star\u00a0Wars\u2122 #75308 &#8211; R2-D2\u2122 28-juin-2022 2 314 Star\u00a0Wars\u2122 #75329 &#8211; Diorama de la poursuite dans les tranch\u00e9es de l\u2019\u00c9toile de la Mort&#46;&#46;&#46;<\/p>\n","protected":false},"author":1,"featured_media":0,"parent":0,"menu_order":0,"comment_status":"closed","ping_status":"closed","template":"","meta":{"footnotes":""},"class_list":["post-58787","page","type-page","status-publish","hentry"],"_links":{"self":[{"href":"https:\/\/joubjoub.ddns.net\/blog\/index.php?rest_route=\/wp\/v2\/pages\/58787","targetHints":{"allow":["GET"]}}],"collection":[{"href":"https:\/\/joubjoub.ddns.net\/blog\/index.php?rest_route=\/wp\/v2\/pages"}],"about":[{"href":"https:\/\/joubjoub.ddns.net\/blog\/index.php?rest_route=\/wp\/v2\/types\/page"}],"author":[{"embeddable":true,"href":"https:\/\/joubjoub.ddns.net\/blog\/index.php?rest_route=\/wp\/v2\/users\/1"}],"replies":[{"embeddable":true,"href":"https:\/\/joubjoub.ddns.net\/blog\/index.php?rest_route=%2Fwp%2Fv2%2Fcomments&post=58787"}],"version-history":[{"count":2,"href":"https:\/\/joubjoub.ddns.net\/blog\/index.php?rest_route=\/wp\/v2\/pages\/58787\/revisions"}],"predecessor-version":[{"id":58791,"href":"https:\/\/joubjoub.ddns.net\/blog\/index.php?rest_route=\/wp\/v2\/pages\/58787\/revisions\/58791"}],"wp:attachment":[{"href":"https:\/\/joubjoub.ddns.net\/blog\/index.php?rest_route=%2Fwp%2Fv2%2Fmedia&parent=58787"}],"curies":[{"name":"wp","href":"https:\/\/api.w.org\/{rel}","templated":true}]}}