{"id":58799,"date":"2025-07-11T09:45:00","date_gmt":"2025-07-11T07:45:00","guid":{"rendered":"https:\/\/176.143.180.246\/blog\/?page_id=58799"},"modified":"2025-07-11T09:48:46","modified_gmt":"2025-07-11T07:48:46","slug":"lego-construits-en-2024","status":"publish","type":"page","link":"https:\/\/joubjoub.ddns.net\/blog\/?page_id=58799","title":{"rendered":"LEGO\u00ae construits en 2024"},"content":{"rendered":"<p><center><\/p>\n<table style=\"width: 95%;\">\n<thead>\n<tr style=\"height: 24px; font-size: 18px;\">\n<th style=\"text-align: left; width: 205px;\" data-align=\"center\">Cat\u00e9gorie<\/th>\n<th style=\"text-align: left;\" data-align=\"center\">D\u00e9nomination<\/th>\n<th style=\"text-align: center; width: 165px;\">Date<\/th>\n<th style=\"text-align: right; width: 155px;\">Nb. de pi\u00e8ces<\/th>\n<\/tr>\n<\/thead>\n<tbody>\n<tr style='height: 24px;'>\n<td style='text-align:left'>Architecture<\/td>\n<td style='text-align:left'><a href='.\/?p=58763' data-type='post'>#21044 &#8211; Paris<\/a><\/td>\n<td data-align='center'>25-d\u00e9cembre-2024<\/td>\n<td style='text-align:right'>649<\/td>\n<\/tr>\n<tr style='height: 24px;'>\n<td style='text-align:left'>Creator 3-en-1<\/td>\n<td style='text-align:left'><a href='.\/?p=58765' data-type='post'>#31136 &#8211; Le perroquet exotique<\/a><\/td>\n<td data-align='center'>25-d\u00e9cembre-2024<\/td>\n<td style='text-align:right'>253<\/td>\n<\/tr>\n<tr style='height: 24px;'>\n<td style='text-align:left'>Creator 3-en-1<\/td>\n<td style='text-align:left'><a href='.\/?p=58735' data-type='post'>#31140 &#8211; La licorne magique<\/a><\/td>\n<td data-align='center'>13-juillet-2024<\/td>\n<td style='text-align:right'>145<\/td>\n<\/tr>\n<tr style='height: 24px;'>\n<td style='text-align:left'>Icons<\/td>\n<td style='text-align:left'><a href='.\/?p=58759' data-type='post'>#10325 &#8211; Le chalet alpin<\/a><\/td>\n<td data-align='center'>6-d\u00e9cembre-2024<\/td>\n<td style='text-align:right'>1517<\/td>\n<\/tr>\n<tr style='height: 24px;'>\n<td style='text-align:left'>Icons<\/td>\n<td style='text-align:left'><a href='.\/?p=58713' data-type='post'>#10330 &#8211; McLaren MP4\/4 &#038; Ayrton Senna<\/a><\/td>\n<td data-align='center'>10-mars-2024<\/td>\n<td style='text-align:right'>693<\/td>\n<\/tr>\n<tr style='height: 24px;'>\n<td style='text-align:left'>Icons<\/td>\n<td style='text-align:left'><a href='.\/?p=58757' data-type='post'>#10339 &#8211; Le bureau de poste du P\u00e8re No\u00ebl<\/a><\/td>\n<td data-align='center'>1-d\u00e9cembre-2024<\/td>\n<td style='text-align:right'>1440<\/td>\n<\/tr>\n<tr style='height: 24px;'>\n<td style='text-align:left'>Ideas<\/td>\n<td style='text-align:left'><a href='.\/?p=58725' data-type='post'>#21345 &#8211; Appareil Photo Polaroid OneStep SX-70<\/a><\/td>\n<td data-align='center'>25-mars-2024<\/td>\n<td style='text-align:right'>516<\/td>\n<\/tr>\n<tr style='height: 24px;'>\n<td style='text-align:left'>Ideas<\/td>\n<td style='text-align:left'><a href='.\/?p=58723' data-type='post'>#21346 &#8211; L\u2019arbre g\u00e9n\u00e9alogique<\/a><\/td>\n<td data-align='center'>22-mars-2024<\/td>\n<td style='text-align:right'>1040<\/td>\n<\/tr>\n<tr style='height: 24px;'>\n<td style='text-align:left'>Ideas<\/td>\n<td style='text-align:left'><a href='.\/?p=58751' data-type='post'>#40698 &#8211; Les livres sont ma passion<\/a><\/td>\n<td data-align='center'>1-novembre-2024<\/td>\n<td style='text-align:right'>285<\/td>\n<\/tr>\n<tr style='height: 24px;'>\n<td style='text-align:left'>Speed Champions<\/td>\n<td style='text-align:left'><a href='.\/?p=58721' data-type='post'>#76903 &#8211; Chevrolet Corvette C8.R Race Car et 1969 Chevrolet Corvette<\/a><\/td>\n<td data-align='center'>21-mars-2024<\/td>\n<td style='text-align:right'>512<\/td>\n<\/tr>\n<tr style='height: 24px;'>\n<td style='text-align:left'>Speed Champions<\/td>\n<td style='text-align:left'><a href='.\/?p=58715' data-type='post'>#76906 &#8211; 1970 Ferrari 512 M<\/a><\/td>\n<td data-align='center'>16-mars-2024<\/td>\n<td style='text-align:right'>291<\/td>\n<\/tr>\n<tr style='height: 24px;'>\n<td style='text-align:left'>Speed Champions<\/td>\n<td style='text-align:left'><a href='.\/?p=58711' data-type='post'>#76907 &#8211; Lotus\u00a0Evija<\/a><\/td>\n<td data-align='center'>9-mars-2024<\/td>\n<td style='text-align:right'>247<\/td>\n<\/tr>\n<tr style='height: 24px;'>\n<td style='text-align:left'>Speed Champions<\/td>\n<td style='text-align:left'><a href='.\/?p=58709' data-type='post'>#76908 &#8211; Lamborghini Countach<\/a><\/td>\n<td data-align='center'>3-mars-2024<\/td>\n<td style='text-align:right'>262<\/td>\n<\/tr>\n<tr style='height: 24px;'>\n<td style='text-align:left'>Speed Champions<\/td>\n<td style='text-align:left'><a href='.\/?p=58707' data-type='post'>#76911 &#8211; 007 Aston Martin DB5<\/a><\/td>\n<td data-align='center'>2-mars-2024<\/td>\n<td style='text-align:right'>298<\/td>\n<\/tr>\n<tr style='height: 24px;'>\n<td style='text-align:left'>Speed Champions<\/td>\n<td style='text-align:left'><a href='.\/?p=58717' data-type='post'>#76918 &#8211; McLaren Solus GT et McLaren F1 LM<\/a><\/td>\n<td data-align='center'>17-mars-2024<\/td>\n<td style='text-align:right'>581<\/td>\n<\/tr>\n<tr style='height: 24px;'>\n<td style='text-align:left'>Speed Champions<\/td>\n<td style='text-align:left'><a href='.\/?p=58739' data-type='post'>#76919 &#8211; La voiture de course de Formule 1 McLaren 2023<\/a><\/td>\n<td data-align='center'>22-juillet-2024<\/td>\n<td style='text-align:right'>245<\/td>\n<\/tr>\n<tr style='height: 24px;'>\n<td style='text-align:left'>Speed Champions<\/td>\n<td style='text-align:left'><a href='.\/?p=58727' data-type='post'>#76920 &#8211; La voiture de sport Ford Mustang Dark Horse<\/a><\/td>\n<td data-align='center'>30-mars-2024<\/td>\n<td style='text-align:right'>344<\/td>\n<\/tr>\n<tr style='height: 24px;'>\n<td style='text-align:left'>Speed Champions<\/td>\n<td style='text-align:left'><a href='.\/?p=58719' data-type='post'>#76922 &#8211; Voitures de course BMW M4 GT3 et BMW M Hybrid V8<\/a><\/td>\n<td data-align='center'>19-mars-2024<\/td>\n<td style='text-align:right'>676<\/td>\n<\/tr>\n<tr style='height: 24px;'>\n<td style='text-align:left'>Speed Champions<\/td>\n<td style='text-align:left'><a href='.\/?p=58733' data-type='post'>#76923 &#8211; Lamborghini Lambo V12 Vision GT Super Car<\/a><\/td>\n<td data-align='center'>29-juin-2024<\/td>\n<td style='text-align:right'>230<\/td>\n<\/tr>\n<tr style='height: 24px;'>\n<td style='text-align:left'>Speed Champions<\/td>\n<td style='text-align:left'><a href='.\/?p=58737' data-type='post'>#76924 &#8211; Mercedes-AMG G\u00a063 et Mercedes-AMG SL\u00a063<\/a><\/td>\n<td data-align='center'>16-juillet-2024<\/td>\n<td style='text-align:right'>808<\/td>\n<\/tr>\n<tr style='height: 24px;'>\n<td style='text-align:left'>Speed Champions<\/td>\n<td style='text-align:left'><a href='.\/?p=58749' data-type='post'>#76925 &#8211; Aston Martin Safety Car &#038; AMR23<\/a><\/td>\n<td data-align='center'>27-octobre-2024<\/td>\n<td style='text-align:right'>564<\/td>\n<\/tr>\n<tr style='height: 24px;'>\n<td style='text-align:left'>Speed Champions<\/td>\n<td style='text-align:left'><a href='.\/?p=58755' data-type='post'>#76934 &#8211; Supercar Ferrari F40<\/a><\/td>\n<td data-align='center'>17-novembre-2024<\/td>\n<td style='text-align:right'>318<\/td>\n<\/tr>\n<tr style='height: 24px;'>\n<td style='text-align:left'>Speed Champions<\/td>\n<td style='text-align:left'><a href='.\/?p=58743' data-type='post'>#76935 &#8211; NASCAR\u00ae Next Gen Chevrolet Camaro ZL1<\/a><\/td>\n<td data-align='center'>27-septembre-2024<\/td>\n<td style='text-align:right'>328<\/td>\n<\/tr>\n<tr style='height: 24px;'>\n<td style='text-align:left'>The Botanical Collection<\/td>\n<td style='text-align:left'><a href='.\/?p=58741' data-type='post'>#10369 &#8211; Les fleurs de prunier<\/a><\/td>\n<td data-align='center'>20-septembre-2024<\/td>\n<td style='text-align:right'>327<\/td>\n<\/tr>\n<tr style='height: 24px;'>\n<td style='text-align:left'>The Botanical Collection<\/td>\n<td style='text-align:left'><a href='.\/?p=58753' data-type='post'>#10370 &#8211; L\u2019\u00e9toile de No\u00ebl<\/a><\/td>\n<td data-align='center'>1-novembre-2024<\/td>\n<td style='text-align:right'>608<\/td>\n<\/tr>\n<tr style='height: 24px;'>\n<td style='text-align:left'><em>Autre<\/em><\/td>\n<td style='text-align:left'><a href='.\/?p=58729' data-type='post'>#30668 &#8211; Le lapin de P\u00e2ques et les \u0153ufs color\u00e9s<\/a><\/td>\n<td data-align='center'>1-avril-2024<\/td>\n<td style='text-align:right'>68<\/td>\n<\/tr>\n<tr style='height: 24px;'>\n<td style='text-align:left'><em>Autre<\/em><\/td>\n<td style='text-align:left'><a href='.\/?p=58745' data-type='post'>#40460 &#8211; Les roses<\/a><\/td>\n<td data-align='center'>25-octobre-2024<\/td>\n<td style='text-align:right'>120<\/td>\n<\/tr>\n<tr style='height: 24px;'>\n<td style='text-align:left'><em>Autre<\/em><\/td>\n<td style='text-align:left'><a href='.\/?p=58705' data-type='post'>#40678 &#8211; Le calendrier des f\u00eates<\/a><\/td>\n<td data-align='center'>3-f\u00e9vrier-2024<\/td>\n<td style='text-align:right'>345<\/td>\n<\/tr>\n<tr style='height: 24px;'>\n<td style='text-align:left'><em>Autre<\/em><\/td>\n<td style='text-align:left'><a href='.\/?p=58761' data-type='post'>#40682 &#8211; La maison de jardin au printemps<\/a><\/td>\n<td data-align='center'>23-d\u00e9cembre-2024<\/td>\n<td style='text-align:right'>277<\/td>\n<\/tr>\n<tr style='height: 24px;'>\n<td style='text-align:left'><em>Autre<\/em><\/td>\n<td style='text-align:left'><a href='.\/?p=58747' data-type='post'>#40725 &#8211; Les fleurs de cerisier<\/a><\/td>\n<td data-align='center'>26-octobre-2024<\/td>\n<td style='text-align:right'>430<\/td>\n<\/tr>\n<tr style='height: 24px;'>\n<td style='text-align:left'><em>Autre<\/em><\/td>\n<td style='text-align:left'><a href='.\/?p=58731' data-type='post'>#80112 &#8211; Le dragon de bon augure<\/a><\/td>\n<td data-align='center'>22-avril-2024<\/td>\n<td style='text-align:right'>1171<\/td>\n<\/tr>\n<\/tbody>\n<tfoot>\n<tr style=\"height: 24px;\">\n<th class=\"has-text-align-left\" style=\"height: 24px;\" data-align=\"left\"> <\/td>\n<th class=\"has-text-align-left\" style=\"height: 24px; font-size: 18px; text-align:left\" data-align=\"left\"><strong>TOTAL : 31 LEGO\u00ae construits en 2024<\/strong<\/td>\n<th class=\"has-text-align-left\" style=\"height: 24px;\" data-align=\"left\"> <\/td>\n<th class=\"has-text-align-center\" style=\"height: 24px;\" data-align=\"center\"><strong>15 588 pi\u00e8ces<\/strong><\/td>\n<\/tr>\n<\/tfoot>\n<\/table>\n<p><\/center><\/p>\n","protected":false},"excerpt":{"rendered":"<p>Cat\u00e9gorie D\u00e9nomination Date Nb. de pi\u00e8ces Architecture #21044 &#8211; Paris 25-d\u00e9cembre-2024 649 Creator 3-en-1 #31136 &#8211; Le perroquet exotique 25-d\u00e9cembre-2024 253 Creator 3-en-1 #31140 &#8211; La licorne magique 13-juillet-2024 145 Icons #10325 &#8211; Le chalet alpin 6-d\u00e9cembre-2024 1517 Icons #10330 &#8211; McLaren MP4\/4 &#038; Ayrton Senna 10-mars-2024 693 Icons #10339 &#8211; Le bureau de poste du P\u00e8re No\u00ebl 1-d\u00e9cembre-2024 1440&#46;&#46;&#46;<\/p>\n","protected":false},"author":1,"featured_media":0,"parent":0,"menu_order":0,"comment_status":"closed","ping_status":"closed","template":"","meta":{"footnotes":""},"class_list":["post-58799","page","type-page","status-publish","hentry"],"_links":{"self":[{"href":"https:\/\/joubjoub.ddns.net\/blog\/index.php?rest_route=\/wp\/v2\/pages\/58799","targetHints":{"allow":["GET"]}}],"collection":[{"href":"https:\/\/joubjoub.ddns.net\/blog\/index.php?rest_route=\/wp\/v2\/pages"}],"about":[{"href":"https:\/\/joubjoub.ddns.net\/blog\/index.php?rest_route=\/wp\/v2\/types\/page"}],"author":[{"embeddable":true,"href":"https:\/\/joubjoub.ddns.net\/blog\/index.php?rest_route=\/wp\/v2\/users\/1"}],"replies":[{"embeddable":true,"href":"https:\/\/joubjoub.ddns.net\/blog\/index.php?rest_route=%2Fwp%2Fv2%2Fcomments&post=58799"}],"version-history":[{"count":2,"href":"https:\/\/joubjoub.ddns.net\/blog\/index.php?rest_route=\/wp\/v2\/pages\/58799\/revisions"}],"predecessor-version":[{"id":58803,"href":"https:\/\/joubjoub.ddns.net\/blog\/index.php?rest_route=\/wp\/v2\/pages\/58799\/revisions\/58803"}],"wp:attachment":[{"href":"https:\/\/joubjoub.ddns.net\/blog\/index.php?rest_route=%2Fwp%2Fv2%2Fmedia&parent=58799"}],"curies":[{"name":"wp","href":"https:\/\/api.w.org\/{rel}","templated":true}]}}