{"id":58804,"date":"2025-07-11T09:52:37","date_gmt":"2025-07-11T07:52:37","guid":{"rendered":"https:\/\/176.143.180.246\/blog\/?page_id=58804"},"modified":"2025-07-28T15:14:04","modified_gmt":"2025-07-28T13:14:04","slug":"lego-construits-en-2025-annee-en-cours","status":"publish","type":"page","link":"https:\/\/joubjoub.ddns.net\/blog\/?page_id=58804","title":{"rendered":"LEGO\u00ae construits en 2025 (ann\u00e9e en cours&#8230;)"},"content":{"rendered":"<p><center><\/p>\n<table style=\"width: 95%;\">\n<thead>\n<tr style=\"height: 24px; font-size: 18px;\">\n<th style=\"text-align: left; width: 205px;\" data-align=\"center\">Cat\u00e9gorie<\/th>\n<th style=\"text-align: left;\" data-align=\"center\">D\u00e9nomination<\/th>\n<th style=\"text-align: center; width: 165px;\">Date<\/th>\n<th style=\"text-align: right; width: 155px;\">Nb. de pi\u00e8ces<\/th>\n<\/tr>\n<\/thead>\n<tbody>\n<tr style='height: 24px;'>\n<td style='text-align:left'>Art<\/td>\n<td style='text-align:left'><a href='.\/?p=58667' data-type='post'>#31217 &#8211; La collection Faune &#8211; Le tigre<\/a><\/td>\n<td data-align='center'>7-juin-2025<\/td>\n<td style='text-align:right'>744<\/td>\n<\/tr>\n<tr style='height: 24px;'>\n<td style='text-align:left'>Art<\/td>\n<td style='text-align:left'><a href='.\/?p=58660' data-type='post'>#31215 &#8211; Vincent van Gogh \u2013 Les Tournesols<\/a><\/td>\n<td data-align='center'>4-mai-2025<\/td>\n<td style='text-align:right'>2 615<\/td>\n<\/tr>\n<tr style='height: 24px;'>\n<td style='text-align:left'>Icons<\/td>\n<td style='text-align:left'><a href='.\/?p=58993' data-type='post'>#10351 \u2013 Book nook : Sherlock Holmes<\/a><\/td>\n<td data-align='center'>28-juillet-2025<\/td>\n<td style='text-align:right'>1 359<\/td>\n<\/tr>\n<tr style='height: 24px;'>\n<td style='text-align:left'>Icons<\/td>\n<td style='text-align:left'><a href='.\/?p=58647' data-type='post'>#10363 &#8211; La machine volante de L\u00e9onard de Vinci<\/a><\/td>\n<td data-align='center'>21-f\u00e9vrier-2025<\/td>\n<td style='text-align:right'>493<\/td>\n<\/tr>\n<tr style='height: 24px;'>\n<td style='text-align:left'>Speed Champions<\/td>\n<td style='text-align:left'><a href='.\/?p=58669' data-type='post'>#77242 &#8211; Voiture F1\u00ae Ferrari SF-24<\/a><\/td>\n<td data-align='center'>29-juin-2025<\/td>\n<td style='text-align:right'>275<\/td>\n<\/tr>\n<tr style='height: 24px;'>\n<td style='text-align:left'>Speed Champions<\/td>\n<td style='text-align:left'><a href='.\/?p=58649' data-type='post'>#77243 &#8211; Voiture F1\u00ae Oracle Red Bull Racing RB20<\/a><\/td>\n<td data-align='center'>14-mars-2025<\/td>\n<td style='text-align:right'>251<\/td>\n<\/tr>\n<tr style='height: 24px;'>\n<td style='text-align:left'>Star\u00a0Wars\u2122<\/td>\n<td style='text-align:left'><a href='.\/?p=58664' data-type='post'>#30708 &#8211; Faucon Millennium\u2122 miniature<\/a><\/td>\n<td data-align='center'>3-juin-2025<\/td>\n<td style='text-align:right'>74<\/td>\n<\/tr>\n<tr style='height: 24px;'>\n<td style='text-align:left'>Star\u00a0Wars\u2122<\/td>\n<td style='text-align:left'><a href='.\/?p=58662' data-type='post'>#75192 &#8211; Millennium Falcon\u2122<\/a><\/td>\n<td data-align='center'>15-mai-2025<\/td>\n<td style='text-align:right'>7 541<\/td>\n<\/tr>\n<tr style='height: 24px;'>\n<td style='text-align:left'>Technic<\/td>\n<td style='text-align:left'><a href='.\/?p=58656' data-type='post'>#42206 &#8211; F1 Oracle Red Bull Racing RB20<\/a><\/td>\n<td data-align='center'>12-avril-2025<\/td>\n<td style='text-align:right'>1 639<\/td>\n<\/tr>\n<tr style='height: 24px;'>\n<td style='text-align:left'>The Botanical Collection<\/td>\n<td style='text-align:left'><a href='.\/?p=58641' data-type='post'>#10328 &#8211; Le bouquet de roses<\/a><\/td>\n<td data-align='center'>25-janvier-2025<\/td>\n<td style='text-align:right'>822<\/td>\n<\/tr>\n<tr style='height: 24px;'>\n<td style='text-align:left'><em>Autre<\/em><\/td>\n<td style='text-align:left'><a href='.\/?p=58658' data-type='post'>#40783 &#8211; Diorama du r\u00e9cif corallien<\/a><\/td>\n<td data-align='center'>4-mai-2025<\/td>\n<td style='text-align:right'>260<\/td>\n<\/tr>\n<tr style='height: 24px;'>\n<td style='text-align:left'><em>Autre<\/em><\/td>\n<td style='text-align:left'><a href='.\/?p=58637' data-type='post'>#40707 &#8211; L\u2019ann\u00e9e du serpent<\/a><\/td>\n<td data-align='center'>17-janvier-2025<\/td>\n<td style='text-align:right'>174<\/td>\n<\/tr>\n<tr style='height: 24px;'>\n<td style='text-align:left'><em>Autre<\/em><\/td>\n<td style='text-align:left'><a href='.\/?p=58645' data-type='post'>#80117 &#8211; La bonne fortune<\/a><\/td>\n<td data-align='center'>28-janvier-2025<\/td>\n<td style='text-align:right'>1 021<\/td>\n<\/tr>\n<tr style='height: 24px;'>\n<td style='text-align:left'><em>Autre<\/em><\/td>\n<td style='text-align:left'><a href='.\/?p=58652' data-type='post'>#40764 &#8211; La surprise du lapin de P\u00e2ques<\/a><\/td>\n<td data-align='center'>11-avril-2025<\/td>\n<td style='text-align:right'>217<\/td>\n<\/tr>\n<tr style='height: 24px;'>\n<td style='text-align:left'><em>Autre<\/em><\/td>\n<td style='text-align:left'><a href='.\/?p=58643' data-type='post'>#40813 &#8211; Le chat porte-bonheur<\/a><\/td>\n<td data-align='center'>25-janvier-2025<\/td>\n<td style='text-align:right'>280<\/td>\n<\/tr>\n<tr style='height: 24px;'>\n<td style='text-align:left'><em>Autre<\/em><\/td>\n<td style='text-align:left'><a href='.\/?p=58654' data-type='post'>#30690 &#8211; Le poussin peignant un \u0153uf de P\u00e2ques<\/a><\/td>\n<td data-align='center'>11-avril-2025<\/td>\n<td style='text-align:right'>65<\/td>\n<\/tr>\n<\/tbody>\n<tfoot>\n<tr style=\"height: 24px;\">\n<th class=\"has-text-align-left\" style=\"height: 24px;\" data-align=\"left\"> <\/td>\n<th class=\"has-text-align-left\" style=\"height: 24px; font-size: 18px; text-align:left\" data-align=\"left\"><strong>TOTAL : 16 LEGO\u00ae construits en 2025 (ann\u00e9e en cours&#8230;)<\/strong<\/td>\n<th class=\"has-text-align-left\" style=\"height: 24px;\" data-align=\"left\"> <\/td>\n<th class=\"has-text-align-center\" style=\"height: 24px;\" data-align=\"center\"><strong>17 830 pi\u00e8ces<\/strong><\/td>\n<\/tr>\n<\/tfoot>\n<\/table>\n<p><\/center><\/p>\n","protected":false},"excerpt":{"rendered":"<p>Cat\u00e9gorie D\u00e9nomination Date Nb. de pi\u00e8ces Art #31217 &#8211; La collection Faune &#8211; Le tigre 7-juin-2025 744 Art #31215 &#8211; Vincent van Gogh \u2013 Les Tournesols 4-mai-2025 2 615 Icons #10351 \u2013 Book nook : Sherlock Holmes 28-juillet-2025 1 359 Icons #10363 &#8211; La machine volante de L\u00e9onard de Vinci 21-f\u00e9vrier-2025 493 Speed Champions #77242 &#8211; Voiture F1\u00ae Ferrari SF-24&#46;&#46;&#46;<\/p>\n","protected":false},"author":1,"featured_media":0,"parent":0,"menu_order":0,"comment_status":"closed","ping_status":"closed","template":"","meta":{"footnotes":""},"class_list":["post-58804","page","type-page","status-publish","hentry"],"_links":{"self":[{"href":"https:\/\/joubjoub.ddns.net\/blog\/index.php?rest_route=\/wp\/v2\/pages\/58804","targetHints":{"allow":["GET"]}}],"collection":[{"href":"https:\/\/joubjoub.ddns.net\/blog\/index.php?rest_route=\/wp\/v2\/pages"}],"about":[{"href":"https:\/\/joubjoub.ddns.net\/blog\/index.php?rest_route=\/wp\/v2\/types\/page"}],"author":[{"embeddable":true,"href":"https:\/\/joubjoub.ddns.net\/blog\/index.php?rest_route=\/wp\/v2\/users\/1"}],"replies":[{"embeddable":true,"href":"https:\/\/joubjoub.ddns.net\/blog\/index.php?rest_route=%2Fwp%2Fv2%2Fcomments&post=58804"}],"version-history":[{"count":6,"href":"https:\/\/joubjoub.ddns.net\/blog\/index.php?rest_route=\/wp\/v2\/pages\/58804\/revisions"}],"predecessor-version":[{"id":59003,"href":"https:\/\/joubjoub.ddns.net\/blog\/index.php?rest_route=\/wp\/v2\/pages\/58804\/revisions\/59003"}],"wp:attachment":[{"href":"https:\/\/joubjoub.ddns.net\/blog\/index.php?rest_route=%2Fwp%2Fv2%2Fmedia&parent=58804"}],"curies":[{"name":"wp","href":"https:\/\/api.w.org\/{rel}","templated":true}]}}