{"id":58811,"date":"2025-07-11T11:14:40","date_gmt":"2025-07-11T09:14:40","guid":{"rendered":"https:\/\/176.143.180.246\/blog\/?page_id=58811"},"modified":"2025-07-11T11:20:11","modified_gmt":"2025-07-11T09:20:11","slug":"livres-lus-en-2024","status":"publish","type":"page","link":"https:\/\/joubjoub.ddns.net\/blog\/?page_id=58811","title":{"rendered":"Livres lus en 2024"},"content":{"rendered":"<p><center><\/p>\n<table style=\"width: 90%;\">\n<thead>\n<tr style='height: 24px; font-size: 18px;'>\n<th style='text-align:left'>Titre<\/th>\n<th style='text-align:left'>Auteur<\/th>\n<th data-align='center'>Date<\/th>\n<th data-align='center'>Note<\/th>\n<th data-align='center'>Commentaires<\/th>\n<\/tr>\n<\/thead>\n<tbody>\n<tr style='height: 24px;'>\n<td style='text-align:left'><a href='.\/?p=58347' data-type='post'>7 jours pour vaincre la procrastination<\/a><\/td>\n<td style='text-align:left'>BILLAUD Ben<\/td>\n<td data-align='center'>31-janvier-2024<\/td>\n<td data-align='center'>4<\/td>\n<td style='text-align:left'><\/td>\n<\/tr>\n<tr style='height: 24px;'>\n<td style='text-align:left'><a href='.\/?p=58324' data-type='post'>Carmilla<\/a><\/td>\n<td style='text-align:left'>LE FANU Sheridan<\/td>\n<td data-align='center'>10-ao\u00fbt-2024<\/td>\n<td data-align='center'>\u2764<\/td>\n<td style='text-align:left'><\/td>\n<\/tr>\n<tr style='height: 24px;'>\n<td style='text-align:left'><a href='.\/?p=57348' data-type='post'>C&rsquo;est arriv\u00e9 la nuit<\/a><\/td>\n<td style='text-align:left'>LEVY Marc<\/td>\n<td data-align='center'>29-f\u00e9vrier-2024<\/td>\n<td data-align='center'>\u2764<\/td>\n<td style='text-align:left'><\/td>\n<\/tr>\n<tr style='height: 24px;'>\n<td style='text-align:left'><a href='.\/?p=58339' data-type='post'>Chien 51<\/a><\/td>\n<td style='text-align:left'>GAUD\u00c9 Laurent<\/td>\n<td data-align='center'>17-f\u00e9vrier-2024<\/td>\n<td data-align='center'>\u2764<\/td>\n<td style='text-align:left'>ABC2024<\/td>\n<\/tr>\n<tr style='height: 24px;'>\n<td style='text-align:left'><a href='.\/?p=58311' data-type='post'>\u00c9criture &#8211; M\u00e9moires d&rsquo;un m\u00e9tier<\/a><\/td>\n<td style='text-align:left'>KING Stephen<\/td>\n<td data-align='center'>28-septembre-2024<\/td>\n<td data-align='center'>\u2764<\/td>\n<td style='text-align:left'>ABC2024<\/td>\n<\/tr>\n<tr style='height: 24px;'>\n<td style='text-align:left'><a href='.\/?p=58337' data-type='post'>En camping-car<\/a><\/td>\n<td style='text-align:left'>JABLONKA Ivan<\/td>\n<td data-align='center'>7-mars-2024<\/td>\n<td data-align='center'>4<\/td>\n<td style='text-align:left'>ABC2024<\/td>\n<\/tr>\n<tr style='height: 24px;'>\n<td style='text-align:left'><a href='.\/?p=58341' data-type='post'>Humus<\/a><\/td>\n<td style='text-align:left'>KOENIG Gaspard<\/td>\n<td data-align='center'>15-f\u00e9vrier-2024<\/td>\n<td data-align='center'>\u2764<\/td>\n<td style='text-align:left'>ABC2024<\/td>\n<\/tr>\n<tr style='height: 24px;'>\n<td style='text-align:left'><a href='.\/?p=57338' data-type='post'>Il \u00e9tait deux fois<\/a><\/td>\n<td style='text-align:left'>THILLIEZ Franck <\/td>\n<td data-align='center'>9-avril-2024<\/td>\n<td data-align='center'>\u2764<\/td>\n<td style='text-align:left'>ABC2024<\/td>\n<\/tr>\n<tr style='height: 24px;'>\n<td style='text-align:left'><a href='.\/?p=58313' data-type='post'>J&rsquo;irai cracher sur vos tombes<\/a><\/td>\n<td style='text-align:left'>VIAN Boris<\/td>\n<td data-align='center'>27-ao\u00fbt-2024<\/td>\n<td data-align='center'>\u2764<\/td>\n<td style='text-align:left'>ABC2024<\/td>\n<\/tr>\n<tr style='height: 24px;'>\n<td style='text-align:left'><a href='.\/?p=58349' data-type='post'>J&rsquo;irais nager dans plus de rivi\u00e8res<\/a><\/td>\n<td style='text-align:left'>LABRO Philippe<\/td>\n<td data-align='center'>15-ao\u00fbt-2024<\/td>\n<td data-align='center'>\u2764<\/td>\n<td style='text-align:left'><\/td>\n<\/tr>\n<tr style='height: 24px;'>\n<td style='text-align:left'><a href='.\/?p=57356' data-type='post'>Journal d&rsquo;un vide<\/a><\/td>\n<td style='text-align:left'>YAGI Emi<\/td>\n<td data-align='center'>8-octobre-2024<\/td>\n<td data-align='center'>3,5<\/td>\n<td style='text-align:left'>ABC2024<\/td>\n<\/tr>\n<tr style='height: 24px;'>\n<td style='text-align:left'><a href='.\/?p=58307' data-type='post'>L\u2019art presque perdu de ne rien faire<\/a><\/td>\n<td style='text-align:left'>LAFERRI\u00c8RE Dany<\/td>\n<td data-align='center'>19-septembre-2024<\/td>\n<td data-align='center'>\u2764<\/td>\n<td style='text-align:left'><\/td>\n<\/tr>\n<tr style='height: 24px;'>\n<td style='text-align:left'><a href='.\/?p=58304' data-type='post'>La diagonale des reines<\/a><\/td>\n<td style='text-align:left'>WERBER Bernard<\/td>\n<td data-align='center'>12-f\u00e9vrier-2024<\/td>\n<td data-align='center'>4<\/td>\n<td style='text-align:left'>ABC2024<\/td>\n<\/tr>\n<tr style='height: 24px;'>\n<td style='text-align:left'><a href='.\/?p=58309' data-type='post'>La fabrique des lendemains<\/a><\/td>\n<td style='text-align:left'>Rich LARSON <\/td>\n<td data-align='center'>5-septembre-2024<\/td>\n<td data-align='center'>3,5<\/td>\n<td style='text-align:left'>ABC2024<\/td>\n<\/tr>\n<tr style='height: 24px;'>\n<td style='text-align:left'><a href='.\/?p=58318' data-type='post'>La mari\u00e9e \u00e9tait en noir<\/a><\/td>\n<td style='text-align:left'>IRISH William<\/td>\n<td data-align='center'>17-octobre-2024<\/td>\n<td data-align='center'>\u2764<\/td>\n<td style='text-align:left'>ABC2024<\/td>\n<\/tr>\n<tr style='height: 24px;'>\n<td style='text-align:left'><a href='.\/?p=57330' data-type='post'>La m\u00e9thode timeboxing<\/a><\/td>\n<td style='text-align:left'>ZAO-SANDERS Marc<\/td>\n<td data-align='center'>31-octobre-2024<\/td>\n<td data-align='center'>\u2764<\/td>\n<td style='text-align:left'><\/td>\n<\/tr>\n<tr style='height: 24px;'>\n<td style='text-align:left'><a href='.\/?p=57340' data-type='post'>La nef des fous &#8211; 03<\/a><\/td>\n<td style='text-align:left'>ONFRAY Michel<\/td>\n<td data-align='center'>15-avril-2024<\/td>\n<td data-align='center'>\u2764<\/td>\n<td style='text-align:left'><\/td>\n<\/tr>\n<tr style='height: 24px;'>\n<td style='text-align:left'><a href='.\/?p=57350' data-type='post'>La servante \u00e9carlate<\/a><\/td>\n<td style='text-align:left'>ATWOOD Margaret<\/td>\n<td data-align='center'>27-f\u00e9vrier-2024<\/td>\n<td data-align='center'>\u2764<\/td>\n<td style='text-align:left'>ABC2024<\/td>\n<\/tr>\n<tr style='height: 24px;'>\n<td style='text-align:left'><a href='.\/?p=58295' data-type='post'>La troisi\u00e8me vengeance de Robert Poutifard<\/a><\/td>\n<td style='text-align:left'>MOURLEVAT Jean-Claude<\/td>\n<td data-align='center'>23-septembre-2024<\/td>\n<td data-align='center'>3,5<\/td>\n<td style='text-align:left'>ABC2024<\/td>\n<\/tr>\n<tr style='height: 24px;'>\n<td style='text-align:left'><a href='.\/?p=57328' data-type='post'>Labyrinthes<\/a><\/td>\n<td style='text-align:left'>THILLIEZ Franck <\/td>\n<td data-align='center'>27-juillet-2024<\/td>\n<td data-align='center'>\u2764<\/td>\n<td style='text-align:left'><\/td>\n<\/tr>\n<tr style='height: 24px;'>\n<td style='text-align:left'><a href='.\/?p=57334' data-type='post'>Le bonheur est cach\u00e9 dans un coin de votre cerveau<\/a><\/td>\n<td style='text-align:left'>OLICARD Fabien<\/td>\n<td data-align='center'>6-f\u00e9vrier-2024<\/td>\n<td data-align='center'>4<\/td>\n<td style='text-align:left'><\/td>\n<\/tr>\n<tr style='height: 24px;'>\n<td style='text-align:left'><a href='.\/?p=58332' data-type='post'>Le bureau des jardins et des \u00e9tangs <\/a><\/td>\n<td style='text-align:left'>DECOIN Didier<\/td>\n<td data-align='center'>5-avril-2024<\/td>\n<td data-align='center'>\u2764<\/td>\n<td style='text-align:left'>ABC2024<\/td>\n<\/tr>\n<tr style='height: 24px;'>\n<td style='text-align:left'><a href='.\/?p=58326' data-type='post'>Le ch\u00e2teau des Rentiers<\/a><\/td>\n<td style='text-align:left'>DESARTHE Agn\u00e8s<\/td>\n<td data-align='center'>2-mai-2024<\/td>\n<td data-align='center'>3<\/td>\n<td style='text-align:left'><\/td>\n<\/tr>\n<tr style='height: 24px;'>\n<td style='text-align:left'><a href='.\/?p=57354' data-type='post'>Le club des amateurs de romans policiers &#8211; 01 &#8211; Ils \u00e9taient sept<\/a><\/td>\n<td style='text-align:left'>LARMER Christina A.<\/td>\n<td data-align='center'>19-f\u00e9vrier-2024<\/td>\n<td data-align='center'>\u2764<\/td>\n<td style='text-align:left'>ABC2024<\/td>\n<\/tr>\n<tr style='height: 24px;'>\n<td style='text-align:left'><a href='.\/?p=57346' data-type='post'>Le cr\u00e9puscule des fauves<\/a><\/td>\n<td style='text-align:left'>LEVY Marc<\/td>\n<td data-align='center'>4-mars-2024<\/td>\n<td data-align='center'>4<\/td>\n<td style='text-align:left'><\/td>\n<\/tr>\n<tr style='height: 24px;'>\n<td style='text-align:left'><a href='.\/?p=57342' data-type='post'>Le f\u00e9tiche &#038; la marchandise<\/a><\/td>\n<td style='text-align:left'>ONFRAY Michel<\/td>\n<td data-align='center'>19-avril-2024<\/td>\n<td data-align='center'>\u2764<\/td>\n<td style='text-align:left'><\/td>\n<\/tr>\n<tr style='height: 24px;'>\n<td style='text-align:left'><a href='.\/?p=58320' data-type='post'>Le flot de la po\u00e9sie continuera de couler<\/a><\/td>\n<td style='text-align:left'>LE CL\u00c9ZIO J.M.G.<\/td>\n<td data-align='center'>13-ao\u00fbt-2024<\/td>\n<td data-align='center'>\u2764<\/td>\n<td style='text-align:left'>ABC2024<\/td>\n<\/tr>\n<tr style='height: 24px;'>\n<td style='text-align:left'><a href='.\/?p=58299' data-type='post'>Le livre des s\u0153urs<\/a><\/td>\n<td style='text-align:left'>NOTHOMB Am\u00e9lie<\/td>\n<td data-align='center'>4-octobre-2024<\/td>\n<td data-align='center'>3<\/td>\n<td style='text-align:left'><\/td>\n<\/tr>\n<tr style='height: 24px;'>\n<td style='text-align:left'><a href='.\/?p=58316' data-type='post'>Le menteur<\/a><\/td>\n<td style='text-align:left'>CORNEILLE Pierre<\/td>\n<td data-align='center'>4-octobre-2024<\/td>\n<td data-align='center'>3,5<\/td>\n<td style='text-align:left'>ABC2024<\/td>\n<\/tr>\n<tr style='height: 24px;'>\n<td style='text-align:left'><a href='.\/?p=58345' data-type='post'>Le sphinx<\/a><\/td>\n<td style='text-align:left'>POE Edgar Allan<\/td>\n<td data-align='center'>11-ao\u00fbt-2024<\/td>\n<td data-align='center'>3<\/td>\n<td style='text-align:left'>ABC2024<\/td>\n<\/tr>\n<tr style='height: 24px;'>\n<td style='text-align:left'><a href='.\/?p=58301' data-type='post'>L&rsquo;impossible retour<\/a><\/td>\n<td style='text-align:left'>NOTHOMB Am\u00e9lie<\/td>\n<td data-align='center'>4-octobre-2024<\/td>\n<td data-align='center'>2,5<\/td>\n<td style='text-align:left'><\/td>\n<\/tr>\n<tr style='height: 24px;'>\n<td style='text-align:left'><a href='.\/?p=57352' data-type='post'>Mon cahier Super organis\u00e9e<\/a><\/td>\n<td style='text-align:left'>LEVESQUE-BRIANCEAU Anne-Sophie<\/td>\n<td data-align='center'>25-janvier-2024<\/td>\n<td data-align='center'>3<\/td>\n<td style='text-align:left'><\/td>\n<\/tr>\n<tr style='height: 24px;'>\n<td style='text-align:left'><a href='.\/?p=58330' data-type='post'>Num\u00e9ro deux<\/a><\/td>\n<td style='text-align:left'>FOENKINOS David<\/td>\n<td data-align='center'>11-avril-2024<\/td>\n<td data-align='center'>4<\/td>\n<td style='text-align:left'>ABC2024<\/td>\n<\/tr>\n<tr style='height: 24px;'>\n<td style='text-align:left'><a href='.\/?p=57358' data-type='post'>Playlist<\/a><\/td>\n<td style='text-align:left'>FITZEK Sebastian <\/td>\n<td data-align='center'>9-septembre-2024<\/td>\n<td data-align='center'>\u2764<\/td>\n<td style='text-align:left'>ABC2024<\/td>\n<\/tr>\n<tr style='height: 24px;'>\n<td style='text-align:left'><a href='.\/?p=58297' data-type='post'>Psychopompe<\/a><\/td>\n<td style='text-align:left'>NOTHOMB Am\u00e9lie<\/td>\n<td data-align='center'>13-avril-2024<\/td>\n<td data-align='center'>3<\/td>\n<td style='text-align:left'>ABC2024<\/td>\n<\/tr>\n<tr style='height: 24px;'>\n<td style='text-align:left'><a href='.\/?p=58328' data-type='post'>Python<\/a><\/td>\n<td style='text-align:left'>AZOULAI Nathalie<\/td>\n<td data-align='center'>13-avril-2024<\/td>\n<td data-align='center'>\u2764<\/td>\n<td style='text-align:left'><\/td>\n<\/tr>\n<tr style='height: 24px;'>\n<td style='text-align:left'><a href='.\/?p=58343' data-type='post'>Tir\u00e9 \u00e0 part<\/a><\/td>\n<td style='text-align:left'>FIECHTER Jean-Jacques<\/td>\n<td data-align='center'>24-septembre-2024<\/td>\n<td data-align='center'>\u2764<\/td>\n<td style='text-align:left'><\/td>\n<\/tr>\n<tr style='height: 24px;'>\n<td style='text-align:left'><a href='.\/?p=57336' data-type='post'>Trois vies par semaine<\/a><\/td>\n<td style='text-align:left'>BUSSI Michel<\/td>\n<td data-align='center'>21-f\u00e9vrier-2024<\/td>\n<td data-align='center'>\u2764<\/td>\n<td style='text-align:left'>ABC2024<\/td>\n<\/tr>\n<tr style='height: 24px;'>\n<td style='text-align:left'><a href='.\/?p=58322' data-type='post'>Une b\u00eate au Paradis<\/a><\/td>\n<td style='text-align:left'>COULON C\u00e9cile<\/td>\n<td data-align='center'>11-ao\u00fbt-2024<\/td>\n<td data-align='center'>4<\/td>\n<td style='text-align:left'>ABC2024<\/td>\n<\/tr>\n<tr style='height: 24px;'>\n<td style='text-align:left'><a href='.\/?p=57344' data-type='post'>Vingt-quatre heures de la vie d&rsquo;une femme<\/a><\/td>\n<td style='text-align:left'>ZWEIG Stefan<\/td>\n<td data-align='center'>16-ao\u00fbt-2024<\/td>\n<td data-align='center'>4<\/td>\n<td style='text-align:left'>ABC2024<\/td>\n<\/tr>\n<tr style='height: 24px;'>\n<td style='text-align:left'><a href='.\/?p=57332' data-type='post'>Votre id\u00e9e va devenir une r\u00e9alit\u00e9<\/a><\/td>\n<td style='text-align:left'>OLICARD Fabien<\/td>\n<td data-align='center'>26-janvier-2024<\/td>\n<td data-align='center'>4<\/td>\n<td style='text-align:left'>ABC2024<\/td>\n<\/tr>\n<tr style='height: 24px;'>\n<td style='text-align:left'><a href='.\/?p=58335' data-type='post'>Xenia <\/a><\/td>\n<td style='text-align:left'>MORDILLAT G\u00e9rard<\/td>\n<td data-align='center'>13-mars-2024<\/td>\n<td data-align='center'>4<\/td>\n<td style='text-align:left'>ABC2024<\/td>\n<\/tr>\n<tfoot>\n<tr style=\"height: 24px;\">\n<td class=\"has-text-align-left\" style=\"height: 24px; font-size: 18px;\" data-align=\"left\"><span class=\"has-inline-color has-vivid-cyan-blue-color\"><strong>TOTAL : 42 livres lus en 2024<\/strong><\/span><\/td>\n<td class=\"has-text-align-center\" style=\"height: 24px;\" data-align=\"center\"> <\/td>\n<td class=\"has-text-align-center\" style=\"height: 24px;\" data-align=\"center\"> <\/td>\n<td class=\"has-text-align-center\" style=\"height: 24px;\" data-align=\"center\"> <\/td>\n<td class=\"has-text-align-center\" style=\"height: 24px;\" data-align=\"center\"> <\/td>\n<\/tr>\n<\/tfoot>\n<\/table>\n<p><\/center><\/p>\n","protected":false},"excerpt":{"rendered":"<p>Titre Auteur Date Note Commentaires 7 jours pour vaincre la procrastination BILLAUD Ben 31-janvier-2024 4 Carmilla LE FANU Sheridan 10-ao\u00fbt-2024 \u2764 C&rsquo;est arriv\u00e9 la nuit LEVY Marc 29-f\u00e9vrier-2024 \u2764 Chien 51 GAUD\u00c9 Laurent 17-f\u00e9vrier-2024 \u2764 ABC2024 \u00c9criture &#8211; M\u00e9moires d&rsquo;un m\u00e9tier KING Stephen 28-septembre-2024 \u2764 ABC2024 En camping-car JABLONKA Ivan 7-mars-2024 4 ABC2024 Humus KOENIG Gaspard 15-f\u00e9vrier-2024 \u2764 ABC2024 Il&#46;&#46;&#46;<\/p>\n","protected":false},"author":1,"featured_media":0,"parent":0,"menu_order":0,"comment_status":"closed","ping_status":"closed","template":"","meta":{"footnotes":""},"class_list":["post-58811","page","type-page","status-publish","hentry"],"_links":{"self":[{"href":"https:\/\/joubjoub.ddns.net\/blog\/index.php?rest_route=\/wp\/v2\/pages\/58811","targetHints":{"allow":["GET"]}}],"collection":[{"href":"https:\/\/joubjoub.ddns.net\/blog\/index.php?rest_route=\/wp\/v2\/pages"}],"about":[{"href":"https:\/\/joubjoub.ddns.net\/blog\/index.php?rest_route=\/wp\/v2\/types\/page"}],"author":[{"embeddable":true,"href":"https:\/\/joubjoub.ddns.net\/blog\/index.php?rest_route=\/wp\/v2\/users\/1"}],"replies":[{"embeddable":true,"href":"https:\/\/joubjoub.ddns.net\/blog\/index.php?rest_route=%2Fwp%2Fv2%2Fcomments&post=58811"}],"version-history":[{"count":3,"href":"https:\/\/joubjoub.ddns.net\/blog\/index.php?rest_route=\/wp\/v2\/pages\/58811\/revisions"}],"predecessor-version":[{"id":58815,"href":"https:\/\/joubjoub.ddns.net\/blog\/index.php?rest_route=\/wp\/v2\/pages\/58811\/revisions\/58815"}],"wp:attachment":[{"href":"https:\/\/joubjoub.ddns.net\/blog\/index.php?rest_route=%2Fwp%2Fv2%2Fmedia&parent=58811"}],"curies":[{"name":"wp","href":"https:\/\/api.w.org\/{rel}","templated":true}]}}